{"id":33008,"date":"2023-10-12T13:42:59","date_gmt":"2023-10-12T10:42:59","guid":{"rendered":"https:\/\/www.asimis-market.com\/come-effettuare-un-acquisto\/"},"modified":"2024-04-26T00:09:12","modified_gmt":"2024-04-25T21:09:12","slug":"come-effettuare-un-acquisto","status":"publish","type":"page","link":"https:\/\/www.asimis-market.com\/it\/come-effettuare-un-acquisto\/","title":{"rendered":"Come effettuare un acquisto"},"content":{"rendered":"<p><strong>Come acquistare online<\/strong><\/p>\n<p>Il modo per fare acquisti online \u00e8 molto semplice.<\/p>\n<p>Dalle categorie scegliamo quali prodotti desideriamo facendo clic su Aggiungi al carrello. La quantit\u00e0 \u00e8 sempre 1 ma se desideriamo una quantit\u00e0 maggiore dello stesso prodotto possiamo modificare il numero in base alla quantit\u00e0 desiderata.<\/p>\n<p>In ogni prodotto, se clicchiamo su di esso, ci porta all&#8217;interno del prodotto e possiamo apprendere i dettagli dalla descrizione.<\/p>\n<p>A destra e sopra lo schermo c&#8217;\u00e8 il carrello e ci dice l&#8217;importo e se lo tocchiamo con il mouse vediamo il nostro ordine.<\/p>\n<p>Dopo aver aggiunto i prodotti che desideriamo al carrello, facciamo clic sul carrello dove ci porta in dettaglio il nostro ordine e vediamo esattamente quali spese abbiamo.<\/p>\n<p>Nel peso c&#8217;\u00e8 sempre scritto quanti soldi paghiamo per il peso specifico quello a cui dobbiamo stare attenti \u00e8 riempire il peso che paghiamo con i prodotti, ad esempio quando paghiamo da 501 grammi a 1000 grammi per avere il miglior prezzo che abbiamo per effettuare il nostro ordine molto vicino a 1000 g per riempire il chilo pagato.<\/p>\n<p>Premiamo il completamento dell&#8217;ordine e vediamo le modalit\u00e0 di pagamento.<\/p>\n<ul>\n<li>-Il pagamento con carta di debito o di credito \u00e8 completamente gratuito<\/li>\n<li>-Pagamento tramite PayPal \u00e8 prevista una commissione di gestione<\/li>\n<li>-Deposito su conto bancario tramite bonifico (Per un deposito della stessa banca, non ci sono spese bancarie. In caso di deposito da una banca diversa, cio\u00e8 un bonifico, se ci sono spese bancarie, queste sono a carico del depositante e l&#8217;importo del bonifico deve corrispondere esattamente all&#8217;importo dell&#8217;ordine. ) Una volta confermato il deposito, riceverai una copia dell&#8217;ordine con la nostra conferma che il deposito \u00e8 stato completato ed \u00e8 pronto per la spedizione.<\/li>\n<\/ul>\n<p>Scegliamo quale delle 3 modalit\u00e0 vogliamo pagare.<\/p>\n<p>Nei restanti campi inserisci i tuoi dati completi, nome e cognome indirizzo, appartamento, immobile se vuoi, citt\u00e0, regione, cap, telefono e email (che deve essere l&#8217;email a cui possiamo contattarti per qualsiasi chiarimento sull&#8217;ordine) la tua email che utilizzerai anche come nome utente quando ti connetterai all&#8217;e-shop e nel campo \u201ccodice\u201d inserisci la password che vorrai connetterti nuovamente all&#8217;e-shop in futuro.<\/p>\n<p>Se scegli di inviarlo a un indirizzo diverso, inserisci un nuovo indirizzo dove vuoi che venga inviato il pacco, ad es. l&#8217;indirizzo scritto \u00e8 Roma Italia e voglio spedire il pacco come regalo in Italia Napoli e voglio che vada l\u00ec oppure abito per un periodo in un&#8217;altra zona e voglio che venga spedito l\u00ec oppure voglio che venga spedito al mio indirizzo di lavoro, ecc.<\/p>\n<p>Nelle note potrai scrivere qualche chiarimento sul tuo ordine.<\/p>\n<p>Premiamo invia ordine e il tuo ordine \u00e8 completo. Per depositare in banca, la giustificazione deve riportare il tuo nome e cognome nonch\u00e9 il numero dell&#8217;ordine che vedi sulla destra dello schermo e infine contattarci via e-mail per ulteriori dettagli dell&#8217;ordine.<\/p>\n<p>Per un nuovo ordine \u00e8 sufficiente accedere con nome utente e password senza dover ripetere la procedura di registrazione<\/p>\n<p>Una volta completati l&#8217;ordine e il pagamento, riceverai anche una copia del tuo ordine, che \u00e8 anche la conferma del pagamento.<\/p>\n<p>Rimaniamo a vostra disposizione per qualsiasi aiuto o chiarimento.<\/p>\n","protected":false},"excerpt":{"rendered":"<p>Come acquistare online Il modo per fare acquisti online \u00e8 molto semplice. Dalle categorie scegliamo quali prodotti desideriamo facendo clic su Aggiungi al carrello. La quantit\u00e0 \u00e8 sempre 1 ma se desideriamo una quantit\u00e0 maggiore dello stesso prodotto possiamo modificare il numero in base alla quantit\u00e0 desiderata. In ogni prodotto, se clicchiamo su di esso, [&#8230;]\n","protected":false},"author":3,"featured_media":0,"parent":0,"menu_order":0,"comment_status":"closed","ping_status":"closed","template":"","meta":{"footnotes":""},"class_list":["post-33008","page","type-page","status-publish","hentry"],"_links":{"self":[{"href":"https:\/\/www.asimis-market.com\/it\/wp-json\/wp\/v2\/pages\/33008","targetHints":{"allow":["GET"]}}],"collection":[{"href":"https:\/\/www.asimis-market.com\/it\/wp-json\/wp\/v2\/pages"}],"about":[{"href":"https:\/\/www.asimis-market.com\/it\/wp-json\/wp\/v2\/types\/page"}],"author":[{"embeddable":true,"href":"https:\/\/www.asimis-market.com\/it\/wp-json\/wp\/v2\/users\/3"}],"replies":[{"embeddable":true,"href":"https:\/\/www.asimis-market.com\/it\/wp-json\/wp\/v2\/comments?post=33008"}],"version-history":[{"count":2,"href":"https:\/\/www.asimis-market.com\/it\/wp-json\/wp\/v2\/pages\/33008\/revisions"}],"predecessor-version":[{"id":35543,"href":"https:\/\/www.asimis-market.com\/it\/wp-json\/wp\/v2\/pages\/33008\/revisions\/35543"}],"wp:attachment":[{"href":"https:\/\/www.asimis-market.com\/it\/wp-json\/wp\/v2\/media?parent=33008"}],"curies":[{"name":"wp","href":"https:\/\/api.w.org\/{rel}","templated":true}]}}