{"id":35531,"date":"2023-10-12T12:48:35","date_gmt":"2023-10-12T09:48:35","guid":{"rendered":"https:\/\/www.asimis-market.com\/?page_id=35531"},"modified":"2024-04-25T23:48:27","modified_gmt":"2024-04-25T20:48:27","slug":"termini-di-restituzione","status":"publish","type":"page","link":"https:\/\/www.asimis-market.com\/it\/termini-di-restituzione\/","title":{"rendered":"Termini di restituzione"},"content":{"rendered":"<h3><strong>Restituisce informazioni<\/strong><\/h3>\n<p>Nel caso in cui per qualsiasi motivo desideri restituire un prodotto del tuo ordine, questo deve essere nelle condizioni originali, cos\u00ec come lo hai ricevuto e il pacco non deve essere stato aperto. Non saranno accettati per la restituzione pacchi aperti o danneggiati.<\/p>\n<p>Il cliente \u00e8 responsabile delle spese di spedizione per la restituzione dei prodotti e l&#8217;indirizzo di restituzione deve corrispondere a quello riportato sul pacco ricevuto, a meno che tu non abbia concordato diversamente con noi.<\/p>\n<p>Il metodo e il servizio di restituzione devono essere gli stessi della spedizione originale, a meno che tu non abbia discusso un metodo alternativo con il responsabile del negozio. Eventuali costi aggiuntivi sostenuti dal cliente per la restituzione saranno a carico del cliente.<\/p>\n<p>Una volta ricevuto il prodotto e verificato che la confezione non \u00e8 stata aperta o danneggiata durante il processo di restituzione e pu\u00f2 essere rimessa in vendita, previo accordo \u00e8 possibile ricevere un rimborso pari al valore di acquisto del prodotto ricevuta, escluse le spese di spedizione che stavi pagando in quel momento.<\/p>\n<p><span class=\"fancy-underline\"><strong>PRIMA DI EFFETTUARE QUALSIASI RESO, CONTATTARE IL NOSTRO NEGOZIO.<\/strong><\/span><\/p>\n<p><span class=\"fancy-underline\"><strong>ALCUNI PRODOTTI NON SONO RESTITUIBILI.<\/strong><\/span><\/p>\n<p>Assicurati di spedire il prodotto entro 30 giorni dalla data di consegna. In caso contrario, il nostro negozio non accetter\u00e0 il reso.<\/p>\n<p>Una volta completata con successo la procedura di reso, riceverai un rimborso pari al valore esatto della prova d&#8217;acquisto (spese di spedizione escluse).<\/p>\n","protected":false},"excerpt":{"rendered":"<p>Restituisce informazioni Nel caso in cui per qualsiasi motivo desideri restituire un prodotto del tuo ordine, questo deve essere nelle condizioni originali, cos\u00ec come lo hai ricevuto e il pacco non deve essere stato aperto. Non saranno accettati per la restituzione pacchi aperti o danneggiati. Il cliente \u00e8 responsabile delle spese di spedizione per la [&#8230;]\n","protected":false},"author":1,"featured_media":0,"parent":0,"menu_order":0,"comment_status":"closed","ping_status":"closed","template":"","meta":{"footnotes":""},"class_list":["post-35531","page","type-page","status-publish","hentry"],"_links":{"self":[{"href":"https:\/\/www.asimis-market.com\/it\/wp-json\/wp\/v2\/pages\/35531","targetHints":{"allow":["GET"]}}],"collection":[{"href":"https:\/\/www.asimis-market.com\/it\/wp-json\/wp\/v2\/pages"}],"about":[{"href":"https:\/\/www.asimis-market.com\/it\/wp-json\/wp\/v2\/types\/page"}],"author":[{"embeddable":true,"href":"https:\/\/www.asimis-market.com\/it\/wp-json\/wp\/v2\/users\/1"}],"replies":[{"embeddable":true,"href":"https:\/\/www.asimis-market.com\/it\/wp-json\/wp\/v2\/comments?post=35531"}],"version-history":[{"count":1,"href":"https:\/\/www.asimis-market.com\/it\/wp-json\/wp\/v2\/pages\/35531\/revisions"}],"predecessor-version":[{"id":35532,"href":"https:\/\/www.asimis-market.com\/it\/wp-json\/wp\/v2\/pages\/35531\/revisions\/35532"}],"wp:attachment":[{"href":"https:\/\/www.asimis-market.com\/it\/wp-json\/wp\/v2\/media?parent=35531"}],"curies":[{"name":"wp","href":"https:\/\/api.w.org\/{rel}","templated":true}]}}