{"id":35534,"date":"2023-10-12T12:48:35","date_gmt":"2023-10-12T09:48:35","guid":{"rendered":"https:\/\/www.asimis-market.com\/gdpr-privacy-policy\/"},"modified":"2024-04-25T23:59:45","modified_gmt":"2024-04-25T20:59:45","slug":"informativa-sulla-privacy-gdpr","status":"publish","type":"page","link":"https:\/\/www.asimis-market.com\/it\/informativa-sulla-privacy-gdpr\/","title":{"rendered":"Informativa sulla privacy GDPR"},"content":{"rendered":"<p><strong>Informativa sulla privacy GDPR<\/strong><\/p>\n<p>L&#8217;Informativa sulla privacy ha lo scopo di aiutarti a capire perch\u00e9 raccogliamo i tuoi dati e come li utilizziamo. Chiediamo gentilmente a tutti di prendersi il tempo per leggere attentamente quanto segue.<\/p>\n<p>Questa politica riguarda tutti coloro che acquistano e utilizzano i nostri prodotti o servizi tramite telefono, applicazioni, social network o tramite il nostro sito web.<\/p>\n<p><strong>Chi siamo<\/strong><\/p>\n<p>L&#8217;azienda \u201cPetros Asimis\u201d \u00e8 un&#8217;impresa individuale (di seguito denominata \u201cImpresa\u201d). La nostra Azienda offre prodotti e servizi che migliorano significativamente la vita quotidiana dei nostri clienti.<\/p>\n<p><strong>La tua sicurezza<\/strong><\/p>\n<p>Quando effettui un acquisto da noi o utilizzi i servizi che offriamo, ci affidi i tuoi dati. Per questo motivo, diamo priorit\u00e0, ascoltiamo e teniamo conto delle vostre opinioni e desideri, in modo da poter comprendere le vostre aspettative e garantire che si riflettano nelle nostre decisioni aziendali. Ci impegniamo a mantenere la tua fiducia.<\/p>\n<p>L&#8217;Informativa sulla privacy della nostra azienda sulla protezione dei dati personali fornisce informazioni dettagliate su quando e perch\u00e9 raccogliamo i tuoi dati, come li utilizziamo e li elaboriamo, per quanto tempo li conserviamo e, infine, a quali condizioni possiamo condividerli con altri.<\/p>\n<p><strong>Raccolta dati<\/strong><\/p>\n<p>Quando visiti uno dei nostri punti vendita (ad esempio siti web, social media), ti chiediamo di fornirci alcune informazioni su di te.<\/p>\n<p>Queste informazioni possono includere:<\/p>\n<ul>\n<li>Dati personali come nome, indirizzo, indirizzo e-mail, numero di telefono e altri dettagli di contatto. Questi dati vengono raccolti durante l&#8217;acquisto di un prodotto dal nostro negozio online o dai nostri servizi elettronici, ad esempio, quando partecipi a un sondaggio di mercato, lasci un commento sulle nostre pagine di social media (Facebook, Twitter, YouTube), entri in uno dei nostri concorsi, ecc.<\/li>\n<li>Informazioni sull&#8217;account, come nome utente e altri identificatori o credenziali utilizzate per accedere ai nostri servizi online.<\/li>\n<li>Indirizzo IP e dati dei cookie.<\/li>\n<li>Posizione.<\/li>\n<\/ul>\n<p><strong>Casi in cui richiediamo i tuoi dati:<\/strong><\/p>\n<ul>\n<li>Quando acquisti prodotti nei negozi online o tramite telefono.<\/li>\n<li>Quando ti registri per utilizzare i nostri servizi elettronici.<\/li>\n<li>Quando richiedi di ricevere aggiornamenti sulle promozioni di marketing.<\/li>\n<li>Quando partecipi a uno dei nostri concorsi o completi uno dei nostri sondaggi tra i clienti.<\/li>\n<li>Quando ti registri ai nostri programmi a premi.<\/li>\n<li>Quando invii richieste.<\/li>\n<\/ul>\n<p><strong>Come trattiamo i tuoi dati<\/strong><\/p>\n<p>Trattiamo i tuoi dati quando stiamo per raggiungere un accordo con te o per scopi specifici, tra gli altri, come:<\/p>\n<ul>\n<li>Elaborazione di ordini e pagamenti per prodotti e servizi acquistati o per rimborsi.<\/li>\n<li>Azioni promozionali relative ai nostri prodotti e servizi o servizi offerti dai nostri partner, che riteniamo possano interessarti, a condizione che abbiamo ottenuto il tuo consenso a contattarti.<\/li>\n<li>Possiamo anche utilizzare ed elaborare i tuoi dati se ci hai dato il tuo consenso per quanto segue:<\/li>\n<li>Notifica quando un prodotto \u00e8 nuovamente disponibile.<\/li>\n<li>Contattarti via e-mail o messaggio scritto in merito ai nostri prodotti e servizi, concorsi, offerte, promozioni o eventi speciali.<\/li>\n<li>Per il tuo premio, come parte della partecipazione ai programmi di premi della Societ\u00e0.<\/li>\n<\/ul>\n<p><strong>Interesse legittimo<\/strong><\/p>\n<p>Possiamo utilizzare ed elaborare i tuoi dati ove necessario in base ai nostri interessi legittimi come azienda per i seguenti scopi:<\/p>\n<ul>\n<li>Per fornire supporto ai nostri clienti, rispondere e comunicare con te in merito alle tue richieste.<\/li>\n<li>Per rispondere a domande, reclami, richieste e commenti.<\/li>\n<li>Per comunicare con te in merito ai tuoi ordini, acquisti o account.<\/li>\n<li>Per fornirti materiale di interesse e navigare attraverso i nostri siti web.<\/li>\n<li>Per informarti su attivit\u00e0 promozionali (sulla base del tuo consenso), come la personalizzazione delle comunicazioni o l&#8217;invio di messaggi mirati attraverso social network e piattaforme di terze parti.<\/li>\n<li>Condurre analisi dei dati, comprese ricerche sui consumatori, analisi delle tendenze e analisi economiche.<\/li>\n<li>Per aiutarci a comprendere meglio voi come clienti, i prodotti e i servizi che consumate e come li consumate e li acquistate, in modo da potervi servire meglio.<\/li>\n<li>Per gestire, valutare e migliorare le nostre attivit\u00e0, compreso lo sviluppo di nuovi prodotti e servizi, determinare l&#8217;efficacia delle attivit\u00e0 di vendita, marketing e pubblicit\u00e0 e analizzare e migliorare prodotti, offerte, attivit\u00e0 promozionali, servizi elettronici e altre tecnologie.<\/li>\n<li>Per soddisfare le tue richieste relative all&#8217;esercizio dei tuoi diritti (ad esempio, quando ci chiedi di non contattarti per scopi di marketing, conserveremo questo record negli elenchi di opt-out per soddisfare la tua richiesta).<\/li>\n<li>Per utilizzare o divulgare i tuoi dati (ad esempio, in relazione a un&#8217;indagine di un&#8217;autorit\u00e0 pubblica), laddove abbiamo un diritto o un dovere legale.<\/li>\n<li>Per mantenere il diritto di comunicare con te in merito ai debiti scaduti, direttamente o tramite partner di terze parti.<\/li>\n<li>Per la protezione, l&#8217;individuazione e la prevenzione di frodi e altre attivit\u00e0 criminali, reclami e altri obblighi.<\/li>\n<li>Per la sicurezza della rete e delle informazioni, adottare misure per proteggere le informazioni da perdita, danno, furto o accesso non autorizzato.<\/li>\n<li>Rispetto degli obblighi legali<\/li>\n<\/ul>\n<p>Utilizzeremo i tuoi dati per rispettare i nostri obblighi legali, come ad esempio:<\/p>\n<ul>\n<li>Per identificarti quando ci contatti.<\/li>\n<li>Per verificare l&#8217;accuratezza dei dati che conserviamo su di te.<\/li>\n<li>Per assistere le autorit\u00e0 pubbliche, ad esempio la polizia.<\/li>\n<\/ul>\n<p><strong>A tuo \u201cbeneficio\u201d<\/strong><\/p>\n<p>Utilizzeremo i tuoi dati a tuo \u201cvantaggio\u201d, ad esempio:<\/p>\n<ul>\n<li>Potremmo aver bisogno di contattarti se esiste un potenziale rischio per la sicurezza relativo a un prodotto acquistato o per richiami di prodotti.<\/li>\n<\/ul>\n<p>&nbsp;<\/p>\n<p>Utilizziamo informazioni automatizzate per scopi quali:<br \/>\nPersonalizzazione dell&#8217;esperienza dei nostri visitatori sui nostri servizi Internet.<br \/>\nFornire materiale (inclusa la pubblicit\u00e0) su misura per i tuoi interessi e il modo in cui navighi nei nostri servizi Internet.<br \/>\nCorretta gestione della nostra attivit\u00e0.<br \/>\nUtilizziamo queste informazioni per diagnosticare problemi tecnici e problemi relativi ai nostri servizi, gestire servizi elettronici (Internet), identificare gli utenti dei nostri servizi Internet, indirizzare la pubblicit\u00e0 e raccogliere informazioni demografiche su di te. Utilizziamo informazioni automatizzate per determinare i modelli di utilizzo e come possiamo adattare meglio i nostri servizi per soddisfare le vostre esigenze.<br \/>\nPotremmo utilizzare le informazioni che raccogliamo su di te in altri modi, poich\u00e9 ti informiamo nel momento in cui i tuoi dati vengono raccolti in modo da poter personalizzare meglio i nostri servizi per soddisfare le tue esigenze specifiche.<\/p>\n<p><strong>Come condividiamo i tuoi dati<\/strong><\/p>\n<p>Asimis Market pu\u00f2 condividere informazioni personali all&#8217;interno dell&#8217;azienda tra i suoi dipendenti (ove applicabile) per elaborare e preparare un ordine per la spedizione. I dipendenti che ricevono queste informazioni non sono autorizzati a utilizzare o divulgare le informazioni tranne nei casi in cui viene fornito il consenso.<\/p>\n<p><strong>I nostri fornitori di servizi<\/strong><\/p>\n<p>Collaboriamo con prestatori di servizi, fornitori, assicuratori e organizzazioni che possono elaborare i tuoi dati per nostro conto, a condizione che aderiscano alle norme di sicurezza sulla protezione dei dati. Condividiamo solo informazioni che consentono loro di fornirci i loro servizi o di facilitare la fornitura dei loro servizi all&#8217;utente. Ad esempio, alcuni dei nostri fornitori di servizi mostrano pubblicit\u00e0 per i nostri prodotti e servizi, nonch\u00e9 per prodotti dei nostri partner, fornitori e terze parti. A condizione che tu abbia dato il tuo consenso e accettato di essere informato sulle nostre attivit\u00e0 promozionali, potresti vedere la pubblicit\u00e0 online che abbiamo inserito sui siti web che visiti o sui servizi interattivi che utilizzi.<\/p>\n<p><strong>Altre organizzazioni e individui<\/strong><\/p>\n<p>In alcuni casi, potremmo trasferire i tuoi dati ad altre organizzazioni, ad esempio:<\/p>\n<p>Se ci viene richiesto da un&#8217;autorit\u00e0 pubblica o di regolamentazione come la polizia o il dipartimento del lavoro, siamo obbligati, in base ai codici etici, a fornire loro i tuoi dati.<br \/>\nPotremmo condividere informazioni con organizzazioni di prevenzione delle frodi per prevenire potenziali attivit\u00e0 fraudolente (ad esempio, procedimenti giudiziari per criminalit\u00e0 informatica).<br \/>\nRispondere alle richieste di individui (o dei loro rappresentanti) che cercano di proteggere i propri diritti legali o i diritti di altri.<\/p>\n<p><strong>Marketing<\/strong><\/p>\n<p>Quando ti registri nel nostro database clienti, utilizziamo le informazioni fornite per vari scopi:<\/p>\n<p>Per informarti sui nostri ultimi prodotti, servizi o offerte.<br \/>\nPer metterci in contatto con te se abbiamo bisogno di fornirti ulteriori informazioni o se abbiamo bisogno di ricevere informazioni da te.<br \/>\nPer verificare occasionalmente la tua soddisfazione rispetto ai nostri prodotti e servizi.<br \/>\nPer verificare i punti premio totali dei tuoi acquisti per fornire gli sconti corrispondenti.<br \/>\nPotremmo utilizzare i tuoi dati per inviarti messaggi di marketing se abbiamo il tuo consenso o un motivo specifico, ad esempio per informarti di un richiamo di prodotto. Se hai dato il tuo consenso, potremmo farlo tramite post, e-mail, messaggi di testo, social media o utilizzando app. Inoltre, potremmo promuovere prodotti o servizi con notifiche e pubblicit\u00e0 tramite app. Ci\u00f2 accade quando abbiamo un interesse legittimo o commerciale nell&#8217;utilizzo delle tue informazioni, anche se ti consentiremo sempre di opporti al marketing. Potremmo chiederti di confermare o aggiornare i tuoi dati se in futuro acquisterai nuovi prodotti o servizi. Ti chiederemo di farlo anche in caso di cambiamenti nella legislazione, nella regolamentazione o nella nostra struttura aziendale. Raccogliamo statistiche sulle aperture e sui clic delle e-mail utilizzando tecnologie industriali per aiutarci a monitorare e migliorare le nostre newsletter elettroniche. Puoi disattivare le comunicazioni di marketing generali in qualsiasi momento informando l&#8217;azienda.<\/p>\n<p>Tieni presente che se decidi di non ricevere messaggi di marketing da parte nostra, potremmo continuare a comunicare con te in merito alle transazioni, al tuo account, ai sondaggi tra i clienti e a qualsiasi concorso a cui potresti aver espresso interesse.<\/p>\n<p><strong>I tuoi diritti<\/strong><\/p>\n<p>Secondo la legge sulla tutela delle persone fisiche rispetto al trattamento dei dati personali e alla libera circolazione di tali dati, Lei ha i seguenti diritti:<\/p>\n<p>Accesso e informazione<\/p>\n<p>Hai il diritto di ottenere informazioni su quali dati abbiamo raccolto, per quale scopo li abbiamo raccolti e per quanto tempo li conserveremo.<\/p>\n<p>Correzione<\/p>\n<p>Hai il diritto di chiederci di correggere eventuali informazioni inesatte su di te o di aggiungere ulteriori informazioni su di te.<\/p>\n<p>Limitazione e opposizione al trattamento<\/p>\n<p>Hai il diritto di richiederci di limitare o escludere il trattamento dei tuoi dati se metti in dubbio l&#8217;accuratezza delle informazioni che conserviamo su di te, se ritieni che stiamo trattando i tuoi dati illegalmente o se non desideri pi\u00f9 ricevere messaggi promozionali su i nostri prodotti e servizi.<\/p>\n<p>Portabilit\u00e0<\/p>\n<p>Hai il diritto di chiederci di trasferire i tuoi dati a un&#8217;altra organizzazione per te.<\/p>\n<p>Cancellazione<\/p>\n<p>Infine, hai il diritto di richiedere per iscritto che cancelliamo i tuoi dati quando non sono pi\u00f9 necessari per lo scopo per il quale sono stati raccolti se desideri revocare il tuo consenso al trattamento di tali dati e se i tuoi dati sono sottoposti a trattamento illecito in violazione del Regolamento sulla Privacy.<\/p>\n<p>Se desideri esercitare questi diritti, contattaci:<\/p>\n<p>Inviando una email a: info@asimis-market.com<br \/>\nInviando una lettera all\u2019indirizzo: STASINOPOULOY 31 AGIOS DIMITRIOS \u2013 ATENE<br \/>\nAssicurati di aver incluso tutti i documenti necessari insieme alla tua richiesta. La tua richiesta verr\u00e0 elaborata entro 2 settimane dalla data di ricezione della domanda. Tuttavia, questo periodo pu\u00f2 essere prolungato in caso di complicazioni. Il costo dell&#8217;invio (se applicabile) \u00e8 a carico del mittente.<\/p>\n<p>Per quanto tempo conserviamo i tuoi dati<\/p>\n<p>Conserveremo i tuoi dati finch\u00e9 sarai cliente della nostra azienda e finch\u00e9 non avrai richiesto la cancellazione dal nostro sistema utilizzando le modalit\u00e0 sopra menzionate. Una volta che cessi di essere cliente, potremmo conservare i tuoi dati per un periodo massimo di 2 anni dal tuo ultimo acquisto. Tuttavia, potremmo conservare i tuoi dati per pi\u00f9 di 2 anni se non possiamo cancellarli per motivi legali, fiscali o tecnici. Potremmo anche conservare i tuoi dati per informarti dei richiami di prodotti. In questo caso, garantiremo che la tua privacy sia protetta e che i tuoi dati vengano utilizzati solo per questi scopi. Inoltre, non conserviamo le informazioni personali in una forma identificabile pi\u00f9 a lungo del necessario. Infine, conserveremo i tuoi dati finch\u00e9 avremo il consenso attivo per le finalit\u00e0 indicate.<\/p>\n<p>Misure di sicurezza<\/p>\n<p>L&#8217;azienda utilizza le proprie misure di sicurezza tecniche e organizzative per proteggere le tue informazioni personali dalla perdita, dalla distruzione e da qualsiasi accesso non autorizzato da parte di terzi, come la navigazione crittografata sulla nostra pagina con il sistema SSL e la protezione Firewall sulla nostra piattaforma. La societ\u00e0 non si assume alcuna responsabilit\u00e0 in caso di violazioni dei dati su larga scala dovute ad attacchi informatici ai sistemi informativi di terzi (Hosting) che ospitano il nostro sito web asimis-market.com.<\/p>\n<p>Collegamenti ad altri siti<\/p>\n<p>I nostri siti Web possono contenere collegamenti ad altri siti Web gestiti da organizzazioni che non controlliamo. Se vieni indirizzato a un sito Web di terze parti tramite il nostro sito Web, ti invitiamo a leggere le loro informative sulla privacy.<\/p>\n<p><strong>Mezzi sociali<\/strong><\/p>\n<p>Utilizziamo social media come Facebook, Google, YouTube, Instagram e Twitter. In questo modo i dati potrebbero essere recuperati. Se sei loggato in uno di questi network e non desideri che i dati raccolti durante la tua visita siano collegati al tuo account, devi disconnetterti dal tuo social network prima di accedere a questi siti.<\/p>\n<p><strong>Contattaci<\/strong><\/p>\n<p>Se hai una domanda o un reclamo su questa politica o sul modo in cui gestiamo i tuoi dati, ti preghiamo di contattarci:<\/p>\n<p>Via e-mail all&#8217;indirizzo: info@asimis-market.com<br \/>\nPer posta all\u2019indirizzo: STASINOPOULOY 31 AGIOS DIMITRIOS \u2013 ATENE<br \/>\nReclamo al Garante per la protezione dei dati<\/p>\n<p>Hai il diritto di presentare un reclamo all&#8217;Autorit\u00e0 Garante per la Protezione dei Dati se sei preoccupato su come abbiamo trattato i tuoi dati.<\/p>\n<p><strong>Modifiche alla politica<\/strong><\/p>\n<p>Potremmo rivedere questa politica pubblicando una versione aggiornata sul nostro sito web o contattandoti via e-mail. La politica attuale \u00e8 stata rivista l&#8217;ultima volta il 20\/01\/2024.<\/p>\n","protected":false},"excerpt":{"rendered":"<p>Informativa sulla privacy GDPR L&#8217;Informativa sulla privacy ha lo scopo di aiutarti a capire perch\u00e9 raccogliamo i tuoi dati e come li utilizziamo. Chiediamo gentilmente a tutti di prendersi il tempo per leggere attentamente quanto segue. Questa politica riguarda tutti coloro che acquistano e utilizzano i nostri prodotti o servizi tramite telefono, applicazioni, social network [&#8230;]\n","protected":false},"author":3,"featured_media":0,"parent":0,"menu_order":0,"comment_status":"closed","ping_status":"closed","template":"","meta":{"footnotes":""},"class_list":["post-35534","page","type-page","status-publish","hentry"],"_links":{"self":[{"href":"https:\/\/www.asimis-market.com\/it\/wp-json\/wp\/v2\/pages\/35534","targetHints":{"allow":["GET"]}}],"collection":[{"href":"https:\/\/www.asimis-market.com\/it\/wp-json\/wp\/v2\/pages"}],"about":[{"href":"https:\/\/www.asimis-market.com\/it\/wp-json\/wp\/v2\/types\/page"}],"author":[{"embeddable":true,"href":"https:\/\/www.asimis-market.com\/it\/wp-json\/wp\/v2\/users\/3"}],"replies":[{"embeddable":true,"href":"https:\/\/www.asimis-market.com\/it\/wp-json\/wp\/v2\/comments?post=35534"}],"version-history":[{"count":4,"href":"https:\/\/www.asimis-market.com\/it\/wp-json\/wp\/v2\/pages\/35534\/revisions"}],"predecessor-version":[{"id":35538,"href":"https:\/\/www.asimis-market.com\/it\/wp-json\/wp\/v2\/pages\/35534\/revisions\/35538"}],"wp:attachment":[{"href":"https:\/\/www.asimis-market.com\/it\/wp-json\/wp\/v2\/media?parent=35534"}],"curies":[{"name":"wp","href":"https:\/\/api.w.org\/{rel}","templated":true}]}}