{"id":30506,"date":"2023-10-12T21:01:36","date_gmt":"2023-10-12T18:01:36","guid":{"rendered":"https:\/\/www.asimis-market.com\/product\/crimson-snow-steam-key-europa-prezzo-senza-supplemento\/"},"modified":"2024-02-26T20:39:31","modified_gmt":"2024-02-26T17:39:31","slug":"crimson-snow-steam-key-europa-prezzo-senza-supplemento","status":"publish","type":"product","link":"https:\/\/www.asimis-market.com\/it\/prodotto\/crimson-snow-steam-key-europa-prezzo-senza-supplemento\/","title":{"rendered":"CRIMSON SNOW STEAM CHIAVE DIGITALE EUROPA (PREZZO SENZA SUPPLEMENTO)"},"content":{"rendered":"<p>IL GIOCO<\/p>\n<p>Stavate per festeggiare questa festa con la vostra ragazza, Joyce, ma la piacevole serata \u00e8 stata interrotta da un ospite non invitato e ora dovete fare del vostro meglio per sopravvivere a questo Natale.<\/p>\n<p>Crimson Snow \u00e8 un gioco horror basato su una storia che racconta gli oscuri eventi di una notte di Natale. Fatevi strada attraverso la strana casa illuminata con decorazioni natalizie e nascondetevi dall&#8217;altro mondo che \u00e8 ossessionato da voi. La tua amica Joyce ti aiuter\u00e0 a fuggire o&#8230; diventer\u00e0 lei stessa una vittima: il tuo destino dipende dalle tue parole e dalle tue decisioni.<\/p>\n<p>Cosa vi aspetta:<br \/>\nLa notte di Natale divenne la notte del terrore. Sperimentate la combinazione di atmosfera festiva e incubo paranormale.<br \/>\nFate attenzione a ci\u00f2 che dite e a ci\u00f2 che fate. La vostra vita e quella della vostra ragazza dipendono da questo.<br \/>\nI segreti del tuo passato non ti lasceranno in pace. Sbloccateli o vi distruggeranno.<\/p>\n<p>&nbsp;<\/p>\n<p><iframe loading=\"lazy\" title=\"Crimson Snow \u2014 Official Trailer [Christmas Horror Game]\" width=\"1020\" height=\"574\" src=\"https:\/\/www.youtube.com\/embed\/NtilE9t9QNU?feature=oembed\" frameborder=\"0\" allow=\"accelerometer; autoplay; clipboard-write; encrypted-media; gyroscope; picture-in-picture; web-share\" allowfullscreen><\/iframe><\/p>\n<p>&nbsp;<\/p>\n<p>ALTRI DETTAGLI DEL GIOCO<\/p>\n<p>Generi: Indie, Azione, Avventura, Orrore, Prima Persona<br \/>\nSviluppatore: Steppe Hare Studio<br \/>\nPiattaforma: Microsoft Windows<br \/>\nEditore: Studio Steppe Hare<br \/>\nData del primo rilascio: 29\/03\/2023<\/p>\n<p>&nbsp;<\/p>\n<p>INTERFACCIA LINGUISTICA<\/p>\n<p>Inglese<br \/>\nFrancese<br \/>\nTedesco<br \/>\nSpagnolo<\/p>\n<p>REQUISITI DI SISTEMA<\/p>\n<p>Minimo:<\/p>\n<p>Minimo:<\/p>\n<p>Richiede un processore e un sistema operativo a 64 bit<br \/>\nOS: 64bit Windows 7, Windows 8, Windows 10, Windows 11<br \/>\nProcessore: Intel Core i3-4340 \/ AMD FX-6300<br \/>\nMemoria: 6 GB di RAM<br \/>\nGrafica: NVIDIA GeForce 660 GTX<br \/>\nDirectX: versione 11<br \/>\nMemoria: 10 GB di spazio disponibile<br \/>\nScheda audio: Realtek High Definition Audio<\/p>\n<p>Come attivare una chiave Steam:<br \/>\n&#8211; Andare su: http:\/\/store.steampowered.com\/ e scaricare il client STEAM<br \/>\n&#8211; Fare clic su &#8220;Installa Steam&#8221; (dall&#8217;angolo in alto a destra)<br \/>\n&#8211; Installare e lanciare l&#8217;applicazione, accedere con il nome e la password del proprio account (crearne uno se non lo si possiede).<br \/>\n&#8211; Seguite queste istruzioni per attivare un nuovo acquisto al dettaglio su Steam:<br \/>\n&#8211; Lanciate Steam e accedete al vostro account Steam.<br \/>\n&#8211; Fare clic sul menu Giochi.<br \/>\n&#8211; Selezionare l&#8217;attivazione del prodotto su Steam&#8230;<br \/>\n&#8211; Seguire le istruzioni sullo schermo per completare la procedura.<br \/>\n&#8211; Dopo aver verificato il codice, andare alla scheda &#8220;I miei giochi&#8221; e avviare il download.<\/p>\n","protected":false},"excerpt":{"rendered":"<p>Dopo il pagamento riceverete immediatamente via e-mail il codice Steam che vi consentir\u00e0 di giocare al tempo stesso al gioco appena acquistato.<\/p>\n","protected":false},"featured_media":27639,"comment_status":"closed","ping_status":"closed","template":"","meta":{"wds_primary_product_brand":0,"wds_primary_product_cat":0},"product_brand":[],"product_cat":[380,379,381,512,383,382,384],"product_tag":[],"class_list":{"0":"post-30506","1":"product","2":"type-product","3":"status-publish","4":"has-post-thumbnail","6":"product_cat-avventura","7":"product_cat-azione","8":"product_cat-chiavi-digital-pc","9":"product_cat-giocatore-singolo","10":"product_cat-orrore","11":"product_cat-prima-persona","12":"product_cat-videogiochi","14":"first","15":"instock","16":"sale","17":"virtual","18":"purchasable","19":"product-type-simple"},"_links":{"self":[{"href":"https:\/\/www.asimis-market.com\/it\/wp-json\/wp\/v2\/product\/30506","targetHints":{"allow":["GET"]}}],"collection":[{"href":"https:\/\/www.asimis-market.com\/it\/wp-json\/wp\/v2\/product"}],"about":[{"href":"https:\/\/www.asimis-market.com\/it\/wp-json\/wp\/v2\/types\/product"}],"replies":[{"embeddable":true,"href":"https:\/\/www.asimis-market.com\/it\/wp-json\/wp\/v2\/comments?post=30506"}],"wp:featuredmedia":[{"embeddable":true,"href":"https:\/\/www.asimis-market.com\/it\/wp-json\/wp\/v2\/media\/27639"}],"wp:attachment":[{"href":"https:\/\/www.asimis-market.com\/it\/wp-json\/wp\/v2\/media?parent=30506"}],"wp:term":[{"taxonomy":"product_brand","embeddable":true,"href":"https:\/\/www.asimis-market.com\/it\/wp-json\/wp\/v2\/product_brand?post=30506"},{"taxonomy":"product_cat","embeddable":true,"href":"https:\/\/www.asimis-market.com\/it\/wp-json\/wp\/v2\/product_cat?post=30506"},{"taxonomy":"product_tag","embeddable":true,"href":"https:\/\/www.asimis-market.com\/it\/wp-json\/wp\/v2\/product_tag?post=30506"}],"curies":[{"name":"wp","href":"https:\/\/api.w.org\/{rel}","templated":true}]}}