{"id":30552,"date":"2023-10-12T19:01:39","date_gmt":"2023-10-12T16:01:39","guid":{"rendered":"https:\/\/www.asimis-market.com\/product\/cera-di-curpa-crema-viso-rosa-pelle-secca-vaso-100-ml\/"},"modified":"2023-10-12T19:01:39","modified_gmt":"2023-10-12T16:01:39","slug":"cera-di-curpa-crema-viso-rosa-pelle-secca-vaso-100-ml","status":"publish","type":"product","link":"https:\/\/www.asimis-market.com\/it\/prodotto\/cera-di-curpa-crema-viso-rosa-pelle-secca-vaso-100-ml\/","title":{"rendered":"CERA DI CURPA CREMA VISO ROSA PELLE SECCA &#8211; VASO 100 ml."},"content":{"rendered":"<p><strong><span style=\"font-size: 130%;\">CERA DI CURPA CREMA VISO ROSA PELLE SECCA &#8211; VASO 100 ml.<\/span><\/strong><\/p>\n<p><strong>Per la pelle secca. La crema viso Cera di Cupra \u00e8 un prodotto naturale con ingredienti principali la cera d&#8217;api &#8211; che \u00e8 l&#8217;ingrediente caratteristico della linea &#8211; e la glicerina.<\/strong><\/p>\n<p><strong>Questa formula di bellezza \u00e8 stata creata dal Dr. Ciccarelli e rimane invariata nel tempo, continuando ad essere realizzata con i migliori e pi\u00f9 puri ingredienti della natura.<\/strong><br \/>\n<strong>Formula unica con cera d&#8217;api.<\/strong><\/p>\n<p><strong>Applicazione: Utilizzare Cera di Cupra al mattino e al pomeriggio sulla pelle del viso, dopo averla accuratamente detersa. Per ottenere risultati ottimali, si consiglia l&#8217;uso quotidiano.<\/strong><\/p>\n<p><img decoding=\"async\" class=\"alignnone size-medium wp-image-6815\" src=\"https:\/\/www.asimis-market.com\/wp-content\/uploads\/2018\/03\/kremes-omorfias-asimis-market.gr_-300x225.jpg\"><\/p>\n","protected":false},"excerpt":{"rendered":"<p>CERA DI CURPA CREMA VISO ROSA PELLE SECCA &#8211; VASO 100 ml. Per la pelle secca. La crema viso Cera di Cupra \u00e8 un prodotto naturale con ingredienti principali la cera d&#8217;api &#8211; che \u00e8 l&#8217;ingrediente caratteristico della linea &#8211; e la glicerina. Questa formula di bellezza \u00e8 stata creata dal Dr. Ciccarelli e rimane [&#8230;]\n","protected":false},"featured_media":27365,"comment_status":"closed","ping_status":"closed","template":"","meta":{"wds_primary_product_brand":0,"wds_primary_product_cat":0},"product_brand":[],"product_cat":[401,480,417],"product_tag":[],"class_list":{"0":"post-30552","1":"product","2":"type-product","3":"status-publish","4":"has-post-thumbnail","6":"product_cat-creme-cura-e-bellezza","7":"product_cat-prodotti-intelligenti-e-diversita","8":"product_cat-trattamento-facciale","10":"first","11":"instock","12":"sale","13":"featured","14":"purchasable","15":"product-type-simple"},"_links":{"self":[{"href":"https:\/\/www.asimis-market.com\/it\/wp-json\/wp\/v2\/product\/30552","targetHints":{"allow":["GET"]}}],"collection":[{"href":"https:\/\/www.asimis-market.com\/it\/wp-json\/wp\/v2\/product"}],"about":[{"href":"https:\/\/www.asimis-market.com\/it\/wp-json\/wp\/v2\/types\/product"}],"replies":[{"embeddable":true,"href":"https:\/\/www.asimis-market.com\/it\/wp-json\/wp\/v2\/comments?post=30552"}],"wp:featuredmedia":[{"embeddable":true,"href":"https:\/\/www.asimis-market.com\/it\/wp-json\/wp\/v2\/media\/27365"}],"wp:attachment":[{"href":"https:\/\/www.asimis-market.com\/it\/wp-json\/wp\/v2\/media?parent=30552"}],"wp:term":[{"taxonomy":"product_brand","embeddable":true,"href":"https:\/\/www.asimis-market.com\/it\/wp-json\/wp\/v2\/product_brand?post=30552"},{"taxonomy":"product_cat","embeddable":true,"href":"https:\/\/www.asimis-market.com\/it\/wp-json\/wp\/v2\/product_cat?post=30552"},{"taxonomy":"product_tag","embeddable":true,"href":"https:\/\/www.asimis-market.com\/it\/wp-json\/wp\/v2\/product_tag?post=30552"}],"curies":[{"name":"wp","href":"https:\/\/api.w.org\/{rel}","templated":true}]}}