{"id":30558,"date":"2023-10-12T19:01:20","date_gmt":"2023-10-12T16:01:20","guid":{"rendered":"https:\/\/www.asimis-market.com\/product\/palette-di-correttori-rosa-rubino-8-colori\/"},"modified":"2025-08-01T01:42:20","modified_gmt":"2025-07-31T22:42:20","slug":"palette-di-correttori-rosa-rubino-8-colori","status":"publish","type":"product","link":"https:\/\/www.asimis-market.com\/it\/prodotto\/palette-di-correttori-rosa-rubino-8-colori\/","title":{"rendered":"PALETTE DI CORRETTORI ROSA RUBINO 8 COLORI."},"content":{"rendered":"<p><strong><span style=\"font-size: 130%;\">PALETTE DI CORRETTORI ROSA RUBINO 8 COLORI.<\/span><br \/>\n<\/strong><\/p>\n<p><strong>La verit\u00e0 \u00e8 che quando impala ruby concealer pallete \u00e8 apparsa per la prima volta nei miei negozi fisici, ho avuto un problema di vendite perch\u00e9 tutte le donne interessate erano sorprese dal prezzo basso, naturalmente ho spiegato che qui non si paga la pubblicit\u00e0 e che non faccio enormi margini di profitto come fa un negozio che vende solo cosmetici.<\/strong><\/p>\n<p><strong>Ho spiegato che ho altri prodotti e che non mi interessa guadagnare un po&#8217; di soldi con un cosmetico.<\/strong><\/p>\n<p><strong>Quindi, con cautela, i clienti abituali hanno iniziato ad acquistare il prodotto RISULTATO&#8230;&#8230;&#8230;&#8230;&#8230;&#8230;&#8230;.<\/strong><\/p>\n<p><strong>non solo su questo prodotto ma su tutti gli impala e in seguito posso dire clienti fanatici!!! su ruby concealer pallete cosmetics. <\/strong><strong>\u03c3\u03c4\u03b1 ruby concealer pallete \u03ba\u03b1\u03bb\u03bb\u03c5\u03bd\u03c4\u03b9\u03ba\u03ac.<\/strong><\/p>\n<p><strong>LA CONFEZIONE CONTIENE 8 COLORI PER RISULTATI INCREDIBILI E PER COPRIRE OGNI IMPERFEZIONE.<br \/>\n<\/strong><\/p>\n<p><strong>PRODOTTO TEDESCO.<\/strong><\/p>\n<p><img decoding=\"async\" class=\"alignnone size-medium wp-image-6785\" src=\"https:\/\/www.asimis-market.com\/wp-content\/uploads\/2018\/02\/make-up-impala-asimis-market.gr_-300x300.jpg\"><\/p>\n","protected":false},"excerpt":{"rendered":"<p>PALETTE DI CORRETTORI ROSA RUBINO 8 COLORI. La verit\u00e0 \u00e8 che quando impala ruby concealer pallete \u00e8 apparsa per la prima volta nei miei negozi fisici, ho avuto un problema di vendite perch\u00e9 tutte le donne interessate erano sorprese dal prezzo basso, naturalmente ho spiegato che qui non si paga la pubblicit\u00e0 e che non [&#8230;]\n","protected":false},"featured_media":27339,"comment_status":"closed","ping_status":"closed","template":"","meta":{"wds_primary_product_brand":0,"wds_primary_product_cat":0},"product_brand":[],"product_cat":[439,480,417],"product_tag":[],"class_list":{"0":"post-30558","1":"product","2":"type-product","3":"status-publish","4":"has-post-thumbnail","6":"product_cat-makeup-it","7":"product_cat-prodotti-intelligenti-e-diversita","8":"product_cat-trattamento-facciale","9":"product_shipping_class-buste","11":"first","12":"instock","13":"featured","14":"purchasable","15":"product-type-simple"},"_links":{"self":[{"href":"https:\/\/www.asimis-market.com\/it\/wp-json\/wp\/v2\/product\/30558","targetHints":{"allow":["GET"]}}],"collection":[{"href":"https:\/\/www.asimis-market.com\/it\/wp-json\/wp\/v2\/product"}],"about":[{"href":"https:\/\/www.asimis-market.com\/it\/wp-json\/wp\/v2\/types\/product"}],"replies":[{"embeddable":true,"href":"https:\/\/www.asimis-market.com\/it\/wp-json\/wp\/v2\/comments?post=30558"}],"wp:featuredmedia":[{"embeddable":true,"href":"https:\/\/www.asimis-market.com\/it\/wp-json\/wp\/v2\/media\/27339"}],"wp:attachment":[{"href":"https:\/\/www.asimis-market.com\/it\/wp-json\/wp\/v2\/media?parent=30558"}],"wp:term":[{"taxonomy":"product_brand","embeddable":true,"href":"https:\/\/www.asimis-market.com\/it\/wp-json\/wp\/v2\/product_brand?post=30558"},{"taxonomy":"product_cat","embeddable":true,"href":"https:\/\/www.asimis-market.com\/it\/wp-json\/wp\/v2\/product_cat?post=30558"},{"taxonomy":"product_tag","embeddable":true,"href":"https:\/\/www.asimis-market.com\/it\/wp-json\/wp\/v2\/product_tag?post=30558"}],"curies":[{"name":"wp","href":"https:\/\/api.w.org\/{rel}","templated":true}]}}