{"id":30594,"date":"2023-10-12T17:36:59","date_gmt":"2023-10-12T14:36:59","guid":{"rendered":"https:\/\/www.asimis-market.com\/product\/wrc-generations-steam-chiave-digitale-europa-prezzo-senza-costi-aggiuntivi\/"},"modified":"2023-12-25T05:34:36","modified_gmt":"2023-12-25T02:34:36","slug":"wrc-generations-steam-chiave-digitale-europa-prezzo-senza-costi-aggiuntivi","status":"publish","type":"product","link":"https:\/\/www.asimis-market.com\/it\/prodotto\/wrc-generations-steam-chiave-digitale-europa-prezzo-senza-costi-aggiuntivi\/","title":{"rendered":"WRC GENERATIONS STEAM CHIAVE DIGITALE EUROPA (PREZZO SENZA COSTI AGGIUNTIVI)"},"content":{"rendered":"<p><strong>IL GIOCO<\/strong><\/p>\n<p>Nel 2022 assisteremo al passaggio del WRC all&#8217;era ibrida. Si tratta di una rivoluzione per il mondo del rally, che influisce in modo significativo sulle prestazioni, cambia le strategie e richiede ai piloti e ai team di adattarsi.<\/p>\n<p>Per quanto riguarda la giocabilit\u00e0, sono stati integrati nuovi meccanismi per rappresentare i requisiti dei motori ibridi. Per vincere, \u00e8 necessario gestire attentamente la batteria regolando la mappatura del motore su tutte le prove speciali a cui si partecipa.<\/p>\n<p>Poich\u00e9 la soddisfazione della comunit\u00e0 \u00e8 sempre una priorit\u00e0, ora \u00e8 possibile condividere colori e adesivi personalizzati con altri giocatori. Le migliori creazioni saranno premiate e riconosciute.<\/p>\n<p>Per gli amanti della competizione, la nuova funzione Leghe permette ai giocatori di sfidare online avversari di livello simile. Arrivate davanti ai vostri avversari per scalare le classifiche della categoria Leggende.<\/p>\n<p>WRC Generations include pi\u00f9 contenuti che mai in un gioco di rally.<br \/>\n750 km di prove speciali uniche in 22 paesi<br \/>\n49 squadre della stagione 2022 (Rally1 \/ Rally2 \/ Junior WRC)<br \/>\n37 auto leggendarie pi\u00f9 bonus<br \/>\n165 prove speciali a tempo<br \/>\nPer rendere ancora pi\u00f9 realistica la rappresentazione del campionato, \u00e8 stato aggiunto un ambiente completamente ridisegnato per il Rally di Svezia con sei nuovissime prove speciali nella regione di Umea.<\/p>\n<p>Nuove caratteristiche:<\/p>\n<ul>\n<li>I nuovi veicoli ibridi<\/li>\n<li>Una nuova fisica dei veicoli ancora pi\u00f9 realistica<\/li>\n<li>Una funzione LEAGUES che consente di sfidare altri giocatori.<\/li>\n<li>Una nuova ambientazione del Rally di Svezia con sei nuovissime prove speciali<\/li>\n<li>Condivisione in diretta e adesivi con la comunit\u00e0<\/li>\n<li>Creare e gestire squadre all&#8217;interno del gioco<\/li>\n<\/ul>\n<p><iframe loading=\"lazy\" title=\"WRC Generations | Launch Trailer\" width=\"1020\" height=\"574\" src=\"https:\/\/www.youtube.com\/embed\/07AVJ65bhlo?feature=oembed\" frameborder=\"0\" allow=\"accelerometer; autoplay; clipboard-write; encrypted-media; gyroscope; picture-in-picture; web-share\" allowfullscreen><\/iframe><\/p>\n<p>&nbsp;<\/p>\n<p><strong> Ecco alcuni dettagli aggiuntivi sul gioco:<\/strong><\/p>\n<ul>\n<li>Il gioco ha ricevuto una risposta favorevole, con il 92% degli utenti che ha dichiarato di averlo apprezzato.<\/li>\n<li>WRC Generations \u00e8 un videogioco di corse sviluppato da Kylotonn e pubblicato da Nacon. \u00c8 il settimo capitolo della serie del Campionato del Mondo di Rally e detiene la licenza ufficiale del Campionato del Mondo di Rally 2022.<\/li>\n<li>Piattaforme: Nintendo Switch, PlayStation 5, PlayStation 4, Microsoft Windows, Xbox Series X\/S, Xbox One.<\/li>\n<li>Data di uscita iniziale: 3 novembre 2022.<\/li>\n<li>Genere: Videogioco multiplayer.<\/li>\n<li>Categorie di giochi: Videogioco di corse, Videogioco di simulazione, Videogioco sportivo, Gioco di simulazione, Corse.<\/li>\n<\/ul>\n<p>&nbsp;<\/p>\n<p><strong>LINGUISTICA<\/strong><br \/>\nInglese<br \/>\nFrancese<br \/>\nTedesco<br \/>\nSpagnolo &#8211; Spagna<\/p>\n<p><strong><span class=\"HwtZe\" lang=\"en\"><span class=\"jCAhz ChMk0b\"><span class=\"ryNqvb\">REQUISITI DI SISTEMA<\/span><\/span><\/span><\/strong><br \/>\nMinimo:<br \/>\nRichiede un processore e un sistema operativo a 64 bit<br \/>\nOS: Windows 10<br \/>\nProcessore: Intel Core i5-2300 o AMD FX-6300<br \/>\nMemoria: 8 GB di RAM<br \/>\nGrafica: NVIDIA GeForce GT 1030, 2 GB o AMD Radeon R7 360, 2 GB<br \/>\nDirectX: versione 12<br \/>\nSpazio di archiviazione: 47 GB di spazio disponibile<\/p>\n<p><strong>Come attivare una chiave Steam:<\/strong><\/p>\n<ul>\n<li>Visitate il sito web: <a href=\"http:\/\/store.steampowered.com\/\" target=\"_new\" rel=\"noopener\">http:\/\/store.steampowered.com\/<\/a> e scaricate il programma client STEAM.<\/li>\n<li>Fate clic su &#8220;Installa Steam&#8221; (dall&#8217;angolo in alto a destra).<\/li>\n<li>Installare e avviare l&#8217;applicazione, accedere con il nome e la password del proprio account (crearne uno se non lo si possiede).<\/li>\n<li>Seguite queste istruzioni per attivare un nuovo acquisto al dettaglio su Steam:<\/li>\n<li>Avviate Steam e accedete al vostro account Steam.<\/li>\n<li>Fare clic sul menu Giochi.<\/li>\n<li>Selezionare &#8220;Attiva un prodotto su Steam&#8230;&#8221;.<\/li>\n<li>Seguire le istruzioni sullo schermo per completare la procedura.<\/li>\n<li>Dopo aver verificato il codice, andare alla scheda &#8220;I miei giochi&#8221; e avviare il download.<\/li>\n<\/ul>\n","protected":false},"excerpt":{"rendered":"<p>Dopo il pagamento ed entro 24 ore riceverete via e-mail anche la chiave digitale per poter giocare al gioco appena acquistato.<\/p>\n","protected":false},"featured_media":27269,"comment_status":"closed","ping_status":"closed","template":"","meta":{"wds_primary_product_brand":0,"wds_primary_product_cat":0},"product_brand":[],"product_cat":[381,508,506,511,513,384],"product_tag":[],"class_list":{"0":"post-30594","1":"product","2":"type-product","3":"status-publish","4":"has-post-thumbnail","6":"product_cat-chiavi-digital-pc","7":"product_cat-giochi-di-corse","8":"product_cat-multigiocatore","9":"product_cat-simulazione","10":"product_cat-sports-it","11":"product_cat-videogiochi","13":"first","14":"outofstock","15":"sale","16":"virtual","17":"purchasable","18":"product-type-simple"},"_links":{"self":[{"href":"https:\/\/www.asimis-market.com\/it\/wp-json\/wp\/v2\/product\/30594","targetHints":{"allow":["GET"]}}],"collection":[{"href":"https:\/\/www.asimis-market.com\/it\/wp-json\/wp\/v2\/product"}],"about":[{"href":"https:\/\/www.asimis-market.com\/it\/wp-json\/wp\/v2\/types\/product"}],"replies":[{"embeddable":true,"href":"https:\/\/www.asimis-market.com\/it\/wp-json\/wp\/v2\/comments?post=30594"}],"wp:featuredmedia":[{"embeddable":true,"href":"https:\/\/www.asimis-market.com\/it\/wp-json\/wp\/v2\/media\/27269"}],"wp:attachment":[{"href":"https:\/\/www.asimis-market.com\/it\/wp-json\/wp\/v2\/media?parent=30594"}],"wp:term":[{"taxonomy":"product_brand","embeddable":true,"href":"https:\/\/www.asimis-market.com\/it\/wp-json\/wp\/v2\/product_brand?post=30594"},{"taxonomy":"product_cat","embeddable":true,"href":"https:\/\/www.asimis-market.com\/it\/wp-json\/wp\/v2\/product_cat?post=30594"},{"taxonomy":"product_tag","embeddable":true,"href":"https:\/\/www.asimis-market.com\/it\/wp-json\/wp\/v2\/product_tag?post=30594"}],"curies":[{"name":"wp","href":"https:\/\/api.w.org\/{rel}","templated":true}]}}