{"id":30599,"date":"2023-10-12T17:36:58","date_gmt":"2023-10-12T14:36:58","guid":{"rendered":"https:\/\/www.asimis-market.com\/product\/dead-island-2-epic-games-key-europa-prezzo-senza-costi-aggiuntivi\/"},"modified":"2023-10-12T17:36:58","modified_gmt":"2023-10-12T14:36:58","slug":"dead-island-2-epic-games-key-europa-prezzo-senza-costi-aggiuntivi","status":"publish","type":"product","link":"https:\/\/www.asimis-market.com\/it\/prodotto\/dead-island-2-epic-games-key-europa-prezzo-senza-costi-aggiuntivi\/","title":{"rendered":"DEAD ISLAND 2 EPIC GAMES KEY EUROPA (PREZZO SENZA COSTI AGGIUNTIVI)"},"content":{"rendered":"<p><strong>IL GIOCO<\/strong><\/p>\n<p>Include:<\/p>\n<p>-Gioco di base<br \/>\n-Pacchetto armi Pulp di Dead Island 2<br \/>\n-Isola dei morti 2 &#8211; Memorie di Banoi Pacchetto DLC<\/p>\n<p><strong>Dead Island 2<\/strong><br \/>\nL&#8217;amatissima saga di zombie torna con una formula unica di orrore, umorismo nero e carneficina di zombie sopra le righe, in un&#8217;avventura epica.<br \/>\nDead Island 2 \u00e8 un emozionante gioco di ruolo d&#8217;azione in prima persona, elegante, vivo e pieno di infestazioni di zombie. Esplorate l&#8217;iconica Los Angeles allagata. Incontrare personaggi pi\u00f9 grandi della vita. Uccidete innumerevoli nemici con dettagli estremamente cruenti. Ed evolvetevi per diventare l&#8217;ammazzavampiri definitivo!<br \/>\nDLC Dead Island 2 &#8211; Pacchetto armi pulp<br \/>\nIl Pulp Weapons Pack contiene due armi che lasceranno sicuramente un&#8217;impronta indelebile: l&#8217;Homewrecker e l&#8217;Eye-Opener.<br \/>\nDead Island 2 &#8211; Pacchetto di contenuti scaricabili Memories of Banoi<br \/>\nCon armi, abilit\u00e0 e perk che celebrano il gioco originale di Dead Island, il pacchetto Memories of Banoi \u00e8 un&#8217;aggiunta imperdibile all&#8217;arsenale di ogni Zombie Slayer.<\/p>\n<p><strong>CARATTERISTICHE<\/strong><br \/>\nEsplora l&#8217;INFERNO<br \/>\nDead Island 2 porta i giocatori nei luoghi pi\u00f9 iconici della citt\u00e0 degli angeli, ora dipinti di terrore, in un emozionante viaggio pulp dai sobborghi verdeggianti di Beverly Hills al pittoresco lungomare di Venice Beach.<br \/>\nScatola di sabbia per mischia brutale<br \/>\nIl combattimento offre l&#8217;esperienza in prima persona pi\u00f9 intensa, viscerale e cupa possibile, con numerose armi e opzioni tattiche (e brutali) per farsi strada attraverso l&#8217;orda di zombie. Che si tratti di affettare, rompere, bruciare o strappare, vogliamo che lo sentiate davvero.<br \/>\nDiventa l&#8217;assassino di zombie definitivo<br \/>\nCi sono sei personaggi tra cui scegliere, ognuno con una personalit\u00e0 e un dialogo unici. \u00c8 possibile personalizzare completamente le abilit\u00e0 di ogni Slayer, grazie al nostro nuovissimo sistema di abilit\u00e0 che consente di ridefinire le specifiche al volo e di provare le build pi\u00f9 folli.<br \/>\nInfestazione di zombie<br \/>\nSiete pronti a sperimentare il sistema di frammentazione pi\u00f9 avanzato dei giochi? La nostra Los Angeles pullula di zombie che hanno un aspetto e una reazione realistici. Questi disgraziati mutati sono il cuore rivitalizzato e marcescente di Dead Island 2, con decine di tipi di zombie diversi, ognuno con le proprie mutazioni, attacchi e centinaia di variazioni visive a tema Los Angeles. I nostri mostri sono implacabili, sfidanti e veri Los Angelinos. Riuscirete a sopravvivere?<br \/>\nUn&#8217;avventura cinematografica in cooperativa<br \/>\nCome esperienza RPG vera e propria, Dead Island 2 offre un sacco di missioni emozionanti, un cast di personaggi folli e una storia pulp avvincente per immergersi davvero nel suo universo contorto. La riproducibilit\u00e0 \u00e8 garantita. Aggiungete una modalit\u00e0 cooperativa esagerata per un massimo di tre giocatori e sarete bloccati a Los Angeles per un viaggio molto lungo (e violento).<\/p>\n<p>&nbsp;<\/p>\n<p><iframe loading=\"lazy\" title=\"Dead Island 2 \u2013 Official Gameplay Launch Trailer\" width=\"1020\" height=\"574\" src=\"https:\/\/www.youtube.com\/embed\/IG8kCnYnRsw?start=3&#038;feature=oembed\" frameborder=\"0\" allow=\"accelerometer; autoplay; clipboard-write; encrypted-media; gyroscope; picture-in-picture; web-share\" allowfullscreen><\/iframe><\/p>\n<p>&nbsp;<\/p>\n<p><strong>ALTRI DETTAGLI DEL GIOCO<\/strong><br \/>\nDead Island \u00e8 una serie di videogiochi survival horror di ruolo d&#8217;azione pubblicata da Deep Silver per Windows, PlayStation 3, Xbox 360 e piattaforme mobili iOS e Android.<br \/>\nPrima data di uscita: 21 aprile 2023.<br \/>\nSviluppatori: Deep Silver Dambuster Studios, Techland, Fatshark<br \/>\nRilasciato da: Deep Silver, Techland, Plaion<\/p>\n<p><strong>LINGUAGGIO DI GIOCO<\/strong><br \/>\nInglese<br \/>\nFrancese<br \/>\nTedesco<br \/>\nSpagnolo &#8211; Spagna<\/p>\n<p><strong>REQUISITI DI SISTEMA<\/strong><br \/>\nMinimo<br \/>\nSistema operativo Windows 10<br \/>\nProcessore AMD FX-9590 \/ Intel Core i7-7700HQ<br \/>\nMemoria 10 GB<br \/>\nMemorizzazione 70 GB<br \/>\nDirectX12<br \/>\nGrafica Radeon R9 390X (8192 VRAM) \/ GeForce GTX 1060 (6144 VRAM)<\/p>\n<p><strong>Come attivare una chiave Epic Games:<\/strong><br \/>\nAndate su <a href=\"https:\/\/www.epicgames.com\/\">https:\/\/www.epicgames.com\/<\/a> e cliccate su Download &#8220;Get Epic Games&#8221; (in alto a destra del sito) per scaricare il launcher,<br \/>\nInstallate il launcher, create un nuovo account Epic Games o accedete a quello esistente,<br \/>\nNel launcher di Epic Games, fare clic sul nome del proprio profilo nell&#8217;angolo inferiore sinistro del client e selezionare &#8220;Riscatta codice&#8221;.<br \/>\nInserire il codice e fare clic su &#8220;Riscatta&#8221;.<\/p>\n","protected":false},"excerpt":{"rendered":"<p>Dopo il pagamento ed entro 24 ore riceverete via e-mail anche la chiave digitale per poter giocare al gioco appena acquistato.<\/p>\n","protected":false},"featured_media":27241,"comment_status":"closed","ping_status":"closed","template":"","meta":{"wds_primary_product_brand":0,"wds_primary_product_cat":0},"product_brand":[],"product_cat":[380,379,381,504,506,383,382,509,384],"product_tag":[],"class_list":{"0":"post-30599","1":"product","2":"type-product","3":"status-publish","4":"has-post-thumbnail","6":"product_cat-avventura","7":"product_cat-azione","8":"product_cat-chiavi-digital-pc","9":"product_cat-date-di-uscita-2023","10":"product_cat-multigiocatore","11":"product_cat-orrore","12":"product_cat-prima-persona","13":"product_cat-rpg-it","14":"product_cat-videogiochi","16":"first","17":"outofstock","18":"sale","19":"virtual","20":"purchasable","21":"product-type-simple"},"_links":{"self":[{"href":"https:\/\/www.asimis-market.com\/it\/wp-json\/wp\/v2\/product\/30599","targetHints":{"allow":["GET"]}}],"collection":[{"href":"https:\/\/www.asimis-market.com\/it\/wp-json\/wp\/v2\/product"}],"about":[{"href":"https:\/\/www.asimis-market.com\/it\/wp-json\/wp\/v2\/types\/product"}],"replies":[{"embeddable":true,"href":"https:\/\/www.asimis-market.com\/it\/wp-json\/wp\/v2\/comments?post=30599"}],"wp:featuredmedia":[{"embeddable":true,"href":"https:\/\/www.asimis-market.com\/it\/wp-json\/wp\/v2\/media\/27241"}],"wp:attachment":[{"href":"https:\/\/www.asimis-market.com\/it\/wp-json\/wp\/v2\/media?parent=30599"}],"wp:term":[{"taxonomy":"product_brand","embeddable":true,"href":"https:\/\/www.asimis-market.com\/it\/wp-json\/wp\/v2\/product_brand?post=30599"},{"taxonomy":"product_cat","embeddable":true,"href":"https:\/\/www.asimis-market.com\/it\/wp-json\/wp\/v2\/product_cat?post=30599"},{"taxonomy":"product_tag","embeddable":true,"href":"https:\/\/www.asimis-market.com\/it\/wp-json\/wp\/v2\/product_tag?post=30599"}],"curies":[{"name":"wp","href":"https:\/\/api.w.org\/{rel}","templated":true}]}}