{"id":30602,"date":"2023-10-12T17:36:33","date_gmt":"2023-10-12T14:36:33","guid":{"rendered":"https:\/\/www.asimis-market.com\/product\/crisis-core-final-fantasy-vii-reunion-steam-chiave-digitale-europa-prezzo-senza-costi-aggiuntivi\/"},"modified":"2023-12-26T00:44:00","modified_gmt":"2023-12-25T21:44:00","slug":"crisis-core-final-fantasy-vii-reunion-steam-chiave-digitale-europa-prezzo-senza-costi-aggiuntivi","status":"publish","type":"product","link":"https:\/\/www.asimis-market.com\/it\/prodotto\/crisis-core-final-fantasy-vii-reunion-steam-chiave-digitale-europa-prezzo-senza-costi-aggiuntivi\/","title":{"rendered":"CRISIS CORE FINAL FANTASY VII REUNION STEAM CHIAVE DIGITALE EUROPA (PREZZO SENZA COSTI AGGIUNTIVI)"},"content":{"rendered":"<p><strong>IL GIOCO<\/strong><\/p>\n<p>Un gioco che non solo intrattiene ma anche ispira: ecco come descriveremmo CRISIS CORE -FINAL FANTASY VII- REUNION key su Steam. Naturalmente, ci\u00f2 non sorprende se si considera che il titolo \u00e8 il risultato della collaborazione tra i team di Square Enix e TOSE CO., LTD, che hanno pubblicato il gioco. Queste aziende hanno unito le forze per creare una versione esclusiva del genere d&#8217;azione nei videogiochi e la data del 13-12-2022 ha segnato il giorno del loro successo. Ottieni la chiave Steam di CRISIS CORE -FINAL FANTASY VII- REUNION a un prezzo inferiore e sfrutta questa vantaggiosa offerta per un&#8217;esperienza di gioco che espander\u00e0 i tuoi orizzonti, utilizzer\u00e0 le tue abilit\u00e0, ti sfider\u00e0 e perfezioner\u00e0 le tue capacit\u00e0!<\/p>\n<p>Genere azione<\/p>\n<p>Poich\u00e9 CRISIS CORE -FINAL FANTASY VII- REUNION Steam key appartiene al genere azione, metter\u00e0 alla prova i vostri riflessi, la coordinazione e la logica. Con un ritmo di eventi veloce e intenso, soddisfer\u00e0 la vostra sete d&#8217;azione. Qui tutto avviene rapidamente. Scegliete i vostri elementi, individuate le minacce e agite. Questo tipo di gioco offre un meccanismo efficace per allenare i tempi di reazione senza compromettere la precisione delle prestazioni. Quindi, divertitevi, ottenete i migliori risultati e imparate qualche buon trucco lungo il percorso!<\/p>\n<p>Caratteristiche<\/p>\n<p>Oltre al mondo straordinario e al gameplay coinvolgente, la chiave CRISIS CORE -FINAL FANTASY VII- REUNION include numerose funzionalit\u00e0 che vi terranno incollati allo schermo per tutta la notte. Scoprite cosa vi aspetta con questo titolo:<\/p>\n<p>Avventura &#8211; Questo titolo enfatizza l&#8217;esplorazione e la risoluzione di enigmi per completare il gioco.<\/p>\n<p>Cinematico &#8211; Questo titolo applica varie tecniche cinematografiche utilizzate nei film.<\/p>\n<p>JRPG &#8211; Immergetevi in una miscela unica di gameplay impegnativo, stile artistico giapponese e una narrazione ben realizzata.<\/p>\n<p>Grafica realistica &#8211; Esplorate splendide ambientazioni altamente realistiche che prendono vita grazie all&#8217;illuminazione, alle texture dettagliate e altro ancora.<\/p>\n<p>RPG &#8211; \u00c8 necessario far salire di livello il proprio personaggio, completare missioni e intraprendere missioni che possono cambiare il mondo.<\/p>\n<p>Ambientazione fantascientifica &#8211; Il gioco esplora un mondo futuristico e tecnologicamente avanzato e tutto ci\u00f2 che esso comporta.<\/p>\n<p>Ricco di storie &#8211; Oltre a un gameplay accattivante e a una grafica straordinaria, questo titolo include una narrazione emozionante.<\/p>\n<p>Chiave accessibile CRISIS CORE -FINAL FANTASY VII- REUNION.<\/p>\n<p>&nbsp;<\/p>\n<p><iframe loading=\"lazy\" title=\"Crisis Core: Final Fantasy 7 Reunion - Official Reveal Trailer\" width=\"1020\" height=\"574\" src=\"https:\/\/www.youtube.com\/embed\/eCl1Lc2ktpk?feature=oembed\" frameborder=\"0\" allow=\"accelerometer; autoplay; clipboard-write; encrypted-media; gyroscope; picture-in-picture; web-share\" allowfullscreen><\/iframe><\/p>\n<p>&nbsp;<\/p>\n<p><strong>ALTRI DETTAGLI DEL GIOCO<\/strong><\/p>\n<p>Crisis Core: Final Fantasy VII \u00e8 un videogioco di ruolo d&#8217;azione sviluppato e distribuito da Square Enix.<\/p>\n<p>Piattaforme: Nintendo Switch, PlayStation 5, PlayStation Portable, PlayStation 4, Xbox One, Xbox Series X\/S, Microsoft Windows.<\/p>\n<p>Data di uscita: 13 dicembre 2022.<\/p>\n<p>Generi: Videogioco di ruolo d&#8217;azione, videogioco di combattimento, videogioco d&#8217;azione e avventura.<\/p>\n<p>Modalit\u00e0: Videogioco per giocatore singolo.<\/p>\n<p>Premi: Premio GameSpot per il miglior gioco per PSP.<\/p>\n<p>Nomination: GameSpot Award per il miglior gioco per PSP, GameSpot Award per il miglior gioco di ruolo.<\/p>\n<p>Progettisti: Tetsuya Nomura, Yoshinori Kitase, Takeharu Ishimoto, Kazushige Nojima, Hajime Tabata.<\/p>\n<p><strong>LINGUAGGIO DI GIOCO<\/strong><br \/>\nInglese<br \/>\nFrancese<br \/>\nTedesco<br \/>\nSpagnolo &#8211; Spagna<\/p>\n<p><strong><span class=\"HwtZe\" lang=\"en\"><span class=\"jCAhz ChMk0b\"><span class=\"ryNqvb\">REQUISITI DI SISTEMA<\/span><\/span><\/span><\/strong><br \/>\nMinimo:<br \/>\nRichiede un processore e un sistema operativo a 64 bit<br \/>\nOS: Windows\u00ae 10 \/ Windows\u00ae 11 64 bit<br \/>\nProcessore: AMD A8-7600 \/ Intel\u00ae Core\u2122 i3-3210<br \/>\nMemoria: 8 GB di RAM<br \/>\nGrafica: AMD Radeon\u2122 RX 460 \/ NVIDIA\u00ae GeForce\u00ae GTX 750 Ti<br \/>\nDirectX: versione 12<br \/>\nSpazio di archiviazione: 30 GB di spazio disponibile<br \/>\nScheda audio: Scheda audio compatibile con DirectX<br \/>\nNote aggiuntive: 30 FPS @ 1280&#215;720<\/p>\n<p><strong>Come attivare una chiave Steam:<\/strong><\/p>\n<ol>\n<li>Andate sul sito web: <a href=\"http:\/\/store.steampowered.com\/\" target=\"_new\" rel=\"noopener\">http:\/\/store.steampowered.com\/<\/a> e scaricate il programma client di Steam.<\/li>\n<li>Fate clic su &#8220;Installa Steam&#8221; (dall&#8217;angolo in alto a destra).<\/li>\n<li>Installare e lanciare l&#8217;applicazione, accedere con il nome e la password del proprio account (crearne uno se non si possiede un account).<\/li>\n<li>Seguite queste istruzioni per attivare un nuovo acquisto al dettaglio su Steam:\n<ul>\n<li>Avviate Steam e accedete al vostro account Steam.<\/li>\n<li>Fare clic sul menu &#8220;Giochi&#8221;.<\/li>\n<li>Selezionare &#8220;Attiva un prodotto su Steam&#8230;&#8221;.<\/li>\n<li>Seguire le istruzioni sullo schermo per completare la procedura.<\/li>\n<\/ul>\n<\/li>\n<li>Dopo aver verificato il codice, andare alla scheda &#8220;I miei giochi&#8221; e iniziare il download.<\/li>\n<\/ol>\n","protected":false},"excerpt":{"rendered":"<p>Dopo il pagamento ed entro 24 ore riceverete via e-mail anche la chiave digitale per poter giocare al gioco appena acquistato.<\/p>\n","protected":false},"featured_media":27203,"comment_status":"closed","ping_status":"closed","template":"","meta":{"wds_primary_product_brand":0,"wds_primary_product_cat":0},"product_brand":[],"product_cat":[380,379,381,505,512,509,515,384],"product_tag":[],"class_list":{"0":"post-30602","1":"product","2":"type-product","3":"status-publish","4":"has-post-thumbnail","6":"product_cat-avventura","7":"product_cat-azione","8":"product_cat-chiavi-digital-pc","9":"product_cat-fantasia","10":"product_cat-giocatore-singolo","11":"product_cat-rpg-it","12":"product_cat-terza-persona","13":"product_cat-videogiochi","15":"first","16":"outofstock","17":"sale","18":"featured","19":"virtual","20":"purchasable","21":"product-type-simple"},"_links":{"self":[{"href":"https:\/\/www.asimis-market.com\/it\/wp-json\/wp\/v2\/product\/30602","targetHints":{"allow":["GET"]}}],"collection":[{"href":"https:\/\/www.asimis-market.com\/it\/wp-json\/wp\/v2\/product"}],"about":[{"href":"https:\/\/www.asimis-market.com\/it\/wp-json\/wp\/v2\/types\/product"}],"replies":[{"embeddable":true,"href":"https:\/\/www.asimis-market.com\/it\/wp-json\/wp\/v2\/comments?post=30602"}],"wp:featuredmedia":[{"embeddable":true,"href":"https:\/\/www.asimis-market.com\/it\/wp-json\/wp\/v2\/media\/27203"}],"wp:attachment":[{"href":"https:\/\/www.asimis-market.com\/it\/wp-json\/wp\/v2\/media?parent=30602"}],"wp:term":[{"taxonomy":"product_brand","embeddable":true,"href":"https:\/\/www.asimis-market.com\/it\/wp-json\/wp\/v2\/product_brand?post=30602"},{"taxonomy":"product_cat","embeddable":true,"href":"https:\/\/www.asimis-market.com\/it\/wp-json\/wp\/v2\/product_cat?post=30602"},{"taxonomy":"product_tag","embeddable":true,"href":"https:\/\/www.asimis-market.com\/it\/wp-json\/wp\/v2\/product_tag?post=30602"}],"curies":[{"name":"wp","href":"https:\/\/api.w.org\/{rel}","templated":true}]}}