{"id":30603,"date":"2023-10-12T17:36:33","date_gmt":"2023-10-12T14:36:33","guid":{"rendered":"https:\/\/www.asimis-market.com\/product\/elden-ring-steam-chiave-digitale-europa-prezzo-senza-costi-aggiuntivi\/"},"modified":"2023-10-12T17:36:33","modified_gmt":"2023-10-12T14:36:33","slug":"elden-ring-steam-chiave-digitale-europa-prezzo-senza-costi-aggiuntivi","status":"publish","type":"product","link":"https:\/\/www.asimis-market.com\/it\/prodotto\/elden-ring-steam-chiave-digitale-europa-prezzo-senza-costi-aggiuntivi\/","title":{"rendered":"ELDEN RING STEAM CHIAVE DIGITALE EUROPA (PREZZO SENZA COSTI AGGIUNTIVI)"},"content":{"rendered":"<p><strong>IL GIOCO<\/strong><br \/>\nLe Terre di Mezzo, macchiate dalla guerra, possono sentire di nuovo la grazia della Grande Volont\u00e0 solo quando un nuovo Signore degli Elden brandisce l&#8217;Anello degli Elden. Alzati, appannato, e segui il cammino oltre il mare nebbioso per incontrare il tuo destino nell&#8217;ultima esperienza di Dark Souls di FromSoftware Inc. &#8211; Anello di Elden. Scritto da Hidetaka Miyazaki, il creatore di Dark Souls, e da George R.R. Martin, la mente di A Song of Ice and Fire, il gioco promette un viaggio avvincente ma brutale, in cui durezza, determinazione e un&#8217;inflessibile sete di trionfo sono le chiavi per raccogliere tutti i frammenti dell&#8217;Elden Ring. Acquista la chiave Steam dell&#8217;Elden Ring e scopri tutti i misteri delle Terre di Mezzo!<\/p>\n<p>Caratteristiche del gioco Elden Ring<br \/>\nAttraversate vasti campi, camminate su colline ondulate e saltate su scogliere rocciose per scoprire un mondo interconnesso intorno a voi. La chiave Elden Ring \u00e8 piena di pericoli, ma promette anche queste caratteristiche di gioco:<br \/>\n&#8211; Create il vostro Tarnished. Personalizzate il vostro personaggio fin nei minimi dettagli e combinate liberamente armature, armi e persino magie: sviluppate l&#8217;eroe in base al vostro stile di gioco.<br \/>\n&#8211; Pericolo ed eccitazione. Una schivata ben ritmata o una mossa audace possono significare sfuggire alle grinfie della morte: padroneggiate l&#8217;arte del combattimento, leggete ogni mossa del vostro avversario e abbattete nemici formidabili.<br \/>\n&#8211; Una narrazione epica. C&#8217;\u00e8 molto di pi\u00f9 sull&#8217;Anello di Elden, sulla Frantumazione e sulle stesse Grandi Rune: scoprite la storia a pi\u00f9 livelli del gioco.<br \/>\n&#8211; Gioco online unico. Oltre alla classica esperienza multigiocatore in cui si evocano altri giocatori nel proprio mondo, Elden Ring offre un multigiocatore online asincrono, che permette di sentire la presenza degli altri.<br \/>\n&#8211; Prezzo conveniente della chiave Elden Ring.<br \/>\nMorire e tornare per riprovare<br \/>\nCome ci si aspetta da un gioco dark fantasy dei creatori della serie Dark Souls, la chiave Steam di Elden Ring offre un&#8217;esperienza simile a quella dei Souls, dove anche il minimo errore pu\u00f2 costare la vita. Ricco di tradizioni intricate e di una storia sanguinosa, il gioco non si tira indietro e scatena tutto ci\u00f2 che ha sugli ignari giocatori. Le Terre di Mezzo vi promette la leggenda, e solo sconfiggendo ogni semidio che custodisce i frammenti dell&#8217;Anello di Elden potrete realizzare la vostra eredit\u00e0. Quindi, esplorate, combattete, perdete e risorgete per rivendicare i vostri diritti primordiali!<\/p>\n<p>&nbsp;<\/p>\n<p><iframe loading=\"lazy\" title=\"ELDEN RING - Official Gameplay Reveal\" width=\"1020\" height=\"574\" src=\"https:\/\/www.youtube.com\/embed\/E3Huy2cdih0?feature=oembed\" frameborder=\"0\" allow=\"accelerometer; autoplay; clipboard-write; encrypted-media; gyroscope; picture-in-picture; web-share\" allowfullscreen><\/iframe><\/p>\n<p>&nbsp;<\/p>\n<p><strong>ALTRI DETTAGLI DEL GIOCO<\/strong><br \/>\nElden Ring \u00e8 un gioco di ruolo d&#8217;azione del 2022 sviluppato da FromSoftware. \u00c8 stato diretto da Hidetaka Miyazaki con la creazione del mondo da parte dell&#8217;autore fantasy George R. R. Martin.<br \/>\nData di uscita iniziale: 25 febbraio 2022<br \/>\nPiattaforme: PlayStation 5, PlayStation 4, Xbox Series X\/S, Xbox One, Microsoft Windows<br \/>\nSviluppatore: FromSoftware<br \/>\nModalit\u00e0: Videogioco multiplayer<br \/>\nEditori: FromSoftware, Namco Bandai Games, Namco Bandai Games America Inc.<br \/>\nGeneri: Videogioco d&#8217;avventura, Videogioco di ruolo d&#8217;azione, Videogioco di combattimento, Videogioco di piattaforma<br \/>\nPremi: Premio &#8220;Gioco dell&#8217;anno<\/p>\n<p><strong>LINGUAGGIO DI GIOCO<\/strong><br \/>\nInglese<br \/>\nFrancese<br \/>\nTedesco<br \/>\nSpagnolo &#8211; Spagna<\/p>\n<p><strong><span class=\"HwtZe\" lang=\"en\"><span class=\"jCAhz ChMk0b\"><span class=\"ryNqvb\">REQUISITI DI SISTEMA<\/span><\/span><\/span><\/strong><br \/>\nOS: Windows 10<br \/>\nProcessore: INTEL CORE I5-8400 o AMD RYZEN 3 3300X<br \/>\nMemoria: 12 GB di RAM<br \/>\nGrafica: NVIDIA GEFORCE GTX 1060 3 GB o AMD RADEON RX 580 4 GB<br \/>\nDirectX: versione 12<br \/>\nSpazio di archiviazione: 60 GB di spazio disponibile<br \/>\nScheda audio: Dispositivo audio compatibile con Windows<\/p>\n<p><strong>Come attivare una chiave Steam:<\/strong><\/p>\n<ol>\n<li>Andate sul sito web: <a href=\"http:\/\/store.steampowered.com\/\" target=\"_new\" rel=\"noopener\">http:\/\/store.steampowered.com\/<\/a> e scaricate il programma client di Steam.<\/li>\n<li>Fate clic su &#8220;Installa Steam&#8221; (dall&#8217;angolo in alto a destra).<\/li>\n<li>Installare e lanciare l&#8217;applicazione, accedere con il nome e la password del proprio account (crearne uno se non si possiede un account).<\/li>\n<li>Seguite queste istruzioni per attivare un nuovo acquisto al dettaglio su Steam:\n<ul>\n<li>Avviate Steam e accedete al vostro account Steam.<\/li>\n<li>Fare clic sul menu &#8220;Giochi&#8221;.<\/li>\n<li>Selezionare &#8220;Attiva un prodotto su Steam&#8230;&#8221;.<\/li>\n<li>Seguire le istruzioni sullo schermo per completare la procedura.<\/li>\n<\/ul>\n<\/li>\n<li>Dopo aver verificato il codice, andare alla scheda &#8220;I miei giochi&#8221; e iniziare il download.<\/li>\n<\/ol>\n","protected":false},"excerpt":{"rendered":"<p>Dopo il pagamento ed entro 24 ore riceverete via e-mail anche la chiave digitale per poter giocare al gioco appena acquistato.<\/p>\n","protected":false},"featured_media":27191,"comment_status":"closed","ping_status":"closed","template":"","meta":{"wds_primary_product_brand":0,"wds_primary_product_cat":0},"product_brand":[],"product_cat":[380,379,381,505,506,507,509,515,384],"product_tag":[],"class_list":{"0":"post-30603","1":"product","2":"type-product","3":"status-publish","4":"has-post-thumbnail","6":"product_cat-avventura","7":"product_cat-azione","8":"product_cat-chiavi-digital-pc","9":"product_cat-fantasia","10":"product_cat-multigiocatore","11":"product_cat-piattaforma","12":"product_cat-rpg-it","13":"product_cat-terza-persona","14":"product_cat-videogiochi","16":"first","17":"outofstock","18":"sale","19":"featured","20":"virtual","21":"purchasable","22":"product-type-simple"},"_links":{"self":[{"href":"https:\/\/www.asimis-market.com\/it\/wp-json\/wp\/v2\/product\/30603","targetHints":{"allow":["GET"]}}],"collection":[{"href":"https:\/\/www.asimis-market.com\/it\/wp-json\/wp\/v2\/product"}],"about":[{"href":"https:\/\/www.asimis-market.com\/it\/wp-json\/wp\/v2\/types\/product"}],"replies":[{"embeddable":true,"href":"https:\/\/www.asimis-market.com\/it\/wp-json\/wp\/v2\/comments?post=30603"}],"wp:featuredmedia":[{"embeddable":true,"href":"https:\/\/www.asimis-market.com\/it\/wp-json\/wp\/v2\/media\/27191"}],"wp:attachment":[{"href":"https:\/\/www.asimis-market.com\/it\/wp-json\/wp\/v2\/media?parent=30603"}],"wp:term":[{"taxonomy":"product_brand","embeddable":true,"href":"https:\/\/www.asimis-market.com\/it\/wp-json\/wp\/v2\/product_brand?post=30603"},{"taxonomy":"product_cat","embeddable":true,"href":"https:\/\/www.asimis-market.com\/it\/wp-json\/wp\/v2\/product_cat?post=30603"},{"taxonomy":"product_tag","embeddable":true,"href":"https:\/\/www.asimis-market.com\/it\/wp-json\/wp\/v2\/product_tag?post=30603"}],"curies":[{"name":"wp","href":"https:\/\/api.w.org\/{rel}","templated":true}]}}