{"id":30604,"date":"2023-10-12T17:36:33","date_gmt":"2023-10-12T14:36:33","guid":{"rendered":"https:\/\/www.asimis-market.com\/product\/hitman-world-of-assassination-epic-games-chiave-digitale-europa-prezzo-senza-costi-aggiuntivi\/"},"modified":"2023-10-12T17:36:33","modified_gmt":"2023-10-12T14:36:33","slug":"hitman-world-of-assassination-epic-games-chiave-digitale-europa-prezzo-senza-costi-aggiuntivi","status":"publish","type":"product","link":"https:\/\/www.asimis-market.com\/it\/prodotto\/hitman-world-of-assassination-epic-games-chiave-digitale-europa-prezzo-senza-costi-aggiuntivi\/","title":{"rendered":"HITMAN WORLD OF ASSASSINATION EPIC GAMES CHIAVE DIGITALE EUROPA (PREZZO SENZA COSTI AGGIUNTIVI)"},"content":{"rendered":"<p><strong>IL GIOCO<\/strong><br \/>\nInclude:<br \/>\nHITMAN 3<br \/>\nHITMAN 3 &#8211; Accesso VR<br \/>\nPass di accesso a HITMAN 3: HITMAN 1 edizione GOTY<br \/>\nHITMAN 3 &#8211; Monti Carpazi<br \/>\nHITMAN 3 &#8211; Berlino<br \/>\nHITMAN 3 &#8211; Chongqing<br \/>\nPass di accesso a HITMAN 3: HITMAN 2 Standard<br \/>\nHITMAN 3 Access Pass: HITMAN 1 Prima stagione completa<br \/>\nPass di accesso a HITMAN 3: aggiornamento GOTY di HITMAN 1<br \/>\nHITMAN 3 &#8211; Mendoza<br \/>\nHITMAN 3 &#8211; Dartmoor<br \/>\nHITMAN 3 &#8211; Dubai<\/p>\n<p>MONDO DELL&#8217;ASSASSINIO<br \/>\nHITMAN 3 \u00e8 il luogo ideale per giocare a tutti i giochi della trilogia World of Assassination. Se avete gi\u00e0 giocato a HITMAN 2 su Steam, i luoghi a cui potete accedere in questo gioco saranno convertiti in un &#8220;Access Pass&#8221; per HITMAN 3 quando acquisterete l&#8217;ultimo gioco. Il DLC dell&#8217;Access Pass verr\u00e0 applicato al vostro account e le ambientazioni saranno disponibili e pronte per essere giocate fin dal primo avvio del gioco.<br \/>\nDIVENTARE UN ASSASSINO PROFESSIONISTA<br \/>\nHITMAN 3 \u00e8 la drammatica conclusione della trilogia di World of Assassination. Diventate l&#8217;Agente 47, un assassino leggendario, e usate la creativit\u00e0 e l&#8217;improvvisazione per eseguire le eliminazioni pi\u00f9 intelligenti e spettacolari in vaste aree sandbox in tutto il mondo.<br \/>\nELIMINARE I PARTNER DELLA PROVVIDENZA<br \/>\nL&#8217;Agente 47 deve unire le forze con il suo amico di lunga data Lucas Grey per eliminare i partner di Providence, ma sono costretti ad adattarsi mentre la loro caccia si intensifica. Quando la polvere si poser\u00e0, 47 e il mondo che abita non saranno pi\u00f9 gli stessi.<br \/>\nVIAGGIARE NEL MONDO<br \/>\nViaggiate in luoghi esotici in un&#8217;avventura globale e sperimentate ambienti ricchi e dettagliati, pieni di opportunit\u00e0. Da un grattacielo di Dubai alle strade vibranti di Chongqing e ai vigneti di Mendoza, ogni luogo di HITMAN 3 \u00e8 stato meticolosamente realizzato con un livello di fedelt\u00e0 eccezionalmente alto. La pluripremiata tecnologia Glacier di IO Interactive potenzia il mondo tattile e immersivo di HITMAN 3 per offrire al giocatore una scelta e una rigiocabilit\u00e0 senza precedenti.<\/p>\n<p>&nbsp;<\/p>\n<p>&nbsp;<\/p>\n<p><iframe loading=\"lazy\" title=\"HITMAN World of Assassination - Launch Trailer\" width=\"1020\" height=\"574\" src=\"https:\/\/www.youtube.com\/embed\/WB2BSbaRmgY?feature=oembed\" frameborder=\"0\" allow=\"accelerometer; autoplay; clipboard-write; encrypted-media; gyroscope; picture-in-picture; web-share\" allowfullscreen><\/iframe><\/p>\n<p>&nbsp;<\/p>\n<p><strong>ALTRI DETTAGLI DEL GIOCO<\/strong><br \/>\nHitman \u00e8 un videogioco stealth sviluppato da IO Interactive e pubblicato da Square Enix. \u00c8 stato pubblicato episodicamente per PlayStation 4, Windows e Xbox One.<br \/>\nPiattaforme: PC Windows, Xbox Cloud Gaming, PlayStation 4<br \/>\nSerie: Hitman<br \/>\nData di uscita: 20 gennaio 2022<br \/>\nModalit\u00e0: Videogioco per giocatore singolo<br \/>\nNomination: Premio The Game per la migliore azione\/avventura<br \/>\nGeneri: Gioco stealth, Videogioco d&#8217;azione e avventura, Sparatutto in terza persona<br \/>\nSviluppatori: IO Interactive, Feral Interactive<\/p>\n<p>&nbsp;<\/p>\n<p><strong>LINGUAGGIO DI GIOCO<\/strong><br \/>\nInglese<br \/>\nFrancese<br \/>\nTedesco<br \/>\nSpagnolo &#8211; Spagna<\/p>\n<p><strong><span class=\"HwtZe\" lang=\"en\"><span class=\"jCAhz ChMk0b\"><span class=\"ryNqvb\">REQUISITI DI SISTEMA<\/span><\/span><\/span><\/strong><br \/>\nMinimo:<br \/>\nRichiede un processore e un sistema operativo a 64 bit<br \/>\nOS: OS 64-bit Windows 10<br \/>\nProcessore: CPU Intel Core i5-2500K 3,3GHz \/ CPU AMD Phenom II X4 940<br \/>\nMemoria: 8 GB di RAM<br \/>\nGrafica: NVIDIA GeForce GTX 660 \/ Radeon HD 7870<br \/>\nDirectX: versione 12<br \/>\nSpazio di archiviazione: 60 GB di spazio disponibile<br \/>\nSupporto VR: SteamVR o Oculus PC<br \/>\nNote aggiuntive: VR Requisiti minimi: CPU: Intel 6-core i7-8700 \/ AMD Ryzen 7 2700 GPU: NVIDIA RTX 2060 Super \/ AMD 5700XT<\/p>\n<p><strong>Come attivare una chiave Epic Games:<\/strong><\/p>\n<ol>\n<li>Andate su <a href=\"https:\/\/www.epicgames.com\/\" target=\"_new\" rel=\"noopener\">https:\/\/www.epicgames.com\/<\/a> e cliccate su &#8220;Download&#8221; (Get Epic Games) nell&#8217;angolo in alto a destra del sito per scaricare il launcher.<\/li>\n<li>Installate il launcher, create un nuovo account Epic Games o accedete a quello esistente.<\/li>\n<li>Nel launcher di Epic Games, fate clic sul nome del vostro profilo nell&#8217;angolo in basso a sinistra del client e selezionate &#8220;Riscatta codice&#8221;.<\/li>\n<li>Inserire il codice e fare clic su &#8220;Riscatta<\/li>\n<\/ol>\n","protected":false},"excerpt":{"rendered":"<p>Dopo il pagamento ed entro 24 ore riceverete via e-mail anche la chiave digitale per poter giocare al gioco appena acquistato.<\/p>\n","protected":false},"featured_media":27179,"comment_status":"closed","ping_status":"closed","template":"","meta":{"wds_primary_product_brand":0,"wds_primary_product_cat":0},"product_brand":[],"product_cat":[380,379,381,512,515,384],"product_tag":[],"class_list":{"0":"post-30604","1":"product","2":"type-product","3":"status-publish","4":"has-post-thumbnail","6":"product_cat-avventura","7":"product_cat-azione","8":"product_cat-chiavi-digital-pc","9":"product_cat-giocatore-singolo","10":"product_cat-terza-persona","11":"product_cat-videogiochi","13":"first","14":"outofstock","15":"sale","16":"virtual","17":"purchasable","18":"product-type-simple"},"_links":{"self":[{"href":"https:\/\/www.asimis-market.com\/it\/wp-json\/wp\/v2\/product\/30604","targetHints":{"allow":["GET"]}}],"collection":[{"href":"https:\/\/www.asimis-market.com\/it\/wp-json\/wp\/v2\/product"}],"about":[{"href":"https:\/\/www.asimis-market.com\/it\/wp-json\/wp\/v2\/types\/product"}],"replies":[{"embeddable":true,"href":"https:\/\/www.asimis-market.com\/it\/wp-json\/wp\/v2\/comments?post=30604"}],"wp:featuredmedia":[{"embeddable":true,"href":"https:\/\/www.asimis-market.com\/it\/wp-json\/wp\/v2\/media\/27179"}],"wp:attachment":[{"href":"https:\/\/www.asimis-market.com\/it\/wp-json\/wp\/v2\/media?parent=30604"}],"wp:term":[{"taxonomy":"product_brand","embeddable":true,"href":"https:\/\/www.asimis-market.com\/it\/wp-json\/wp\/v2\/product_brand?post=30604"},{"taxonomy":"product_cat","embeddable":true,"href":"https:\/\/www.asimis-market.com\/it\/wp-json\/wp\/v2\/product_cat?post=30604"},{"taxonomy":"product_tag","embeddable":true,"href":"https:\/\/www.asimis-market.com\/it\/wp-json\/wp\/v2\/product_tag?post=30604"}],"curies":[{"name":"wp","href":"https:\/\/api.w.org\/{rel}","templated":true}]}}