{"id":30605,"date":"2023-10-12T17:36:33","date_gmt":"2023-10-12T14:36:33","guid":{"rendered":"https:\/\/www.asimis-market.com\/product\/god-of-war-steam-chiave-digitale-europa-prezzo-senza-costi-aggiuntivi\/"},"modified":"2023-10-12T17:36:33","modified_gmt":"2023-10-12T14:36:33","slug":"god-of-war-steam-chiave-digitale-europa-prezzo-senza-costi-aggiuntivi","status":"publish","type":"product","link":"https:\/\/www.asimis-market.com\/it\/prodotto\/god-of-war-steam-chiave-digitale-europa-prezzo-senza-costi-aggiuntivi\/","title":{"rendered":"GOD OF WAR STEAM CHIAVE DIGITALE EUROPA (PREZZO SENZA COSTI AGGIUNTIVI)"},"content":{"rendered":"<p><strong>IL GIOCO<\/strong><br \/>\nI giocatori di PC di tutto il mondo hanno ricevuto una notizia inaspettatamente fantastica: quattro anni dopo il suo rilascio iniziale, God of War (PC) sta arrivando sulla piattaforma Steam, mentre in precedenza era un&#8217;esclusiva di PlayStation 4. Questo \u00e8 il primo gioco della serie God of War ad arrivare su computer. I giocatori PC avranno l&#8217;opportunit\u00e0 unica di intraprendere un viaggio epico senza precedenti con il protagonista principale della serie, Kratos, e suo figlio nel mondo mitologico della Scandinavia. Godetevi una delle esperienze pi\u00f9 splendide e lussuose dell&#8217;intero settore del gioco.<\/p>\n<p>Il nuovo volto di God of War<br \/>\nA differenza dei precedenti episodi della serie, si giocher\u00e0 a God of War (PC) da una prospettiva in terza persona, con la telecamera posizionata alle spalle di Kratos. Questo rende l&#8217;azione brutale ancora pi\u00f9 personale e coinvolgente. Anche la mitologia della serie si \u00e8 evoluta. Nei primi capitoli della serie God of War, la storia era ambientata sullo sfondo dell&#8217;antica mitologia greca, mentre questa volta si viagger\u00e0 in Scandinavia, nello specifico nella mitologica Norvegia, combattendo una serie di creature mitologiche &#8211; troll, streghe e altre entit\u00e0 maligne. Una delle caratteristiche pi\u00f9 significative del gioco \u00e8 che l&#8217;intero God of War (PC) scorre senza soluzione di continuit\u00e0, anche durante le scene cinematografiche. Dal primo momento fino ai titoli di coda, vivrete un&#8217;esperienza di intrattenimento ininterrotta.<\/p>\n<p>Caratteristiche di God of War PC<br \/>\nGod of War, in arrivo su personal computer, sar\u00e0 senza dubbio caratterizzato da caratteristiche tecniche all&#8217;avanguardia e offrir\u00e0 la migliore esperienza di gioco della serie fino ad oggi.<\/p>\n<p>Grafica ad alta risoluzione: La splendida grafica del gioco sar\u00e0 ancora pi\u00f9 perfetta sul vostro computer. Godetevi la risoluzione 4K con una frequenza di fotogrammi illimitata. Il gioco offre numerose impostazioni grafiche, tra cui risoluzione, ombre, riflessi potenziati, funzioni GTAO e SSDO e molto altro.<\/p>\n<p>Supporto NVIDIA\u00ae DLSS e Reflex: Sfruttate la tecnologia NVIDIA Deep Learning Super Sampling (DLSS), che vi permette di aumentare la frequenza dei fotogrammi godendo di un&#8217;immagine chiara e dettagliata, sempre con la vostra scheda grafica NVIDIA.<\/p>\n<p>Impostazioni di controllo: Giocate nel modo che preferite. God of War supporta pienamente i controller wireless DUALSHOCK\u00ae 4 e DUALSENSE\u00ae, oltre a un&#8217;ampia variet\u00e0 di altri dispositivi di input, offrendo la flessibilit\u00e0 di personalizzare i controlli o di utilizzare mouse e tastiera. Ogni giocatore scoprir\u00e0 la configurazione di controllo dei propri sogni.<\/p>\n<p>Supporto per la risoluzione Ultrawide: Entrate nel mondo di gioco come mai prima d&#8217;ora. Viaggiate attraverso il selvaggio paesaggio scandinavo e lasciatevi stupire dai panorami mozzafiato del gioco. Con il supporto della risoluzione 21:9, God of War offre un&#8217;esperienza di qualit\u00e0 cinematografica che amplia la visione originale del gioco.<\/p>\n<p>Prezzo basso di God of War (PC)<br \/>\nKratos, l&#8217;uomo<br \/>\nNei precedenti capitoli della serie God of War, Kratos \u00e8 stato rappresentato come un assassino spietato, costantemente assetato di sangue e consumato dalla rabbia. In God of War (PC), sarete testimoni di un Kratos diverso, pi\u00f9 umano. Ora \u00e8 un padre, in viaggio con il figlio, intenzionato a spargere le ceneri della moglie dalla vetta pi\u00f9 alta. Questo \u00e8 l&#8217;obiettivo primario del gioco e la motivazione centrale dei personaggi, ma l&#8217;essenza e l&#8217;elemento centrale di God of War sono il viaggio. Un viaggio alla scoperta di s\u00e9. Kratos e suo figlio manterranno la loro promessa? Tutto dipende da voi!<\/p>\n<p>&nbsp;<\/p>\n<p><iframe loading=\"lazy\" title=\"God of War \u2013 Announce Trailer | PC\" width=\"1020\" height=\"574\" src=\"https:\/\/www.youtube.com\/embed\/HqQMh_tij0c?feature=oembed\" frameborder=\"0\" allow=\"accelerometer; autoplay; clipboard-write; encrypted-media; gyroscope; picture-in-picture; web-share\" allowfullscreen><\/iframe><\/p>\n<p>&nbsp;<\/p>\n<p><iframe loading=\"lazy\" title=\"God of War - Features Trailer | PC\" width=\"1020\" height=\"574\" src=\"https:\/\/www.youtube.com\/embed\/RQK_40a0XUY?feature=oembed\" frameborder=\"0\" allow=\"accelerometer; autoplay; clipboard-write; encrypted-media; gyroscope; picture-in-picture; web-share\" allowfullscreen><\/iframe><\/p>\n<p>&nbsp;<\/p>\n<p><strong>ALTRI DETTAGLI DEL GIOCO<\/strong><br \/>\nGod of War \u00e8 una serie di giochi d&#8217;azione e avventura basata sulla mitologia. \u00c8 stato creato da David Jaffe presso lo studio Sony di Santa Monica.<br \/>\nProgettisti: David Jaffe, Cory Barlog, Mark Simon<br \/>\nSviluppatori: Javaground, SIE Santa Monica Studio, Ready at Dawn, Daybreak Game Company, Jetpack Interactive<br \/>\nData di uscita: 14 gennaio 2022<br \/>\nPremi: Premio VGX per gli eroi pi\u00f9 potenti di tutti i tempi<br \/>\nPubblicato da: Sony Interactive Entertainment<\/p>\n<p><strong>LINGUAGGIO DI GIOCO<\/strong><br \/>\nInglese<br \/>\nFrancese<br \/>\nTedesco<br \/>\nSpagnolo &#8211; Spagna<\/p>\n<p><strong><span class=\"HwtZe\" lang=\"en\"><span class=\"jCAhz ChMk0b\"><span class=\"ryNqvb\">REQUISITI DI SISTEMA<\/span><\/span><\/span><\/strong><\/p>\n<div class=\"game_area_sys_req_leftCol\">\n<p><span class=\"HwtZe\" lang=\"en\"><br \/>\n  <span class=\"jCAhz ChMk0b\"><br \/>\n    <span class=\"ryNqvb\">MINIMO<\/span><br \/>\n  <\/span><br \/>\n<\/span>:<\/p>\n<ul>\n<li style=\"list-style-type: none;\">\n<ul class=\"bb_ul\">\n<li><span class=\"HwtZe\" lang=\"en\"><span class=\"jCAhz ChMk0b\"><span class=\"ryNqvb\">Sono richiesti processore e sistema operativo a 64 bit<\/span><\/span> <\/span><\/li>\n<li><span class=\"HwtZe\" lang=\"en\"><span class=\"jCAhz ChMk0b\"><span class=\"ryNqvb\">Sistema operativo: Windows 10 64-bit<\/span><\/span> <\/span><\/li>\n<li><span class=\"HwtZe\" lang=\"en\"><span class=\"jCAhz ChMk0b\"><span class=\"ryNqvb\">Processore: Intel i5-2500k (4 core 3,3 GHz) o AMD Ryzen 3 1200 (4 core 3,1 GHz)<\/span><\/span> <\/span><\/li>\n<li><span class=\"HwtZe\" lang=\"en\"><span class=\"jCAhz ChMk0b\"><br \/>\n  <span class=\"ryNqvb\">Memoria: 8 GB di RAM<\/span><br \/>\n<\/span> <span class=\"jCAhz ChMk0b\"><br \/>\n  <span class=\"ryNqvb\">Grafica: NVIDIA GTX 960 (4 GB) o AMD R9 290X (4 GB)<\/span><br \/>\n<\/span><\/span><\/li>\n<li><span class=\"HwtZe\" lang=\"en\"> <span class=\"jCAhz ChMk0b\"><span class=\"ryNqvb\">DirectX: versione 11<\/span><\/span> <\/span><\/li>\n<li><span class=\"HwtZe\" lang=\"en\"><span class=\"jCAhz ChMk0b\"><span class=\"ryNqvb\">Spazio di archiviazione: 70 GB di spazio disponibile<\/span><\/span> <\/span><\/li>\n<li><span class=\"HwtZe\" lang=\"en\"><span class=\"jCAhz ChMk0b\"><span class=\"ryNqvb\">Note aggiuntive: Richiesto il livello di funzionalit\u00e0 DirectX 11_1<\/span><\/span><\/span><\/li>\n<\/ul>\n<\/li>\n<\/ul>\n<\/div>\n<p><strong>Come attivare una chiave Steam:<\/strong><\/p>\n<ol>\n<li>Andate sul sito web: <a href=\"http:\/\/store.steampowered.com\/\" target=\"_new\" rel=\"noopener\">http:\/\/store.steampowered.com\/<\/a> e scaricate il client Steam.<\/li>\n<li>Fate clic su &#8220;Installa Steam&#8221; nell&#8217;angolo superiore destro della pagina.<\/li>\n<li>Installate e avviate l&#8217;applicazione, quindi accedete con il vostro account Steam o createne uno se non ne avete uno.<\/li>\n<\/ol>\n<p>Seguite queste istruzioni per attivare un nuovo acquisto al dettaglio su Steam:<\/p>\n<ol>\n<li>Avviate il client Steam e accedete al vostro account Steam.<\/li>\n<li>Fare clic sul menu &#8220;Giochi&#8221;.<\/li>\n<li>Selezionare &#8220;Attiva un prodotto su Steam&#8230;&#8221;.<\/li>\n<li>Seguire le istruzioni sullo schermo per completare la procedura.<\/li>\n<li>Dopo aver verificato il codice, andate nella scheda &#8220;I miei giochi&#8221; e avviate il download.<\/li>\n<\/ol>\n","protected":false},"excerpt":{"rendered":"<p>Dopo il pagamento ed entro 24 ore riceverete via e-mail anche la chiave digitale per poter giocare al gioco appena acquistato.<\/p>\n","protected":false},"featured_media":27163,"comment_status":"closed","ping_status":"closed","template":"","meta":{"wds_primary_product_brand":0,"wds_primary_product_cat":0},"product_brand":[],"product_cat":[380,379,381,512,507,515,384],"product_tag":[],"class_list":{"0":"post-30605","1":"product","2":"type-product","3":"status-publish","4":"has-post-thumbnail","6":"product_cat-avventura","7":"product_cat-azione","8":"product_cat-chiavi-digital-pc","9":"product_cat-giocatore-singolo","10":"product_cat-piattaforma","11":"product_cat-terza-persona","12":"product_cat-videogiochi","14":"first","15":"outofstock","16":"sale","17":"virtual","18":"purchasable","19":"product-type-simple"},"_links":{"self":[{"href":"https:\/\/www.asimis-market.com\/it\/wp-json\/wp\/v2\/product\/30605","targetHints":{"allow":["GET"]}}],"collection":[{"href":"https:\/\/www.asimis-market.com\/it\/wp-json\/wp\/v2\/product"}],"about":[{"href":"https:\/\/www.asimis-market.com\/it\/wp-json\/wp\/v2\/types\/product"}],"replies":[{"embeddable":true,"href":"https:\/\/www.asimis-market.com\/it\/wp-json\/wp\/v2\/comments?post=30605"}],"wp:featuredmedia":[{"embeddable":true,"href":"https:\/\/www.asimis-market.com\/it\/wp-json\/wp\/v2\/media\/27163"}],"wp:attachment":[{"href":"https:\/\/www.asimis-market.com\/it\/wp-json\/wp\/v2\/media?parent=30605"}],"wp:term":[{"taxonomy":"product_brand","embeddable":true,"href":"https:\/\/www.asimis-market.com\/it\/wp-json\/wp\/v2\/product_brand?post=30605"},{"taxonomy":"product_cat","embeddable":true,"href":"https:\/\/www.asimis-market.com\/it\/wp-json\/wp\/v2\/product_cat?post=30605"},{"taxonomy":"product_tag","embeddable":true,"href":"https:\/\/www.asimis-market.com\/it\/wp-json\/wp\/v2\/product_tag?post=30605"}],"curies":[{"name":"wp","href":"https:\/\/api.w.org\/{rel}","templated":true}]}}