{"id":30606,"date":"2023-10-12T17:36:33","date_gmt":"2023-10-12T14:36:33","guid":{"rendered":"https:\/\/www.asimis-market.com\/product\/marvels-spider-man-remastered-steam-chiave-digitale-europa-prezzo-senza-costi-aggiuntivi\/"},"modified":"2023-10-12T17:36:33","modified_gmt":"2023-10-12T14:36:33","slug":"marvels-spider-man-remastered-steam-chiave-digitale-europa-prezzo-senza-costi-aggiuntivi","status":"publish","type":"product","link":"https:\/\/www.asimis-market.com\/it\/prodotto\/marvels-spider-man-remastered-steam-chiave-digitale-europa-prezzo-senza-costi-aggiuntivi\/","title":{"rendered":"MARVEL&#8217;S SPIDER-MAN REMASTERED STEAM CHIAVE DIGITALE EUROPA (PREZZO SENZA COSTI AGGIUNTIVI)"},"content":{"rendered":"<p><strong>IL GIOCO<\/strong><br \/>\n&#8211; Un&#8217;ampia gamma di opzioni grafiche e di prestazioni.<br \/>\n&#8211; 2 nuove tute di Spider-Man.<br \/>\n&#8211; Tutti i 3 capitoli di contenuti aggiuntivi per l&#8217;avventura: Marvel&#8217;s Spider-Man: La citt\u00e0 che non dorme mai.<br \/>\n&#8211; Una campagna di oltre 20 ore in un mondo aperto.<br \/>\n&#8211; Grafica 4K mozzafiato a 60 fotogrammi al secondo o superiore.<br \/>\n&#8211; Riflessioni a raggiera.<br \/>\nEntrate nella caotica vita dell&#8217;Uomo Ragno con la nuova e migliorata versione di un titolo acclamato dalla critica: Marvel&#8217;s Spider-Man: Remastered (PC)! Insomniac Games e Sony Interactive Entertainment hanno collaborato per rinnovare questo straordinario successo, offrendo un&#8217;esperienza generalmente migliore per i giocatori su computer. Assumi il ruolo di Peter Parker, l&#8217;amichevole Spider-Man di quartiere, che in questo universo \u00e8 un po&#8217; pi\u00f9 vecchio e pi\u00f9 esperto. Aiutatelo a bilanciare la sua vita impegnata di cittadino con il suo conflitto contro il crimine come eroe di cui si fidano tutti i cittadini di New York, cercando di salvare la citt\u00e0 dalla distruzione. Acquista la chiave Steam di Marvel&#8217;s Spider-Man e diventa un eroe ancora una volta!<br \/>\nCaratteristiche di Marvel&#8217;s Spider-Man: Remastered<br \/>\nVivi l&#8217;esperienza esilarante di indossare la tuta di uno degli eroi pi\u00f9 amati della Marvel mentre dondoli dagli edifici di una rappresentazione straordinariamente dettagliata di New York City! Partecipa a battaglie dinamiche, interagisci con i cittadini e svela i misteri nascosti in questa gigantesca metropoli americana!<br \/>\n&#8211; Diventare un eroe. Peter Parker \u00e8 Spider-Man da 8 anni: le sue azioni sono fluide, le acrobazie sono pi\u00f9 dinamiche, le battaglie sono pi\u00f9 esplosive e il suo personaggio \u00e8 ancora pi\u00f9 divertente.<br \/>\n&#8211; Storia originale. New York \u00e8 di nuovo minacciata: aiutate l&#8217;eroe della ragnatela a salvarla dalla distruzione definitiva.<br \/>\n&#8211; Personaggi iconici. Incontrate tutti i personaggi iconici della vita di Peter, tutti ritratti con freschezza e con ruoli unici.<br \/>\n&#8211; Combattimento dinamico. Il nostro eroe non \u00e8 pi\u00f9 un principiante, il che significa che sa come sfruttare l&#8217;ambiente per avere la meglio: usa attacchi epici per sconfiggere ogni nemico.<br \/>\n&#8211; Incredibile mondo aperto. A New York ci sono molti punti di riferimento familiari: i giocatori sono liberi di esplorare tutto ci\u00f2 che ha da offrire.<br \/>\n&#8211; Prezzo basso per Marvel&#8217;s Spider-Man: Remastered (PC).<br \/>\nCon la chiave Steam di Marvel&#8217;s Spider-Man Remastered, potrete vestire i panni dell&#8217;iconico eroe di New York City: l&#8217;Uomo Ragno! Combatte il crimine da 8 anni e lo dimostra il modo in cui si muove da un edificio all&#8217;altro, interagisce con i pedoni e si lancia in battaglie. Come al solito, una nuova forza diabolica minaccia la citt\u00e0: dopo che l&#8217;eroe ha arrestato e rinchiuso Wilson Fisk, i Demoni Interni iniziano a prendere il controllo dei suoi beni, nella speranza di trovare il Respiro del Diavolo, una micidiale arma chimica sperimentale. Purtroppo, questo non \u00e8 l&#8217;unico pericolo in agguato nella citt\u00e0, e presto tutto si risolver\u00e0 in uno scontro caotico che potrebbe distruggere tutto. Acquistate subito la chiave Steam di Marvel&#8217;s Spider-Man Remastered e lanciatevi in una storia avvincente che metter\u00e0 alla prova la volont\u00e0 e la morale di Peter Parker!<\/p>\n<p>&nbsp;<\/p>\n<p><iframe loading=\"lazy\" title=\"Marvel&#039;s Spider-Man Remastered - PC Features Trailer I PC Games\" width=\"1020\" height=\"574\" src=\"https:\/\/www.youtube.com\/embed\/1E051WtpyWg?feature=oembed\" frameborder=\"0\" allow=\"accelerometer; autoplay; clipboard-write; encrypted-media; gyroscope; picture-in-picture; web-share\" allowfullscreen><\/iframe><\/p>\n<p>&nbsp;<\/p>\n<p><strong>ALTRI DETTAGLI DEL GIOCO<\/strong><br \/>\nSerie: Marvel&#8217;s Spider-Man di Insomniac<br \/>\nPiattaforme: PlayStation 5, Microsoft Windows<br \/>\nSviluppatori: Insomniac Games, Marvel Entertainment, Nixxes Software<br \/>\nData di uscita: 12 agosto 2022<br \/>\nGeneri: Videogioco d&#8217;azione e avventura, Videogioco di combattimento, Gioco di piattaforma, Gioco casual, Avventura<br \/>\nEditori: Studi PlayStation, Sony Interactive Entertainment<\/p>\n<p><strong>LINGUAGGIO DI GIOCO<\/strong><br \/>\nInglese<br \/>\nFrancese<br \/>\nTedesco<br \/>\nSpagnolo &#8211; Spagna<\/p>\n<p><strong><span class=\"HwtZe\" lang=\"en\"><span class=\"jCAhz ChMk0b\"><span class=\"ryNqvb\">REQUISITI DI SISTEMA<\/span><\/span><\/span><\/strong><br \/>\nRichiede un processore e un sistema operativo a 64 bit<br \/>\nOS: Windows 10 64-bit<br \/>\nProcessore: Intel Core i3-4160, 3,6 GHz o AMD equivalente<br \/>\nMemoria: 8 GB di RAM<br \/>\nGrafica: NVIDIA GTX 950 o AMD Radeon RX 470<br \/>\nDirectX: versione 12<br \/>\nSpazio di archiviazione: 75 GB di spazio disponibile<\/p>\n<p><strong>Come attivare una chiave Steam:<\/strong><\/p>\n<ol>\n<li>Andate sul sito web: <a href=\"http:\/\/store.steampowered.com\/\" target=\"_new\" rel=\"noopener\">http:\/\/store.steampowered.com\/<\/a> e scaricate il client Steam.<\/li>\n<li>Fate clic su &#8220;Installa Steam&#8221; nell&#8217;angolo superiore destro della pagina.<\/li>\n<li>Installate e avviate l&#8217;applicazione, quindi accedete con il vostro account Steam o createne uno se non ne avete uno.<\/li>\n<\/ol>\n<p>Seguite queste istruzioni per attivare un nuovo acquisto al dettaglio su Steam:<\/p>\n<ol>\n<li>Avviate il client Steam e accedete al vostro account Steam.<\/li>\n<li>Fare clic sul menu &#8220;Giochi&#8221;.<\/li>\n<li>Selezionare &#8220;Attiva un prodotto su Steam&#8230;&#8221;.<\/li>\n<li>Seguire le istruzioni sullo schermo per completare la procedura.<\/li>\n<li>Dopo aver verificato il codice, andate nella scheda &#8220;I miei giochi&#8221; e avviate il download.<\/li>\n<\/ol>\n","protected":false},"excerpt":{"rendered":"<p>Dopo il pagamento ed entro 24 ore riceverete via e-mail anche la chiave digitale per poter giocare al gioco appena acquistato.<\/p>\n","protected":false},"featured_media":27151,"comment_status":"closed","ping_status":"closed","template":"","meta":{"wds_primary_product_brand":0,"wds_primary_product_cat":0},"product_brand":[],"product_cat":[380,379,381,512,507,515,384],"product_tag":[],"class_list":{"0":"post-30606","1":"product","2":"type-product","3":"status-publish","4":"has-post-thumbnail","6":"product_cat-avventura","7":"product_cat-azione","8":"product_cat-chiavi-digital-pc","9":"product_cat-giocatore-singolo","10":"product_cat-piattaforma","11":"product_cat-terza-persona","12":"product_cat-videogiochi","14":"first","15":"outofstock","16":"sale","17":"virtual","18":"purchasable","19":"product-type-simple"},"_links":{"self":[{"href":"https:\/\/www.asimis-market.com\/it\/wp-json\/wp\/v2\/product\/30606","targetHints":{"allow":["GET"]}}],"collection":[{"href":"https:\/\/www.asimis-market.com\/it\/wp-json\/wp\/v2\/product"}],"about":[{"href":"https:\/\/www.asimis-market.com\/it\/wp-json\/wp\/v2\/types\/product"}],"replies":[{"embeddable":true,"href":"https:\/\/www.asimis-market.com\/it\/wp-json\/wp\/v2\/comments?post=30606"}],"wp:featuredmedia":[{"embeddable":true,"href":"https:\/\/www.asimis-market.com\/it\/wp-json\/wp\/v2\/media\/27151"}],"wp:attachment":[{"href":"https:\/\/www.asimis-market.com\/it\/wp-json\/wp\/v2\/media?parent=30606"}],"wp:term":[{"taxonomy":"product_brand","embeddable":true,"href":"https:\/\/www.asimis-market.com\/it\/wp-json\/wp\/v2\/product_brand?post=30606"},{"taxonomy":"product_cat","embeddable":true,"href":"https:\/\/www.asimis-market.com\/it\/wp-json\/wp\/v2\/product_cat?post=30606"},{"taxonomy":"product_tag","embeddable":true,"href":"https:\/\/www.asimis-market.com\/it\/wp-json\/wp\/v2\/product_tag?post=30606"}],"curies":[{"name":"wp","href":"https:\/\/api.w.org\/{rel}","templated":true}]}}