{"id":30608,"date":"2023-10-12T17:36:32","date_gmt":"2023-10-12T14:36:32","guid":{"rendered":"https:\/\/www.asimis-market.com\/product\/alan-wake-2-steam-chiave-digitale-europa\/"},"modified":"2023-10-12T17:36:32","modified_gmt":"2023-10-12T14:36:32","slug":"alan-wake-2-steam-chiave-digitale-europa","status":"publish","type":"product","link":"https:\/\/www.asimis-market.com\/it\/prodotto\/alan-wake-2-steam-chiave-digitale-europa\/","title":{"rendered":"ALAN WAKE 2 STEAM CHIAVE DIGITALE EUROPA"},"content":{"rendered":"<p><strong>IL GIOCO<\/strong><\/p>\n<p>Una serie di omicidi rituali minaccia Bright Falls, una piccola comunit\u00e0 circondata dalla natura selvaggia del Pacifico nord-occidentale. L&#8217;agente speciale Saga Anderson, famosa per la risoluzione di casi impossibili, arriva per indagare sugli omicidi. Il caso di Anderson prende una piega da incubo quando scopre che le pagine di una storia dell&#8217;orrore diventano realt\u00e0 intorno a lui.<\/p>\n<p>Alan Wake, un autore perduto intrappolato in un incubo al di l\u00e0 del nostro mondo, scrive una storia oscura nel tentativo di plasmare la realt\u00e0 che lo circonda e di sfuggire alla sua reclusione. Inseguito da un terrore oscuro, Wake cerca di mantenere la sua sanit\u00e0 mentale e di sconfiggere il diavolo al suo stesso gioco.<\/p>\n<p>Anderson e Wake sono due eroi in viaggio disperato in due realt\u00e0 distinte, interconnesse in modi che nessuno dei due riesce a comprendere, che si specchiano l&#8217;uno nell&#8217;altro, si fanno eco a vicenda e influenzano i mondi che li circondano.<\/p>\n<p>Grazie alla storia dell&#8217;orrore, l&#8217;oscurit\u00e0 soprannaturale si infiltra a Bright Falls, corrompendo gli abitanti del luogo e minacciando i cari di Anderson e Wake. La luce \u00e8 la loro arma e il loro rifugio sicuro contro le tenebre che devono affrontare. Intrappolati in un racconto dell&#8217;orrore dove ci sono solo vittime e mostri, riusciranno a liberarsi per diventare gli eroi che devono essere?<\/p>\n<p>Risolvere un mistero mortale<\/p>\n<p>Quella che inizia come un&#8217;indagine su un omicidio in una piccola citt\u00e0 si trasforma rapidamente in un viaggio straziante. Scoprite la fonte dell&#8217;oscurit\u00e0 soprannaturale in questa storia horror psicologica piena di intensa suspense e colpi di scena inaspettati.<\/p>\n<p>Giocare nei panni di due personaggi<\/p>\n<p>Vivete le storie di Alan Wake e Saga Anderson e assistete allo svolgersi degli eventi da diverse prospettive. Passate dalla lotta per la vita o la morte di Anderson per risolvere il caso agli sforzi disperati di Wake per riscrivere la sua realt\u00e0 e sfuggire alle profondit\u00e0 del Luogo Oscuro.<\/p>\n<p>Esplorare due mondi<\/p>\n<p>Vivete in due mondi bellissimi ma terrificanti, ognuno con un ricco cast di personaggi e minacce mortali. Scoprite gli incantevoli paesaggi del Cauldron Lake nel Pacifico nord-occidentale e le idilliache cittadine di Bright Falls e Watery. In netto contrasto, cercate di fuggire dal paesaggio urbano da incubo del Luogo Oscuro.<\/p>\n<p>Sopravvivere con la luce<\/p>\n<p>Con risorse limitate, affrontate potenti nemici soprannaturali in situazioni disperate di combattimento ravvicinato. Per sopravvivere avrete bisogno di pi\u00f9 di un&#8217;arma: la luce \u00e8 la vostra arma definitiva contro l&#8217;oscurit\u00e0 e il vostro rifugio quando i nemici minacciano di sopraffarvi.<\/p>\n<p>*Include una torcia, una pistola lanciarazzi, un kit di pronto soccorso, antidolorifici e un thermos portafortuna. Il fascino del thermos di caff\u00e8 salva Saga da un colpo mortale. Il thermos fortunato si rompe definitivamente quando viene utilizzato. Il pacchetto di risorse per la sopravvivenza si sblocca durante la seconda missione.<\/p>\n<p>&nbsp;<\/p>\n<p><iframe loading=\"lazy\" title=\"Alan Wake 2 - Gameplay Reveal Trailer | PS5 Games\" width=\"1020\" height=\"574\" src=\"https:\/\/www.youtube.com\/embed\/q0vNoRhuV_I?feature=oembed\" frameborder=\"0\" allow=\"accelerometer; autoplay; clipboard-write; encrypted-media; gyroscope; picture-in-picture; web-share\" allowfullscreen><\/iframe><\/p>\n<p>&nbsp;<\/p>\n<p><strong>ALTRI DETTAGLI DEL GIOCO<\/strong><br \/>\nData di uscita: 17 ottobre 2023<br \/>\nGeneri: Videogioco Survival Horror, Videogioco Avventura, Sparatutto in terza persona<br \/>\nSviluppatore: Remedy Entertainment<br \/>\nPiattaforme: PlayStation 5, Xbox Serie X\/S, Microsoft Windows<br \/>\nSerie: Alan Wake<br \/>\nEditore: Epic Games<br \/>\nModalit\u00e0: Videogioco per giocatore singolo<\/p>\n<p><strong>LINGUAGGIO DI GIOCO<\/strong><br \/>\nInglese<br \/>\nFrancese<br \/>\nTedesco<br \/>\nSpagnolo &#8211; Spagna<\/p>\n<p><strong><span class=\"HwtZe\" lang=\"en\"><span class=\"jCAhz ChMk0b\"><span class=\"ryNqvb\">REQUISITI DI SISTEMA<\/span><\/span><\/span><\/strong><br \/>\nRequisiti minimi &#8211; Previsione<br \/>\nOS: Windows 10 64-bit.<br \/>\nProcessore: Intel Core i5-4460 3,2GHz \/ AMD FX-8350.<br \/>\nGrafica: AMD Radeon R7 260X v3 o NVIDIA GeForce GTX 760.<br \/>\nHDD: 55 GB.<br \/>\nScheda grafica compatibile con DirectX 12.<\/p>\n","protected":false},"excerpt":{"rendered":"<div class=\"lRu31\"><span class=\"HwtZe\" lang=\"en\"><span class=\"jCAhz ChMk0b\"><span class=\"ryNqvb\">Il gioco \u00e8 atteso.<\/span><\/span><\/span><\/div>\n<p>&nbsp;<\/p>\n","protected":false},"featured_media":27123,"comment_status":"closed","ping_status":"closed","template":"","meta":{"wds_primary_product_brand":0,"wds_primary_product_cat":0},"product_brand":[],"product_cat":[380,379,381,504,512,383,515,384],"product_tag":[],"class_list":{"0":"post-30608","1":"product","2":"type-product","3":"status-publish","4":"has-post-thumbnail","6":"product_cat-avventura","7":"product_cat-azione","8":"product_cat-chiavi-digital-pc","9":"product_cat-date-di-uscita-2023","10":"product_cat-giocatore-singolo","11":"product_cat-orrore","12":"product_cat-terza-persona","13":"product_cat-videogiochi","15":"first","16":"instock","17":"virtual","18":"product-type-simple"},"_links":{"self":[{"href":"https:\/\/www.asimis-market.com\/it\/wp-json\/wp\/v2\/product\/30608","targetHints":{"allow":["GET"]}}],"collection":[{"href":"https:\/\/www.asimis-market.com\/it\/wp-json\/wp\/v2\/product"}],"about":[{"href":"https:\/\/www.asimis-market.com\/it\/wp-json\/wp\/v2\/types\/product"}],"replies":[{"embeddable":true,"href":"https:\/\/www.asimis-market.com\/it\/wp-json\/wp\/v2\/comments?post=30608"}],"wp:featuredmedia":[{"embeddable":true,"href":"https:\/\/www.asimis-market.com\/it\/wp-json\/wp\/v2\/media\/27123"}],"wp:attachment":[{"href":"https:\/\/www.asimis-market.com\/it\/wp-json\/wp\/v2\/media?parent=30608"}],"wp:term":[{"taxonomy":"product_brand","embeddable":true,"href":"https:\/\/www.asimis-market.com\/it\/wp-json\/wp\/v2\/product_brand?post=30608"},{"taxonomy":"product_cat","embeddable":true,"href":"https:\/\/www.asimis-market.com\/it\/wp-json\/wp\/v2\/product_cat?post=30608"},{"taxonomy":"product_tag","embeddable":true,"href":"https:\/\/www.asimis-market.com\/it\/wp-json\/wp\/v2\/product_tag?post=30608"}],"curies":[{"name":"wp","href":"https:\/\/api.w.org\/{rel}","templated":true}]}}