{"id":30611,"date":"2023-10-12T17:36:09","date_gmt":"2023-10-12T14:36:09","guid":{"rendered":"https:\/\/www.asimis-market.com\/product\/smalland-survive-the-wilds-steam-chiave-digitale-europa-prezzo-senza-costi-aggiuntivi\/"},"modified":"2023-10-12T17:36:09","modified_gmt":"2023-10-12T14:36:09","slug":"smalland-survive-the-wilds-steam-chiave-digitale-europa-prezzo-senza-costi-aggiuntivi","status":"publish","type":"product","link":"https:\/\/www.asimis-market.com\/it\/prodotto\/smalland-survive-the-wilds-steam-chiave-digitale-europa-prezzo-senza-costi-aggiuntivi\/","title":{"rendered":"SMALLAND SURVIVE THE WILDS STEAM CHIAVE DIGITALE EUROPA (PREZZO SENZA COSTI AGGIUNTIVI)"},"content":{"rendered":"<p><strong>Informazioni sul gioco<\/strong><br \/>\nSiete stanchi di sfogliare la vostra vecchia collezione di titoli? \u00c8 tempo di rinfrescarsi! Smalland: Survive the Wilds, disponibile come chiave Steam, \u00e8 uno dei pi\u00f9 significativi giochi di sopravvivenza sviluppato e presentato dall&#8217;affermato studio di gioco Merge Games il 29 marzo 2023. Che siate nuovi al genere o veterani che hanno sperimentato la maggior parte dei titoli di sopravvivenza, questo gioco offre un&#8217;esperienza rinfrescante per entrambi i tipi di giocatori. Acquista la chiave Steam di Smalland: Survive the Wilds Steam key e lanciatevi all&#8217;avventura, esplorando la ricchezza di caratteristiche uniche che lo distinguono dalla maggior parte degli altri giochi!<\/p>\n<p>Genere di sopravvivenza<br \/>\nIn Smalland: Survive the Wilds Steam key, come in qualsiasi altro gioco di sopravvivenza, vi immergerete nella strategia, nell&#8217;azione, nell&#8217;avventura e persino nella progettazione architettonica. Oltre all&#8217;abbondanza di tali attivit\u00e0, \u00e8 necessario identificare ogni potenziale minaccia ed evitarla. Indubbiamente morirete spesso, ma man mano che progredite potrete usare queste esperienze come lezioni su come fare meglio. Le innumerevoli ore passate a cercare di rimanere in vita valgono bene l&#8217;emozione di diventare un professionista in questo gioco.<\/p>\n<p>Caratteristiche<br \/>\nMolte caratteristiche e meccaniche coinvolgenti sono la chiave di Smalland: Survive the Wilds! Non stupitevi se vi ritroverete a giocare a questo titolo per ore:<\/p>\n<p>Avventura: Incontrare e interagire con personaggi colorati, risolvere vari enigmi ed esplorare il mondo.<br \/>\nCostruzione di basi: Creare rifugi perfetti in grado di resistere alle forze spietate del mondo esterno.<br \/>\nCo-op: Completa le missioni con gli amici.<br \/>\nArtigianato: Crea ogni tipo di strumento grazie a un robusto sistema di crafting.<br \/>\nEsplorazione: Questo titolo \u00e8 fortemente incentrato sul viaggio in luoghi non ancora mappati e sulla scoperta di segreti.<br \/>\nMultigiocatore: Partecipa a partite con altri giocatori.<br \/>\nMondo aperto: Esplora liberamente ogni angolo e scopri tutti i segreti nascosti.<br \/>\nUn gioco economico ma molto valido: Smalland: Survive the Wilds \u00e8 davvero un gioco eccellente.<\/p>\n<p>&nbsp;<\/p>\n<p><iframe loading=\"lazy\" title=\"Smalland: Survive the Wilds | Release Date Announcement Trailer\" width=\"1020\" height=\"574\" src=\"https:\/\/www.youtube.com\/embed\/_7eg-4Q-0Rw?feature=oembed\" frameborder=\"0\" allow=\"accelerometer; autoplay; clipboard-write; encrypted-media; gyroscope; picture-in-picture; web-share\" allowfullscreen><\/iframe><\/p>\n<p><strong>Ulteriori dettagli sul gioco<\/strong><\/p>\n<p>Prima data di uscita: 29 marzo 2023<br \/>\nPiattaforme: PlayStation 4, Xbox One, Nintendo Switch, Microsoft Windows<br \/>\nEditore: Giochi Merge<br \/>\nGeneri: Gioco di sopravvivenza, Mondo aperto, Videogioco d&#8217;avventura<br \/>\nSviluppatore: Merge Games<\/p>\n<p>&nbsp;<\/p>\n<p><strong>LINGUAGGIO DI GIOCO<\/strong><br \/>\nInglese<br \/>\nFrancese<br \/>\nTedesco<br \/>\nGiapponese<br \/>\nPortoghese &#8211; Brasile<br \/>\nRusso<br \/>\nSpagnolo &#8211; Spagna<\/p>\n<p><strong><span class=\"HwtZe\" lang=\"en\"><span class=\"jCAhz ChMk0b\"><span class=\"ryNqvb\">REQUISITI DI SISTEMA<\/span><\/span><\/span><\/strong><br \/>\nMinimo:<br \/>\nRichiede un processore e un sistema operativo a 64 bit<br \/>\nOS: Windows 7 SP1<br \/>\nProcessore: CPU Intel(R) Core(TM) i5-9400 @ 2,90GHz o equivalente<br \/>\nMemoria: 8 GB di RAM<br \/>\nGrafica: NVIDIA GeForce GTX 1650 o equivalente<br \/>\nDirectX: versione 12<br \/>\nRete: Connessione Internet a banda larga<br \/>\nMemoria: 20 GB di spazio disponibile<\/p>\n<p><strong>Come attivare una chiave Steam:<\/strong><br \/>\n&#8211; Andare su: http:\/\/store.steampowered.com\/ e scaricare il client STEAM<br \/>\n&#8211; Fare clic su &#8220;Installa Steam&#8221; (dall&#8217;angolo in alto a destra)<br \/>\n&#8211; Installare e lanciare l&#8217;applicazione, accedere con il nome e la password del proprio account (crearne uno se non lo si possiede).<br \/>\n&#8211; Seguite queste istruzioni per attivare un nuovo acquisto al dettaglio su Steam:<br \/>\n&#8211; Lanciate Steam e accedete al vostro account Steam.<br \/>\n&#8211; Fare clic sul menu Giochi.<br \/>\n&#8211; Selezionare l&#8217;attivazione del prodotto su Steam&#8230;<br \/>\n&#8211; Seguire le istruzioni sullo schermo per completare la procedura.<br \/>\n&#8211; Dopo aver verificato il codice, andare alla scheda &#8220;I miei giochi&#8221; e avviare il download.<\/p>\n","protected":false},"excerpt":{"rendered":"<p>Dopo il pagamento ed entro 24 ore riceverete via e-mail la chiave digitale per poter giocare al gioco appena acquistato.<\/p>\n","protected":false},"featured_media":27079,"comment_status":"closed","ping_status":"closed","template":"","meta":{"wds_primary_product_brand":0,"wds_primary_product_cat":0},"product_brand":[],"product_cat":[380,379,381,504,505,506,509,515,384],"product_tag":[],"class_list":{"0":"post-30611","1":"product","2":"type-product","3":"status-publish","4":"has-post-thumbnail","6":"product_cat-avventura","7":"product_cat-azione","8":"product_cat-chiavi-digital-pc","9":"product_cat-date-di-uscita-2023","10":"product_cat-fantasia","11":"product_cat-multigiocatore","12":"product_cat-rpg-it","13":"product_cat-terza-persona","14":"product_cat-videogiochi","16":"first","17":"outofstock","18":"sale","19":"virtual","20":"purchasable","21":"product-type-simple"},"_links":{"self":[{"href":"https:\/\/www.asimis-market.com\/it\/wp-json\/wp\/v2\/product\/30611","targetHints":{"allow":["GET"]}}],"collection":[{"href":"https:\/\/www.asimis-market.com\/it\/wp-json\/wp\/v2\/product"}],"about":[{"href":"https:\/\/www.asimis-market.com\/it\/wp-json\/wp\/v2\/types\/product"}],"replies":[{"embeddable":true,"href":"https:\/\/www.asimis-market.com\/it\/wp-json\/wp\/v2\/comments?post=30611"}],"wp:featuredmedia":[{"embeddable":true,"href":"https:\/\/www.asimis-market.com\/it\/wp-json\/wp\/v2\/media\/27079"}],"wp:attachment":[{"href":"https:\/\/www.asimis-market.com\/it\/wp-json\/wp\/v2\/media?parent=30611"}],"wp:term":[{"taxonomy":"product_brand","embeddable":true,"href":"https:\/\/www.asimis-market.com\/it\/wp-json\/wp\/v2\/product_brand?post=30611"},{"taxonomy":"product_cat","embeddable":true,"href":"https:\/\/www.asimis-market.com\/it\/wp-json\/wp\/v2\/product_cat?post=30611"},{"taxonomy":"product_tag","embeddable":true,"href":"https:\/\/www.asimis-market.com\/it\/wp-json\/wp\/v2\/product_tag?post=30611"}],"curies":[{"name":"wp","href":"https:\/\/api.w.org\/{rel}","templated":true}]}}