{"id":30612,"date":"2023-10-12T17:36:09","date_gmt":"2023-10-12T14:36:09","guid":{"rendered":"https:\/\/www.asimis-market.com\/product\/the-lord-of-the-rings-gollum-steam-chiave-digitale-inglese-prezzo-senza-costi-aggiuntivi\/"},"modified":"2023-10-12T17:36:09","modified_gmt":"2023-10-12T14:36:09","slug":"the-lord-of-the-rings-gollum-steam-chiave-digitale-inglese-prezzo-senza-costi-aggiuntivi","status":"publish","type":"product","link":"https:\/\/www.asimis-market.com\/it\/prodotto\/the-lord-of-the-rings-gollum-steam-chiave-digitale-inglese-prezzo-senza-costi-aggiuntivi\/","title":{"rendered":"THE LORD OF THE RINGS GOLLUM STEAM CHIAVE DIGITALE INGLESE (PREZZO SENZA COSTI AGGIUNTIVI)"},"content":{"rendered":"<p><strong>Informazioni sul gioco:<\/strong><\/p>\n<p>Daedalic Entertainment e Nacon, gli sviluppatori e gli editori, presentano la loro ultima creazione: un videogioco d&#8217;azione e avventura basato sui famosi libri fantasy &#8220;Il Signore degli Anelli: Gollum&#8221; (PC) Chiave Steam. Immergetevi nel ruolo di un personaggio particolare, Gollum, e perseguite ci\u00f2 che \u00e8 pi\u00f9 prezioso per lui. Questo personaggio possiede molte qualit\u00e0 ed \u00e8 in buona forma, ma ha anche una doppia personalit\u00e0. Una mente con due ego render\u00e0 quest&#8217;avventura indimenticabile sia per Gollum che per voi! Nell&#8217;universo de &#8220;Il Signore degli Anelli&#8221;, questo personaggio \u00e8 uno dei pi\u00f9 interessanti. Atletico e agile, scaltro e astuto, Gollum vuole riconquistare ci\u00f2 che ha di pi\u00f9 prezioso. Vi assicuriamo che questa avventura non sar\u00e0 noiosa.<\/p>\n<p>Caratteristiche di &#8220;Il Signore degli Anelli: Gollum&#8221;:<\/p>\n<p>&#8211; Personalit\u00e0 distinta: Gollum ha visto cose che gli altri non hanno nemmeno sognato. \u00c8 sopravvissuto a cose che altri non oserebbero menzionare. Diviso da una doppia personalit\u00e0, il personaggio pu\u00f2 essere sia un Gollum arrabbiato e malvagio sia uno Sm\u00e9agol socievole e intelligente.<\/p>\n<p>&#8211; La storia di Gollum pi\u00f9 dettagliata finora: Nonostante il personaggio sia spesso menzionato nei libri di J.R.R. Tolkien, molte sfumature della sua storia sono rimaste sconosciute. In questo gioco vivrete questa storia mai raccontata, dalla schiavit\u00f9 sotto la Torre Oscura alla vita tra gli elfi di Mirkwood.<\/p>\n<p>&#8211; Sopravvivenza: usare furtivit\u00e0 e astuzia per sopravvivere ai pericoli. Salta, scivola attraverso le trappole per raggiungere la vittoria.<\/p>\n<p>&#8211; Combattere i nemici: Gollum non \u00e8 un combattente, ma quando \u00e8 necessario pu\u00f2 certamente uccidere le sue prede in modi originali e malvagi.<\/p>\n<p>&#8211; Prezzo accessibile per Il Signore degli Anelli: Gollum (PC) Prezzo base Steam.<\/p>\n<p>Cos&#8217;altro ci si pu\u00f2 aspettare?<\/p>\n<p>Nel gioco Steam &#8220;Il Signore degli Anelli: Gollum (PC)&#8221;, ogni decisione, scelta e persino il modo in cui si gioca influisce direttamente sulla personalit\u00e0 di Gollum. Questo personaggio \u00e8 in costante conflitto con due fazioni, quindi solo il giocatore pu\u00f2 prendere la decisione finale e scegliere quale parte, l&#8217;oscurit\u00e0 o la luce, prevarr\u00e0. Una sola mente ma due ego: sembra che vi aspettino molte decisioni critiche! Se siete fan dell&#8217;universo de &#8220;Il Signore degli Anelli&#8221;, questo gioco far\u00e0 al caso vostro. Non \u00e8 una sorpresa che Gollum sia uno dei personaggi pi\u00f9 interessanti di questo mondo, e chi vuole conoscerlo pi\u00f9 da vicino pu\u00f2 divertirsi con questo gioco, sempre a un prezzo inferiore!<\/p>\n<p>&nbsp;<\/p>\n<p><iframe loading=\"lazy\" title=\"The Lord of the Rings: Gollum - Official Launch Trailer\" width=\"1020\" height=\"574\" src=\"https:\/\/www.youtube.com\/embed\/Jcb6SSxbNUo?feature=oembed\" frameborder=\"0\" allow=\"accelerometer; autoplay; clipboard-write; encrypted-media; gyroscope; picture-in-picture; web-share\" allowfullscreen><\/iframe><\/p>\n<p>&nbsp;<\/p>\n<p><strong>Ulteriori dettagli sul gioco:<\/strong><\/p>\n<p>Data di uscita: 23 maggio 2023<br \/>\nPiattaforme: PlayStation 5, Nintendo Switch, PlayStation 4, Xbox One, Xbox Series X\/S, Microsoft Windows<br \/>\nEditori: Daedalic Entertainment GmbH, Nacon, Daedalic Entertainment<br \/>\nSviluppatori: Daedalic Entertainment GmbH, Daedalic Entertainment<br \/>\nModalit\u00e0: Videogioco per giocatore singolo<br \/>\nGeneri: Gioco di ruolo, videogioco d&#8217;azione e avventura, gioco di piattaforma, videogioco puzzle, avventura<br \/>\nAdattato da: Il Signore degli Anelli<\/p>\n<p><strong>LINGUAGGIO DI GIOCO<\/strong><br \/>\nInglese<\/p>\n<p><strong><span class=\"HwtZe\" lang=\"en\"><span class=\"jCAhz ChMk0b\"><span class=\"ryNqvb\">REQUISITI DI SISTEMA<\/span><\/span><\/span><\/strong><br \/>\nMinimo:<br \/>\nRichiede un processore e un sistema operativo a 64 bit<br \/>\nOS: Windows 10\/11<br \/>\nProcessore: Intel i7-4770 AMD Ryzen 5 1600<br \/>\nMemoria: 16 GB di RAM<br \/>\nGrafica: Nvidia RTX 3060 \/ AMD Radeon RX 5700 XT (8 GB)<br \/>\nDirectX: versione 11<br \/>\nSpazio di archiviazione: 45 GB di spazio disponibile<br \/>\nNote aggiuntive: con preimpostazione Medium e 1080p, Ray Tracing disattivato<\/p>\n<p><strong>Come attivare una chiave Steam:<\/strong><\/p>\n<p>Andate al seguente indirizzo: http:\/\/store.steampowered.com\/ e scaricate il programma client di Steam.<br \/>\nFate clic su &#8220;Installa Steam&#8221; (dall&#8217;angolo in alto a destra).<br \/>\nInstallare e lanciare l&#8217;applicazione, quindi accedere con il nome e la password del proprio account (crearne uno se non si possiede un account).<br \/>\nSeguite queste istruzioni per attivare un nuovo acquisto al dettaglio su Steam:<br \/>\nAvviate Steam e accedete al vostro account Steam.<br \/>\nFare clic sul menu &#8220;Giochi&#8221;.<br \/>\nSelezionare &#8220;Attiva un prodotto su Steam&#8230;&#8221;.<br \/>\nSeguire le istruzioni sullo schermo per completare la procedura.<br \/>\nDopo aver verificato il codice, andate nella scheda &#8220;I miei giochi&#8221; e avviate il download.<\/p>\n","protected":false},"excerpt":{"rendered":"<p>Dopo il pagamento ed entro 24 ore riceverete via e-mail la chiave digitale per poter giocare al gioco appena acquistato.<\/p>\n","protected":false},"featured_media":27063,"comment_status":"closed","ping_status":"closed","template":"","meta":{"wds_primary_product_brand":0,"wds_primary_product_cat":0},"product_brand":[],"product_cat":[380,379,381,504,505,512,507,509,515,384],"product_tag":[],"class_list":{"0":"post-30612","1":"product","2":"type-product","3":"status-publish","4":"has-post-thumbnail","6":"product_cat-avventura","7":"product_cat-azione","8":"product_cat-chiavi-digital-pc","9":"product_cat-date-di-uscita-2023","10":"product_cat-fantasia","11":"product_cat-giocatore-singolo","12":"product_cat-piattaforma","13":"product_cat-rpg-it","14":"product_cat-terza-persona","15":"product_cat-videogiochi","17":"first","18":"outofstock","19":"sale","20":"virtual","21":"purchasable","22":"product-type-simple"},"_links":{"self":[{"href":"https:\/\/www.asimis-market.com\/it\/wp-json\/wp\/v2\/product\/30612","targetHints":{"allow":["GET"]}}],"collection":[{"href":"https:\/\/www.asimis-market.com\/it\/wp-json\/wp\/v2\/product"}],"about":[{"href":"https:\/\/www.asimis-market.com\/it\/wp-json\/wp\/v2\/types\/product"}],"replies":[{"embeddable":true,"href":"https:\/\/www.asimis-market.com\/it\/wp-json\/wp\/v2\/comments?post=30612"}],"wp:featuredmedia":[{"embeddable":true,"href":"https:\/\/www.asimis-market.com\/it\/wp-json\/wp\/v2\/media\/27063"}],"wp:attachment":[{"href":"https:\/\/www.asimis-market.com\/it\/wp-json\/wp\/v2\/media?parent=30612"}],"wp:term":[{"taxonomy":"product_brand","embeddable":true,"href":"https:\/\/www.asimis-market.com\/it\/wp-json\/wp\/v2\/product_brand?post=30612"},{"taxonomy":"product_cat","embeddable":true,"href":"https:\/\/www.asimis-market.com\/it\/wp-json\/wp\/v2\/product_cat?post=30612"},{"taxonomy":"product_tag","embeddable":true,"href":"https:\/\/www.asimis-market.com\/it\/wp-json\/wp\/v2\/product_tag?post=30612"}],"curies":[{"name":"wp","href":"https:\/\/api.w.org\/{rel}","templated":true}]}}