{"id":30616,"date":"2023-10-12T17:36:09","date_gmt":"2023-10-12T14:36:09","guid":{"rendered":"https:\/\/www.asimis-market.com\/product\/wwe-2k23-steam-chiave-digitale-europa-prezzo-senza-costi-aggiuntivi\/"},"modified":"2023-10-12T17:36:09","modified_gmt":"2023-10-12T14:36:09","slug":"wwe-2k23-steam-chiave-digitale-europa-prezzo-senza-costi-aggiuntivi","status":"publish","type":"product","link":"https:\/\/www.asimis-market.com\/it\/prodotto\/wwe-2k23-steam-chiave-digitale-europa-prezzo-senza-costi-aggiuntivi\/","title":{"rendered":"WWE 2K23 STEAM CHIAVE DIGITALE EUROPA (PREZZO SENZA COSTI AGGIUNTIVI)"},"content":{"rendered":"<p><strong>Informazioni sul gioco<\/strong><\/p>\n<p>WWE 2K23<\/p>\n<p>Rinfrescate la vostra libreria di giochi con un altro straordinario titolo di simulazione in cui l&#8217;esperienza supera ogni aspettativa! Non si pu\u00f2 semplicemente perdere la decisione di acquistare la chiave di WWE 2K23. Sviluppato da Visual Concepts e fornito da 2K, questo gioco, disponibile su Steam, offre un intrattenimento su larga scala, combinando perfettamente caratteristiche di gioco classiche e innovative per offrire un&#8217;esperienza di simulazione indimenticabile. Acquista la chiave Steam di WWE 2K23 e preparati a ore di gioco che metteranno alla prova le tue abilit\u00e0! Siete pronti per l&#8217;esperienza viva ed esaltante che vi aspetta?<\/p>\n<p><strong>Genere di simulazione<\/strong><\/p>\n<p>La chiave Steam di WWE 2K23 pu\u00f2 trasportarvi in un luogo incredibile, poich\u00e9 avete il pieno controllo su ci\u00f2 che accade nel gioco, dove andrete e cosa farete. Dato che appartiene al genere dei giochi di simulazione, permette di godere di situazioni che assomigliano alla vita con un tocco di immaginazione. Scoprite quanto siete bravi a controllare un mondo virtuale. Forse creerete il caos, forse metterete ogni cosa al suo posto. In ogni caso, nessuno stabilir\u00e0 regole o obiettivi per voi. Create il vostro gioco e godetevi la libert\u00e0!<\/p>\n<p><strong>Caratteristiche<\/strong><\/p>\n<p>Siete interessati alla chiave di WWE 2K23 ma non sapete cosa aspettarvi? Ecco un elenco delle caratteristiche di base e delle meccaniche di gioco incluse in questo titolo:<\/p>\n<ul>\n<li>Grafica 3D: Il mondo \u00e8 costituito da modelli 3D che possono essere ruotati e visti da tutte le angolazioni.<\/li>\n<li>Co-op: Completa le missioni con gli amici.<\/li>\n<li>Multigiocatore: \u00c8 possibile partecipare a partite con altri giocatori.<\/li>\n<li>PvP: gioca direttamente contro altri personaggi controllati dai giocatori.<\/li>\n<li>Giocatore singolo: I giocatori possono affrontare la storia della campagna in solitaria.<\/li>\n<li>Sport: Affina le tue abilit\u00e0, partecipa a partite e competi per il titolo di migliore.<\/li>\n<li>Prezzo conveniente della chiave WWE 2K23.<\/li>\n<\/ul>\n<p>&nbsp;<\/p>\n<p><iframe loading=\"lazy\" title=\"New Champions! WWE 2K23 Official Launch Trailer | 2K\" width=\"1020\" height=\"574\" src=\"https:\/\/www.youtube.com\/embed\/2fc819wHw6I?feature=oembed\" frameborder=\"0\" allow=\"accelerometer; autoplay; clipboard-write; encrypted-media; gyroscope; picture-in-picture; web-share\" allowfullscreen><\/iframe><\/p>\n<p>&nbsp;<\/p>\n<p><strong>ALTRI DETTAGLI DEL GIOCO<\/strong><\/p>\n<p>Prima data di uscita: 14 marzo 2023<br \/>\nPiattaforme: PlayStation 5, PlayStation 4, Xbox One, Xbox Series X\/S, Microsoft Windows<br \/>\nModalit\u00e0: Videogioco multigiocatore<br \/>\nGeneri: Videogiochi sportivi, Videogiochi di wrestling<br \/>\nSviluppatore: Concetti visivi<br \/>\nEditore: 2K Games<br \/>\nSerie: WWE 2K<\/p>\n<p><strong>LINGUAGGIO DI GIOCO<\/strong><br \/>\nInglese<br \/>\nSpagna<br \/>\nFrancia<br \/>\nTedesco<br \/>\nItaliano<\/p>\n<p><strong><span class=\"HwtZe\" lang=\"en\"><span class=\"jCAhz ChMk0b\"><span class=\"ryNqvb\">REQUISITI DI SISTEMA<\/span><\/span><\/span><\/strong><br \/>\nRichiede un processore e un sistema operativo a 64 bit<br \/>\nOS: Windows 10 64-bit<br \/>\nProcessore: Intel Core i5-3550 \/ AMD FX 8150<br \/>\nMemoria: 8 GB di RAM<br \/>\nGrafica: GeForce GTX 1060 \/ Radeon RX 480<br \/>\nDirectX: versione 12<br \/>\nMemoria: 80 GB di spazio disponibile<br \/>\nScheda audio: Scheda audio compatibile con DirectX 9.0c<br \/>\nNote aggiuntive: SSD consigliato, processore AVX compatibile<\/p>\n<p><strong>Come attivare una chiave Steam:<\/strong><\/p>\n<ol>\n<li>Andate sul sito web: <a href=\"http:\/\/store.steampowered.com\/\" target=\"_new\" rel=\"noopener\">http:\/\/store.steampowered.com\/<\/a> e scaricate il programma client di Steam.<\/li>\n<li>Fate clic su &#8220;Installa Steam&#8221; (dall&#8217;angolo in alto a destra).<\/li>\n<li>Installare e lanciare l&#8217;applicazione, accedere con il nome e la password del proprio account (crearne uno se non si possiede un account).<\/li>\n<li>Seguite queste istruzioni per attivare un nuovo acquisto al dettaglio su Steam:\n<ul>\n<li>Avviate Steam e accedete al vostro account Steam.<\/li>\n<li>Fare clic sul menu &#8220;Giochi&#8221;.<\/li>\n<li>Selezionare &#8220;Attiva un prodotto su Steam&#8230;&#8221;.<\/li>\n<li>Seguire le istruzioni sullo schermo per completare la procedura.<\/li>\n<\/ul>\n<\/li>\n<li>Dopo aver verificato il codice, andare alla scheda &#8220;I miei giochi&#8221; e iniziare il download.<\/li>\n<\/ol>\n","protected":false},"excerpt":{"rendered":"<p>Dopo il pagamento ed entro 24 ore riceverete via e-mail il link digitale per poter giocare al gioco appena acquistato.<\/p>\n","protected":false},"featured_media":27007,"comment_status":"closed","ping_status":"closed","template":"","meta":{"wds_primary_product_brand":0,"wds_primary_product_cat":0},"product_brand":[],"product_cat":[379,381,504,506,511,513,384],"product_tag":[],"class_list":{"0":"post-30616","1":"product","2":"type-product","3":"status-publish","4":"has-post-thumbnail","6":"product_cat-azione","7":"product_cat-chiavi-digital-pc","8":"product_cat-date-di-uscita-2023","9":"product_cat-multigiocatore","10":"product_cat-simulazione","11":"product_cat-sports-it","12":"product_cat-videogiochi","14":"first","15":"outofstock","16":"sale","17":"virtual","18":"purchasable","19":"product-type-simple"},"_links":{"self":[{"href":"https:\/\/www.asimis-market.com\/it\/wp-json\/wp\/v2\/product\/30616","targetHints":{"allow":["GET"]}}],"collection":[{"href":"https:\/\/www.asimis-market.com\/it\/wp-json\/wp\/v2\/product"}],"about":[{"href":"https:\/\/www.asimis-market.com\/it\/wp-json\/wp\/v2\/types\/product"}],"replies":[{"embeddable":true,"href":"https:\/\/www.asimis-market.com\/it\/wp-json\/wp\/v2\/comments?post=30616"}],"wp:featuredmedia":[{"embeddable":true,"href":"https:\/\/www.asimis-market.com\/it\/wp-json\/wp\/v2\/media\/27007"}],"wp:attachment":[{"href":"https:\/\/www.asimis-market.com\/it\/wp-json\/wp\/v2\/media?parent=30616"}],"wp:term":[{"taxonomy":"product_brand","embeddable":true,"href":"https:\/\/www.asimis-market.com\/it\/wp-json\/wp\/v2\/product_brand?post=30616"},{"taxonomy":"product_cat","embeddable":true,"href":"https:\/\/www.asimis-market.com\/it\/wp-json\/wp\/v2\/product_cat?post=30616"},{"taxonomy":"product_tag","embeddable":true,"href":"https:\/\/www.asimis-market.com\/it\/wp-json\/wp\/v2\/product_tag?post=30616"}],"curies":[{"name":"wp","href":"https:\/\/api.w.org\/{rel}","templated":true}]}}