{"id":30618,"date":"2023-10-12T17:36:09","date_gmt":"2023-10-12T14:36:09","guid":{"rendered":"https:\/\/www.asimis-market.com\/product\/the-last-of-us-part-1-steam-chiave-digitale-europa-prezzo-senza-costi-aggiuntivi\/"},"modified":"2023-10-12T17:36:09","modified_gmt":"2023-10-12T14:36:09","slug":"the-last-of-us-part-1-steam-chiave-digitale-europa-prezzo-senza-costi-aggiuntivi","status":"publish","type":"product","link":"https:\/\/www.asimis-market.com\/it\/prodotto\/the-last-of-us-part-1-steam-chiave-digitale-europa-prezzo-senza-costi-aggiuntivi\/","title":{"rendered":"THE LAST OF US PART 1 STEAM CHIAVE DIGITALE EUROPA (PREZZO SENZA COSTI AGGIUNTIVI)"},"content":{"rendered":"<p><strong>Informazioni sul gioco<\/strong><\/p>\n<p>Il 28 marzo 2023 segna la data di uscita di uno dei titoli pi\u00f9 significativi del genere dei giochi d&#8217;azione e avventura, che offre un&#8217;interpretazione unica delle sue caratteristiche principali. Creato dai talentuosi sviluppatori di Naughty Dog e pubblicato da PlayStation PC LLC, questo titolo offre un&#8217;esperienza vibrante. Tuffatevi nella chiave di gioco di The Last of Us Part I su Steam, che ha ricevuto un&#8217;accoglienza calorosa da parte della comunit\u00e0 dei giocatori e ha un potenziale promettente che espande gli orizzonti di questa attivit\u00e0 immersiva. Acquista la chiave Steam di The Last of Us Part I a un costo inferiore e scopri tu stesso perch\u00e9 questo gioco \u00e8 cos\u00ec coinvolgente!<\/p>\n<p>Azione-Avventura Siete alla ricerca di un modo per utilizzare i vostri riflessi veloci e pensare in modo creativo? Allora il genere dei giochi d&#8217;azione e avventura \u00e8 quello che fa per voi. The Last of Us Part I Steam key \u00e8 uno dei giochi pi\u00f9 emozionanti e divertenti che potrete trovare in questa categoria. Permette al personaggio di risolvere enigmi e di ingaggiare battaglie contemporaneamente. Vi costringer\u00e0 ad agire rapidamente ma a riflettere attentamente. Richiede una buona coordinazione occhio-mano, un processo decisionale intelligente e la capacit\u00e0 di risolvere i problemi. \u00c8 tutto quello che stavate cercando e anche di pi\u00f9.<\/p>\n<p><iframe loading=\"lazy\" title=\"The Last of Us Part I Official Launch Trailer\" width=\"1020\" height=\"574\" src=\"https:\/\/www.youtube.com\/embed\/-5-ZzB4OC34?feature=oembed\" frameborder=\"0\" allow=\"accelerometer; autoplay; clipboard-write; encrypted-media; gyroscope; picture-in-picture; web-share\" allowfullscreen><\/iframe><\/p>\n<p>&nbsp;<\/p>\n<p><strong>Caratteristiche di The Last of Us Remake<\/strong><\/p>\n<p>Questi sono gli elementi che rendono The Last of Us un capolavoro:<\/p>\n<ul>\n<li>Aggiornamenti next-gen: Il remake migliora la grafica, il frame rate e il sonoro del gioco.<\/li>\n<li>Una storia avvincente: The Last of Us \u00e8 molto amato per la sua narrazione e i suoi personaggi.<\/li>\n<li>Combattimento intenso: per dimostrare che la sopravvivenza \u00e8 fondamentale e che l&#8217;umanit\u00e0 \u00e8 in crisi, i combattimenti del gioco sono feroci e violenti.<\/li>\n<li>Morti viventi e umani: Cosa fa pi\u00f9 paura: zombie mutati e senza cervello o esseri umani che hanno perso ogni traccia di umanit\u00e0?<\/li>\n<li>Left Behind: Il gioco include anche il DLC &#8220;Left Behind&#8221; con una breve storia prequel.<\/li>\n<li>Prezzo basso per The Last of Us Part I.<\/li>\n<\/ul>\n<p>Godetevi uno dei migliori giochi dell&#8217;epoca. Naughty Dog presenta un gioco incentrato sui personaggi, con una narrazione straordinaria ricca di colpi di scena, perdite e redenzione. In un mondo che si sta lentamente deteriorando e che pullula di zombie, Joel ed Ellie devono lottare per la loro sopravvivenza. Non si tratta di un altro gioco di zombie; non preoccupatevi. \u00c8 molto di pi\u00f9. The Last of Us \u00e8 una storia umana in un mondo in cui l&#8217;umanit\u00e0 \u00e8 sull&#8217;orlo dell&#8217;estinzione. La sensazione che lascia \u00e8 qualcosa di diverso. La chiave Steam di The Last of Us Part I \u00e8 il modo migliore per provare un gioco che \u00e8 semplicemente un capolavoro. E merita tutti gli elogi. Da non perdere.<\/p>\n<p><strong>Ulteriori dettagli sul gioco<\/strong><\/p>\n<ul>\n<li>Prima data di uscita: 28 marzo 2023<\/li>\n<li>Autore: Neil Druckmann<\/li>\n<li>Modalit\u00e0: Videogioco per giocatore singolo<\/li>\n<li>Generi: Sparatutto, Videogiochi d&#8217;azione e avventura, Avventura<\/li>\n<li>Piattaforme: PlayStation 5, Microsoft Windows<\/li>\n<li>Nomination: Premio Game per l&#8217;innovazione nell&#8217;accessibilit\u00e0<\/li>\n<li>Sviluppatori: Naughty Dog, Iron Galaxy<\/li>\n<li>Editori: Studi PlayStation, Sony Interactive Entertainment<\/li>\n<\/ul>\n<p><strong>LINGUAGGIO DI GIOCO<\/strong><br \/>\nInglese<br \/>\nSpagna<br \/>\nFrancia<br \/>\nTedesco<br \/>\nItaliano<\/p>\n<p><strong><span class=\"HwtZe\" lang=\"en\"><span class=\"jCAhz ChMk0b\"><span class=\"ryNqvb\">REQUISITI DI SISTEMA<\/span><\/span><\/span><\/strong><br \/>\nMinimo:<br \/>\nRichiede un processore e un sistema operativo a 64 bit<br \/>\nOS: Windows 10 (versione 1909 o pi\u00f9 recente)<br \/>\nProcessore: AMD Ryzen 5 1500X, Intel Core i7-4770K<br \/>\nMemoria: 16 GB di RAM<br \/>\nGrafica: AMD Radeon RX 470 (4 GB), AMD Radeon RX 6500 XT (4 GB), NVIDIA GeForce GTX 970 (4 GB), NVIDIA GeForce 1050 Ti (4 GB)<br \/>\nStorage: 100 GB di spazio disponibile<br \/>\nNote aggiuntive: SSD consigliato<\/p>\n<p><strong>Come attivare una chiave Steam:<\/strong><\/p>\n<ol>\n<li>Andate sul sito web: <a href=\"http:\/\/store.steampowered.com\/\" target=\"_new\" rel=\"noopener\">http:\/\/store.steampowered.com\/<\/a> e scaricate il programma client di Steam.<\/li>\n<li>Fate clic su &#8220;Installa Steam&#8221; (dall&#8217;angolo in alto a destra).<\/li>\n<li>Installare e lanciare l&#8217;applicazione, accedere con il nome e la password del proprio account (crearne uno se non si possiede un account).<\/li>\n<li>Seguite queste istruzioni per attivare un nuovo acquisto al dettaglio su Steam:\n<ul>\n<li>Avviate Steam e accedete al vostro account Steam.<\/li>\n<li>Fare clic sul menu &#8220;Giochi&#8221;.<\/li>\n<li>Selezionare &#8220;Attiva un prodotto su Steam&#8230;&#8221;.<\/li>\n<li>Seguire le istruzioni sullo schermo per completare la procedura.<\/li>\n<\/ul>\n<\/li>\n<li>Dopo aver verificato il codice, andare alla scheda &#8220;I miei giochi&#8221; e iniziare il download.<\/li>\n<\/ol>\n","protected":false},"excerpt":{"rendered":"<p>Dopo il pagamento ed entro 24 ore riceverete via e-mail la chiave digitale per poter giocare al gioco appena acquistato.<\/p>\n","protected":false},"featured_media":26983,"comment_status":"closed","ping_status":"closed","template":"","meta":{"wds_primary_product_brand":0,"wds_primary_product_cat":0},"product_brand":[],"product_cat":[380,379,381,504,512,383,515,384],"product_tag":[],"class_list":{"0":"post-30618","1":"product","2":"type-product","3":"status-publish","4":"has-post-thumbnail","6":"product_cat-avventura","7":"product_cat-azione","8":"product_cat-chiavi-digital-pc","9":"product_cat-date-di-uscita-2023","10":"product_cat-giocatore-singolo","11":"product_cat-orrore","12":"product_cat-terza-persona","13":"product_cat-videogiochi","15":"first","16":"outofstock","17":"sale","18":"virtual","19":"purchasable","20":"product-type-simple"},"_links":{"self":[{"href":"https:\/\/www.asimis-market.com\/it\/wp-json\/wp\/v2\/product\/30618","targetHints":{"allow":["GET"]}}],"collection":[{"href":"https:\/\/www.asimis-market.com\/it\/wp-json\/wp\/v2\/product"}],"about":[{"href":"https:\/\/www.asimis-market.com\/it\/wp-json\/wp\/v2\/types\/product"}],"replies":[{"embeddable":true,"href":"https:\/\/www.asimis-market.com\/it\/wp-json\/wp\/v2\/comments?post=30618"}],"wp:featuredmedia":[{"embeddable":true,"href":"https:\/\/www.asimis-market.com\/it\/wp-json\/wp\/v2\/media\/26983"}],"wp:attachment":[{"href":"https:\/\/www.asimis-market.com\/it\/wp-json\/wp\/v2\/media?parent=30618"}],"wp:term":[{"taxonomy":"product_brand","embeddable":true,"href":"https:\/\/www.asimis-market.com\/it\/wp-json\/wp\/v2\/product_brand?post=30618"},{"taxonomy":"product_cat","embeddable":true,"href":"https:\/\/www.asimis-market.com\/it\/wp-json\/wp\/v2\/product_cat?post=30618"},{"taxonomy":"product_tag","embeddable":true,"href":"https:\/\/www.asimis-market.com\/it\/wp-json\/wp\/v2\/product_tag?post=30618"}],"curies":[{"name":"wp","href":"https:\/\/api.w.org\/{rel}","templated":true}]}}