{"id":30619,"date":"2023-10-12T17:36:09","date_gmt":"2023-10-12T14:36:09","guid":{"rendered":"https:\/\/www.asimis-market.com\/product\/system-shock-steam-chiave-digitale-inglese-prezzo-senza-costi-aggiuntivi\/"},"modified":"2023-10-12T17:36:09","modified_gmt":"2023-10-12T14:36:09","slug":"system-shock-steam-chiave-digitale-inglese-prezzo-senza-costi-aggiuntivi","status":"publish","type":"product","link":"https:\/\/www.asimis-market.com\/it\/prodotto\/system-shock-steam-chiave-digitale-inglese-prezzo-senza-costi-aggiuntivi\/","title":{"rendered":"SYSTEM SHOCK STEAM CHIAVE DIGITALE INGLESE (PREZZO SENZA COSTI AGGIUNTIVI)"},"content":{"rendered":"<p><strong>IL GIOCO<\/strong><\/p>\n<p>Siete stanchi di navigare tra i titoli della vostra vecchia collezione di giochi? \u00c8 tempo di rinfrescarsi! La chiave di System Shock su Steam \u00e8 uno dei pi\u00f9 importanti giochi d&#8217;azione, sviluppato da Nightdive Studios e presentato il 30 maggio 2023 da un rinomato studio di giochi &#8211; Prime Matter. Che siate nuovi al genere o veterani che conoscono la maggior parte dei titoli d&#8217;azione, questo gioco offre un&#8217;esperienza rinfrescante per entrambi i tipi di giocatori. Acquistate la chiave Steam di System Shock e lanciatevi all&#8217;avventura, provate le incredibili caratteristiche del gioco che aggiungono unicit\u00e0 al titolo e lo distinguono dalla maggior parte degli altri giochi!<\/p>\n<p>Genere azione<\/p>\n<p>Poich\u00e9 System Shock Steam key \u00e8 un gioco d&#8217;azione, i giocatori diventeranno parte di un&#8217;esperienza eccezionalmente unica e personale. Possono aspettarsi di avere il controllo completo del personaggio. Dalla definizione dell&#8217;obiettivo alla scelta del giusto metodo di consegna, tutto sar\u00e0 nelle mani del giocatore. Non dimenticate che da un grande potere derivano grandi responsabilit\u00e0. Avere il controllo significa assumersi dei rischi, prendere decisioni rapide e fare strategia per garantire che il personaggio riesca a combattere e a rimanere in vita.<\/p>\n<p>Caratteristiche<\/p>\n<p>Molte caratteristiche e meccaniche accattivanti compongono System Shock Key! Non stupitevi se vi ritroverete a giocare a questo titolo per ore:<\/p>\n<p>&#8211; Avventura &#8211; Incontrate e interagite con personaggi colorati, risolvete vari enigmi ed esplorate il mondo.<br \/>\n&#8211; Ambientazione atmosferica &#8211; Il gioco combina una colonna sonora incredibile con una grafica straordinaria per un&#8217;esperienza coinvolgente.<br \/>\n&#8211; Gore &#8211; Il gioco raffigura teste, arti, toraci, intestini e sangue decapitati.<br \/>\n&#8211; Horror &#8211; Si entra in un mondo da incubo, arricchito da un&#8217;atmosfera cupa e dalle creature mostruose che lo abitano.<br \/>\n&#8211; Remake &#8211; Si tratta di una versione migliorata dell&#8217;originale, ora con grafica HD e gameplay migliorato.<br \/>\n&#8211; Ambientazione fantascientifica &#8211; Il gioco esplora un mondo futuristico e tecnologicamente avanzato e tutto ci\u00f2 che esso comporta.<br \/>\n&#8211; Sparatutto &#8211; Questo titolo si concentra su sparatorie esplosive, raccolta di armi potenti e smembramento degli avversari.<br \/>\n&#8211; Singleplayer &#8211; Il gioco include una campagna narrativa pensata per i giocatori solitari.<br \/>\n&#8211; Ambientazione spaziale &#8211; \u00c8 possibile esplorare una galassia apparentemente infinita e visitare pianeti lontani, sistemi astrali e molto altro.<br \/>\n&#8211; Survival horror &#8211; Entrate in un mondo tetro abitato da creature ripugnanti e vi vengono offerti pochi o nessun mezzo per combatterle.<br \/>\n&#8211; Prezzo accessibile della chiave System Shock.<\/p>\n<p>&nbsp;<\/p>\n<p><iframe loading=\"lazy\" title=\"System Shock - Official &#039;Blessings of AI&#039; Launch Trailer\" width=\"1020\" height=\"574\" src=\"https:\/\/www.youtube.com\/embed\/iWY4X1uaYhA?feature=oembed\" frameborder=\"0\" allow=\"accelerometer; autoplay; clipboard-write; encrypted-media; gyroscope; picture-in-picture; web-share\" allowfullscreen><\/iframe><\/p>\n<p>&nbsp;<\/p>\n<p><strong>Ulteriori dettagli sul gioco<\/strong><\/p>\n<p>Prima data di uscita: 30 maggio 2023<br \/>\nModalit\u00e0: Videogioco per giocatore singolo<br \/>\nSviluppatore: Nightdive Studios<br \/>\nSerie: System Shock<br \/>\nGeneri: Videogioco sparatutto in prima persona, Videogioco d&#8217;azione e avventura<br \/>\nPiattaforme: PlayStation 5, Xbox One, PlayStation 4, PC Windows<br \/>\nEditori: Prime Matter, Plaion<\/p>\n<p><strong>LINGUAGGIO DI GIOCO<\/strong><br \/>\nInglese<\/p>\n<p><strong><span class=\"HwtZe\" lang=\"en\"><span class=\"jCAhz ChMk0b\"><span class=\"ryNqvb\">REQUISITI DI SISTEMA<\/span><\/span><\/span><\/strong><br \/>\nRichiede un processore e un sistema operativo a 64 bit<br \/>\nOS: Windows 7\/8.1\/10 (solo 64 bit)<br \/>\nProcessore: Intel Core i5-2400\/AMD FX-8320 o superiore<br \/>\nMemoria: 4 GB DI RAM<br \/>\nGrafica: NVIDIA GTX 670 2GB\/AMD Radeon HD 7870 2GB o superiore<br \/>\nDirectX: versione 11<br \/>\nMemoria: 2 GB di spazio disponibile<\/p>\n<p><strong>Come attivare una chiave Steam:<\/strong><\/p>\n<ol>\n<li>Andate sul sito web: <a href=\"http:\/\/store.steampowered.com\/\" target=\"_new\" rel=\"noopener\">http:\/\/store.steampowered.com\/<\/a> e scaricate il programma client di Steam.<\/li>\n<li>Fate clic su &#8220;Installa Steam&#8221; (dall&#8217;angolo in alto a destra).<\/li>\n<li>Installare e lanciare l&#8217;applicazione, accedere con il nome e la password del proprio account (crearne uno se non si possiede un account).<\/li>\n<li>Seguite queste istruzioni per attivare un nuovo acquisto al dettaglio su Steam:\n<ul>\n<li>Avviate Steam e accedete al vostro account Steam.<\/li>\n<li>Fare clic sul menu &#8220;Giochi&#8221;.<\/li>\n<li>Selezionare &#8220;Attiva un prodotto su Steam&#8230;&#8221;.<\/li>\n<li>Seguire le istruzioni sullo schermo per completare la procedura.<\/li>\n<\/ul>\n<\/li>\n<li>Dopo aver verificato il codice, andare alla scheda &#8220;I miei giochi&#8221; e iniziare il download.<\/li>\n<\/ol>\n","protected":false},"excerpt":{"rendered":"<p>Dopo il pagamento ed entro 24 ore riceverete via e-mail anche la chiave digitale per poter giocare al gioco appena acquistato.<\/p>\n","protected":false},"featured_media":26967,"comment_status":"closed","ping_status":"closed","template":"","meta":{"wds_primary_product_brand":0,"wds_primary_product_cat":0},"product_brand":[],"product_cat":[380,379,381,504,505,512,383,382,510,384],"product_tag":[],"class_list":{"0":"post-30619","1":"product","2":"type-product","3":"status-publish","4":"has-post-thumbnail","6":"product_cat-avventura","7":"product_cat-azione","8":"product_cat-chiavi-digital-pc","9":"product_cat-date-di-uscita-2023","10":"product_cat-fantasia","11":"product_cat-giocatore-singolo","12":"product_cat-orrore","13":"product_cat-prima-persona","14":"product_cat-sci-fi-it","15":"product_cat-videogiochi","17":"first","18":"outofstock","19":"sale","20":"virtual","21":"purchasable","22":"product-type-simple"},"_links":{"self":[{"href":"https:\/\/www.asimis-market.com\/it\/wp-json\/wp\/v2\/product\/30619","targetHints":{"allow":["GET"]}}],"collection":[{"href":"https:\/\/www.asimis-market.com\/it\/wp-json\/wp\/v2\/product"}],"about":[{"href":"https:\/\/www.asimis-market.com\/it\/wp-json\/wp\/v2\/types\/product"}],"replies":[{"embeddable":true,"href":"https:\/\/www.asimis-market.com\/it\/wp-json\/wp\/v2\/comments?post=30619"}],"wp:featuredmedia":[{"embeddable":true,"href":"https:\/\/www.asimis-market.com\/it\/wp-json\/wp\/v2\/media\/26967"}],"wp:attachment":[{"href":"https:\/\/www.asimis-market.com\/it\/wp-json\/wp\/v2\/media?parent=30619"}],"wp:term":[{"taxonomy":"product_brand","embeddable":true,"href":"https:\/\/www.asimis-market.com\/it\/wp-json\/wp\/v2\/product_brand?post=30619"},{"taxonomy":"product_cat","embeddable":true,"href":"https:\/\/www.asimis-market.com\/it\/wp-json\/wp\/v2\/product_cat?post=30619"},{"taxonomy":"product_tag","embeddable":true,"href":"https:\/\/www.asimis-market.com\/it\/wp-json\/wp\/v2\/product_tag?post=30619"}],"curies":[{"name":"wp","href":"https:\/\/api.w.org\/{rel}","templated":true}]}}