{"id":30620,"date":"2023-10-12T17:36:08","date_gmt":"2023-10-12T14:36:08","guid":{"rendered":"https:\/\/www.asimis-market.com\/product\/wo-long-fallen-dynasty-steam-chiave-digitale-globale-prezzo-senza-costi-aggiuntivi\/"},"modified":"2023-10-12T17:36:08","modified_gmt":"2023-10-12T14:36:08","slug":"wo-long-fallen-dynasty-steam-chiave-digitale-globale-prezzo-senza-costi-aggiuntivi","status":"publish","type":"product","link":"https:\/\/www.asimis-market.com\/it\/prodotto\/wo-long-fallen-dynasty-steam-chiave-digitale-globale-prezzo-senza-costi-aggiuntivi\/","title":{"rendered":"WO LONG FALLEN DYNASTY STEAM CHIAVE DIGITALE GLOBALE (PREZZO SENZA COSTI AGGIUNTIVI)"},"content":{"rendered":"<p><strong>IL GIOCO<\/strong><br \/>\nImmergetevi in un gioco di ruolo d&#8217;azione sviluppato dal Team NINJA, noto per il suo lavoro sulle serie Ninja Gaiden e Nioh. Gli sviluppatori vi invitano a visitare l&#8217;antica Cina, afflitta da demoni e mostri, dove voi siete l&#8217;ultimo baluardo di speranza. Wo Long offre un&#8217;azione frenetica e nuove meccaniche di gioco che apportano un tocco di freschezza all&#8217;amata formula dei souls-like. Se amate il genere souls-like e giochi come Sekiro: Shadows Die Twice e il gi\u00e0 citato Nioh, Wo Long \u00e8 il gioco che fa per voi. Acquista Wo Long: Fallen Dynasty Steam e prova un gioco ispirato alla mitologia cinese e alle arti marziali!<\/p>\n<p>Caratteristiche di Wo Long: Dinastia Caduta<br \/>\nQueste caratteristiche di gioco di Wo Long: Fallen Dynasty offre una nuova prospettiva sulla formula dei souls-like:<\/p>\n<p>Combattimento veloce: Dimenticate i combattimenti lenti e calcolati dei giochi simili ai souls: Wo Long offre battaglie veloci, aggressive e dinamiche.<br \/>\nPadroneggiare le arti marziali: Per avere successo in Wo Long, \u00e8 necessario eccellere negli stili di combattimento ispirati alle arti marziali cinesi.<br \/>\nColpisci per primo, colpisci forte: il gioco premia il gioco aggressivo con una meccanica chiamata Spirit gauge. Continuate ad attaccare i vostri nemici e costruite il vostro spirito per attacchi pi\u00f9 potenti; giocate con prudenza e lo spirito del vostro guerriero potrebbe spezzarsi.<br \/>\nTenete alto il morale: Questo nuovo sistema sostituisce i tradizionali livelli dei nemici. Sia voi che i vostri nemici avete un morale e se sconfiggete un nemico, perdete il vostro morale. In cambio, il nemico guadagna il morale perso, rendendolo pi\u00f9 forte. Siete pronti per la sfida?<br \/>\nScatenate gli spiriti: Scegliete il vostro stile di battaglia e accompagnatelo con potenti incantesimi che scatenano attacchi devastanti, dalla magia d&#8217;acqua che affonda le sue radici nella segretezza agli incendi furiosi e molto altro ancora.<br \/>\nPrezzo accessibile per Wo Long: Fallen Dynasty prezzo.<\/p>\n<p>Il gioco souls-like pi\u00f9 conveniente? Se c&#8217;\u00e8 una cosa per cui il genere soulsborne \u00e8 noto, \u00e8 la difficolt\u00e0. Sebbene il gameplay impegnativo e i combattimenti lenti e metodici possano rappresentare un ostacolo per molti giocatori, Wo Long: Fallen Dynasty osa infrangere le regole. Il gioco invita a vivere la caduta dei Tre Regni e a resistere ai demoni ispirati alla mitologia cinese. Con combattimenti frenetici, una variet\u00e0 di armi e magie a disposizione, Wo Long premia uno stile di gioco aggressivo ed \u00e8 il gioco souls-like pi\u00f9 accessibile per chi ha sempre voluto avvicinarsi al genere. Sia i neofiti che i professionisti pi\u00f9 esperti apprezzeranno questa rivisitazione del genere. Acquista la chiave di vapore di Wo Long: Fallen Dynasty Steam key e vivi l&#8217;epopea dark fantasy!<\/p>\n<p>&nbsp;<\/p>\n<p><iframe loading=\"lazy\" title=\"Wo Long: Fallen Dynasty - Official Launch Trailer\" width=\"1020\" height=\"574\" src=\"https:\/\/www.youtube.com\/embed\/SWRcZN4jMW8?feature=oembed\" frameborder=\"0\" allow=\"accelerometer; autoplay; clipboard-write; encrypted-media; gyroscope; picture-in-picture; web-share\" allowfullscreen><\/iframe><\/p>\n<p>&nbsp;<\/p>\n<p><iframe loading=\"lazy\" title=\"Wo Long: Fallen Dynasty Official Gameplay Trailer\" width=\"1020\" height=\"574\" src=\"https:\/\/www.youtube.com\/embed\/9aa6jFsnRfg?feature=oembed\" frameborder=\"0\" allow=\"accelerometer; autoplay; clipboard-write; encrypted-media; gyroscope; picture-in-picture; web-share\" allowfullscreen><\/iframe><\/p>\n<p>&nbsp;<\/p>\n<p><strong>ULTERIORI DETTAGLI SUL GIOCO<\/strong><br \/>\nPiattaforme: PlayStation 5, PlayStation 4, Xbox One, Xbox Series X\/S, Xbox Cloud Gaming, Microsoft Windows<br \/>\nData di uscita: 3 marzo 2023<br \/>\nGeneri: Videogiochi di combattimento, Videogiochi di avventura, Hack and Slash, Avventura, RPG<br \/>\nSviluppatori: Team Ninja, Koei Tecmo<br \/>\nModalit\u00e0: Videogioco multigiocatore<br \/>\nEditori: Koei Tecmo, CE-Asia (Asia), KOEI TECMO AMERICA Corporation<\/p>\n<p><strong>LINGUAGGIO DI GIOCO<\/strong><br \/>\nInglese<br \/>\nFrancese<br \/>\nTedesco<br \/>\nItaliano<br \/>\nGiapponese<br \/>\nSpagnolo &#8211; Spagna<\/p>\n<p><strong><span class=\"HwtZe\" lang=\"en\"><span class=\"jCAhz ChMk0b\"><span class=\"ryNqvb\">REQUISITI DI SISTEMA<\/span><\/span><\/span><\/strong><br \/>\nMinimo:<br \/>\nRichiede un processore e un sistema operativo a 64 bit<br \/>\nOS: Windows\u00ae 10, Windows\u00ae 11, 64 bit<br \/>\nProcessore: Intel\u00ae Core\u2122 i5-8400\u3001AMD Ryzen\u2122 5 3400G<br \/>\nMemoria: 8 GB di RAM<br \/>\nGrafica: GeForce GTX 1650 4GB\u3001Radeon RX 570 4GB<br \/>\nDirectX: versione 12<br \/>\nRete: Connessione Internet a banda larga<br \/>\nSpazio di archiviazione: 60 GB di spazio disponibile<br \/>\nScheda audio: \u00c8 possibile riprodurre file WAVE a 16 bit stereo e 48 kHz.<br \/>\nNote aggiuntive: HDD\u3001720P\u300130FPS<\/p>\n<p><strong>Come attivare una chiave Steam:<\/strong><br \/>\n&#8211; Andare su: http:\/\/store.steampowered.com\/ e scaricare il client STEAM<br \/>\n&#8211; Fare clic su &#8220;Installa Steam&#8221; (dall&#8217;angolo in alto a destra)<br \/>\n&#8211; Installare e lanciare l&#8217;applicazione, accedere con il nome e la password del proprio account (crearne uno se non lo si possiede).<br \/>\n&#8211; Seguite queste istruzioni per attivare un nuovo acquisto al dettaglio su Steam:<br \/>\n&#8211; Lanciate Steam e accedete al vostro account Steam.<br \/>\n&#8211; Fare clic sul menu Giochi.<br \/>\n&#8211; Selezionare l&#8217;attivazione del prodotto su Steam&#8230;<br \/>\n&#8211; Seguire le istruzioni sullo schermo per completare la procedura.<br \/>\n&#8211; Dopo aver verificato il codice, andare alla scheda &#8220;I miei giochi&#8221; e avviare il download.<\/p>\n","protected":false},"excerpt":{"rendered":"<p><span class=\"HwtZe\" lang=\"en\"><span class=\"jCAhz ChMk0b\"><span class=\"ryNqvb\">Dopo il pagamento ed entro 24 ore riceverete via e-mail la chiave digitale per poter giocare al gioco appena acquistato.<\/span><\/span><\/span><\/p>\n","protected":false},"featured_media":26951,"comment_status":"closed","ping_status":"closed","template":"","meta":{"wds_primary_product_brand":0,"wds_primary_product_cat":0},"product_brand":[],"product_cat":[380,379,381,504,512,506,509,515,384],"product_tag":[],"class_list":{"0":"post-30620","1":"product","2":"type-product","3":"status-publish","4":"has-post-thumbnail","6":"product_cat-avventura","7":"product_cat-azione","8":"product_cat-chiavi-digital-pc","9":"product_cat-date-di-uscita-2023","10":"product_cat-giocatore-singolo","11":"product_cat-multigiocatore","12":"product_cat-rpg-it","13":"product_cat-terza-persona","14":"product_cat-videogiochi","16":"first","17":"outofstock","18":"sale","19":"virtual","20":"purchasable","21":"product-type-simple"},"_links":{"self":[{"href":"https:\/\/www.asimis-market.com\/it\/wp-json\/wp\/v2\/product\/30620","targetHints":{"allow":["GET"]}}],"collection":[{"href":"https:\/\/www.asimis-market.com\/it\/wp-json\/wp\/v2\/product"}],"about":[{"href":"https:\/\/www.asimis-market.com\/it\/wp-json\/wp\/v2\/types\/product"}],"replies":[{"embeddable":true,"href":"https:\/\/www.asimis-market.com\/it\/wp-json\/wp\/v2\/comments?post=30620"}],"wp:featuredmedia":[{"embeddable":true,"href":"https:\/\/www.asimis-market.com\/it\/wp-json\/wp\/v2\/media\/26951"}],"wp:attachment":[{"href":"https:\/\/www.asimis-market.com\/it\/wp-json\/wp\/v2\/media?parent=30620"}],"wp:term":[{"taxonomy":"product_brand","embeddable":true,"href":"https:\/\/www.asimis-market.com\/it\/wp-json\/wp\/v2\/product_brand?post=30620"},{"taxonomy":"product_cat","embeddable":true,"href":"https:\/\/www.asimis-market.com\/it\/wp-json\/wp\/v2\/product_cat?post=30620"},{"taxonomy":"product_tag","embeddable":true,"href":"https:\/\/www.asimis-market.com\/it\/wp-json\/wp\/v2\/product_tag?post=30620"}],"curies":[{"name":"wp","href":"https:\/\/api.w.org\/{rel}","templated":true}]}}