{"id":30622,"date":"2023-10-12T17:35:46","date_gmt":"2023-10-12T14:35:46","guid":{"rendered":"https:\/\/www.asimis-market.com\/product\/like-a-dragon-ishin-steam-chiave-digitale-europa-price-without-any-additional-charges-steam-key-europa-prezzo-senza-costi-aggiuntivi\/"},"modified":"2023-12-26T03:37:37","modified_gmt":"2023-12-26T00:37:37","slug":"like-a-dragon-ishin-steam-chiave-digitale-europa-price-without-any-additional-charges-steam-key-europa-prezzo-senza-costi-aggiuntivi","status":"publish","type":"product","link":"https:\/\/www.asimis-market.com\/it\/prodotto\/like-a-dragon-ishin-steam-chiave-digitale-europa-price-without-any-additional-charges-steam-key-europa-prezzo-senza-costi-aggiuntivi\/","title":{"rendered":"LIKE A DRAGON ISHIN! STEAM CHIAVE DIGITALE EUROPA (PREZZO SENZA COSTI AGGIUNTIVI)"},"content":{"rendered":"<p><strong>IL GIOCO<\/strong><br \/>\nCome un drago: Ishin!<br \/>\nDopo il successo dei remake di Yakuza Kiwami e Kiwami 2, gli sviluppatori di Ryu Ga Gotoku vi portano nel Giappone feudale. Questa volta, vestirete i panni del famoso Shinsengumi &#8211; Sait\u014d Hajime, che ha il modello dell&#8217;amato ex-yakuza duro &#8211; Kazuma Kiryu e vi invita a vivere un altro emozionante dramma alimentato dalla vendetta. Come un drago: Ishin! \u00e8 un remake dello spin-off perduto di Yakuza che non \u00e8 mai stato pubblicato al di fuori del Giappone. Ora, per la prima volta, \u00e8 possibile giocarci con una grafica e un gameplay moderni grazie a Like a Dragon: Ishin! Chiave Steam!<br \/>\nCome un drago: Ishin! Caratteristiche del gioco<br \/>\nNon sarebbe un gioco Ryu Ga Gotoku senza queste caratteristiche:<\/p>\n<p>&nbsp;<\/p>\n<p><iframe loading=\"lazy\" title=\"Like a Dragon: Ishin! | Game Trailer\" width=\"1020\" height=\"574\" src=\"https:\/\/www.youtube.com\/embed\/jk_z9hyFY1I?feature=oembed\" frameborder=\"0\" allow=\"accelerometer; autoplay; clipboard-write; encrypted-media; gyroscope; picture-in-picture; web-share\" allowfullscreen><\/iframe><\/p>\n<p>&nbsp;<\/p>\n<p>&#8211; Un cast all-star. I fan della serie riconosceranno personaggi famosi e amati dell&#8217;intera serie Yakuza.<br \/>\n&#8211; Mini-giochi. Come in ogni altro gioco di Yakuza, \u00e8 possibile giocare e partecipare a vari minigiochi, dal canto alle battaglie tra polli.<br \/>\n&#8211; Spadaccino, pistolero, attaccabrighe, danzatore. Combattete con i pugni, con la spada, con la pistola o con entrambe le armi: il modo in cui combattete dipende da voi.<br \/>\n&#8211; Esplosioni di energia simili a quelle della Kamehameha. Non sarebbe un gioco di Ryu Ga Gotoku senza rompere la scena storica con esplosioni di energia simili a quelle di Kamehameha.<br \/>\n&#8211; Kyoto feudale. Esplorate Kyo, una rappresentazione fantastica della Kyoto feudale. Il ciclo del giorno e della notte rende la citt\u00e0 irriconoscibile.<br \/>\n&#8211; Economico come un drago: Ishin! Prezzo.<br \/>\nGioco Yakuza All-Star<br \/>\nCome un drago: Ishin! riunisce gli amati personaggi dell&#8217;intera serie Yakuza. Qui incontrerete personaggi del calibro di Goro Majima, Ryuji Goda e altri volti noti: un cast davvero all-star! Nel frattempo, ogni gioco di Ryu Ga Gotoku gode di umorismo, ma il loro cuore e la loro anima sono ancora nelle storie che raccontano. Se avete mai giocato a uno dei giochi di Yakuza, sapete di dovervi aspettare un&#8217;azione esagerata, combo, mosse finali e una storia che vi lascer\u00e0 a bocca aperta e rider\u00e0 per i colpi di scena, le ridicole missioni secondarie e i personaggi folli, il tutto avvolto da splendidi filmati e da un doppiaggio di alto livello. Come un drago: Ishin! La chiave Steam \u00e8 anche un punto di partenza perfetto per i neofiti che vogliono provare il meglio della serie Yakuza e trovare il coraggio di giocare ai titoli principali.<\/p>\n<p><strong>ALTRI DETTAGLI DEL GIOCO<\/strong><br \/>\nData di uscita: 22 febbraio 2014<br \/>\nModalit\u00e0: Videogioco per giocatore singolo<br \/>\nGeneri: Videogiochi di azione e avventura, Hack and slash<br \/>\nSviluppatori: Ryu Ga Gotoku Studio, Sega<br \/>\nPiattaforme: PC Windows, PlayStation 4, PlayStation 3<br \/>\nEditore: Sega<br \/>\nSerie: Yakuza<\/p>\n<p><strong>LINGUAGGIO DI GIOCO<\/strong><br \/>\nInglese<br \/>\nFrancese<br \/>\nTedesco<br \/>\nItaliano<br \/>\nGiapponese<br \/>\nCoreano<br \/>\nCinese semplificato<br \/>\nSpagnolo<br \/>\nCinese tradizionale<\/p>\n<p><strong><span class=\"HwtZe\" lang=\"en\"><span class=\"jCAhz ChMk0b\"><span class=\"ryNqvb\">REQUISITI DI SISTEMA<\/span><\/span><\/span><\/strong><br \/>\nMinimo:<br \/>\nRichiede un processore e un sistema operativo a 64 bit<br \/>\nOS: Windows 10<br \/>\nProcessore: Intel Core i5-3470, 3,2 GHz o AMD Ryzen 3 1200, 3,1 GHz<br \/>\nMemoria: 8 GB di RAM<br \/>\nGrafica: NVIDIA GeForce GTX 960, 2 GB o AMD Radeon RX 460, 2 GB<br \/>\nDirectX: versione 12<br \/>\nSpazio di archiviazione: 60 GB di spazio disponibile<br \/>\nScheda audio: Dispositivo audio compatibile con Windows<br \/>\nNote aggiuntive: 1080p Basso @ 30 FPS. Richiede una CPU che supporti il set di istruzioni AVX e SSE4.2.<\/p>\n<p><strong>Come attivare una chiave Steam:<\/strong><br \/>\n&#8211; Andare su: http:\/\/store.steampowered.com\/ e scaricare il client STEAM<br \/>\n&#8211; Fare clic su &#8220;Installa Steam&#8221; (dall&#8217;angolo in alto a destra)<br \/>\n&#8211; Installare e lanciare l&#8217;applicazione, accedere con il nome e la password del proprio account (crearne uno se non lo si possiede).<br \/>\n&#8211; Seguite queste istruzioni per attivare un nuovo acquisto al dettaglio su Steam:<br \/>\n&#8211; Lanciate Steam e accedete al vostro account Steam.<br \/>\n&#8211; Fare clic sul menu Giochi.<br \/>\n&#8211; Selezionare l&#8217;attivazione del prodotto su Steam&#8230;<br \/>\n&#8211; Seguire le istruzioni sullo schermo per completare la procedura.<br \/>\n&#8211; Dopo aver verificato il codice, andare alla scheda &#8220;I miei giochi&#8221; e avviare il download.<\/p>\n","protected":false},"excerpt":{"rendered":"<p>Dopo il pagamento ed entro 24 ore riceverete via e-mail la chiave digitale per poter giocare al gioco appena acquistato.<\/p>\n","protected":false},"featured_media":26919,"comment_status":"closed","ping_status":"closed","template":"","meta":{"wds_primary_product_brand":0,"wds_primary_product_cat":0},"product_brand":[],"product_cat":[380,379,381,504,512,384],"product_tag":[],"class_list":{"0":"post-30622","1":"product","2":"type-product","3":"status-publish","4":"has-post-thumbnail","6":"product_cat-avventura","7":"product_cat-azione","8":"product_cat-chiavi-digital-pc","9":"product_cat-date-di-uscita-2023","10":"product_cat-giocatore-singolo","11":"product_cat-videogiochi","13":"first","14":"outofstock","15":"sale","16":"virtual","17":"purchasable","18":"product-type-simple"},"_links":{"self":[{"href":"https:\/\/www.asimis-market.com\/it\/wp-json\/wp\/v2\/product\/30622","targetHints":{"allow":["GET"]}}],"collection":[{"href":"https:\/\/www.asimis-market.com\/it\/wp-json\/wp\/v2\/product"}],"about":[{"href":"https:\/\/www.asimis-market.com\/it\/wp-json\/wp\/v2\/types\/product"}],"replies":[{"embeddable":true,"href":"https:\/\/www.asimis-market.com\/it\/wp-json\/wp\/v2\/comments?post=30622"}],"wp:featuredmedia":[{"embeddable":true,"href":"https:\/\/www.asimis-market.com\/it\/wp-json\/wp\/v2\/media\/26919"}],"wp:attachment":[{"href":"https:\/\/www.asimis-market.com\/it\/wp-json\/wp\/v2\/media?parent=30622"}],"wp:term":[{"taxonomy":"product_brand","embeddable":true,"href":"https:\/\/www.asimis-market.com\/it\/wp-json\/wp\/v2\/product_brand?post=30622"},{"taxonomy":"product_cat","embeddable":true,"href":"https:\/\/www.asimis-market.com\/it\/wp-json\/wp\/v2\/product_cat?post=30622"},{"taxonomy":"product_tag","embeddable":true,"href":"https:\/\/www.asimis-market.com\/it\/wp-json\/wp\/v2\/product_tag?post=30622"}],"curies":[{"name":"wp","href":"https:\/\/api.w.org\/{rel}","templated":true}]}}