{"id":30623,"date":"2023-10-12T17:35:46","date_gmt":"2023-10-12T14:35:46","guid":{"rendered":"https:\/\/www.asimis-market.com\/product\/returnal-steam-chiave-digitale-europa-prezzo-senza-costi-aggiuntivi\/"},"modified":"2023-10-12T17:35:46","modified_gmt":"2023-10-12T14:35:46","slug":"returnal-steam-chiave-digitale-europa-prezzo-senza-costi-aggiuntivi","status":"publish","type":"product","link":"https:\/\/www.asimis-market.com\/it\/prodotto\/returnal-steam-chiave-digitale-europa-prezzo-senza-costi-aggiuntivi\/","title":{"rendered":"RETURNAL STEAM CHIAVE DIGITALE EUROPA (PREZZO SENZA COSTI AGGIUNTIVI)"},"content":{"rendered":"<p><strong>IL GIOCO<\/strong><br \/>\nQuesto pluripremiato sparatutto in terza persona porta l&#8217;azione bullet hell sul vostro computer. L&#8217;odissea degli inganni di Selene prende vita grazie a una grafica straordinaria e a miglioramenti delle prestazioni che garantiscono un viaggio indimenticabile. Questo include l&#8217;esperienza completa di Returnal\u2122, con le funzioni Suspend Cycle, Photo e Co-op, oltre alla Torre di Sisifo inclusa fin dal primo giorno.<\/p>\n<p>BACKGROUND:<br \/>\nDopo essere atterrata in questo mondo in continuo mutamento, Selene deve esplorare l&#8217;arido paesaggio di un&#8217;antica civilt\u00e0 per fuggire. Isolata e sola, si ritrova a lottare con le unghie e con i denti per la sopravvivenza. Pi\u00f9 volte viene sconfitta, costretta a ricominciare il suo viaggio ogni volta che muore. Attraverso un gameplay veloce e spietato, scoprirete che, cos\u00ec come il pianeta cambia a ogni ciclo, anche gli oggetti a vostra disposizione cambiano. Ogni anello offre nuove combinazioni, consentendo di superare i propri limiti e di affrontare la battaglia con una strategia diversa ogni volta.<\/p>\n<p>&nbsp;<\/p>\n<p><iframe loading=\"lazy\" title=\"Returnal - Announcement Trailer | PS5\" width=\"1020\" height=\"574\" src=\"https:\/\/www.youtube.com\/embed\/Jv4BjWoB-NA?feature=oembed\" frameborder=\"0\" allow=\"accelerometer; autoplay; clipboard-write; encrypted-media; gyroscope; picture-in-picture; web-share\" allowfullscreen><\/iframe><\/p>\n<p>&nbsp;<\/p>\n<p>Con effetti visivi sbalorditivi, l&#8217;oscura bellezza del mondo che si dipana intorno a voi \u00e8 piena di sorprese esplosive. Dalle scommesse ad alta quota, alle battaglie a colpi di proiettile, ai colpi di scena in ambienti intensi e contrastanti, esplorerete, scoprirete e combatterete attraverso un viaggio spietato in cui il mistero insegue ogni vostra mossa. Progettato per una giocabilit\u00e0 eccezionale, il mondo procedurale di Returnal invita a rispolverarsi di fronte alle sconfitte e ad affrontare nuove sfide in evoluzione a ogni rinascita.<\/p>\n<p>L&#8217;esperienza completa su PC:<br \/>\nInclude il supporto per gli obiettivi, con il monitoraggio dei progressi nel gioco. Sono incluse cinque impostazioni grafiche preimpostate e metriche delle prestazioni di gioco, tra cui un contatore di FPS, misuratori dell&#8217;utilizzo di GPU e CPU e un tracker della latenza di ingresso.<\/p>\n<p>Godetevi un&#8217;esperienza visiva abbagliante:<br \/>\nI rapporti d&#8217;aspetto di 16:10, Ultrawide (21:9) e Super Ultrawide (32:9) offrono un campo visivo pi\u00f9 ampio in tutto Atropos, con prospettive pi\u00f9 ampie per i filmati e l&#8217;interfaccia utente. Il tutto con una straordinaria risoluzione 4K.(1) Sui PC di fascia alta, \u00e8 possibile godere di un&#8217;immersione pi\u00f9 profonda grazie ai riflessi e alle ombre in ray-tracing, che aggiungono un livello completamente nuovo di opzioni di illuminazione, tutte regolabili attraverso varie impostazioni. Sono inoltre disponibili tecnologie di miglioramento delle prestazioni, come DLSS e NIS di NVIDIA e FSR di AMD(2).<\/p>\n<p>Sentire il sovraccarico sensoriale, in prima persona:<br \/>\nIl controller DualSense consente di sperimentare il feedback aptico e gli effetti dinamici di attivazione.(3) In alternativa, \u00e8 possibile scegliere il mouse e la tastiera o altri input del controller, il tutto con indicazioni dei pulsanti completamente personalizzabili. Sono state aggiunte anche opzioni di accessibilit\u00e0 migliorate, tra cui la notifica della carica di alt-fire e un sistema di ping in cooperativa. \u00c8 disponibile il supporto Dolby Atmos e la possibilit\u00e0 di selezionare il tipo di supporto audio 3D.(4) Il suono intorno a voi \u00e8 percepito con precisione millimetrica, dando vita agli ambienti e migliorando le vostre reazioni.<\/p>\n<p>Modalit\u00e0 cooperativa:<br \/>\nIn modalit\u00e0 cooperativa, condividete il vostro viaggio nel labirinto in continua evoluzione di Atropos con un altro giocatore di computer.(5) La natura ostile di Atropos rimarr\u00e0 invariata, ma la possibilit\u00e0 di collaborare aggiunge una dimensione e un mezzo di sopravvivenza completamente nuovi. Ogni giocatore controlla una versione diversa di Selene proveniente da cicli diversi. Utilizzando il dispositivo Chronosis presente in ogni bioma, il giocatore ospite pu\u00f2 invitare un amico o essere abbinato a un altro giocatore online casuale. I progressi del giocatore ospite determinano il pool di oggetti disponibili per la durata della sessione multigiocatore.<\/p>\n<p>Torre di Sisifo:<br \/>\nAl prossimo risveglio sul luogo dell&#8217;incidente, guardate in alto. Dovreste essere in grado di vedere un passaggio per la Torre di Sisifo, accessibile se avete sbloccato il Grappolo Icariano.(5) In questa Torre, preparatevi a un nuovo tipo di sfida. \u00c8 una sfida quasi infinita, incentrata esclusivamente sul combattimento, sul punteggio e sui progressi, che offre esclusivamente oggetti, registri di esplorazione e persino frammenti nascosti della storia di Selene.<br \/>\n5 La Torre di Sisifo, le sequenze della Casa e la modalit\u00e0 Sfida non sono disponibili in modalit\u00e0 cooperativa. Il cross-play con i giocatori delle console PlayStation\u00ae5 non \u00e8 supportato.<\/p>\n<p>BATTAGLIA INTENSA &#8211; Combattete per sopravvivere in questa odissea sparatutto in terza persona.<br \/>\nAffrontate nemici implacabili in battaglie esplosive a colpi di proiettili.<br \/>\nESPLORAZIONE COMBINATA &#8211; Gestite con cura attrezzature e risorse: a ogni morte, si riparte dall&#8217;inizio.<br \/>\nSaccheggiate la tecnologia aliena per ottenere aggiornamenti che migliorino le vostre abilit\u00e0 nei cicli futuri.<br \/>\nHAUNTED NARRATIVE &#8211; Unisci i pezzi dei ricordi di Selene alla ricerca di risposte.<br \/>\nCreate un legame personale con il pianeta mentre esplorate un terreno in continua evoluzione e in divenire.<\/p>\n<p><strong>ALTRI DETTAGLI DEL GIOCO<\/strong><br \/>\nSviluppatori: Housemarque, Climax Studios<br \/>\nData di uscita: 15 febbraio 2023<br \/>\nModalit\u00e0: Videogioco multiplayer<br \/>\nPremi: Premio BAFTA Video Game per il miglior gioco, PI\u00d9<br \/>\nNomination: Premio BAFTA Video Game per il miglior gioco, ALTRO<br \/>\nGeneri: Roguelike, Sparatutto in terza persona, Videogiochi d&#8217;avventura<br \/>\nPiattaforme: PlayStation 5, Microsoft Windows<br \/>\nEDITORE: PlayStation PC LLC<\/p>\n<p><strong>LINGUAGGIO DI GIOCO<\/strong><br \/>\nInglese<br \/>\nFrancese<br \/>\nItaliano<br \/>\nTedesco<br \/>\nSpagnolo<\/p>\n<p><strong><span class=\"HwtZe\" lang=\"en\"><span class=\"jCAhz ChMk0b\"><span class=\"ryNqvb\">REQUISITI DI SISTEMA<\/span><\/span><\/span><\/strong><br \/>\nMinimo:<br \/>\nOS: Windows 10 64-bit (versione 1903)<br \/>\nProcessore: Intel Core i5-6400 (4 core 2,7GHz) AMD Ryzen 5 1500X (4 core 3,5GHz)<br \/>\nMemoria: 16 GB di RAM<br \/>\nGrafica: NVIDIA GeForce GTX 1060 (6 GB) AMD Radeon RX 580 (8 GB)<br \/>\nSpazio di archiviazione: 60 GB di spazio disponibile<br \/>\nNote aggiuntive: SSD consigliato<\/p>\n<p><strong>Come attivare una chiave Steam:<\/strong><br \/>\n&#8211; Andare su: http:\/\/store.steampowered.com\/ e scaricare il client STEAM<br \/>\n&#8211; Fare clic su &#8220;Installa Steam&#8221; (dall&#8217;angolo in alto a destra)<br \/>\n&#8211; Installare e lanciare l&#8217;applicazione, accedere con il nome e la password del proprio account (crearne uno se non lo si possiede).<br \/>\n&#8211; Seguite queste istruzioni per attivare un nuovo acquisto al dettaglio su Steam:<br \/>\n&#8211; Lanciate Steam e accedete al vostro account Steam.<br \/>\n&#8211; Fare clic sul menu Giochi.<br \/>\n&#8211; Selezionare l&#8217;attivazione del prodotto su Steam&#8230;<br \/>\n&#8211; Seguire le istruzioni sullo schermo per completare la procedura.<br \/>\n&#8211; Dopo aver verificato il codice, andare alla scheda &#8220;I miei giochi&#8221; e avviare il download.<\/p>\n<p>&nbsp;<\/p>\n","protected":false},"excerpt":{"rendered":"<p>Dopo il pagamento ed entro 24 ore riceverete via e-mail la chiave digitale per poter giocare al gioco appena acquistato.<\/p>\n","protected":false},"featured_media":26903,"comment_status":"closed","ping_status":"closed","template":"","meta":{"wds_primary_product_brand":0,"wds_primary_product_cat":0},"product_brand":[],"product_cat":[379,381,504,505,512,506,510,515,384],"product_tag":[],"class_list":{"0":"post-30623","1":"product","2":"type-product","3":"status-publish","4":"has-post-thumbnail","6":"product_cat-azione","7":"product_cat-chiavi-digital-pc","8":"product_cat-date-di-uscita-2023","9":"product_cat-fantasia","10":"product_cat-giocatore-singolo","11":"product_cat-multigiocatore","12":"product_cat-sci-fi-it","13":"product_cat-terza-persona","14":"product_cat-videogiochi","16":"first","17":"outofstock","18":"sale","19":"virtual","20":"purchasable","21":"product-type-simple"},"_links":{"self":[{"href":"https:\/\/www.asimis-market.com\/it\/wp-json\/wp\/v2\/product\/30623","targetHints":{"allow":["GET"]}}],"collection":[{"href":"https:\/\/www.asimis-market.com\/it\/wp-json\/wp\/v2\/product"}],"about":[{"href":"https:\/\/www.asimis-market.com\/it\/wp-json\/wp\/v2\/types\/product"}],"replies":[{"embeddable":true,"href":"https:\/\/www.asimis-market.com\/it\/wp-json\/wp\/v2\/comments?post=30623"}],"wp:featuredmedia":[{"embeddable":true,"href":"https:\/\/www.asimis-market.com\/it\/wp-json\/wp\/v2\/media\/26903"}],"wp:attachment":[{"href":"https:\/\/www.asimis-market.com\/it\/wp-json\/wp\/v2\/media?parent=30623"}],"wp:term":[{"taxonomy":"product_brand","embeddable":true,"href":"https:\/\/www.asimis-market.com\/it\/wp-json\/wp\/v2\/product_brand?post=30623"},{"taxonomy":"product_cat","embeddable":true,"href":"https:\/\/www.asimis-market.com\/it\/wp-json\/wp\/v2\/product_cat?post=30623"},{"taxonomy":"product_tag","embeddable":true,"href":"https:\/\/www.asimis-market.com\/it\/wp-json\/wp\/v2\/product_tag?post=30623"}],"curies":[{"name":"wp","href":"https:\/\/api.w.org\/{rel}","templated":true}]}}