{"id":30624,"date":"2023-10-12T17:35:46","date_gmt":"2023-10-12T14:35:46","guid":{"rendered":"https:\/\/www.asimis-market.com\/product\/age-of-wonders-4-steam-chiave-digitale-inglese-prezzo-senza-costi-aggiuntivi\/"},"modified":"2023-10-12T17:35:46","modified_gmt":"2023-10-12T14:35:46","slug":"age-of-wonders-4-steam-chiave-digitale-inglese-prezzo-senza-costi-aggiuntivi","status":"publish","type":"product","link":"https:\/\/www.asimis-market.com\/it\/prodotto\/age-of-wonders-4-steam-chiave-digitale-inglese-prezzo-senza-costi-aggiuntivi\/","title":{"rendered":"AGE OF WONDERS 4 STEAM CHIAVE DIGITALE INGLESE (PREZZO SENZA COSTI AGGIUNTIVI)"},"content":{"rendered":"<p><strong>IL GIOCO<\/strong><br \/>\nSiete stanchi dei giochi che avete gi\u00e0? La chiave Age of Wonders 4 offre un&#8217;esperienza che non si pu\u00f2 trascurare! Sviluppato da Triumph Studios e pubblicato con il supporto di Paradox Interactive, \u00e8 un&#8217;altra gemma nel vasto campo dei giochi di strategia. \u00c8 disponibile su Steam e, considerando la data di uscita del 2 maggio 2023, \u00e8 sicuramente alla pari con gli standard dell&#8217;epoca. Parlando di contenuti, la chiave Steam di Age of Wonders 4 ha molto da offrire per un gioco di strategia divertente, dove potrete mettere alla prova le vostre abilit\u00e0 e imparare qualcosa di nuovo. Acquistate la chiave Steam di Age of Wonders 4 a un prezzo inferiore ed entrate in questo mondo senza alcuna esitazione!<\/p>\n<p>Strategico<br \/>\nAlcuni giocatori amano i giochi d&#8217;azione frenetici, mentre altri cercano una scarica di adrenalina giocando ai giochi horror. Se siete alla ricerca di qualcosa di diverso in questo momento, scoprite cosa hanno in serbo per voi i giochi di strategia. Age of Wonders 4 Steam key offre un&#8217;esperienza tranquilla e allo stesso tempo molto emozionante. Trionferete non solo con mosse rapide, ma anche con una buona pianificazione e una strategia intelligente. Intraprendete un viaggio che metter\u00e0 alla prova le vostre capacit\u00e0 e vi richieder\u00e0 di usare la vostra creativit\u00e0.<\/p>\n<p>Caratteristiche<br \/>\nSiete curiosi di sapere cosa vi aspetta dopo aver acquistato la chiave di Age of Wonders 4? Ecco alcuni degli elementi e delle innovazioni che vi renderanno soddisfatti fin dall&#8217;inizio:<br \/>\n&#8211; 4X &#8211; Il titolo si concentra sulla costruzione dell&#8217;impero perfetto e sul suo avanzamento economico e tecnologico.<br \/>\n&#8211; Ambiente atmosferico &#8211; Vi immergerete in una miscela armoniosa di stile artistico, musica e suoni che vi riempiranno di emozioni.<br \/>\n&#8211; Personalizzazione del personaggio &#8211; Le meccaniche del gioco consentono ai giocatori di modificare l&#8217;aspetto, le abilit\u00e0, le armi, l&#8217;equipaggiamento e altri aspetti del personaggio che controllano.<br \/>\n&#8211; Diplomazia &#8211; Dovrete imparare tutto sulla diplomazia per mantenere relazioni armoniose.<br \/>\n&#8211; Magia &#8211; Il mondo \u00e8 pieno di elementi magici e i giocatori possono lanciare incantesimi, usare oggetti incantati e altro ancora.<br \/>\n&#8211; Giocatore contro giocatore &#8211; Giocherete contro personaggi controllati da altri giocatori.<br \/>\n&#8211; Tattiche e ruoli &#8211; Il titolo si concentra sulla pianificazione delle mosse di ogni membro della squadra, sulla creazione di strategie di battaglia definitive e sull&#8217;eliminazione dei nemici.<br \/>\n&#8211; Prezzo basso per la chiave Age of Wonders 4.<\/p>\n<p>&nbsp;<\/p>\n<p>&nbsp;<\/p>\n<p><iframe loading=\"lazy\" title=\"Age of Wonders 4 - Official Launch Trailer\" width=\"1020\" height=\"574\" src=\"https:\/\/www.youtube.com\/embed\/dEgbQDWeraI?feature=oembed\" frameborder=\"0\" allow=\"accelerometer; autoplay; clipboard-write; encrypted-media; gyroscope; picture-in-picture; web-share\" allowfullscreen><\/iframe><\/p>\n<p>&nbsp;<\/p>\n<p><strong>ALTRI DETTAGLI DEL GIOCO<\/strong><br \/>\nData di uscita: 2 maggio 2023<br \/>\nSviluppatore: Triumph Studios<br \/>\nPiattaforme: PlayStation 5, Xbox Serie X\/S, Microsoft Windows<br \/>\nGeneri: Videogiochi di strategia, Strategia<br \/>\nEditore: Paradox Interactive<br \/>\nSerie: L&#8217;et\u00e0 delle meraviglie<br \/>\nModalit\u00e0: Videogioco multigiocatore<\/p>\n<p><strong>LINGUAGGIO DI GIOCO<\/strong><br \/>\nInglese<\/p>\n<p><strong><span class=\"HwtZe\" lang=\"en\"><span class=\"jCAhz ChMk0b\"><span class=\"ryNqvb\">REQUISITI DI SISTEMA<\/span><\/span><\/span><\/strong><br \/>\nMinimo:<br \/>\nRichiede un processore e un sistema operativo a 64 bit<br \/>\nOS: Windows\u00ae 10 Home 64 Bit<br \/>\nProcessore: Intel\u00ae Core\u2122 i7-2700K o AMD\u00ae Ryzen\u2122 5 1600X<br \/>\nMemoria: 8 GB di RAM<br \/>\nGrafica: Nvidia\u00ae GeForce\u2122 GTX 670 (2 GB) o AMD\u00ae Radeon\u2122 HD 7870 (2 GB) o Intel\u00ae Iris\u2122 Xe G7 (Tiger Lake)<br \/>\nMemoria: 20 GB di spazio disponibile<br \/>\nNote aggiuntive: 1080p (30FPS)<\/p>\n<p><strong>Come attivare una chiave Steam:<\/strong><br \/>\n&#8211; Andare su: http:\/\/store.steampowered.com\/ e scaricare il client STEAM<br \/>\n&#8211; Fare clic su &#8220;Installa Steam&#8221; (dall&#8217;angolo in alto a destra)<br \/>\n&#8211; Installare e lanciare l&#8217;applicazione, accedere con il nome e la password del proprio account (crearne uno se non lo si possiede).<br \/>\n&#8211; Seguite queste istruzioni per attivare un nuovo acquisto al dettaglio su Steam:<br \/>\n&#8211; Lanciate Steam e accedete al vostro account Steam.<br \/>\n&#8211; Fare clic sul menu Giochi.<br \/>\n&#8211; Selezionare l&#8217;attivazione del prodotto su Steam&#8230;<br \/>\n&#8211; Seguire le istruzioni sullo schermo per completare la procedura.<br \/>\n&#8211; Dopo aver verificato il codice, andare alla scheda &#8220;I miei giochi&#8221; e avviare il download.<\/p>\n","protected":false},"excerpt":{"rendered":"<p>Dopo il pagamento ed entro 24 ore riceverete via e-mail la chiave digitale per poter giocare al gioco appena acquistato.<\/p>\n","protected":false},"featured_media":26887,"comment_status":"closed","ping_status":"closed","template":"","meta":{"wds_primary_product_brand":0,"wds_primary_product_cat":0},"product_brand":[],"product_cat":[381,504,506,514,384],"product_tag":[],"class_list":{"0":"post-30624","1":"product","2":"type-product","3":"status-publish","4":"has-post-thumbnail","6":"product_cat-chiavi-digital-pc","7":"product_cat-date-di-uscita-2023","8":"product_cat-multigiocatore","9":"product_cat-strategia","10":"product_cat-videogiochi","12":"first","13":"outofstock","14":"sale","15":"virtual","16":"purchasable","17":"product-type-simple"},"_links":{"self":[{"href":"https:\/\/www.asimis-market.com\/it\/wp-json\/wp\/v2\/product\/30624","targetHints":{"allow":["GET"]}}],"collection":[{"href":"https:\/\/www.asimis-market.com\/it\/wp-json\/wp\/v2\/product"}],"about":[{"href":"https:\/\/www.asimis-market.com\/it\/wp-json\/wp\/v2\/types\/product"}],"replies":[{"embeddable":true,"href":"https:\/\/www.asimis-market.com\/it\/wp-json\/wp\/v2\/comments?post=30624"}],"wp:featuredmedia":[{"embeddable":true,"href":"https:\/\/www.asimis-market.com\/it\/wp-json\/wp\/v2\/media\/26887"}],"wp:attachment":[{"href":"https:\/\/www.asimis-market.com\/it\/wp-json\/wp\/v2\/media?parent=30624"}],"wp:term":[{"taxonomy":"product_brand","embeddable":true,"href":"https:\/\/www.asimis-market.com\/it\/wp-json\/wp\/v2\/product_brand?post=30624"},{"taxonomy":"product_cat","embeddable":true,"href":"https:\/\/www.asimis-market.com\/it\/wp-json\/wp\/v2\/product_cat?post=30624"},{"taxonomy":"product_tag","embeddable":true,"href":"https:\/\/www.asimis-market.com\/it\/wp-json\/wp\/v2\/product_tag?post=30624"}],"curies":[{"name":"wp","href":"https:\/\/api.w.org\/{rel}","templated":true}]}}