{"id":30625,"date":"2023-10-12T17:35:46","date_gmt":"2023-10-12T14:35:46","guid":{"rendered":"https:\/\/www.asimis-market.com\/product\/street-fighter-6-steam-chiave-digitale-europa-prezzo-senza-costi-aggiuntivi\/"},"modified":"2023-10-12T17:35:46","modified_gmt":"2023-10-12T14:35:46","slug":"street-fighter-6-steam-chiave-digitale-europa-prezzo-senza-costi-aggiuntivi","status":"publish","type":"product","link":"https:\/\/www.asimis-market.com\/it\/prodotto\/street-fighter-6-steam-chiave-digitale-europa-prezzo-senza-costi-aggiuntivi\/","title":{"rendered":"STREET FIGHTER 6 STEAM CHIAVE DIGITALE EUROPA (PREZZO SENZA COSTI AGGIUNTIVI)"},"content":{"rendered":"<p><strong>IL GIOCO<\/strong><\/p>\n<p>Preparatevi a scatenare il guerriero che \u00e8 in voi con Street Fighter 6, il gioco di combattimento definitivo! Con il suo sistema di combattimento avanzato e le sue caratteristiche innovative, questo gioco rappresenta la prossima evoluzione dell&#8217;iconico franchise, portando il genere a un livello superiore e fornendo emozioni e profondit\u00e0 senza precedenti. Capcom offre tre diverse modalit\u00e0 di gioco, 18 personaggi unici e tre sistemi di controllo per i nuovi arrivati e per i veterani della serie hardboiled. Grafica mozzafiato, combo devastanti e battaglie epiche vi aspettano con Street Fighter 6 Steam. HADOUKEN!<\/p>\n<p>Caratteristiche del gioco Street Fighter 6:<br \/>\nTutti gli appassionati della serie e dei giochi di combattimento in generale rimarranno stupiti dalle caratteristiche di Street Fighter 6:<br \/>\n&#8211; Tre modalit\u00e0 di gioco. Combatti in tre diverse modalit\u00e0 di gioco: World Tour, Fighting Ground e Battle Hub.<br \/>\n&#8211; Il roster di 18 Guerrieri. Gioca nei panni di combattenti iconici come Ryu e Chun-Li insieme ai nuovi beniamini dei fan come Luke, Jamie e Kimberly. SF6 presenta un&#8217;incredibile riprogettazione dei personaggi e un&#8217;emozionante offerta cinematografica.<br \/>\n&#8211; Misuratore di movimento. Assicuratevi una vittoria con un nuovo sistema di gestione delle risorse.<br \/>\n&#8211; Commento in tempo reale. Catturate la sensazione di partecipare a un vero torneo con il commento delle partite in tempo reale.<br \/>\n&#8211; Tre tipi di controllo. Scegliete un tipo di controllo adatto al vostro livello di abilit\u00e0, tra cui Classico, Moderno e Dinamico.<br \/>\n&#8211; Prezzo accessibile di Street Fighter 6.<\/p>\n<p>Diventa il combattente definitivo!<br \/>\nSperimentate la tecnologia dei giochi di combattimento pi\u00f9 avanzata con Street Fighter 6, alimentato dal RE ENGINE proprietario di Capcom. Dotato di un sistema di combattimento incredibilmente avanzato con tre tipi di controllo e un nuovo sistema di guida, questo gioco offre le coinvolgenti modalit\u00e0 World Tour e Battle Hub. Assumi il ruolo del tuo avatar ed esplora le strade di Metro City e non solo. Lungo il percorso, incontrerete i Maestri che vi prenderanno sotto la loro ala e vi insegneranno il loro stile e le loro tecniche. Scoprite il vero significato del potere in un&#8217;epica modalit\u00e0 storia per giocatore singolo o gareggiate con altri giocatori e diventate pi\u00f9 forti insieme nel Battle Hub. Scatenate il combattente che \u00e8 in voi e dominate la concorrenza con la chiave Steam di Street Fighter 6!<\/p>\n<p>&nbsp;<\/p>\n<p>&nbsp;<\/p>\n<p><iframe loading=\"lazy\" title=\"Street Fighter 6 - Pre-Order Trailer\" width=\"1020\" height=\"574\" src=\"https:\/\/www.youtube.com\/embed\/ilw0xDkfk2Q?feature=oembed\" frameborder=\"0\" allow=\"accelerometer; autoplay; clipboard-write; encrypted-media; gyroscope; picture-in-picture; web-share\" allowfullscreen><\/iframe><\/p>\n<p>&nbsp;<\/p>\n<p><iframe loading=\"lazy\" title=\"Street Fighter 6 - Announce Trailer\" width=\"1020\" height=\"574\" src=\"https:\/\/www.youtube.com\/embed\/1INU3FOJsTw?feature=oembed\" frameborder=\"0\" allow=\"accelerometer; autoplay; clipboard-write; encrypted-media; gyroscope; picture-in-picture; web-share\" allowfullscreen><\/iframe><\/p>\n<p>&nbsp;<\/p>\n<p><strong>ALTRI DETTAGLI DEL GIOCO<\/strong><br \/>\nData di uscita: 2 giugno 2023<br \/>\nPiattaforme: PlayStation 5, PlayStation 4, Xbox Series X\/S, Videogiochi arcade, Microsoft Windows<br \/>\nSviluppatore: Capcom<br \/>\nEditori: Capcom, Taito Corporation, Capcom U.S.A., Inc.<br \/>\nProgettista: Yusuke Hashimoto<br \/>\nModalit\u00e0: Videogioco multigiocatore<br \/>\nGeneri: Videogioco di combattimento, Videogioco d&#8217;azione, Videogioco d&#8217;avventura, Avventura<\/p>\n<p><strong>LINGUAGGIO DI GIOCO<\/strong><br \/>\nInglese<br \/>\nFrancese<br \/>\nItaliano<br \/>\nTedesco<br \/>\nSpagnolo<\/p>\n<p><strong><span class=\"HwtZe\" lang=\"en\"><span class=\"jCAhz ChMk0b\"><span class=\"ryNqvb\">REQUISITI DI SISTEMA<\/span><\/span><\/span><\/strong><br \/>\nMinimo:<br \/>\nOS: Windows 10 (richiesto 64 bit)<br \/>\nProcessore: Intel Core i5-7500 \/ AMD Ryzen 3 1200<br \/>\nMemoria: 8 GB di RAM<br \/>\nGrafica: GTX1060 (VRAM 6GB) \/ Radeon RX 580 (VRAM 4GB)<br \/>\nDirectX: versione 12<br \/>\nSpazio di archiviazione: 60 GB di spazio disponibile<br \/>\nNote aggiuntive: &#8211; Il framerate potrebbe diminuire durante le scene ad alta intensit\u00e0 grafica. &#8211; Trattandosi di un titolo ancora in fase di sviluppo, i requisiti di sistema sono ancora soggetti a modifiche.<\/p>\n<p><strong>Come attivare una chiave Steam:<\/strong><br \/>\n&#8211; Andare su: http:\/\/store.steampowered.com\/ e scaricare il client STEAM<br \/>\n&#8211; Fare clic su &#8220;Installa Steam&#8221; (dall&#8217;angolo in alto a destra)<br \/>\n&#8211; Installare e lanciare l&#8217;applicazione, accedere con il nome e la password del proprio account (crearne uno se non lo si possiede).<br \/>\n&#8211; Seguite queste istruzioni per attivare un nuovo acquisto al dettaglio su Steam:<br \/>\n&#8211; Lanciate Steam e accedete al vostro account Steam.<br \/>\n&#8211; Fare clic sul menu Giochi.<br \/>\n&#8211; Selezionare l&#8217;attivazione del prodotto su Steam&#8230;<br \/>\n&#8211; Seguire le istruzioni sullo schermo per completare la procedura.<br \/>\n&#8211; Dopo aver verificato il codice, andare alla scheda &#8220;I miei giochi&#8221; e avviare il download.<\/p>\n","protected":false},"excerpt":{"rendered":"<p>Dopo il pagamento ed entro 24 ore riceverete via e-mail la chiave digitale per poter giocare al gioco appena acquistato.<\/p>\n","protected":false},"featured_media":26873,"comment_status":"closed","ping_status":"closed","template":"","meta":{"wds_primary_product_brand":0,"wds_primary_product_cat":0},"product_brand":[],"product_cat":[380,379,381,504,512,506,507,384],"product_tag":[],"class_list":{"0":"post-30625","1":"product","2":"type-product","3":"status-publish","4":"has-post-thumbnail","6":"product_cat-avventura","7":"product_cat-azione","8":"product_cat-chiavi-digital-pc","9":"product_cat-date-di-uscita-2023","10":"product_cat-giocatore-singolo","11":"product_cat-multigiocatore","12":"product_cat-piattaforma","13":"product_cat-videogiochi","15":"first","16":"outofstock","17":"sale","18":"virtual","19":"purchasable","20":"product-type-simple"},"_links":{"self":[{"href":"https:\/\/www.asimis-market.com\/it\/wp-json\/wp\/v2\/product\/30625","targetHints":{"allow":["GET"]}}],"collection":[{"href":"https:\/\/www.asimis-market.com\/it\/wp-json\/wp\/v2\/product"}],"about":[{"href":"https:\/\/www.asimis-market.com\/it\/wp-json\/wp\/v2\/types\/product"}],"replies":[{"embeddable":true,"href":"https:\/\/www.asimis-market.com\/it\/wp-json\/wp\/v2\/comments?post=30625"}],"wp:featuredmedia":[{"embeddable":true,"href":"https:\/\/www.asimis-market.com\/it\/wp-json\/wp\/v2\/media\/26873"}],"wp:attachment":[{"href":"https:\/\/www.asimis-market.com\/it\/wp-json\/wp\/v2\/media?parent=30625"}],"wp:term":[{"taxonomy":"product_brand","embeddable":true,"href":"https:\/\/www.asimis-market.com\/it\/wp-json\/wp\/v2\/product_brand?post=30625"},{"taxonomy":"product_cat","embeddable":true,"href":"https:\/\/www.asimis-market.com\/it\/wp-json\/wp\/v2\/product_cat?post=30625"},{"taxonomy":"product_tag","embeddable":true,"href":"https:\/\/www.asimis-market.com\/it\/wp-json\/wp\/v2\/product_tag?post=30625"}],"curies":[{"name":"wp","href":"https:\/\/api.w.org\/{rel}","templated":true}]}}