{"id":30626,"date":"2023-10-12T17:35:46","date_gmt":"2023-10-12T14:35:46","guid":{"rendered":"https:\/\/www.asimis-market.com\/product\/diablo-iv-gift-card-bundle-70-eur-battle-net-chiave-digitale-inglese-prezzo-senza-costi-aggiuntivi\/"},"modified":"2023-10-12T17:35:46","modified_gmt":"2023-10-12T14:35:46","slug":"diablo-iv-gift-card-bundle-70-eur-battle-net-chiave-digitale-inglese-prezzo-senza-costi-aggiuntivi","status":"publish","type":"product","link":"https:\/\/www.asimis-market.com\/it\/prodotto\/diablo-iv-gift-card-bundle-70-eur-battle-net-chiave-digitale-inglese-prezzo-senza-costi-aggiuntivi\/","title":{"rendered":"DIABLO IV GIFT CARD BUNDLE 70 EUR BATTLE.NET CHIAVE DIGITALE INGLESE (PREZZO SENZA COSTI AGGIUNTIVI)"},"content":{"rendered":"<p><strong>IL GIOCO<\/strong><br \/>\nDiablo IV &#8211; Carta regalo da 70 EUR<br \/>\nNota importante:<br \/>\nAl momento dell&#8217;acquisto riceverete carte regalo per l&#8217;importo indicato, con le quali potrete acquistare la Standard Edition di Diablo IV. Questa NON \u00e8 una chiave di gioco.<br \/>\nQuesto codice pu\u00f2 essere attivato solo su un conto con la stessa valuta. Il valore del codice acquistato non pu\u00f2 essere convertito in un&#8217;altra valuta.<\/p>\n<p>Con molti malvagi da sconfiggere, innumerevoli abilit\u00e0 da conquistare e dungeon infidi pieni di tesori, Diablo IV offre un&#8217;esperienza di gioco di ruolo ricca di azione. Sia che scegliate di affrontare l&#8217;Inferno da soli o con i vostri compagni, attraverserete ambientazioni meravigliosamente tetre, esplorerete un mondo condiviso in cui potrete commerciare con altri giocatori nelle citt\u00e0, collaborare per sconfiggere potenti boss o persino impegnarvi in battaglie PvP per dimostrare le vostre abilit\u00e0. Acquistate la chiave Battle.net di Diablo IV e scoprite se riuscite a sopravvivere nelle profondit\u00e0 dell&#8217;Inferno!<\/p>\n<p>Scegliete il vostro campione<br \/>\nCreate e personalizzate il vostro eroe per combattere i terrori sconosciuti che affliggono la terra. Scegliete da un pool di cinque classi diverse, scoprite e brandite una vasta gamma di potenti equipaggiamenti e scegliete con cura i vostri talenti e le vostre abilit\u00e0 per diventare inarrestabili contro le forze dell&#8217;oscurit\u00e0. Tuttavia, le vostre scelte hanno un grande peso, poich\u00e9 il destino del vostro regno \u00e8 in bilico. Chi sceglier\u00e0?<\/p>\n<p>Barbaro: il Barbaro brandisce varie armi con una forza ineguagliabile, grida di battaglia terrificanti e colpi terrificanti.<br \/>\nDruido: le capacit\u00e0 di mutamento di forma del Druido gli permettono di trasformarsi in un orso o in un lupo mannaro e di controllare le forze della natura, manipolando la terra, il vento e la tempesta per scatenare la distruzione.<br \/>\nNegromante: I negromanti comandano astutamente orde di non morti, utilizzando tre potenti ordini: Osso, Sangue o Ombra per conquistare i loro nemici.<br \/>\nRogue: Il Rogue \u00e8 un guerriero versatile, che eccelle sia nel combattimento a distanza che in quello ravvicinato. Utilizzano armi avvelenate, potenti combinazioni, veleni mortali e magia d&#8217;ombra per eliminare facilmente i demoni.<br \/>\nStrega: Modellando gli elementi secondo le sue esigenze, la Strega usa fulmini, frecce congelanti e meteoriti infuocate per ottenere la vittoria sui suoi avversari.<\/p>\n<p>Sconfiggere l&#8217;oscurit\u00e0<br \/>\nSanctuary \u00e8 sull&#8217;orlo del caos, mentre il male e la corruzione continuano a devastare la terra. Demoni corrotti e creature selvagge vagano liberamente, terrorizzando la popolazione, che lotta per sopravvivere giorno per giorno nella paura. Quando la figlia di Mefisto si risveglia, la sua sola presenza accende una passione ardente nei cuori di coloro che la circondano, siano essi demoni, umani o bestie. La sua influenza costringe anche le emozioni pi\u00f9 profonde e represse, come le paure pi\u00f9 radicate, la rabbia incontrollata, le pulsioni represse e i desideri peccaminosi, ad affiorare violentemente e irresistibilmente. Con l&#8217;oscurit\u00e0 che scende ancora una volta su Sanctuary, solo una manciata di coraggiosi osa opporsi alla minaccia incombente. In una terra priva di speranza, coraggio, saggezza e giustizia, quale destino attende questi pochi audaci eroi? Acquistate la chiave Battle.net di Diablo IV a un prezzo inferiore e resistete al regno di Lilith!<\/p>\n<p>&nbsp;<\/p>\n<p>&nbsp;<\/p>\n<p><iframe loading=\"lazy\" title=\"Diablo IV | Story Launch Trailer\" width=\"1020\" height=\"574\" src=\"https:\/\/www.youtube.com\/embed\/HukrLKMCz1I?feature=oembed\" frameborder=\"0\" allow=\"accelerometer; autoplay; clipboard-write; encrypted-media; gyroscope; picture-in-picture; web-share\" allowfullscreen><\/iframe><\/p>\n<p>&nbsp;<\/p>\n<p><strong>ULTERIORI DETTAGLI SUL GIOCO<\/strong><br \/>\nDiablo IV \u00e8 un gioco di ruolo d&#8217;azione sviluppato e pubblicato da Blizzard Entertainment. \u00c8 il quarto capitolo principale della serie Diablo. Il gioco \u00e8 stato annunciato alla BlizzCon 2019 ed \u00e8 stato pubblicato il 6 giugno 2023.<\/p>\n<p>Data di uscita: 6 giugno 2023<br \/>\nPiattaforme: PlayStation 5, Xbox Series X\/S, PlayStation 4, Xbox One, Microsoft Windows<br \/>\nSerie: Diablo<br \/>\nModalit\u00e0: Videogioco multiplayer<br \/>\nGeneri: Hack and slash, Videogiochi d&#8217;azione e avventura, Videogiochi di combattimento<br \/>\nSviluppatore: Blizzard Entertainment<br \/>\nEditore: Blizzard Entertainment<\/p>\n<p><strong>LINGUAGGIO DI GIOCO<\/strong><br \/>\nInglese<\/p>\n<p><strong><span class=\"HwtZe\" lang=\"en\"><span class=\"jCAhz ChMk0b\"><span class=\"ryNqvb\">REQUISITI DI SISTEMA<\/span><\/span><\/span><\/strong><br \/>\nRequisiti minimi di sistema<br \/>\nSupporto a 64 bit<br \/>\nRequisiti di sistema: Windows 10 64-bit<br \/>\nProcessore: Intel\u00ae Core\u2122 i5-2500K o AMD\u2122 FX-8350<br \/>\nMemoria: 8 GB di RAM<br \/>\nGrafica: NVIDIA\u00ae GeForce\u00ae GTX 660 o AMD Radeon\u2122 R9 280<br \/>\nRete: Connessione a banda larga<br \/>\nStorage: 90 GB SSD<\/p>\n<p><strong>Per aggiungere carte regalo al tuo account Battle.net, segui le istruzioni riportate di seguito:<\/strong><\/p>\n<p>Visitate il sito web www.battle.net\/balance.<br \/>\nAccedere al proprio account Battle.net.<br \/>\nInserire il codice nella casella del codice di riscatto.<br \/>\nVerr\u00e0 visualizzato un messaggio di conferma e l&#8217;importo verr\u00e0 aggiunto immediatamente al saldo di Battle.net.<\/p>\n<p>Per verificare che i fondi siano stati aggiunti correttamente, controllare il saldo nell&#8217;angolo superiore destro della schermata di gestione del conto.<\/p>\n","protected":false},"excerpt":{"rendered":"<p>Dopo il pagamento ed entro 24 ore, riceverai un&#8217;e-mail con il pacchetto Diablo IV &#8211; Carta regalo da 70 \u20ac.<\/p>\n<p>Nota importante:<br \/>\nAl momento dell&#8217;acquisto riceverete carte regalo per l&#8217;importo indicato, che potrete utilizzare per acquistare la Standard Edition di Diablo IV. Questa NON \u00e8 una chiave di gioco.<\/p>\n<p>Questo codice pu\u00f2 essere attivato solo su un conto con la stessa valuta. Non \u00e8 possibile convertire il valore del codice acquistato in una valuta diversa.<\/p>\n","protected":false},"featured_media":26857,"comment_status":"closed","ping_status":"closed","template":"","meta":{"wds_primary_product_brand":0,"wds_primary_product_cat":0},"product_brand":[],"product_cat":[380,379,381,504,505,506,509,384],"product_tag":[],"class_list":{"0":"post-30626","1":"product","2":"type-product","3":"status-publish","4":"has-post-thumbnail","6":"product_cat-avventura","7":"product_cat-azione","8":"product_cat-chiavi-digital-pc","9":"product_cat-date-di-uscita-2023","10":"product_cat-fantasia","11":"product_cat-multigiocatore","12":"product_cat-rpg-it","13":"product_cat-videogiochi","15":"first","16":"outofstock","17":"sale","18":"virtual","19":"purchasable","20":"product-type-simple"},"_links":{"self":[{"href":"https:\/\/www.asimis-market.com\/it\/wp-json\/wp\/v2\/product\/30626","targetHints":{"allow":["GET"]}}],"collection":[{"href":"https:\/\/www.asimis-market.com\/it\/wp-json\/wp\/v2\/product"}],"about":[{"href":"https:\/\/www.asimis-market.com\/it\/wp-json\/wp\/v2\/types\/product"}],"replies":[{"embeddable":true,"href":"https:\/\/www.asimis-market.com\/it\/wp-json\/wp\/v2\/comments?post=30626"}],"wp:featuredmedia":[{"embeddable":true,"href":"https:\/\/www.asimis-market.com\/it\/wp-json\/wp\/v2\/media\/26857"}],"wp:attachment":[{"href":"https:\/\/www.asimis-market.com\/it\/wp-json\/wp\/v2\/media?parent=30626"}],"wp:term":[{"taxonomy":"product_brand","embeddable":true,"href":"https:\/\/www.asimis-market.com\/it\/wp-json\/wp\/v2\/product_brand?post=30626"},{"taxonomy":"product_cat","embeddable":true,"href":"https:\/\/www.asimis-market.com\/it\/wp-json\/wp\/v2\/product_cat?post=30626"},{"taxonomy":"product_tag","embeddable":true,"href":"https:\/\/www.asimis-market.com\/it\/wp-json\/wp\/v2\/product_tag?post=30626"}],"curies":[{"name":"wp","href":"https:\/\/api.w.org\/{rel}","templated":true}]}}