{"id":30628,"date":"2023-10-12T17:35:46","date_gmt":"2023-10-12T14:35:46","guid":{"rendered":"https:\/\/www.asimis-market.com\/product\/hogwarts-legacy-steam-chiave-digitale-europa-prezzo-senza-costi-aggiuntivi\/"},"modified":"2023-10-12T17:35:46","modified_gmt":"2023-10-12T14:35:46","slug":"hogwarts-legacy-steam-chiave-digitale-europa-prezzo-senza-costi-aggiuntivi","status":"publish","type":"product","link":"https:\/\/www.asimis-market.com\/it\/prodotto\/hogwarts-legacy-steam-chiave-digitale-europa-prezzo-senza-costi-aggiuntivi\/","title":{"rendered":"HOGWARTS LEGACY STEAM CHIAVE DIGITALE EUROPA (PREZZO SENZA COSTI AGGIUNTIVI)"},"content":{"rendered":"<p><strong>IL GIOCO<\/strong><\/p>\n<p>Hogwarts Legacy \u00e8 un gioco di ruolo d&#8217;azione open-world ambientato nel mondo introdotto nei libri di Harry Potter. Intraprendete un viaggio attraverso luoghi familiari e nuovi, esplorate e scoprite bestie magiche, personalizzate le pozioni e le abilit\u00e0 del vostro personaggio, padroneggiate gli incantesimi, potenziate i talenti e diventate il mago che volete essere.<\/p>\n<p>Vivere Hogwarts nel 1800. Il vostro personaggio \u00e8 uno studente che possiede la chiave di un antico segreto che minaccia di svelare il mondo dei maghi. Creare alleati, combattere contro i maghi oscuri e infine decidere il destino del mondo dei maghi. La vostra eredit\u00e0 \u00e8 ci\u00f2 che ne ricavate. Vivere il non scritto.<\/p>\n<p>&nbsp;<\/p>\n<p>&nbsp;<\/p>\n<p><iframe loading=\"lazy\" title=\"Hogwarts Legacy Official Gameplay Trailer | gamescom ONL 2022\" width=\"1020\" height=\"574\" src=\"https:\/\/www.youtube.com\/embed\/vRXGPwyfTCc?feature=oembed\" frameborder=\"0\" allow=\"accelerometer; autoplay; clipboard-write; encrypted-media; gyroscope; picture-in-picture; web-share\" allowfullscreen><\/iframe><\/p>\n<p>&nbsp;<\/p>\n<p><strong>ALTRI DETTAGLI DEL GIOCO<\/strong><\/p>\n<p>Piattaforme: PlayStation 5, Nintendo Switch, PlayStation 4, Xbox Series X\/S, Xbox One, Microsoft Windows<br \/>\nData di uscita: 7 febbraio 2023<br \/>\nGeneri: Open world, Videogioco di ruolo d&#8217;azione<br \/>\nSviluppatore: Avalanche Software<br \/>\nNomination: Premio The Game per il gioco pi\u00f9 atteso<br \/>\nModalit\u00e0: Videogioco per giocatore singolo<br \/>\nEditore: Warner Bros. Giochi<\/p>\n<p><strong>LINGUAGGIO DI GIOCO<\/strong><br \/>\nInglese<br \/>\nFrancese<br \/>\nItaliano<br \/>\nTedesco<br \/>\nSpagnolo<\/p>\n<p><strong><span class=\"HwtZe\" lang=\"en\"><span class=\"jCAhz ChMk0b\"><span class=\"ryNqvb\">REQUISITI DI SISTEMA<\/span><\/span><\/span><\/strong><br \/>\nRichiede un processore e un sistema operativo a 64 bit<br \/>\nOS: Windows 10 a 64 bit<br \/>\nProcessore: Intel Core i5-6600 (3,3Ghz) o AMD Ryzen 5 1400 (3,2Ghz)<br \/>\nMemoria: 16 GB di RAM<br \/>\nGrafica: NVIDIA GeForce GTX 960 4GB o AMD Radeon RX 470 4GB<br \/>\nDirectX: versione 12<br \/>\nMemoria: 85 GB di spazio disponibile<br \/>\nNote aggiuntive: SSD (preferibile), HDD (supportato), 720p\/30 fps, impostazioni di qualit\u00e0 bassa<\/p>\n<p><strong>Come attivare una chiave Steam:<\/strong><br \/>\n&#8211; Andare su: http:\/\/store.steampowered.com\/ e scaricare il client STEAM<br \/>\n&#8211; Fare clic su &#8220;Installa Steam&#8221; (dall&#8217;angolo in alto a destra)<br \/>\n&#8211; Installare e lanciare l&#8217;applicazione, accedere con il nome e la password del proprio account (crearne uno se non lo si possiede).<br \/>\n&#8211; Seguite queste istruzioni per attivare un nuovo acquisto al dettaglio su Steam:<br \/>\n&#8211; Lanciate Steam e accedete al vostro account Steam.<br \/>\n&#8211; Fare clic sul menu Giochi.<br \/>\n&#8211; Selezionare l&#8217;attivazione del prodotto su Steam&#8230;<br \/>\n&#8211; Seguire le istruzioni sullo schermo per completare la procedura.<br \/>\n&#8211; Dopo aver verificato il codice, andare alla scheda &#8220;I miei giochi&#8221; e avviare il download.<\/p>\n<p>&nbsp;<\/p>\n","protected":false},"excerpt":{"rendered":"<p><span class=\"HwtZe\" lang=\"en\"><span class=\"jCAhz ChMk0b\"><span class=\"ryNqvb\">Dopo il pagamento ed entro 24 ore riceverete via e-mail la chiave digitale per poter giocare al gioco appena acquistato.<\/span><\/span><\/span><\/p>\n","protected":false},"featured_media":26825,"comment_status":"closed","ping_status":"closed","template":"","meta":{"wds_primary_product_brand":0,"wds_primary_product_cat":0},"product_brand":[],"product_cat":[380,379,381,504,505,512,509,515,384],"product_tag":[],"class_list":{"0":"post-30628","1":"product","2":"type-product","3":"status-publish","4":"has-post-thumbnail","6":"product_cat-avventura","7":"product_cat-azione","8":"product_cat-chiavi-digital-pc","9":"product_cat-date-di-uscita-2023","10":"product_cat-fantasia","11":"product_cat-giocatore-singolo","12":"product_cat-rpg-it","13":"product_cat-terza-persona","14":"product_cat-videogiochi","16":"first","17":"outofstock","18":"sale","19":"virtual","20":"purchasable","21":"product-type-simple"},"_links":{"self":[{"href":"https:\/\/www.asimis-market.com\/it\/wp-json\/wp\/v2\/product\/30628","targetHints":{"allow":["GET"]}}],"collection":[{"href":"https:\/\/www.asimis-market.com\/it\/wp-json\/wp\/v2\/product"}],"about":[{"href":"https:\/\/www.asimis-market.com\/it\/wp-json\/wp\/v2\/types\/product"}],"replies":[{"embeddable":true,"href":"https:\/\/www.asimis-market.com\/it\/wp-json\/wp\/v2\/comments?post=30628"}],"wp:featuredmedia":[{"embeddable":true,"href":"https:\/\/www.asimis-market.com\/it\/wp-json\/wp\/v2\/media\/26825"}],"wp:attachment":[{"href":"https:\/\/www.asimis-market.com\/it\/wp-json\/wp\/v2\/media?parent=30628"}],"wp:term":[{"taxonomy":"product_brand","embeddable":true,"href":"https:\/\/www.asimis-market.com\/it\/wp-json\/wp\/v2\/product_brand?post=30628"},{"taxonomy":"product_cat","embeddable":true,"href":"https:\/\/www.asimis-market.com\/it\/wp-json\/wp\/v2\/product_cat?post=30628"},{"taxonomy":"product_tag","embeddable":true,"href":"https:\/\/www.asimis-market.com\/it\/wp-json\/wp\/v2\/product_tag?post=30628"}],"curies":[{"name":"wp","href":"https:\/\/api.w.org\/{rel}","templated":true}]}}