{"id":30629,"date":"2023-10-12T17:35:45","date_gmt":"2023-10-12T14:35:45","guid":{"rendered":"https:\/\/www.asimis-market.com\/product\/dead-space-remake-2023-origin-chiave-digitale-globale-prezzo-senza-costi-aggiuntivi\/"},"modified":"2023-10-12T17:35:45","modified_gmt":"2023-10-12T14:35:45","slug":"dead-space-remake-2023-origin-chiave-digitale-globale-prezzo-senza-costi-aggiuntivi","status":"publish","type":"product","link":"https:\/\/www.asimis-market.com\/it\/prodotto\/dead-space-remake-2023-origin-chiave-digitale-globale-prezzo-senza-costi-aggiuntivi\/","title":{"rendered":"DEAD SPACE REMAKE 2023 ORIGIN CHIAVE DIGITALE GLOBALE (PREZZO SENZA COSTI AGGIUNTIVI)"},"content":{"rendered":"<p><strong>IL GIOCO<\/strong><\/p>\n<p>Il classico survival-horror fantascientifico Dead Space ritorna, completamente ricostruito da zero per offrire un&#8217;esperienza pi\u00f9 profonda e coinvolgente. Questo remake offre una straordinaria fedelt\u00e0 visiva, un audio atmosferico da brivido e miglioramenti al gameplay, pur rimanendo fedele all&#8217;emozionante visione del gioco originale.<\/p>\n<p>Isaac Clarke \u00e8 un ingegnere dell&#8217;umanit\u00e0 in missione per riparare un&#8217;enorme astronave mineraria, la USG Ishimura, solo per scoprire che qualcosa \u00e8 andato terribilmente storto. L&#8217;equipaggio dell&#8217;astronave \u00e8 stato massacrato e l&#8217;amata compagna di Isaac, Nicole, \u00e8 scomparsa da qualche parte sulla nave.<\/p>\n<p>Ormai solo e armato solo dei suoi strumenti e delle sue capacit\u00e0 ingegneristiche, Isaac corre alla ricerca di Nicole mentre intorno a lui si dipana l&#8217;orribile mistero di ci\u00f2 che \u00e8 accaduto sulla Ishimura. Intrappolato con creature ostili note come Necromorfi, Isaac affronta una battaglia per la sopravvivenza, non solo contro il terrore crescente della nave, ma anche contro la sua stessa sanit\u00e0 mentale che si sta sgretolando.<\/p>\n<p>&nbsp;<\/p>\n<p>&nbsp;<\/p>\n<p>&nbsp;<\/p>\n<p><iframe loading=\"lazy\" title=\"Dead Space Official Launch Trailer | Humanity Ends Here\" width=\"1020\" height=\"574\" src=\"https:\/\/www.youtube.com\/embed\/ctQl9wa3ydE?feature=oembed\" frameborder=\"0\" allow=\"accelerometer; autoplay; clipboard-write; encrypted-media; gyroscope; picture-in-picture; web-share\" allowfullscreen><\/iframe><\/p>\n<p>&nbsp;<\/p>\n<p>Caratteristiche<br \/>\nTUFFARSI NELL&#8217;HORROR FANTASCIENTIFICO DI NUOVA GENERAZIONE<br \/>\nRitorna un classico dell&#8217;horror fantascientifico, completamente ricostruito da zero con una fedelt\u00e0 visiva migliorata e un audio atmosferico tridimensionale. Dalle stanze e dagli spazi di lavoro terribilmente dettagliati di un equipaggio massacrato agli inquietanti suoni atmosferici di un&#8217;astronave deserta, esplorerete senza interruzioni uno straordinario paesaggio fantascientifico pieno di momenti imprevedibili e implacabili.<br \/>\nRISCOPRIRE IL MISTERO SULL&#8217;USG ISHIMURA<br \/>\nQuella che inizia come una missione di riparazione di routine per l&#8217;ingegnere Isaac Clarke e l&#8217;equipaggio dell&#8217;USG Kellion si trasforma rapidamente in una battaglia per la sopravvivenza, quando la verit\u00e0 che si cela dietro l&#8217;orrore della nave spaziale inizia a svelarsi. Dopo un&#8217;ampia esperienza narrativa, scoprite gli oscuri segreti che si celano dietro gli eventi della USG Ishimura attraverso gli ultimi diari di bordo dello sfortunato equipaggio e gli incontri con i pochi sopravvissuti rimasti.<br \/>\nIMPROVVISARE PER SOPRAVVIVERE<br \/>\nAffronta l&#8217;incubo sulla USG Ishimura con un gameplay strategico che definisce il genere. Riutilizza e potenzia gli strumenti ingegneristici di Isaac in modo creativo per sconfiggere i nemici con precisione.<\/p>\n<p><strong>Ulteriori dettagli sul gioco<\/strong><br \/>\nData di uscita: 27 gennaio 2023<br \/>\nPiattaforme: PlayStation 5, Xbox Serie X\/S, Microsoft Windows<br \/>\nModalit\u00e0: Videogioco per giocatore singolo<br \/>\nGeneri: Gioco sparatutto, Videogioco horror di sopravvivenza, Videogioco d&#8217;avventura<br \/>\nSviluppatore: Motive Studio<br \/>\nEditore: Electronic Arts<br \/>\nSerie: Spazio morto<\/p>\n<p><strong>LINGUAGGIO DI GIOCO<\/strong><br \/>\nInglese<br \/>\nTedesco<br \/>\nSpagnolo<br \/>\nFrancese<br \/>\nItaliano<br \/>\nGiapponese<br \/>\nCoreano<br \/>\nCinese<br \/>\nPolacco<br \/>\nPortoghese &#8211; Brasile<\/p>\n<p><strong><span class=\"HwtZe\" lang=\"en\"><span class=\"jCAhz ChMk0b\"><span class=\"ryNqvb\">REQUISITI DI SISTEMA<\/span><\/span><\/span><\/strong><br \/>\nRichiede un processore e un sistema operativo a 64 bit<br \/>\nOS: Finestra 10 64 bit +<br \/>\nProcessore: Ryzen 5 2600x, Core i5 8600<br \/>\nMemoria: 16 GB di RAM<br \/>\nGrafica: AMD RX 5700, GTX 1070<br \/>\nDirectX: versione 12<br \/>\nRete: Connessione Internet a banda larga<br \/>\nArchiviazione: 50 GB di spazio disponibile<br \/>\nNote aggiuntive: SSD SATA DA 50 GB<\/p>\n<p><strong>Come attivare una chiave Origin:<\/strong><\/p>\n<p>Visita il sito web: http:\/\/www.origin.com\/us\/about.<br \/>\nFate clic su &#8220;Download Origin&#8221; (nell&#8217;angolo in alto a sinistra).<br \/>\nInstallare e lanciare l&#8217;applicazione, accedere con il nome utente e la password del proprio account (crearne uno qui: http:\/\/store.origin.com\/ se non se ne possiede uno).<br \/>\nDal menu a discesa &#8220;Origini&#8221; (in alto a sinistra), selezionare &#8220;Riscatta codice prodotto&#8230;&#8221;, inserire il codice e fare clic su &#8220;Avanti&#8221;.<br \/>\nDopo l&#8217;esito positivo della verifica del codice, accedere alla scheda &#8220;I miei giochi&#8221; e avviare il download.<\/p>\n","protected":false},"excerpt":{"rendered":"<p>Dopo il pagamento ed entro 24 ore riceverete via e-mail la chiave digitale per poter giocare al gioco appena acquistato.<\/p>\n","protected":false},"featured_media":26813,"comment_status":"closed","ping_status":"closed","template":"","meta":{"wds_primary_product_brand":0,"wds_primary_product_cat":0},"product_brand":[],"product_cat":[380,379,381,504,505,512,383,382,510,515,384],"product_tag":[],"class_list":{"0":"post-30629","1":"product","2":"type-product","3":"status-publish","4":"has-post-thumbnail","6":"product_cat-avventura","7":"product_cat-azione","8":"product_cat-chiavi-digital-pc","9":"product_cat-date-di-uscita-2023","10":"product_cat-fantasia","11":"product_cat-giocatore-singolo","12":"product_cat-orrore","13":"product_cat-prima-persona","14":"product_cat-sci-fi-it","15":"product_cat-terza-persona","16":"product_cat-videogiochi","18":"first","19":"outofstock","20":"sale","21":"virtual","22":"purchasable","23":"product-type-simple"},"_links":{"self":[{"href":"https:\/\/www.asimis-market.com\/it\/wp-json\/wp\/v2\/product\/30629","targetHints":{"allow":["GET"]}}],"collection":[{"href":"https:\/\/www.asimis-market.com\/it\/wp-json\/wp\/v2\/product"}],"about":[{"href":"https:\/\/www.asimis-market.com\/it\/wp-json\/wp\/v2\/types\/product"}],"replies":[{"embeddable":true,"href":"https:\/\/www.asimis-market.com\/it\/wp-json\/wp\/v2\/comments?post=30629"}],"wp:featuredmedia":[{"embeddable":true,"href":"https:\/\/www.asimis-market.com\/it\/wp-json\/wp\/v2\/media\/26813"}],"wp:attachment":[{"href":"https:\/\/www.asimis-market.com\/it\/wp-json\/wp\/v2\/media?parent=30629"}],"wp:term":[{"taxonomy":"product_brand","embeddable":true,"href":"https:\/\/www.asimis-market.com\/it\/wp-json\/wp\/v2\/product_brand?post=30629"},{"taxonomy":"product_cat","embeddable":true,"href":"https:\/\/www.asimis-market.com\/it\/wp-json\/wp\/v2\/product_cat?post=30629"},{"taxonomy":"product_tag","embeddable":true,"href":"https:\/\/www.asimis-market.com\/it\/wp-json\/wp\/v2\/product_tag?post=30629"}],"curies":[{"name":"wp","href":"https:\/\/api.w.org\/{rel}","templated":true}]}}