{"id":30630,"date":"2023-10-12T17:35:45","date_gmt":"2023-10-12T14:35:45","guid":{"rendered":"https:\/\/www.asimis-market.com\/product\/star-wars-jedi-survivor-origin-chiave-digitale-globale-prezzo-senza-costi-aggiuntivi\/"},"modified":"2023-10-12T17:35:45","modified_gmt":"2023-10-12T14:35:45","slug":"star-wars-jedi-survivor-origin-chiave-digitale-globale-prezzo-senza-costi-aggiuntivi","status":"publish","type":"product","link":"https:\/\/www.asimis-market.com\/it\/prodotto\/star-wars-jedi-survivor-origin-chiave-digitale-globale-prezzo-senza-costi-aggiuntivi\/","title":{"rendered":"STAR WARS JEDI SURVIVOR ORIGIN CHIAVE DIGITALE GLOBALE (PREZZO SENZA COSTI AGGIUNTIVI)"},"content":{"rendered":"<p><strong>IL GIOCO<\/strong><br \/>\nLa storia di Cal Kestis continua in Star Wars Jedi: Survivor, un gioco d&#8217;azione e avventura in terza persona ambientato tra le galassie, sviluppato da Respawn Entertainment in collaborazione con Lucasfilm Games. Questo titolo narrativamente guidato per giocatore singolo si svolge 5 anni dopo gli eventi di Star Wars Jedi: Fallen Order\u2122 e segue la lotta sempre pi\u00f9 disperata di Cal mentre la galassia sprofonda sempre pi\u00f9 nell&#8217;oscurit\u00e0. Spinto ai confini della galassia dall&#8217;Impero, Cal si trover\u00e0 circondato da minacce nuove e familiari. Come uno degli ultimi Jedi sopravvissuti, Cal \u00e8 costretto ad affrontare i momenti pi\u00f9 bui della galassia, ma fino a che punto \u00e8 disposto a spingersi per proteggere se stesso, il suo equipaggio e l&#8217;eredit\u00e0 dell&#8217;Ordine Jedi?<\/p>\n<p>&nbsp;<\/p>\n<p><iframe loading=\"lazy\" title=\"Star Wars Jedi: Survivor - Official Story Trailer\" width=\"1020\" height=\"574\" src=\"https:\/\/www.youtube.com\/embed\/_F6YBwIPzmk?feature=oembed\" frameborder=\"0\" allow=\"accelerometer; autoplay; clipboard-write; encrypted-media; gyroscope; picture-in-picture; web-share\" allowfullscreen><\/iframe><\/p>\n<p>&nbsp;<\/p>\n<p>Caratteristiche<br \/>\nContinua il viaggio di Cal. Non pi\u00f9 padawan, Cal \u00e8 diventato suo malgrado un potente Cavaliere Jedi. Con i ricordi e le aspettative dell&#8217;Ordine Jedi al suo fianco, la sua crociata contro l&#8217;Impero \u00e8 diventata sempre pi\u00f9 pericolosa. I tempi bui si avvicinano e, con nemici nuovi e familiari che lo circondano, Cal dovr\u00e0 decidere fino a che punto \u00e8 disposto a spingersi per salvare le persone a lui pi\u00f9 care.<\/p>\n<p>Andate oltre la vostra formazione. Il sistema di combattimento cinematografico ritorna con abilit\u00e0 aggiuntive della Forza e nuovi stili di combattimento con la spada laser. Sfruttate in modo creativo tutte queste abilit\u00e0 e armi per affrontare strategicamente una gamma ampliata di nemici, identificando i loro punti di forza e di debolezza e utilizzando abilmente il vostro addestramento per battere i vostri nemici e risolvere i misteri che si trovano sul vostro cammino.<\/p>\n<p>Esplorate una galassia inesplorata. Scoprite nuovi pianeti e frontiere familiari nella galassia di Star Wars, ognuno con biomi, sfide e nemici unici. Conquista nuove abilit\u00e0, equipaggiamenti e capacit\u00e0 che miglioreranno il tuo modo di esplorare, combattere e vagare. Con aree pi\u00f9 ampie da esplorare e scoperte fuori dai sentieri battuti, i giocatori pi\u00f9 avventurosi troveranno ricompense nascoste oltre l&#8217;orizzonte.<\/p>\n<p><strong>Altri dettagli del gioco<\/strong><br \/>\nData di uscita: 28 aprile 2023<br \/>\nGeneri: Videogioco d&#8217;azione e avventura, Avventura<br \/>\nPiattaforme: PlayStation 5, Xbox Serie X\/S, Microsoft Windows<br \/>\nModalit\u00e0: Videogioco per giocatore singolo<br \/>\nSviluppatore: Respawn Entertainment<br \/>\nEditore: Electronic Arts<\/p>\n<p><strong>LINGUAGGIO DI GIOCO<\/strong><br \/>\nInglese<br \/>\nFrancese<br \/>\nTedesco<br \/>\nSpagnolo<br \/>\nItaliano<br \/>\nGiapponese<br \/>\nCoreano<br \/>\nPolacco<br \/>\nCinese<br \/>\nPortoghese<\/p>\n<p><strong><span class=\"HwtZe\" lang=\"en\"><span class=\"jCAhz ChMk0b\"><span class=\"ryNqvb\">REQUISITI DI SISTEMA<\/span><\/span><\/span><\/strong><br \/>\nMinimo:<br \/>\nRichiede un processore e un sistema operativo a 64 bit<br \/>\nOS: Windows 10 64-bit<br \/>\nProcessore: 4 core \/ 8 thread | Intel Core i7-7700 | Ryzen 5 1400<br \/>\nMemoria: 8 GB di RAM<br \/>\nGrafica: 8GB VRAM | GTX 1070 | Radeon RX 580<br \/>\nDirectX: versione 12<br \/>\nRete: Connessione Internet a banda larga<br \/>\nSpazio di archiviazione: 130 GB di spazio disponibile<br \/>\nNote aggiuntive: Internet richiesto per le patch non facoltative, nessun gioco online.<\/p>\n<p><strong>Come attivare una chiave Origin:<\/strong><\/p>\n<p>Visita il sito web: http:\/\/www.origin.com\/us\/about.<br \/>\nFate clic su &#8220;Download Origin&#8221; (nell&#8217;angolo in alto a sinistra).<br \/>\nInstallare e lanciare l&#8217;applicazione, accedere con il nome utente e la password del proprio account (crearne uno qui: http:\/\/store.origin.com\/ se non se ne possiede uno).<br \/>\nDal menu a discesa &#8220;Origini&#8221; (in alto a sinistra), selezionare &#8220;Riscatta codice prodotto&#8230;&#8221;, inserire il codice e fare clic su &#8220;Avanti&#8221;.<br \/>\nDopo l&#8217;esito positivo della verifica del codice, accedere alla scheda &#8220;I miei giochi&#8221; e avviare il download.<\/p>\n","protected":false},"excerpt":{"rendered":"<p>Dopo il pagamento ed entro 24 ore riceverete via e-mail la chiave digitale per poter giocare al gioco appena acquistato.<\/p>\n","protected":false},"featured_media":26799,"comment_status":"closed","ping_status":"closed","template":"","meta":{"wds_primary_product_brand":0,"wds_primary_product_cat":0},"product_brand":[],"product_cat":[380,379,381,504,505,512,382,510,515,384],"product_tag":[],"class_list":{"0":"post-30630","1":"product","2":"type-product","3":"status-publish","4":"has-post-thumbnail","6":"product_cat-avventura","7":"product_cat-azione","8":"product_cat-chiavi-digital-pc","9":"product_cat-date-di-uscita-2023","10":"product_cat-fantasia","11":"product_cat-giocatore-singolo","12":"product_cat-prima-persona","13":"product_cat-sci-fi-it","14":"product_cat-terza-persona","15":"product_cat-videogiochi","17":"first","18":"outofstock","19":"sale","20":"virtual","21":"purchasable","22":"product-type-simple"},"_links":{"self":[{"href":"https:\/\/www.asimis-market.com\/it\/wp-json\/wp\/v2\/product\/30630","targetHints":{"allow":["GET"]}}],"collection":[{"href":"https:\/\/www.asimis-market.com\/it\/wp-json\/wp\/v2\/product"}],"about":[{"href":"https:\/\/www.asimis-market.com\/it\/wp-json\/wp\/v2\/types\/product"}],"replies":[{"embeddable":true,"href":"https:\/\/www.asimis-market.com\/it\/wp-json\/wp\/v2\/comments?post=30630"}],"wp:featuredmedia":[{"embeddable":true,"href":"https:\/\/www.asimis-market.com\/it\/wp-json\/wp\/v2\/media\/26799"}],"wp:attachment":[{"href":"https:\/\/www.asimis-market.com\/it\/wp-json\/wp\/v2\/media?parent=30630"}],"wp:term":[{"taxonomy":"product_brand","embeddable":true,"href":"https:\/\/www.asimis-market.com\/it\/wp-json\/wp\/v2\/product_brand?post=30630"},{"taxonomy":"product_cat","embeddable":true,"href":"https:\/\/www.asimis-market.com\/it\/wp-json\/wp\/v2\/product_cat?post=30630"},{"taxonomy":"product_tag","embeddable":true,"href":"https:\/\/www.asimis-market.com\/it\/wp-json\/wp\/v2\/product_tag?post=30630"}],"curies":[{"name":"wp","href":"https:\/\/api.w.org\/{rel}","templated":true}]}}