{"id":30631,"date":"2023-10-12T17:35:23","date_gmt":"2023-10-12T14:35:23","guid":{"rendered":"https:\/\/www.asimis-market.com\/product\/outlast-steam-chiave-digitale-globale-prezzo-senza-costi-aggiuntivi\/"},"modified":"2023-10-12T17:35:23","modified_gmt":"2023-10-12T14:35:23","slug":"outlast-steam-chiave-digitale-globale-prezzo-senza-costi-aggiuntivi","status":"publish","type":"product","link":"https:\/\/www.asimis-market.com\/it\/prodotto\/outlast-steam-chiave-digitale-globale-prezzo-senza-costi-aggiuntivi\/","title":{"rendered":"OUTLAST STEAM CHIAVE DIGITALE GLOBALE (PREZZO SENZA COSTI AGGIUNTIVI)"},"content":{"rendered":"<p><strong>Informazioni sul gioco<\/strong><\/p>\n<p>L&#8217;inferno \u00e8 un esperimento a cui non si pu\u00f2 sopravvivere in Outlast, un gioco survival horror in prima persona sviluppato dai veterani di alcuni dei pi\u00f9 grandi franchise di videogiochi della storia. Nei panni del giornalista investigativo Miles Upshur, esplorate il manicomio Mount Massive e cercate di sopravvivere abbastanza a lungo da scoprire il suo terrificante segreto&#8230; se ne avete il coraggio.<\/p>\n<p>Nelle remote montagne del Colorado, l&#8217;orrore attende il Mount Massive Asylum. Un istituto abbandonato per malati mentali, recentemente riaperto dal ramo &#8220;ricerca e beneficenza&#8221; della transnazionale Murkoff Corporation, il manicomio ha operato in stretta segretezza&#8230; fino ad ora.<\/p>\n<p>Grazie a una soffiata di una fonte anonima, il giornalista indipendente Miles Upshur fa irruzione nella struttura e scopre una linea terrificante tra scienza e religione, natura e qualcosa di completamente diverso. Una volta dentro, l&#8217;unica speranza di fuga \u00e8 rappresentata dalla terribile verit\u00e0 che si cela nel cuore di Mount Massive.<\/p>\n<p>Outlast \u00e8 una vera esperienza survival horror che vuole dimostrare che i mostri pi\u00f9 terrificanti provengono dalla mente umana.<\/p>\n<p>Caratteristiche<\/p>\n<p>Una vera esperienza di sopravvivenza horror: Non sei un combattente: se vuoi sopravvivere all&#8217;orrore del manicomio, la tua unica possibilit\u00e0 \u00e8 correre&#8230; o nasconderti.<br \/>\nGrafica coinvolgente: La grafica di qualit\u00e0 AAA offre ai giocatori un mondo dettagliato e terrificante da esplorare.<br \/>\nNascondersi e sgattaiolare: Gioco basato sulla furtivit\u00e0 con elementi platform ispirati al parkour.<br \/>\nNemici imprevedibili: I giocatori non possono sapere quando &#8211; o dove &#8211; uno dei terrificanti abitanti del manicomio li raggiunger\u00e0.<br \/>\nOrrore reale: L&#8217;ambientazione e i personaggi di Outlast sono ispirati a manicomi reali e a casi di follia criminale.<\/p>\n<p>Outlast contiene violenza intensa, gore, contenuti sessuali grafici e un linguaggio forte. Buon divertimento.<\/p>\n<p>&nbsp;<\/p>\n<p>&nbsp;<\/p>\n<p><iframe loading=\"lazy\" title=\"Outlast - Official Trailer from Red Barrels (Full version)\" width=\"1020\" height=\"574\" src=\"https:\/\/www.youtube.com\/embed\/2GPf3MdVOKI?feature=oembed\" frameborder=\"0\" allow=\"accelerometer; autoplay; clipboard-write; encrypted-media; gyroscope; picture-in-picture; web-share\" allowfullscreen><\/iframe><\/p>\n<p>&nbsp;<\/p>\n<p><strong>Ulteriori dettagli sul gioco<\/strong><\/p>\n<p>Sviluppatore: Red Barrels<br \/>\nData di uscita: 09\/04\/2013<br \/>\nGeneri: Simulazione, Horror, Indipendente, Multiplayer, Avventura, Azione, Prima persona<br \/>\nPiattaforma: Microsoft Windows<br \/>\nEditore: Barili Rossi<\/p>\n<p><strong>LINGUAGGIO DI GIOCO<\/strong><br \/>\nInglese<br \/>\nTedesco<br \/>\nFrancese<br \/>\nSpagnolo<br \/>\nGiapponese<br \/>\nPolacco<br \/>\nRusso<br \/>\nItaliano<br \/>\nPortoghese &#8211; Brasile<\/p>\n<p><strong><span class=\"HwtZe\" lang=\"en\"><span class=\"jCAhz ChMk0b\"><span class=\"ryNqvb\">REQUISITI DI SISTEMA<\/span><\/span><\/span><\/strong><br \/>\nOS: Windows XP \/ Vista \/ 7 \/ 8 &#8211; 64 bit *<br \/>\nProcessore: CPU Dual Core da 2,2 GHz<br \/>\nMemoria: 2 GB di RAM<br \/>\nGrafica: 512 MB NVIDIA GeForce 9800GTX \/ ATI Radeon HD 3xxx series<br \/>\nDirectX: versione 9.0c<br \/>\nRete: Connessione Internet a banda larga<br \/>\nMemoria: 5 GB di spazio disponibile<br \/>\nScheda audio: Compatibile con DirectX<br \/>\nNote aggiuntive: * I sistemi a 32 bit non sono ufficialmente supportati, ma dovrebbero funzionare se configurati in modo da fornire 3Gb di spazio di indirizzamento in modalit\u00e0 utente.<\/p>\n<p><strong>Come attivare una chiave Steam:<\/strong><br \/>\n&#8211; Andare su: http:\/\/store.steampowered.com\/ e scaricare il client STEAM<br \/>\n&#8211; Fare clic su &#8220;Installa Steam&#8221; (dall&#8217;angolo in alto a destra)<br \/>\n&#8211; Installare e lanciare l&#8217;applicazione, accedere con il nome e la password del proprio account (crearne uno se non lo si possiede).<br \/>\n&#8211; Seguite queste istruzioni per attivare un nuovo acquisto al dettaglio su Steam:<br \/>\n&#8211; Lanciate Steam e accedete al vostro account Steam.<br \/>\n&#8211; Fare clic sul menu Giochi.<br \/>\n&#8211; Selezionare l&#8217;attivazione del prodotto su Steam&#8230;<br \/>\n&#8211; Seguire le istruzioni sullo schermo per completare la procedura.<br \/>\n&#8211; Dopo aver verificato il codice, andare alla scheda &#8220;I miei giochi&#8221; e avviare il download.<\/p>\n","protected":false},"excerpt":{"rendered":"<p><span class=\"HwtZe\" lang=\"en\"><span class=\"jCAhz ChMk0b\"><span class=\"ryNqvb\">Dopo il pagamento riceverete immediatamente il codice Steam via e-mail per poter giocare subito al gioco appena acquistato.<\/span><\/span><\/span><\/p>\n","protected":false},"featured_media":26783,"comment_status":"closed","ping_status":"closed","template":"","meta":{"wds_primary_product_brand":0,"wds_primary_product_cat":0},"product_brand":[],"product_cat":[380,379,381,512,506,383,382,384],"product_tag":[],"class_list":{"0":"post-30631","1":"product","2":"type-product","3":"status-publish","4":"has-post-thumbnail","6":"product_cat-avventura","7":"product_cat-azione","8":"product_cat-chiavi-digital-pc","9":"product_cat-giocatore-singolo","10":"product_cat-multigiocatore","11":"product_cat-orrore","12":"product_cat-prima-persona","13":"product_cat-videogiochi","15":"first","16":"instock","17":"sale","18":"virtual","19":"purchasable","20":"product-type-simple"},"_links":{"self":[{"href":"https:\/\/www.asimis-market.com\/it\/wp-json\/wp\/v2\/product\/30631","targetHints":{"allow":["GET"]}}],"collection":[{"href":"https:\/\/www.asimis-market.com\/it\/wp-json\/wp\/v2\/product"}],"about":[{"href":"https:\/\/www.asimis-market.com\/it\/wp-json\/wp\/v2\/types\/product"}],"replies":[{"embeddable":true,"href":"https:\/\/www.asimis-market.com\/it\/wp-json\/wp\/v2\/comments?post=30631"}],"wp:featuredmedia":[{"embeddable":true,"href":"https:\/\/www.asimis-market.com\/it\/wp-json\/wp\/v2\/media\/26783"}],"wp:attachment":[{"href":"https:\/\/www.asimis-market.com\/it\/wp-json\/wp\/v2\/media?parent=30631"}],"wp:term":[{"taxonomy":"product_brand","embeddable":true,"href":"https:\/\/www.asimis-market.com\/it\/wp-json\/wp\/v2\/product_brand?post=30631"},{"taxonomy":"product_cat","embeddable":true,"href":"https:\/\/www.asimis-market.com\/it\/wp-json\/wp\/v2\/product_cat?post=30631"},{"taxonomy":"product_tag","embeddable":true,"href":"https:\/\/www.asimis-market.com\/it\/wp-json\/wp\/v2\/product_tag?post=30631"}],"curies":[{"name":"wp","href":"https:\/\/api.w.org\/{rel}","templated":true}]}}