{"id":30632,"date":"2023-10-12T17:35:23","date_gmt":"2023-10-12T14:35:23","guid":{"rendered":"https:\/\/www.asimis-market.com\/product\/builder-simulator-steam-chiave-digitale-globale-prezzo-senza-costi-aggiuntivi\/"},"modified":"2023-10-12T17:35:23","modified_gmt":"2023-10-12T14:35:23","slug":"builder-simulator-steam-chiave-digitale-globale-prezzo-senza-costi-aggiuntivi","status":"publish","type":"product","link":"https:\/\/www.asimis-market.com\/it\/prodotto\/builder-simulator-steam-chiave-digitale-globale-prezzo-senza-costi-aggiuntivi\/","title":{"rendered":"BUILDER SIMULATOR STEAM CHIAVE DIGITALE GLOBALE (PREZZO SENZA COSTI AGGIUNTIVI)"},"content":{"rendered":"<p><strong>IL GIOCO<\/strong><br \/>\nBuilder Simulator \u00e8 un gioco per coloro il cui sogno pi\u00f9 grande \u00e8 sempre stato quello di costruire la propria casa da zero. Preparate il progetto, acquistate i materiali necessari e costruite una casa perfetta, mattone dopo mattone. Sar\u00e0 un compito facile? All&#8217;inizio, s\u00ec! Dopotutto, siete solo dei principianti in questo serio settore edile. Tutorial appositamente studiati vi guideranno passo dopo passo attraverso i colpi di scena del lavoro di costruzione. Tuttavia, man mano che si acquisisce esperienza, le sfide diventano pi\u00f9 impegnative.<\/p>\n<p>Ogni grande progetto di costruzione inizia con una matita e un foglio di carta. E cos\u00ec ci si ritrova nel Simulatore del Costruttore. Inizierete il vostro lavoro progettando una casa su un tavolo da disegno. Linee, curve, quadrati: l&#8217;intero layout dipende dai vostri gusti. L&#8217;unica cosa che pu\u00f2 frenarvi \u00e8 la vostra immaginazione. Quindi, usate la vostra immaginazione e progettate l&#8217;edificio pi\u00f9 eccezionale di tutti! E se non avete idee per un design, potete sempre scegliere tra i progetti che abbiamo preparato.<\/p>\n<p>Edificio<br \/>\nAvete terminato il vostro piccolo progetto? Grande! Ora \u00e8 il momento di metterlo in pratica. Prendete una pila di mattoni, un po&#8217; di cemento, rimboccatevi le maniche e costruite, edificate e create! Avete paura che sia noioso? NO, NO, NO. Niente del genere! Scavate le fondamenta, montate i muri, installate le finestre o le porte e molto altro ancora. Non sar\u00e0 solo emozionante, ma soprattutto divertente!<\/p>\n<p>Finitura<br \/>\nSiete molto orgogliosi di queste pareti dritte e del soffitto perfetto&#8230; ma non \u00e8 finita! \u00c8 ora di finire questa bella e piccola casa. Come? Naturalmente, lucidando l&#8217;esterno! \u00c8 come truccare un viso perfettamente scolpito. \u00c8 possibile completare la sopraelevazione, realizzare il pavimento o dipingere le pareti. Fate tutto il possibile per rendere questa casa incantevole!<\/p>\n<p>Condividi<br \/>\nLasciare questa creazione a marcire sul computer sarebbe un errore, giusto? Ecco perch\u00e9 stiamo preparando qualcosa di speciale per tutti i nostri preziosi giocatori: il Community Builder! Questo \u00e8 un luogo in cui potete condividere le vostre opere. Si pu\u00f2 anche costruire una casa basandosi sul lavoro di qualcun altro. Condividi la tua passione, ammira le opere di persone provenienti da tutto il mondo e incontra altri costruttori! Condividete il vostro entusiasmo e soprattutto&#8230;<\/p>\n<p>&#8230;DIVERTITEVI!<\/p>\n<p>&nbsp;<\/p>\n<p>&nbsp;<\/p>\n<p><iframe loading=\"lazy\" title=\"Builder Simulator - Launch Trailer\" width=\"1020\" height=\"574\" src=\"https:\/\/www.youtube.com\/embed\/4H3sn3LqACs?feature=oembed\" frameborder=\"0\" allow=\"accelerometer; autoplay; clipboard-write; encrypted-media; gyroscope; picture-in-picture; web-share\" allowfullscreen><\/iframe><\/p>\n<p>&nbsp;<\/p>\n<p><strong>ULTERIORI DETTAGLI SUL GIOCO<\/strong><br \/>\nSviluppatore: Live Motion Games<br \/>\nData di uscita: 9 giugno 2022<br \/>\nGeneri: Videogioco di simulazione, Gioco indipendente, Gioco casual, Avventura, Strategia<br \/>\nPiattaforma: Microsoft Windows<br \/>\nEditori: Live Motion Games, Frozen Way SA<\/p>\n<p><strong>LINGUAGGIO DI GIOCO<\/strong><br \/>\nInglese<br \/>\nPolacco<br \/>\nFrancese<br \/>\nItaliano<br \/>\nTedesco<br \/>\nSpagnolo<br \/>\nCinese<br \/>\nGiapponese<br \/>\nPortoghese<br \/>\nRusso<br \/>\nTurco<\/p>\n<p><strong>REQUISITI DI SISTEMA<\/strong><br \/>\nMinimo:<br \/>\nRichiede un processore e un sistema operativo a 64 bit<br \/>\nOS: Windows\u00ae 7\/8\/10<br \/>\nProcessore: i5 4460 o AMD ryzen 5 1600<br \/>\nMemoria: 6 GB di RAM<br \/>\nGrafica: GTX 750TI 2GB<\/p>\n<p><strong>Come attivare una chiave Steam:<\/strong><br \/>\n&#8211; Andare su: http:\/\/store.steampowered.com\/ e scaricare il client STEAM<br \/>\n&#8211; Fare clic su &#8220;Installa Steam&#8221; (dall&#8217;angolo in alto a destra)<br \/>\n&#8211; Installare e lanciare l&#8217;applicazione, accedere con il nome e la password del proprio account (crearne uno se non lo si possiede).<br \/>\n&#8211; Seguite queste istruzioni per attivare un nuovo acquisto al dettaglio su Steam:<br \/>\n&#8211; Lanciate Steam e accedete al vostro account Steam.<br \/>\n&#8211; Fare clic sul menu Giochi.<br \/>\n&#8211; Selezionare l&#8217;attivazione del prodotto su Steam&#8230;<br \/>\n&#8211; Seguire le istruzioni sullo schermo per completare la procedura.<br \/>\n&#8211; Dopo aver verificato il codice, andare alla scheda &#8220;I miei giochi&#8221; e avviare il download.<\/p>\n","protected":false},"excerpt":{"rendered":"<p><span class=\"HwtZe\" lang=\"en\"><span class=\"jCAhz ChMk0b\"><span class=\"ryNqvb\">Dopo il pagamento riceverete immediatamente il codice Steam via e-mail per poter giocare subito al gioco appena acquistato.<\/span><\/span><\/span><\/p>\n","protected":false},"featured_media":26769,"comment_status":"closed","ping_status":"closed","template":"","meta":{"wds_primary_product_brand":0,"wds_primary_product_cat":0},"product_brand":[],"product_cat":[380,381,512,511,514,384],"product_tag":[],"class_list":{"0":"post-30632","1":"product","2":"type-product","3":"status-publish","4":"has-post-thumbnail","6":"product_cat-avventura","7":"product_cat-chiavi-digital-pc","8":"product_cat-giocatore-singolo","9":"product_cat-simulazione","10":"product_cat-strategia","11":"product_cat-videogiochi","13":"first","14":"instock","15":"sale","16":"virtual","17":"purchasable","18":"product-type-simple"},"_links":{"self":[{"href":"https:\/\/www.asimis-market.com\/it\/wp-json\/wp\/v2\/product\/30632","targetHints":{"allow":["GET"]}}],"collection":[{"href":"https:\/\/www.asimis-market.com\/it\/wp-json\/wp\/v2\/product"}],"about":[{"href":"https:\/\/www.asimis-market.com\/it\/wp-json\/wp\/v2\/types\/product"}],"replies":[{"embeddable":true,"href":"https:\/\/www.asimis-market.com\/it\/wp-json\/wp\/v2\/comments?post=30632"}],"wp:featuredmedia":[{"embeddable":true,"href":"https:\/\/www.asimis-market.com\/it\/wp-json\/wp\/v2\/media\/26769"}],"wp:attachment":[{"href":"https:\/\/www.asimis-market.com\/it\/wp-json\/wp\/v2\/media?parent=30632"}],"wp:term":[{"taxonomy":"product_brand","embeddable":true,"href":"https:\/\/www.asimis-market.com\/it\/wp-json\/wp\/v2\/product_brand?post=30632"},{"taxonomy":"product_cat","embeddable":true,"href":"https:\/\/www.asimis-market.com\/it\/wp-json\/wp\/v2\/product_cat?post=30632"},{"taxonomy":"product_tag","embeddable":true,"href":"https:\/\/www.asimis-market.com\/it\/wp-json\/wp\/v2\/product_tag?post=30632"}],"curies":[{"name":"wp","href":"https:\/\/api.w.org\/{rel}","templated":true}]}}