{"id":30634,"date":"2023-10-12T17:35:23","date_gmt":"2023-10-12T14:35:23","guid":{"rendered":"https:\/\/www.asimis-market.com\/product\/warhammer-vermintide-2-steam-chiave-digitale-europa-prezzo-senza-costi-aggiuntivi\/"},"modified":"2023-10-12T17:35:23","modified_gmt":"2023-10-12T14:35:23","slug":"warhammer-vermintide-2-steam-chiave-digitale-europa-prezzo-senza-costi-aggiuntivi","status":"publish","type":"product","link":"https:\/\/www.asimis-market.com\/it\/prodotto\/warhammer-vermintide-2-steam-chiave-digitale-europa-prezzo-senza-costi-aggiuntivi\/","title":{"rendered":"WARHAMMER VERMINTIDE 2 STEAM CHIAVE DIGITALE EUROPA (PREZZO SENZA COSTI AGGIUNTIVI)"},"content":{"rendered":"<p><strong>IL GIOCO<\/strong><br \/>\nVermintide \u00e8 tornato &#8211; pi\u00f9 oscuro, pi\u00f9 sanguinoso e pi\u00f9 intenso che mai!<br \/>\nWarhammer: Vermintide 2 \u00e8 il seguito del pluripremiato Vermintide. \u00c8 arrivato il momento di rivisitare il brutale massacro in prima persona con un&#8217;azione viscerale e innovativa in mischia, ambientato nell&#8217;apocalittica Fine dei Tempi del mondo di Warhammer Fantasy Battles, devastato dalla guerra.<br \/>\nI nostri cinque eroi sono tornati per affrontare una minaccia ancora pi\u00f9 grande: le forze combinate di un malefico e distruttivo esercito del Caos e della brulicante orda degli Skaven. Preparatevi ad affrontare la sfida come mai prima d&#8217;ora, mentre voi e la vostra squadra cercate disperatamente di sopravvivere all&#8217;implacabile assalto. Scegliete tra 15 carriere diverse, scalate gli alberi dei talenti, personalizzate il vostro arsenale per adattarlo al vostro stile di gioco unico, combattete attraverso una miriade di livelli mozzafiato e sfidate voi stessi con il nostro nuovo sistema di gesta eroiche. L&#8217;unica cosa che si frappone tra la sconfitta definitiva e la vittoria siete voi e i vostri alleati. Se voi cadete, cadr\u00e0 anche l&#8217;Impero.<\/p>\n<p>&nbsp;<\/p>\n<p><iframe loading=\"lazy\" title=\"Warhammer: Vermintide 2 | Gameplay Trailer\" width=\"1020\" height=\"574\" src=\"https:\/\/www.youtube.com\/embed\/GfYBSWAOcZs?feature=oembed\" frameborder=\"0\" allow=\"accelerometer; autoplay; clipboard-write; encrypted-media; gyroscope; picture-in-picture; web-share\" allowfullscreen><\/iframe><\/p>\n<p>&nbsp;<\/p>\n<p>Caratteristiche<br \/>\n5 eroi con 15 percorsi di carriera<br \/>\nScegliete tra 15 carriere uniche, ognuna con un aspetto, abilit\u00e0, talenti e armi diversi.<br \/>\nImplacabile esperienza cooperativa a 4 giocatori<br \/>\nLe forze combinate del Caos e degli Skaven sono spietate e senza piet\u00e0 e richiedono un lavoro di squadra coordinato per rimanere in vita.<br \/>\nChaos e Skaven lavorano insieme<br \/>\nPreparatevi ad affrontare una minaccia senza precedenti: gli eserciti del Caos e degli Skaven hanno stretto un&#8217;oscura alleanza per far sprofondare il mondo nella morte e nella decadenza. I nostri eroi dovranno affrontare un&#8217;orda di guerrieri nemici di varie forme e dimensioni.<br \/>\nCombattere contro orde di nemici schiaccianti<br \/>\nDi fronte al numero sterminato di Skaven e alla potenza selvaggia dell&#8217;esercito del Caos, gli eroi devono rimanere uniti e la loro lotta deve trovare un equilibrio tra sana tattica e follia per superare le sconcertanti probabilit\u00e0.<br \/>\nSistema delle gesta eroiche<br \/>\nSperimentate scenari unici e prove intense con il nostro nuovo sistema di Gesta Eroiche &#8211; missioni consumabili che cambieranno drasticamente la composizione del nemico, le impostazioni del livello, l&#8217;uso delle armi e gli obiettivi della missione.<br \/>\nAlberi dei talenti e progressione<br \/>\nPotenziate i vostri eroi e scalate l&#8217;albero dei talenti della vostra carriera, sbloccando nuove abilit\u00e0 e ottenendo l&#8217;accesso a potenti equipaggiamenti lungo il percorso.<br \/>\nL&#8217;avventura continua<br \/>\nEsplora una vasta gamma di nuovi livelli mozzafiato all&#8217;interno e nei dintorni di Helmgart, una citt\u00e0 fortezza che protegge i confini bretoni dell&#8217;Impero.<br \/>\nNuovo sistema di bottino migliorato<br \/>\nAl termine di ogni missione, sarete ricompensati con un bottino importante: armi, missioni consumabili, gingilli, cappelli, materiali per il crafting e altro ancora, tutti applicabili alla carriera che avete scelto.<\/p>\n<p><strong>ALTRI DETTAGLI DEL GIOCO<\/strong><br \/>\nSviluppatore: Fatshark<br \/>\nData di uscita: 8 marzo 2018<br \/>\nModalit\u00e0: Videogioco multiplayer<br \/>\nGeneri: Sparatutto, Videogiochi di ruolo, Videogiochi di combattimento, Videogiochi indipendenti, Videogiochi di avventura<br \/>\nProgettista: Joakim Setterberg<br \/>\nPiattaforme: Xbox One, PlayStation 4, Xbox Series X\/S, Microsoft Windows<br \/>\nEditore: Fatshark<\/p>\n<p><strong>LINGUAGGIO DI GIOCO<\/strong><br \/>\nInglese<br \/>\nTedesco<br \/>\nFrancese<br \/>\nSpagnolo<br \/>\nPolacco<br \/>\nRusso<br \/>\nItaliano<br \/>\nPortoghese &#8211; Brasile<\/p>\n<p><strong><span class=\"HwtZe\" lang=\"en\"><span class=\"jCAhz ChMk0b\"><span class=\"ryNqvb\">REQUISITI DI SISTEMA<\/span><\/span><\/span><\/strong><br \/>\nRichiede un processore e un sistema operativo a 64 bit<br \/>\nSistema operativo: Windows 7 a 64 bit, Windows 8 (8.1) a 64 bit o Windows 10 a 64 bit.<br \/>\nProcessore: Intel Core i5-2300 @ 2,80 GHz \/ AMD FX-4350 @ 4,2 GHz<br \/>\nMemoria: 6 GB di RAM<br \/>\nGrafica: NVIDIA GeForce GTX 460 o AMD Radeon HD 5870<br \/>\nDirectX: versione 11<br \/>\nRete: Connessione Internet a banda larga<br \/>\nSpazio di archiviazione: 45 GB di spazio disponibile<br \/>\nNote aggiuntive: *Attenzione: questi requisiti sono preliminari e potrebbero cambiare.<\/p>\n<p><strong>Come attivare una chiave Steam:<\/strong><br \/>\n&#8211; Andare su: http:\/\/store.steampowered.com\/ e scaricare il client STEAM<br \/>\n&#8211; Fare clic su &#8220;Installa Steam&#8221; (dall&#8217;angolo in alto a destra)<br \/>\n&#8211; Installare e lanciare l&#8217;applicazione, accedere con il nome e la password del proprio account (crearne uno se non lo si possiede).<br \/>\n&#8211; Seguite queste istruzioni per attivare un nuovo acquisto al dettaglio su Steam:<br \/>\n&#8211; Lanciate Steam e accedete al vostro account Steam.<br \/>\n&#8211; Fare clic sul menu Giochi.<br \/>\n&#8211; Selezionare l&#8217;attivazione del prodotto su Steam&#8230;<br \/>\n&#8211; Seguire le istruzioni sullo schermo per completare la procedura.<br \/>\n&#8211; Dopo aver verificato il codice, andare alla scheda &#8220;I miei giochi&#8221; e avviare il download.<\/p>\n","protected":false},"excerpt":{"rendered":"<p><span class=\"HwtZe\" lang=\"en\"><span class=\"jCAhz ChMk0b\"><span class=\"ryNqvb\">Dopo il pagamento riceverete immediatamente il codice Steam via e-mail per poter giocare subito al gioco appena acquistato.<\/span><\/span><\/span><\/p>\n","protected":false},"featured_media":26729,"comment_status":"closed","ping_status":"closed","template":"","meta":{"wds_primary_product_brand":0,"wds_primary_product_cat":0},"product_brand":[],"product_cat":[380,379,381,505,512,382,515,384],"product_tag":[],"class_list":{"0":"post-30634","1":"product","2":"type-product","3":"status-publish","4":"has-post-thumbnail","6":"product_cat-avventura","7":"product_cat-azione","8":"product_cat-chiavi-digital-pc","9":"product_cat-fantasia","10":"product_cat-giocatore-singolo","11":"product_cat-prima-persona","12":"product_cat-terza-persona","13":"product_cat-videogiochi","15":"first","16":"instock","17":"sale","18":"virtual","19":"purchasable","20":"product-type-simple"},"_links":{"self":[{"href":"https:\/\/www.asimis-market.com\/it\/wp-json\/wp\/v2\/product\/30634","targetHints":{"allow":["GET"]}}],"collection":[{"href":"https:\/\/www.asimis-market.com\/it\/wp-json\/wp\/v2\/product"}],"about":[{"href":"https:\/\/www.asimis-market.com\/it\/wp-json\/wp\/v2\/types\/product"}],"replies":[{"embeddable":true,"href":"https:\/\/www.asimis-market.com\/it\/wp-json\/wp\/v2\/comments?post=30634"}],"wp:featuredmedia":[{"embeddable":true,"href":"https:\/\/www.asimis-market.com\/it\/wp-json\/wp\/v2\/media\/26729"}],"wp:attachment":[{"href":"https:\/\/www.asimis-market.com\/it\/wp-json\/wp\/v2\/media?parent=30634"}],"wp:term":[{"taxonomy":"product_brand","embeddable":true,"href":"https:\/\/www.asimis-market.com\/it\/wp-json\/wp\/v2\/product_brand?post=30634"},{"taxonomy":"product_cat","embeddable":true,"href":"https:\/\/www.asimis-market.com\/it\/wp-json\/wp\/v2\/product_cat?post=30634"},{"taxonomy":"product_tag","embeddable":true,"href":"https:\/\/www.asimis-market.com\/it\/wp-json\/wp\/v2\/product_tag?post=30634"}],"curies":[{"name":"wp","href":"https:\/\/api.w.org\/{rel}","templated":true}]}}