{"id":30635,"date":"2023-10-12T17:35:23","date_gmt":"2023-10-12T14:35:23","guid":{"rendered":"https:\/\/www.asimis-market.com\/product\/hitman-contracts-steam-chiave-digitale-europa-prezzo-senza-costi-aggiuntivi\/"},"modified":"2023-10-12T17:35:23","modified_gmt":"2023-10-12T14:35:23","slug":"hitman-contracts-steam-chiave-digitale-europa-prezzo-senza-costi-aggiuntivi","status":"publish","type":"product","link":"https:\/\/www.asimis-market.com\/it\/prodotto\/hitman-contracts-steam-chiave-digitale-europa-prezzo-senza-costi-aggiuntivi\/","title":{"rendered":"HITMAN CONTRACTS STEAM CHIAVE DIGITALE EUROPA (PREZZO SENZA COSTI AGGIUNTIVI)"},"content":{"rendered":"<p><strong>Informazioni sul gioco<\/strong><br \/>\nEntrate nel mondo di HITMAN: un mondo di crimine, peccato e avidit\u00e0. Immergetevi nella mente dell&#8217;Agente 47 e incontrate i suoi pi\u00f9 grandi avversari, completando il lavoro che lo ha reso cos\u00ec spietatamente efficace e lo ha plasmato come assassino. Eliminate i vostri obiettivi con ogni mezzo necessario.<br \/>\nNon ci sono regole&#8230; solo il contratto, firmato col sangue.<br \/>\nCaratteristiche<br \/>\nViaggiate in tutto il mondo, eliminando terroristi internazionali e boss del crimine dalla vostra lista dei bersagli.<br \/>\nCompletate gli obiettivi della missione con un&#8217;ampia variet\u00e0 di approcci tattici.<br \/>\nImprovvisate sul lavoro, raccogliendo travestimenti e oggetti ambientali da usare come armi.<br \/>\nL&#8217;IA avanzata del nemico utilizza tattiche di squadra per cercare di fermarvi.<\/p>\n<p>&nbsp;<\/p>\n<p><iframe loading=\"lazy\" title=\"Hitman: Contracts - Trailer\" width=\"1020\" height=\"765\" src=\"https:\/\/www.youtube.com\/embed\/0w86x1YaapU?feature=oembed\" frameborder=\"0\" allow=\"accelerometer; autoplay; clipboard-write; encrypted-media; gyroscope; picture-in-picture; web-share\" allowfullscreen><\/iframe><\/p>\n<p>&nbsp;<\/p>\n<p><strong>Ulteriori dettagli sul gioco<\/strong><br \/>\nPiattaforme: Microsoft Windows, PlayStation 3, PlayStation 2, Xbox, Mac OS classico<br \/>\nModalit\u00e0: Videogioco per giocatore singolo<br \/>\nPremi: Premio BAFTA Video Games per la migliore colonna sonora originale<br \/>\nNomination: Premio BAFTA Video Games per la migliore colonna sonora originale<br \/>\nGeneri: Gioco stealth, Sparatutto in terza persona, Videogioco sparatutto in prima persona<br \/>\nSviluppatore: IO Interactive<br \/>\nEditori: IO Interactive, Eidos Interactive, Square Enix<\/p>\n<p><strong>LINGUAGGIO DI GIOCO<\/strong><br \/>\nInglese<br \/>\nTedesco<br \/>\nFrancese<br \/>\nSpagnolo<br \/>\nItaliano<\/p>\n<p><strong><span class=\"HwtZe\" lang=\"en\"><span class=\"jCAhz ChMk0b\"><span class=\"ryNqvb\">REQUISITI DI SISTEMA<\/span><\/span><\/span><\/strong><br \/>\nOS: Windows 98\/2000\/ME\/XP<br \/>\nProcessore: Pentium III 800MHz<br \/>\nMemoria: 256 MB di RAM<br \/>\nGrafica: scheda video con acceleratore 3D compatibile al 100% con DirectX 8.1 e almeno 32 Mb di RAM.<br \/>\nDirectX: versione 8.1<br \/>\nMemoria: 2 GB di spazio disponibile<\/p>\n<p><strong>Come attivare una chiave Steam:<\/strong><\/p>\n<p>Visitate il sito web: http:\/\/store.steampowered.com\/ e scaricate il programma client STEAM.<br \/>\nFate clic su &#8220;Installa Steam&#8221; (dall&#8217;angolo in alto a destra).<br \/>\nInstallare e avviare l&#8217;applicazione, accedere con il nome e la password del proprio account (crearne uno se non lo si possiede).<br \/>\nSeguite queste istruzioni per attivare un nuovo acquisto al dettaglio su Steam:<br \/>\nLanciate Steam e accedete al vostro account Steam.<br \/>\nFare clic sul menu Giochi.<br \/>\nSelezionare Attiva un prodotto su Steam&#8230;<br \/>\nSeguire le istruzioni sullo schermo per completare la procedura.<br \/>\nDopo aver verificato con successo il codice, accedere alla scheda &#8220;I miei giochi&#8221; e avviare il download.<\/p>\n","protected":false},"excerpt":{"rendered":"<p>Dopo il pagamento riceverete immediatamente via e-mail il codice Steam che vi consentir\u00e0 di giocare al tempo stesso al gioco appena acquistato.<\/p>\n","protected":false},"featured_media":26711,"comment_status":"closed","ping_status":"closed","template":"","meta":{"wds_primary_product_brand":0,"wds_primary_product_cat":0},"product_brand":[],"product_cat":[380,379,381,512,382,515,384],"product_tag":[],"class_list":{"0":"post-30635","1":"product","2":"type-product","3":"status-publish","4":"has-post-thumbnail","6":"product_cat-avventura","7":"product_cat-azione","8":"product_cat-chiavi-digital-pc","9":"product_cat-giocatore-singolo","10":"product_cat-prima-persona","11":"product_cat-terza-persona","12":"product_cat-videogiochi","14":"first","15":"instock","16":"sale","17":"virtual","18":"purchasable","19":"product-type-simple"},"_links":{"self":[{"href":"https:\/\/www.asimis-market.com\/it\/wp-json\/wp\/v2\/product\/30635","targetHints":{"allow":["GET"]}}],"collection":[{"href":"https:\/\/www.asimis-market.com\/it\/wp-json\/wp\/v2\/product"}],"about":[{"href":"https:\/\/www.asimis-market.com\/it\/wp-json\/wp\/v2\/types\/product"}],"replies":[{"embeddable":true,"href":"https:\/\/www.asimis-market.com\/it\/wp-json\/wp\/v2\/comments?post=30635"}],"wp:featuredmedia":[{"embeddable":true,"href":"https:\/\/www.asimis-market.com\/it\/wp-json\/wp\/v2\/media\/26711"}],"wp:attachment":[{"href":"https:\/\/www.asimis-market.com\/it\/wp-json\/wp\/v2\/media?parent=30635"}],"wp:term":[{"taxonomy":"product_brand","embeddable":true,"href":"https:\/\/www.asimis-market.com\/it\/wp-json\/wp\/v2\/product_brand?post=30635"},{"taxonomy":"product_cat","embeddable":true,"href":"https:\/\/www.asimis-market.com\/it\/wp-json\/wp\/v2\/product_cat?post=30635"},{"taxonomy":"product_tag","embeddable":true,"href":"https:\/\/www.asimis-market.com\/it\/wp-json\/wp\/v2\/product_tag?post=30635"}],"curies":[{"name":"wp","href":"https:\/\/api.w.org\/{rel}","templated":true}]}}