{"id":30638,"date":"2023-10-12T17:35:00","date_gmt":"2023-10-12T14:35:00","guid":{"rendered":"https:\/\/www.asimis-market.com\/product\/tower-of-time-steam-chiave-digitale-globale-prezzo-senza-costi-aggiuntivi\/"},"modified":"2023-10-12T17:35:00","modified_gmt":"2023-10-12T14:35:00","slug":"tower-of-time-steam-chiave-digitale-globale-prezzo-senza-costi-aggiuntivi","status":"publish","type":"product","link":"https:\/\/www.asimis-market.com\/it\/prodotto\/tower-of-time-steam-chiave-digitale-globale-prezzo-senza-costi-aggiuntivi\/","title":{"rendered":"TOWER OF TIME STEAM CHIAVE DIGITALE GLOBALE (PREZZO SENZA COSTI AGGIUNTIVI)"},"content":{"rendered":"<p><strong>IL GIOCO<\/strong><\/p>\n<p>The Tower of Time \u00e8 un&#8217;incredibile avventura con oltre 50 ore di gioco, livelli realizzati a mano e una ricca storia raccontata attraverso i filmati. Portando il classico gioco di ruolo a un livello superiore, Tower of Time offre uno sviluppo flessibile del personaggio, migliaia di bottini ed equipaggiamenti e un complesso e tattico sistema di battaglia a tempo di freccia in tempo reale.<\/p>\n<p>Nota importante: le battaglie nella Torre del Tempo sono diverse. Ogni battaglia \u00e8 concepita come un puzzle tattico. Se volete godervi la battaglia, dovrete scegliere una difficolt\u00e0 sufficientemente impegnativa per le vostre capacit\u00e0 e adattarvi man mano che progredite. Al livello di difficolt\u00e0 pi\u00f9 alto, \u00e8 molto impegnativo e richiede di trovare sinergie tra classi, abilit\u00e0 ed equipaggiamento.<\/p>\n<p>&nbsp;<\/p>\n<p><iframe loading=\"lazy\" title=\"Tower of Time cRPG Trailer Early Access Launch\" width=\"1020\" height=\"574\" src=\"https:\/\/www.youtube.com\/embed\/tUbXEs_tYxI?feature=oembed\" frameborder=\"0\" allow=\"accelerometer; autoplay; clipboard-write; encrypted-media; gyroscope; picture-in-picture; web-share\" allowfullscreen><\/iframe><\/p>\n<p>&nbsp;<\/p>\n<p>Una storia epica multidimensionale<br \/>\nImmergetevi in un mondo in cui la tecnologia incontra la magia con conseguenze catastrofiche. Riunite un gruppo di campioni diversi e guidateli attraverso la torre. Centinaia di libri storici e informazioni sparse rivelano gradualmente la storia di Artara mentre si avvicina il destino del gruppo di cercatori di fortuna.<\/p>\n<p>Battaglie tattiche profonde in tempo reale con pausa o rallentamento del tempo<br \/>\nAssumete il controllo strategico assoluto di ogni battaglia con il sistema di battaglia Arrow-Time che rallenta o ferma l&#8217;azione. Pianificate in anticipo e posizionate il vostro gruppo dove vi serve per ottenere il risultato finale. Utilizzate il Tempo delle Frecce per reagire alle nuove minacce, sviluppare nuovi incantesimi e attacchi devastanti e contrastare gli assalti nemici. Non ci sono mai due incontri uguali. A difficolt\u00e0 maggiori, considerate ogni battaglia come un puzzle tattico.<\/p>\n<p>Caratteristiche RPG-lite e Permadeath<br \/>\nPer coloro che non amano o non hanno tempo per i tipici e lunghi RPG e preferiscono giochi di combattimento veloci, la modalit\u00e0 RPG-lite riduce il contenuto della storia e permette di concentrarsi sulla creazione del gruppo e sulle battaglie tattiche. Con l&#8217;opzione Permadeath per chi apprezza una sfida davvero impegnativa e vuole mettere alla prova le proprie capacit\u00e0. Confrontatevi con gli altri attraverso le classifiche di punteggio e di gara DPS.<\/p>\n<p>7 classi di personaggi unici, ognuno con vantaggi e debolezze diverse.<br \/>\nSistema di abilit\u00e0 complesso con due alberi di miglioramento esclusivi e numerose scelte.<br \/>\nGesti di abilit\u00e0: progettate alcune delle abilit\u00e0 come desiderate.<br \/>\nManipolazione della gravit\u00e0: saltate a grandi distanze per disperdere i vostri nemici o per attirarli.<br \/>\nSistema ricco di attrezzature.<br \/>\n150 nemici con abilit\u00e0 e tattiche uniche.<br \/>\nAffronta 50 boss con varie abilit\u00e0 e incantesimi.<br \/>\nCinque livelli di difficolt\u00e0, tra cui quello Epico (sconsigliato ai nuovi giocatori).<br \/>\nLe molteplici modalit\u00e0 di battaglia garantiscono una grande variet\u00e0 e nuove sfide.<br \/>\nViaggia attraverso livelli accuratamente realizzati e progettati per metterti alla prova.<br \/>\nNuovo sistema di evoluzione dei personaggi.<br \/>\nSistema unico di allineamento dei partiti.<br \/>\nSfide di combattimento progettate per mettere alla prova le vostre capacit\u00e0 tattiche e di costruzione di abilit\u00e0 nella creazione di un gruppo.<br \/>\nArtigianato, incantamento e oggetti leggendari.<br \/>\nCitt\u00e0 aggiornabile.<\/p>\n<p>&nbsp;<\/p>\n<p><strong>ULTERIORI DETTAGLI SUL GIOCO<\/strong><br \/>\nPiattaforme: Nintendo Switch, PlayStation 4, Xbox One, Microsoft Windows, Linux, sistemi operativi Apple<br \/>\nGeneri: Gioco di ruolo, Gioco d&#8217;avventura, Gioco indipendente, Gioco di strategia, Strategia<br \/>\nSviluppatori: Event Horizon Limited, Stage Clear Studios<br \/>\nEditori: Event Horizon Limited, Digerati<br \/>\nData di uscita: 13 luglio 2017<\/p>\n<p><strong>LINGUAGGIO DI GIOCO<\/strong><br \/>\nInglese<br \/>\nTedesco<br \/>\nFrancese<br \/>\nPolacco<br \/>\nRusso<br \/>\nCinese<br \/>\nTurco<br \/>\nItaliano<\/p>\n<p><strong><span class=\"HwtZe\" lang=\"en\"><span class=\"jCAhz ChMk0b\"><span class=\"ryNqvb\">REQUISITI DI SISTEMA<\/span><\/span><\/span><\/strong><br \/>\nOS: Windows 7\/8\/8.1\/10 (64 bit)<br \/>\nProcessore: Intel Core i3 o equivalente<br \/>\nMemoria: 8 GB di RAM<br \/>\nGrafica: NVIDIA GeForce GTX 660 o equivalente<br \/>\nDirectX: versione 11<br \/>\nSpazio di archiviazione: 15 GB di spazio disponibile<br \/>\nScheda audio: Scheda audio compatibile con DirectX<\/p>\n<p><strong>Come attivare una chiave Steam:<\/strong><br \/>\n&#8211; Andare su: http:\/\/store.steampowered.com\/ e scaricare il client STEAM<br \/>\n&#8211; Fare clic su &#8220;Installa Steam&#8221; (dall&#8217;angolo in alto a destra)<br \/>\n&#8211; Installare e lanciare l&#8217;applicazione, accedere con il nome e la password del proprio account (crearne uno se non lo si possiede).<br \/>\n&#8211; Seguite queste istruzioni per attivare un nuovo acquisto al dettaglio su Steam:<br \/>\n&#8211; Lanciate Steam e accedete al vostro account Steam.<br \/>\n&#8211; Fare clic sul menu Giochi.<br \/>\n&#8211; Selezionare l&#8217;attivazione del prodotto su Steam&#8230;<br \/>\n&#8211; Seguire le istruzioni sullo schermo per completare la procedura.<br \/>\n&#8211; Dopo aver verificato il codice, andare alla scheda &#8220;I miei giochi&#8221; e avviare il download.<\/p>\n","protected":false},"excerpt":{"rendered":"<p><span class=\"HwtZe\" lang=\"en\"><span class=\"jCAhz ChMk0b\"><span class=\"ryNqvb\">Dopo il pagamento riceverete immediatamente il codice Steam via e-mail per poter giocare subito al gioco appena acquistato.<\/span><\/span><\/span><\/p>\n","protected":false},"featured_media":26669,"comment_status":"closed","ping_status":"closed","template":"","meta":{"wds_primary_product_brand":0,"wds_primary_product_cat":0},"product_brand":[],"product_cat":[380,381,512,509,514,515,384],"product_tag":[],"class_list":{"0":"post-30638","1":"product","2":"type-product","3":"status-publish","4":"has-post-thumbnail","6":"product_cat-avventura","7":"product_cat-chiavi-digital-pc","8":"product_cat-giocatore-singolo","9":"product_cat-rpg-it","10":"product_cat-strategia","11":"product_cat-terza-persona","12":"product_cat-videogiochi","14":"first","15":"instock","16":"sale","17":"virtual","18":"purchasable","19":"product-type-simple"},"_links":{"self":[{"href":"https:\/\/www.asimis-market.com\/it\/wp-json\/wp\/v2\/product\/30638","targetHints":{"allow":["GET"]}}],"collection":[{"href":"https:\/\/www.asimis-market.com\/it\/wp-json\/wp\/v2\/product"}],"about":[{"href":"https:\/\/www.asimis-market.com\/it\/wp-json\/wp\/v2\/types\/product"}],"replies":[{"embeddable":true,"href":"https:\/\/www.asimis-market.com\/it\/wp-json\/wp\/v2\/comments?post=30638"}],"wp:featuredmedia":[{"embeddable":true,"href":"https:\/\/www.asimis-market.com\/it\/wp-json\/wp\/v2\/media\/26669"}],"wp:attachment":[{"href":"https:\/\/www.asimis-market.com\/it\/wp-json\/wp\/v2\/media?parent=30638"}],"wp:term":[{"taxonomy":"product_brand","embeddable":true,"href":"https:\/\/www.asimis-market.com\/it\/wp-json\/wp\/v2\/product_brand?post=30638"},{"taxonomy":"product_cat","embeddable":true,"href":"https:\/\/www.asimis-market.com\/it\/wp-json\/wp\/v2\/product_cat?post=30638"},{"taxonomy":"product_tag","embeddable":true,"href":"https:\/\/www.asimis-market.com\/it\/wp-json\/wp\/v2\/product_tag?post=30638"}],"curies":[{"name":"wp","href":"https:\/\/api.w.org\/{rel}","templated":true}]}}