{"id":30640,"date":"2023-10-12T17:35:00","date_gmt":"2023-10-12T14:35:00","guid":{"rendered":"https:\/\/www.asimis-market.com\/product\/morbid-the-seven-acolytes-steam-chiave-digitale-globale-prezzo-senza-costi-aggiuntivi\/"},"modified":"2023-10-12T17:35:00","modified_gmt":"2023-10-12T14:35:00","slug":"morbid-the-seven-acolytes-steam-chiave-digitale-globale-prezzo-senza-costi-aggiuntivi","status":"publish","type":"product","link":"https:\/\/www.asimis-market.com\/it\/prodotto\/morbid-the-seven-acolytes-steam-chiave-digitale-globale-prezzo-senza-costi-aggiuntivi\/","title":{"rendered":"MORBID THE SEVEN ACOLYTES STEAM CHIAVE DIGITALE GLOBALE (PREZZO SENZA COSTI AGGIUNTIVI)"},"content":{"rendered":"<p><strong>Informazioni sul gioco<\/strong><\/p>\n<p>Sei l&#8217;ultimo superstite del Dibrom. Il vostro compito, per il quale vi siete allenati tutta la vita, \u00e8 quello di sconfiggere i Sette Accoliti, esseri maledetti e potenti, controllati da divinit\u00e0 maligne note come Gahar.<\/p>\n<p>Vivi epiche battaglie con i boss e una moltitudine di incontri sanguinari mentre costruisci il tuo personaggio. Nemici provocatori, mini-boss e indimenticabili battaglie su larga scala con musica completamente orchestrata sono al centro del mondo di Morbid. Per superare questi ostacoli, \u00e8 necessario padroneggiare il combattimento e migliorare il personaggio e l&#8217;equipaggiamento attraverso una serie di elementi come le missioni, i perk, le rune, i potenziamenti e i saccheggi.<\/p>\n<p>Esplora il variegato mondo fantasy di Morbid con una narrazione profonda e accattivante.<br \/>\nI Gahar hanno legato le loro menti contorte alla carne dei Sette Accoliti perch\u00e9, senza ospiti, non possono sopravvivere. Dovete uccidere gli Accoliti, liberando cos\u00ec i Gahar dalla loro carne. Se ci riuscirete, libererete il regno dal loro regno di terrore. Se fallisce, gli d\u00e8i maligni domineranno, mentre gli Accoliti risorgeranno ancora una volta e la follia prevarr\u00e0.<\/p>\n<p>Caratteristiche<\/p>\n<p>Vivete epici e barbari incontri con i boss ed esplorate una variet\u00e0 di ambienti.<br \/>\nSistema di livellamento dei perk con molti modi per costruire il personaggio.<br \/>\nUna storia profonda e coinvolgente con PNG da incontrare in tutto il mondo.<br \/>\nOltre 25 armi da mischia uniche, tra cui spade, asce, coltelli, lance, armi a due mani e una variet\u00e0 di armi a distanza come pistole, fucili e fucili.<br \/>\nColonna sonora epica e completamente orchestrata composta da 18 brani.<br \/>\nGestire la salute, la resistenza e la salute mentale \u00e8 fondamentale mentre si viaggia per il mondo.<\/p>\n<p>&nbsp;<\/p>\n<p>&nbsp;<\/p>\n<p><iframe loading=\"lazy\" title=\"Morbid: The Seven Acolytes - Launch Trailer\" width=\"1020\" height=\"574\" src=\"https:\/\/www.youtube.com\/embed\/9Q9ZwFthVtQ?feature=oembed\" frameborder=\"0\" allow=\"accelerometer; autoplay; clipboard-write; encrypted-media; gyroscope; picture-in-picture; web-share\" allowfullscreen><\/iframe><\/p>\n<p>&nbsp;<\/p>\n<p><strong>Ulteriori dettagli sul gioco<\/strong><\/p>\n<p>Sviluppatore: Ancora in esecuzione<br \/>\nPiattaforme: Nintendo Switch, PlayStation 4, Xbox One, Microsoft Windows<br \/>\nEditore: Giochi Merge<br \/>\nGeneri: Gioco di ruolo, Gioco d&#8217;avventura, Gioco indipendente, Gioco di combattimento<br \/>\nData di uscita: 3 dicembre 2020<\/p>\n<p><strong>LINGUAGGIO DI GIOCO<\/strong><br \/>\nInglese<br \/>\nTedesco<br \/>\nFrancese<br \/>\nSpagnolo<br \/>\nGiapponese<br \/>\nRusso<br \/>\nCinese<\/p>\n<p><strong><span class=\"HwtZe\" lang=\"en\"><span class=\"jCAhz ChMk0b\"><span class=\"ryNqvb\">REQUISITI DI SISTEMA<\/span><\/span><\/span><\/strong><br \/>\nOS: Windows 7, Windows 8 o Windows 10<br \/>\nProcessore: processore da 1,2GHz<br \/>\nMemoria: 2 GB di RAM<br \/>\nGrafica: Scheda grafica dedicata con 512 MB di memoria<br \/>\nDirectX: versione 9.0<br \/>\nMemoria: 600 MB di spazio disponibile<\/p>\n<p><strong>Come attivare una chiave Steam:<\/strong><br \/>\n&#8211; Andare su: http:\/\/store.steampowered.com\/ e scaricare il client STEAM<br \/>\n&#8211; Fare clic su &#8220;Installa Steam&#8221; (dall&#8217;angolo in alto a destra)<br \/>\n&#8211; Installare e lanciare l&#8217;applicazione, accedere con il nome e la password del proprio account (crearne uno se non lo si possiede).<br \/>\n&#8211; Seguite queste istruzioni per attivare un nuovo acquisto al dettaglio su Steam:<br \/>\n&#8211; Lanciate Steam e accedete al vostro account Steam.<br \/>\n&#8211; Fare clic sul menu Giochi.<br \/>\n&#8211; Selezionare l&#8217;attivazione del prodotto su Steam&#8230;<br \/>\n&#8211; Seguire le istruzioni sullo schermo per completare la procedura.<br \/>\n&#8211; Dopo aver verificato il codice, andare alla scheda &#8220;I miei giochi&#8221; e avviare il download.<\/p>\n<p>&nbsp;<\/p>\n","protected":false},"excerpt":{"rendered":"<p><span class=\"HwtZe\" lang=\"en\"><span class=\"jCAhz ChMk0b\"><span class=\"ryNqvb\">Dopo il pagamento riceverete immediatamente il codice Steam via e-mail per poter giocare subito al gioco appena acquistato.<\/span><\/span><\/span><\/p>\n","protected":false},"featured_media":26647,"comment_status":"closed","ping_status":"closed","template":"","meta":{"wds_primary_product_brand":0,"wds_primary_product_cat":0},"product_brand":[],"product_cat":[380,379,381,512,383,509,514,515,384],"product_tag":[],"class_list":{"0":"post-30640","1":"product","2":"type-product","3":"status-publish","4":"has-post-thumbnail","6":"product_cat-avventura","7":"product_cat-azione","8":"product_cat-chiavi-digital-pc","9":"product_cat-giocatore-singolo","10":"product_cat-orrore","11":"product_cat-rpg-it","12":"product_cat-strategia","13":"product_cat-terza-persona","14":"product_cat-videogiochi","16":"first","17":"instock","18":"sale","19":"virtual","20":"purchasable","21":"product-type-simple"},"_links":{"self":[{"href":"https:\/\/www.asimis-market.com\/it\/wp-json\/wp\/v2\/product\/30640","targetHints":{"allow":["GET"]}}],"collection":[{"href":"https:\/\/www.asimis-market.com\/it\/wp-json\/wp\/v2\/product"}],"about":[{"href":"https:\/\/www.asimis-market.com\/it\/wp-json\/wp\/v2\/types\/product"}],"replies":[{"embeddable":true,"href":"https:\/\/www.asimis-market.com\/it\/wp-json\/wp\/v2\/comments?post=30640"}],"wp:featuredmedia":[{"embeddable":true,"href":"https:\/\/www.asimis-market.com\/it\/wp-json\/wp\/v2\/media\/26647"}],"wp:attachment":[{"href":"https:\/\/www.asimis-market.com\/it\/wp-json\/wp\/v2\/media?parent=30640"}],"wp:term":[{"taxonomy":"product_brand","embeddable":true,"href":"https:\/\/www.asimis-market.com\/it\/wp-json\/wp\/v2\/product_brand?post=30640"},{"taxonomy":"product_cat","embeddable":true,"href":"https:\/\/www.asimis-market.com\/it\/wp-json\/wp\/v2\/product_cat?post=30640"},{"taxonomy":"product_tag","embeddable":true,"href":"https:\/\/www.asimis-market.com\/it\/wp-json\/wp\/v2\/product_tag?post=30640"}],"curies":[{"name":"wp","href":"https:\/\/api.w.org\/{rel}","templated":true}]}}