{"id":30641,"date":"2023-10-12T17:35:00","date_gmt":"2023-10-12T14:35:00","guid":{"rendered":"https:\/\/www.asimis-market.com\/product\/cucinare-servire-deliziare-3-steam-chiave-digitale-inglese-prezzo-senza-costi-aggiuntivi\/"},"modified":"2023-12-26T06:35:02","modified_gmt":"2023-12-26T03:35:02","slug":"cucinare-servire-deliziare-3-steam-chiave-digitale-inglese-prezzo-senza-costi-aggiuntivi","status":"publish","type":"product","link":"https:\/\/www.asimis-market.com\/it\/prodotto\/cucinare-servire-deliziare-3-steam-chiave-digitale-inglese-prezzo-senza-costi-aggiuntivi\/","title":{"rendered":"COOK, SERVE, DELICIOUS! 3?! STEAM CHIAVE DIGITALE INGLESE (PREZZO SENZA COSTI AGGIUNTIVI)"},"content":{"rendered":"<p><strong>Informazioni sul gioco<\/strong><\/p>\n<p>Salite a bordo di questo grande sequel della serie milionaria Cook, Serve, Delicious! e viaggiate attraverso gli Stati Uniti per partecipare all&#8217;Iron Cook Foodtruck Championship con la vostra fidata squadra di robot, Whisk (doppiato da @negaoryx) e Cleaver (doppiato da @havanarama).<\/p>\n<p>Ambientato nell&#8217;America del 2042, devastata dalla guerra, gioca in una nuovissima campagna basata sulla storia in cui cucini centinaia di cibi &#8211; tra cui molte novit\u00e0 della serie &#8211; attraverso centinaia di livelli in una nuova struttura di gioco che \u00e8 stata completamente ridisegnata per offrire un&#8217;azione veloce o per renderla pi\u00f9 semplice con la nuovissima modalit\u00e0 Chill che pu\u00f2 essere attivata o disattivata in qualsiasi momento!<\/p>\n<p>La campagna pu\u00f2 essere giocata da soli o con un amico in cooperativa locale (con la possibilit\u00e0 di cambiare al volo).<br \/>\nPotenzia il tuo camioncino con decine di moduli che influenzano il gioco!<br \/>\nAmpliate il vostro catalogo alimentare con oltre 200 alimenti!<br \/>\nDecorate il vostro camioncino con decine di gingilli che attraversano gli Stati Uniti!<br \/>\nUna pletora di funzioni di accessibilit\u00e0 consente di giocare comodamente come si desidera, tra cui le impostazioni di movimento, le impostazioni di riduzione del flash\/shake, le modalit\u00e0 audio e daltoniche e molte altre ancora.<br \/>\nPi\u00f9 di cento ore di gioco per oltre 380 livelli!<br \/>\nUn&#8217;incredibile colonna sonora originale del pluripremiato compositore Jonathan Geer.<\/p>\n<p>&nbsp;<\/p>\n<p>&nbsp;<\/p>\n<p><iframe loading=\"lazy\" title=\"Cook, Serve, Delicious! 3?! Launch Trailer\" width=\"1020\" height=\"574\" src=\"https:\/\/www.youtube.com\/embed\/JnQ_RC0xzR8?feature=oembed\" frameborder=\"0\" allow=\"accelerometer; autoplay; clipboard-write; encrypted-media; gyroscope; picture-in-picture; web-share\" allowfullscreen><\/iframe><\/p>\n<p>&nbsp;<\/p>\n<p>Ulteriori dettagli sul gioco<\/p>\n<p>Modalit\u00e0: Videogioco cooperativo<br \/>\nGeneri: Videogioco di simulazione, Gioco indipendente, Videogioco d&#8217;azione, Strategia<br \/>\nSviluppatore: Vertigo Gaming<br \/>\nPiattaforme: PC Windows, Nintendo Switch, PlayStation 4, Xbox One<br \/>\nEditore: Vertigo Gaming<br \/>\nData di uscita: 14 ottobre 2020<br \/>\nSerie: Cucinare, servire, deliziare!<\/p>\n<p><strong>LINGUAGGIO DI GIOCO<\/strong><br \/>\nInglese<\/p>\n<p><strong>REQUISITI DI SISTEMA<\/strong><br \/>\nOS: Windows 7\/8\/10+<br \/>\nMemoria: 4 GB DI RAM<br \/>\nGrafica: GPU con almeno 256 MB di VRAM<br \/>\nMemoria: 1200 MB di spazio disponibile<\/p>\n<p><strong>Come attivare una chiave Steam:<\/strong><br \/>\n&#8211; Andare su: http:\/\/store.steampowered.com\/ e scaricare il client STEAM<br \/>\n&#8211; Fare clic su &#8220;Installa Steam&#8221; (dall&#8217;angolo in alto a destra)<br \/>\n&#8211; Installare e lanciare l&#8217;applicazione, accedere con il nome e la password del proprio account (crearne uno se non lo si possiede).<br \/>\n&#8211; Seguite queste istruzioni per attivare un nuovo acquisto al dettaglio su Steam:<br \/>\n&#8211; Lanciate Steam e accedete al vostro account Steam.<br \/>\n&#8211; Fare clic sul menu Giochi.<br \/>\n&#8211; Selezionare l&#8217;attivazione del prodotto su Steam&#8230;<br \/>\n&#8211; Seguire le istruzioni sullo schermo per completare la procedura.<br \/>\n&#8211; Dopo aver verificato il codice, andare alla scheda &#8220;I miei giochi&#8221; e avviare il download.<\/p>\n","protected":false},"excerpt":{"rendered":"<p><span class=\"HwtZe\" lang=\"en\"><span class=\"jCAhz ChMk0b\"><span class=\"ryNqvb\">Dopo il pagamento riceverete immediatamente il codice Steam via e-mail per poter giocare subito al gioco appena acquistato.<\/span><\/span><\/span><\/p>\n","protected":false},"featured_media":26631,"comment_status":"closed","ping_status":"closed","template":"","meta":{"wds_primary_product_brand":0,"wds_primary_product_cat":0},"product_brand":[],"product_cat":[379,381,512,506,507,511,514,384],"product_tag":[],"class_list":{"0":"post-30641","1":"product","2":"type-product","3":"status-publish","4":"has-post-thumbnail","6":"product_cat-azione","7":"product_cat-chiavi-digital-pc","8":"product_cat-giocatore-singolo","9":"product_cat-multigiocatore","10":"product_cat-piattaforma","11":"product_cat-simulazione","12":"product_cat-strategia","13":"product_cat-videogiochi","15":"first","16":"instock","17":"sale","18":"virtual","19":"purchasable","20":"product-type-simple"},"_links":{"self":[{"href":"https:\/\/www.asimis-market.com\/it\/wp-json\/wp\/v2\/product\/30641","targetHints":{"allow":["GET"]}}],"collection":[{"href":"https:\/\/www.asimis-market.com\/it\/wp-json\/wp\/v2\/product"}],"about":[{"href":"https:\/\/www.asimis-market.com\/it\/wp-json\/wp\/v2\/types\/product"}],"replies":[{"embeddable":true,"href":"https:\/\/www.asimis-market.com\/it\/wp-json\/wp\/v2\/comments?post=30641"}],"wp:featuredmedia":[{"embeddable":true,"href":"https:\/\/www.asimis-market.com\/it\/wp-json\/wp\/v2\/media\/26631"}],"wp:attachment":[{"href":"https:\/\/www.asimis-market.com\/it\/wp-json\/wp\/v2\/media?parent=30641"}],"wp:term":[{"taxonomy":"product_brand","embeddable":true,"href":"https:\/\/www.asimis-market.com\/it\/wp-json\/wp\/v2\/product_brand?post=30641"},{"taxonomy":"product_cat","embeddable":true,"href":"https:\/\/www.asimis-market.com\/it\/wp-json\/wp\/v2\/product_cat?post=30641"},{"taxonomy":"product_tag","embeddable":true,"href":"https:\/\/www.asimis-market.com\/it\/wp-json\/wp\/v2\/product_tag?post=30641"}],"curies":[{"name":"wp","href":"https:\/\/api.w.org\/{rel}","templated":true}]}}