{"id":30643,"date":"2023-10-12T17:35:00","date_gmt":"2023-10-12T14:35:00","guid":{"rendered":"https:\/\/www.asimis-market.com\/product\/darq-steam-chiave-digitale-globale-prezzo-senza-costi-aggiuntivi\/"},"modified":"2023-10-12T17:35:00","modified_gmt":"2023-10-12T14:35:00","slug":"darq-steam-chiave-digitale-globale-prezzo-senza-costi-aggiuntivi","status":"publish","type":"product","link":"https:\/\/www.asimis-market.com\/it\/prodotto\/darq-steam-chiave-digitale-globale-prezzo-senza-costi-aggiuntivi\/","title":{"rendered":"DARQ STEAM CHIAVE DIGITALE GLOBALE (PREZZO SENZA COSTI AGGIUNTIVI)"},"content":{"rendered":"<p><strong>Informazioni sul gioco<\/strong><\/p>\n<p>DARQ racconta la storia di Lloyd, un ragazzo che si accorge di sognare. Purtroppo per Lloyd, il sogno si trasforma rapidamente in un incubo e tutti i tentativi di svegliarsi falliscono. Esplorando gli angoli pi\u00f9 oscuri del suo subconscio, Lloyd impara a sopravvivere all&#8217;incubo sfidando le leggi della fisica e manipolando il tessuto fluido del mondo dei sogni.<\/p>\n<p>Oltre agli enigmi che sfidano la gravit\u00e0, Lloyd deve usare la furtivit\u00e0 quando \u00e8 vicino ai nemici. Non ha alcuna possibilit\u00e0 di vincere in uno scontro aperto, poich\u00e9 le creature che incontra sono molto pi\u00f9 forti e veloci di lui. Deve invece affidarsi a un&#8217;attenta pianificazione per evitare di essere scoperto.<\/p>\n<p>Caratteristiche<\/p>\n<p>L&#8217;horror psicologico si svolge in un sogno lucido, basato su un lento accumulo e su un&#8217;atmosfera inquietante, piuttosto che su gore e violenza.<br \/>\nStile artistico unico e ambienti dettagliati da esplorare.<br \/>\nSound design di Bj\u00f8rn Jacobsen, noto per il suo lavoro su giochi come Cyberpunk 2077 e Hitman.<br \/>\nI rompicapo comprendono la piegatura delle leggi della fisica (camminare su pareti e soffitti), la manipolazione del mondo onirico (spostare oggetti, ruotare le stanze), la raccolta e l&#8217;utilizzo di oggetti trovati e l&#8217;evitamento dei nemici.<br \/>\nSegreti nascosti da scoprire (facoltativi, per i giocatori pi\u00f9 accaniti).<\/p>\n<p>&nbsp;<\/p>\n<p>&nbsp;<\/p>\n<p><iframe loading=\"lazy\" title=\"DARQ - Release Announcement Trailer\" width=\"1020\" height=\"574\" src=\"https:\/\/www.youtube.com\/embed\/62cplJi7AeY?feature=oembed\" frameborder=\"0\" allow=\"accelerometer; autoplay; clipboard-write; encrypted-media; gyroscope; picture-in-picture; web-share\" allowfullscreen><\/iframe><\/p>\n<p>&nbsp;<\/p>\n<p><strong>Ulteriori dettagli sul gioco<\/strong><\/p>\n<p>Sviluppatore: Giochi Unfold<br \/>\nEditore: Bloober Team<br \/>\nPiattaforme: PlayStation 5, Nintendo Switch, PlayStation 4, Xbox One, Microsoft Windows, Xbox Series X\/S<br \/>\nModalit\u00e0: Videogioco per giocatore singolo<br \/>\nGeneri: Videogioco puzzle, Gioco stealth<br \/>\nData di uscita: 15 agosto 2019<\/p>\n<p>&nbsp;<\/p>\n<p>&nbsp;<\/p>\n<p><strong>LINGUAGGIO DI GIOCO<\/strong><\/p>\n<div class=\"sc-17i9pzq-4 PKsHC\">\n<div class=\"sc-17i9pzq-6 edhoa-d\">Inglese, tedesco<br \/>\nFrancese, spagnolo<br \/>\nOlandese, ungherese<br \/>\nGiapponese, polacco<br \/>\nPortoghese, russo<br \/>\nSvedese, cinese<br \/>\nNorvegese, greco<br \/>\nCoreano, turco<br \/>\nUcraino, italiano<br \/>\nPortoghese &#8211; Brasile<\/div>\n<\/div>\n<div class=\"sc-17i9pzq-4 PKsHC\"><\/div>\n<p>&nbsp;<\/p>\n<p><strong><span class=\"HwtZe\" lang=\"en\"><span class=\"jCAhz ChMk0b\"><span class=\"ryNqvb\">REQUISITI DI SISTEMA<\/span><\/span><\/span><\/strong><\/p>\n<ul>\n<li><strong>OS:<\/strong> Windows 7 \/ 8 \/ 10, 64 bit<\/li>\n<li><strong>Processore:<\/strong> Intel Core i3-530<\/li>\n<li><strong>Memoria:<\/strong> 4 GB DI RAM<\/li>\n<li><strong>Grafica:<\/strong> NVIDIA Geforce GTX 260 \/ ATI Radeon HD 4870<\/li>\n<li><strong>Memoria:<\/strong> 3 GB di spazio disponibile<\/li>\n<li><strong>Note aggiuntive:<\/strong> Sono supportati i controller X-Box One \/ X-Box 360 \/ Logitech F310 \/ Steam. Altre novit\u00e0 in arrivo<\/li>\n<\/ul>\n<p>&nbsp;<\/p>\n<p><strong>Come attivare una chiave Steam:<\/strong><br \/>\n&#8211; Andare su: http:\/\/store.steampowered.com\/ e scaricare il client STEAM<br \/>\n&#8211; Fare clic su &#8220;Installa Steam&#8221; (dall&#8217;angolo in alto a destra)<br \/>\n&#8211; Installare e lanciare l&#8217;applicazione, accedere con il nome e la password del proprio account (crearne uno se non lo si possiede).<br \/>\n&#8211; Seguite queste istruzioni per attivare un nuovo acquisto al dettaglio su Steam:<br \/>\n&#8211; Lanciate Steam e accedete al vostro account Steam.<br \/>\n&#8211; Fare clic sul menu Giochi.<br \/>\n&#8211; Selezionare l&#8217;attivazione del prodotto su Steam&#8230;<br \/>\n&#8211; Seguire le istruzioni sullo schermo per completare la procedura.<br \/>\n&#8211; Dopo aver verificato il codice, andare alla scheda &#8220;I miei giochi&#8221; e avviare il download.<\/p>\n","protected":false},"excerpt":{"rendered":"<p><span class=\"HwtZe\" lang=\"en\"><span class=\"jCAhz ChMk0b\"><span class=\"ryNqvb\">Dopo il pagamento riceverete immediatamente il codice Steam via e-mail per poter giocare subito al gioco appena acquistato.<\/span><\/span><\/span><\/p>\n","protected":false},"featured_media":26603,"comment_status":"closed","ping_status":"closed","template":"","meta":{"wds_primary_product_brand":0,"wds_primary_product_cat":0},"product_brand":[],"product_cat":[380,381,505,512,383,507,384],"product_tag":[],"class_list":{"0":"post-30643","1":"product","2":"type-product","3":"status-publish","4":"has-post-thumbnail","6":"product_cat-avventura","7":"product_cat-chiavi-digital-pc","8":"product_cat-fantasia","9":"product_cat-giocatore-singolo","10":"product_cat-orrore","11":"product_cat-piattaforma","12":"product_cat-videogiochi","14":"first","15":"instock","16":"sale","17":"virtual","18":"purchasable","19":"product-type-simple"},"_links":{"self":[{"href":"https:\/\/www.asimis-market.com\/it\/wp-json\/wp\/v2\/product\/30643","targetHints":{"allow":["GET"]}}],"collection":[{"href":"https:\/\/www.asimis-market.com\/it\/wp-json\/wp\/v2\/product"}],"about":[{"href":"https:\/\/www.asimis-market.com\/it\/wp-json\/wp\/v2\/types\/product"}],"replies":[{"embeddable":true,"href":"https:\/\/www.asimis-market.com\/it\/wp-json\/wp\/v2\/comments?post=30643"}],"wp:featuredmedia":[{"embeddable":true,"href":"https:\/\/www.asimis-market.com\/it\/wp-json\/wp\/v2\/media\/26603"}],"wp:attachment":[{"href":"https:\/\/www.asimis-market.com\/it\/wp-json\/wp\/v2\/media?parent=30643"}],"wp:term":[{"taxonomy":"product_brand","embeddable":true,"href":"https:\/\/www.asimis-market.com\/it\/wp-json\/wp\/v2\/product_brand?post=30643"},{"taxonomy":"product_cat","embeddable":true,"href":"https:\/\/www.asimis-market.com\/it\/wp-json\/wp\/v2\/product_cat?post=30643"},{"taxonomy":"product_tag","embeddable":true,"href":"https:\/\/www.asimis-market.com\/it\/wp-json\/wp\/v2\/product_tag?post=30643"}],"curies":[{"name":"wp","href":"https:\/\/api.w.org\/{rel}","templated":true}]}}