{"id":30647,"date":"2023-10-12T17:34:37","date_gmt":"2023-10-12T14:34:37","guid":{"rendered":"https:\/\/www.asimis-market.com\/product\/nickelodeon-kart-racers-2-grand-prix-steam-chiave-digitale-europa-prezzo-senza-costi-aggiuntivi\/"},"modified":"2023-10-12T17:34:37","modified_gmt":"2023-10-12T14:34:37","slug":"nickelodeon-kart-racers-2-grand-prix-steam-chiave-digitale-europa-prezzo-senza-costi-aggiuntivi","status":"publish","type":"product","link":"https:\/\/www.asimis-market.com\/it\/prodotto\/nickelodeon-kart-racers-2-grand-prix-steam-chiave-digitale-europa-prezzo-senza-costi-aggiuntivi\/","title":{"rendered":"NICKELODEON KART RACERS 2 GRAND PRIX STEAM CHIAVE DIGITALE EUROPA (PREZZO SENZA COSTI AGGIUNTIVI)"},"content":{"rendered":"<p><strong>IL GIOCO<\/strong><\/p>\n<p>Nickelodeon Kart Racers \u00e8 tornato e noi stiamo andando in overdrive! In Nickelodeon Kart Racers 2: Grand Prix, \u00e8 possibile scegliere tra 30 piloti giocabili e 70 membri della squadra per assemblare la propria squadra di box. Scegliete i vostri preferiti dalla Hall of Fame di Nickelodeon, tra cui JoJo Siwa, SpongeBob SquarePants, Teenage Mutant Ninja Turtles, i piccoli Rugrats, i ragazzi cool di Hey Arnold, Ren e Stimpy, Lincoln Loud e le sue sorelle e molti altri!<\/p>\n<p>Pi\u00f9 personaggi + pi\u00f9 kart + pi\u00f9 pezzi = pi\u00f9 divertimento! Per prima cosa, sfreccia su una serie di piste piene di Slime in una divertente serie di gare in cui puoi vincere ambite coppe e oltre 80 potenziamenti per il tuo kart! Poi, passa alla marcia successiva e sfida i tuoi amici nel multiplayer online o nell&#8217;arena locale per pi\u00f9 giocatori per vedere chi riesce a tagliare il traguardo per primo o a gestire le sfide selvagge dell&#8217;arena! Non c&#8217;\u00e8 rallentamento: aumenta il ritmo, Slime!<\/p>\n<p>Caratteristiche<br \/>\nLa pi\u00f9 grande collezione di personaggi Nickelodeon mai vista in un gioco di kart!<br \/>\nScegliete tra i 100 personaggi preferiti di Nick<br \/>\n30 corridori e 70 membri dell&#8217;equipaggio con poteri unici progettati per aiutarvi a vincere<br \/>\nStratega con la squadra dei box per aumentare l&#8217;attacco, la difesa o il livello di divertimento!<br \/>\nDecine di combinazioni di personaggi all-star<br \/>\nMultigiocatore locale per un massimo di 4 giocatori e multigiocatore online per un massimo di 8 giocatori<br \/>\nMotore da corsa nuovo e migliorato per un maggiore divertimento nella categoria!<\/p>\n<p>(Il controller \u00e8 necessario per le funzioni multigiocatore locali)<\/p>\n<p>&nbsp;<\/p>\n<p>&nbsp;<\/p>\n<p><iframe loading=\"lazy\" title=\"Nickelodeon Kart Racers 2: Grand Prix - Official Launch Trailer\" width=\"1020\" height=\"574\" src=\"https:\/\/www.youtube.com\/embed\/S38WVeoGAFQ?feature=oembed\" frameborder=\"0\" allow=\"accelerometer; autoplay; clipboard-write; encrypted-media; gyroscope; picture-in-picture; web-share\" allowfullscreen><\/iframe><\/p>\n<p>&nbsp;<\/p>\n<p><strong>DETTAGLI DEL GIOCO<\/strong><\/p>\n<p>Editori: GameMill Entertainment, Ripples Asia Venture Pte Ltd<br \/>\nPrima uscita: 6 ottobre 2020<br \/>\nModalit\u00e0: Videogioco multiplayer<br \/>\nGeneri: Videogioco di corsa, Videogioco d&#8217;azione, Gioco casual, Corsa<br \/>\nSviluppatori: Bamtang Games, Bamtang Games SAC<br \/>\nPiattaforme: Nintendo Switch, PlayStation 4, Android, Xbox One, Microsoft Windows, iOS<br \/>\nSerie: Nickelodeon Kart Racers<\/p>\n<p>&nbsp;<\/p>\n<p>&nbsp;<\/p>\n<p><strong>LINGUAGGIO DI GIOCO<\/strong><\/p>\n<div class=\"sc-17i9pzq-4 PKsHC\">\n<div class=\"sc-17i9pzq-6 edhoa-d\">Tedesco<\/div>\n<\/div>\n<div class=\"sc-17i9pzq-4 PKsHC\">\n<div class=\"sc-17i9pzq-5 iAEphv\"><\/div>\n<div class=\"sc-17i9pzq-6 edhoa-d\">Inglese<\/div>\n<\/div>\n<div class=\"sc-17i9pzq-4 PKsHC\">\n<div class=\"sc-17i9pzq-5 IKecl\"><\/div>\n<div class=\"sc-17i9pzq-6 edhoa-d\">Francese<\/div>\n<\/div>\n<div class=\"sc-17i9pzq-4 PKsHC\">\n<div class=\"sc-17i9pzq-5 kCFVKb\"><\/div>\n<div class=\"sc-17i9pzq-6 edhoa-d\">Spagnolo<\/div>\n<\/div>\n<div class=\"sc-17i9pzq-4 PKsHC\">\n<div class=\"sc-17i9pzq-5 blVgBg\"><\/div>\n<div class=\"sc-17i9pzq-6 edhoa-d\">Olandese<\/div>\n<\/div>\n<div class=\"sc-17i9pzq-4 PKsHC\">\n<div class=\"sc-17i9pzq-5 cGVBWw\"><\/div>\n<div class=\"sc-17i9pzq-6 edhoa-d\">Italiano<\/div>\n<\/div>\n<p>&nbsp;<\/p>\n<p><strong><span class=\"HwtZe\" lang=\"en\"><span class=\"jCAhz ChMk0b\"><span class=\"ryNqvb\">REQUISITI DI SISTEMA<\/span><\/span><\/span><\/strong><\/p>\n<ul>\n<li>Richiede un processore e un sistema operativo a 64 bit<\/li>\n<li><strong>OS:<\/strong> Windows 10<\/li>\n<li><strong>Processore:<\/strong> Processore i5 o superiore con 2,7 GHz o pi\u00f9<\/li>\n<li><strong>Memoria:<\/strong> 8 GB di RAM<\/li>\n<li><strong>Grafica:<\/strong> GTX 1050 Ti, Radeon RX 570 o superiore<\/li>\n<li><strong>DirectX:<\/strong> versione 11<\/li>\n<li><strong>Memoria:<\/strong> 8 GB di spazio disponibile<\/li>\n<li><strong>Scheda audio:<\/strong> Scheda audio compatibile<\/li>\n<\/ul>\n<p><strong>Come attivare una chiave Steam:<\/strong><br \/>\n&#8211; Andare su: http:\/\/store.steampowered.com\/ e scaricare il client STEAM<br \/>\n&#8211; Fare clic su &#8220;Installa Steam&#8221; (dall&#8217;angolo in alto a destra)<br \/>\n&#8211; Installare e lanciare l&#8217;applicazione, accedere con il nome e la password del proprio account (crearne uno se non lo si possiede).<br \/>\n&#8211; Seguite queste istruzioni per attivare un nuovo acquisto al dettaglio su Steam:<br \/>\n&#8211; Lanciate Steam e accedete al vostro account Steam.<br \/>\n&#8211; Fare clic sul menu Giochi.<br \/>\n&#8211; Selezionare l&#8217;attivazione del prodotto su Steam&#8230;<br \/>\n&#8211; Seguire le istruzioni sullo schermo per completare la procedura.<br \/>\n&#8211; Dopo aver verificato il codice, andare alla scheda &#8220;I miei giochi&#8221; e avviare il download.<\/p>\n","protected":false},"excerpt":{"rendered":"<p>Dopo il pagamento riceverete immediatamente il codice Steam via e-mail per poter giocare subito al gioco appena acquistato.<\/p>\n","protected":false},"featured_media":26547,"comment_status":"closed","ping_status":"closed","template":"","meta":{"wds_primary_product_brand":0,"wds_primary_product_cat":0},"product_brand":[],"product_cat":[379,381,512,508,506,507,384],"product_tag":[],"class_list":{"0":"post-30647","1":"product","2":"type-product","3":"status-publish","4":"has-post-thumbnail","6":"product_cat-azione","7":"product_cat-chiavi-digital-pc","8":"product_cat-giocatore-singolo","9":"product_cat-giochi-di-corse","10":"product_cat-multigiocatore","11":"product_cat-piattaforma","12":"product_cat-videogiochi","14":"first","15":"instock","16":"sale","17":"virtual","18":"purchasable","19":"product-type-simple"},"_links":{"self":[{"href":"https:\/\/www.asimis-market.com\/it\/wp-json\/wp\/v2\/product\/30647","targetHints":{"allow":["GET"]}}],"collection":[{"href":"https:\/\/www.asimis-market.com\/it\/wp-json\/wp\/v2\/product"}],"about":[{"href":"https:\/\/www.asimis-market.com\/it\/wp-json\/wp\/v2\/types\/product"}],"replies":[{"embeddable":true,"href":"https:\/\/www.asimis-market.com\/it\/wp-json\/wp\/v2\/comments?post=30647"}],"wp:featuredmedia":[{"embeddable":true,"href":"https:\/\/www.asimis-market.com\/it\/wp-json\/wp\/v2\/media\/26547"}],"wp:attachment":[{"href":"https:\/\/www.asimis-market.com\/it\/wp-json\/wp\/v2\/media?parent=30647"}],"wp:term":[{"taxonomy":"product_brand","embeddable":true,"href":"https:\/\/www.asimis-market.com\/it\/wp-json\/wp\/v2\/product_brand?post=30647"},{"taxonomy":"product_cat","embeddable":true,"href":"https:\/\/www.asimis-market.com\/it\/wp-json\/wp\/v2\/product_cat?post=30647"},{"taxonomy":"product_tag","embeddable":true,"href":"https:\/\/www.asimis-market.com\/it\/wp-json\/wp\/v2\/product_tag?post=30647"}],"curies":[{"name":"wp","href":"https:\/\/api.w.org\/{rel}","templated":true}]}}