{"id":30650,"date":"2023-10-12T17:34:37","date_gmt":"2023-10-12T14:34:37","guid":{"rendered":"https:\/\/www.asimis-market.com\/product\/cepheus-protocol-steam-chiave-digitale-inglese-prezzo-senza-costi-aggiuntivi\/"},"modified":"2023-10-12T17:34:37","modified_gmt":"2023-10-12T14:34:37","slug":"cepheus-protocol-steam-chiave-digitale-inglese-prezzo-senza-costi-aggiuntivi","status":"publish","type":"product","link":"https:\/\/www.asimis-market.com\/it\/prodotto\/cepheus-protocol-steam-chiave-digitale-inglese-prezzo-senza-costi-aggiuntivi\/","title":{"rendered":"CEPHEUS PROTOCOL STEAM CHIAVE DIGITALE INGLESE (PREZZO SENZA COSTI AGGIUNTIVI)"},"content":{"rendered":"<p><strong>IL GIOCO<\/strong><\/p>\n<p>Cepheus Protocol \u00e8 un gioco di strategia in tempo reale (RTS) in cui un misterioso virus alieno si diffonde a San Francisco. Il Centro per la ricerca e il controllo delle epidemie (CERC) ha il compito di localizzare e trovare il paziente zero prima di ricorrere al protocollo Cepheus. Date ordini alla vostra squadra, difendete la vostra base e fermate il virus Pangu prima che sia troppo tardi: il modo in cui lo farete dipende esclusivamente da voi.<\/p>\n<p>&nbsp;<\/p>\n<p><iframe loading=\"lazy\" title=\"Cepheus Protocol Trailer\" width=\"1020\" height=\"574\" src=\"https:\/\/www.youtube.com\/embed\/dIt1jb7GryQ?feature=oembed\" frameborder=\"0\" allow=\"accelerometer; autoplay; clipboard-write; encrypted-media; gyroscope; picture-in-picture; web-share\" allowfullscreen><\/iframe><\/p>\n<p>&nbsp;<\/p>\n<p>Caratteristiche:<br \/>\nObiettivi primari<\/p>\n<p>Addestrate e fate salire di livello una squadra di massimo 8 membri mentre esplorate la citt\u00e0 e combattete gli infetti.<br \/>\nCreate e addestrate difensori per proteggere la vostra base dalle vittime del virus Pangu che tentano di recuperare le zone.<br \/>\nRaccogliere il DNA per ricercare il virus e sconfiggere il Paziente Zero.<br \/>\nStrategia<\/p>\n<p>Assumete il controllo del capitano Adrian Winter che guida una squadra d&#8217;\u00e9lite di 8 soldati nel tentativo di contenere l&#8217;epidemia del virus Pangu.<br \/>\nScegliete come spendere il denaro in gioco per potenziare le vostre truppe, acquistare armi migliori o acquisire nuovi soldati per riempire i vostri ranghi. Guadagna denaro nel gioco completando le taglie ed eliminando gli infetti.<br \/>\nRaccogliete campioni di virus per migliorare le capacit\u00e0 della vostra squadra e ampliare le vostre conoscenze sul virus prima che sia troppo tardi.<br \/>\nOgni vita \u00e8 importante e ogni soldato conta. Se il Capitano Winter muore, la partita \u00e8 finita. Decidete se lasciarla alla base o se utilizzare le sue abilit\u00e0 avanzate sul campo.<br \/>\nCostruire e difendere la propria base<\/p>\n<p>Costruzione: All&#8217;inizio del gioco, \u00e8 possibile costruire una base composta da edifici specializzati dove addestrare nuovi soldati e acquistare potenziamenti per le armi.<br \/>\nDifese: Con l&#8217;aumentare della minaccia del virus, la vostra base \u00e8 in costante pericolo di essere invasa, poich\u00e9 gli incontri casuali e programmati degli infetti minacciano di violare le vostre difese per fermare l&#8217;epidemia.<br \/>\nPattugliamento: Man mano che l&#8217;infezione si diffonde, sempre pi\u00f9 zone della citt\u00e0 vengono colpite dal virus Pangu. Dovete inviare pattuglie in ogni parte del mondo e distruggere le torri di gas tossico che trasmettono il virus a un ritmo allarmante.<br \/>\nTattiche sul campo di battaglia<\/p>\n<p>Comandate il Capitano Winter come vostro potente eroe.<br \/>\nAddestrate i soldati in vari settori, tra cui assalto, armi pesanti, spec-ops, cecchino, scienziato e medico.<br \/>\nUtilizzate la consapevolezza tattica per rallentare il tempo e superare situazioni difficili!<br \/>\nUtilizzate diverse formazioni di squadra per ottenere un vantaggio tattico sugli infetti.<br \/>\nUtilizzare le unit\u00e0 specializzate e le dinamiche uniche del team per ottenere il massimo impatto.<br \/>\nAvrete accesso a strumenti aggiuntivi come bombe a tappeto, colpi di artiglieria e molto altro ancora!<\/p>\n<p>&nbsp;<\/p>\n<p>&nbsp;<\/p>\n<p><strong>DETTAGLI DEL GIOCO<\/strong><\/p>\n<p>Data di uscita: 15 maggio 2020<br \/>\nSviluppatore: Halcyon Winds<br \/>\nEditore: Halcyon Winds<br \/>\nGeneri: Videogioco di strategia, Gioco indipendente<br \/>\nPiattaforma: Microsoft Windows<\/p>\n<p>&nbsp;<\/p>\n<p><strong>LINGUAGGIO DI GIOCO<\/strong><br \/>\nInglese<\/p>\n<p><strong><span class=\"HwtZe\" lang=\"en\"><span class=\"jCAhz ChMk0b\"><span class=\"ryNqvb\">REQUISITI DI SISTEMA<\/span><\/span><\/span><\/strong><\/p>\n<ul>\n<li>Richiede un processore e un sistema operativo a 64 bit<\/li>\n<li><strong>OS:<\/strong> Windows 7\/8\/10 (64 bit)<\/li>\n<li><strong>Processore:<\/strong> Intel\u00ae Core\u2122 i5-2500K \/ AMD FX-6300<\/li>\n<li><strong>Memoria:<\/strong> 6 GB di RAM<\/li>\n<li><strong>Grafica:<\/strong> NVIDIA GeForce 470 GTX o scheda AMD Radeon 6870 HD o superiore, 2GB VRAM<\/li>\n<li><strong>DirectX:<\/strong> versione 10<\/li>\n<li><strong>Memoria:<\/strong> 6 GB di spazio disponibile<\/li>\n<li><strong>Scheda audio:<\/strong> Compatibile con Direct X<\/li>\n<li><strong>Note aggiuntive:<\/strong> **consigliata l&#8217;installazione di un SSD per prestazioni ottimali<\/li>\n<\/ul>\n<p>&nbsp;<\/p>\n<p><strong>Come attivare una chiave Steam:<\/strong><br \/>\n&#8211; Andare su: http:\/\/store.steampowered.com\/ e scaricare il client STEAM<br \/>\n&#8211; Fare clic su &#8220;Installa Steam&#8221; (dall&#8217;angolo in alto a destra)<br \/>\n&#8211; Installare e lanciare l&#8217;applicazione, accedere con il nome e la password del proprio account (crearne uno se non lo si possiede).<br \/>\n&#8211; Seguite queste istruzioni per attivare un nuovo acquisto al dettaglio su Steam:<br \/>\n&#8211; Lanciate Steam e accedete al vostro account Steam.<br \/>\n&#8211; Fare clic sul menu Giochi.<br \/>\n&#8211; Selezionare l&#8217;attivazione del prodotto su Steam&#8230;<br \/>\n&#8211; Seguire le istruzioni sullo schermo per completare la procedura.<br \/>\n&#8211; Dopo aver verificato il codice, andare alla scheda &#8220;I miei giochi&#8221; e avviare il download.<\/p>\n","protected":false},"excerpt":{"rendered":"<p><span class=\"HwtZe\" lang=\"en\"><span class=\"jCAhz ChMk0b\"><span class=\"ryNqvb\">Dopo il pagamento riceverete immediatamente il codice Steam via e-mail per poter giocare subito al gioco appena acquistato.<\/span><\/span><\/span><\/p>\n","protected":false},"featured_media":26527,"comment_status":"closed","ping_status":"closed","template":"","meta":{"wds_primary_product_brand":0,"wds_primary_product_cat":0},"product_brand":[],"product_cat":[380,379,381,512,511,514,384],"product_tag":[],"class_list":{"0":"post-30650","1":"product","2":"type-product","3":"status-publish","4":"has-post-thumbnail","6":"product_cat-avventura","7":"product_cat-azione","8":"product_cat-chiavi-digital-pc","9":"product_cat-giocatore-singolo","10":"product_cat-simulazione","11":"product_cat-strategia","12":"product_cat-videogiochi","14":"first","15":"instock","16":"sale","17":"virtual","18":"purchasable","19":"product-type-simple"},"_links":{"self":[{"href":"https:\/\/www.asimis-market.com\/it\/wp-json\/wp\/v2\/product\/30650","targetHints":{"allow":["GET"]}}],"collection":[{"href":"https:\/\/www.asimis-market.com\/it\/wp-json\/wp\/v2\/product"}],"about":[{"href":"https:\/\/www.asimis-market.com\/it\/wp-json\/wp\/v2\/types\/product"}],"replies":[{"embeddable":true,"href":"https:\/\/www.asimis-market.com\/it\/wp-json\/wp\/v2\/comments?post=30650"}],"wp:featuredmedia":[{"embeddable":true,"href":"https:\/\/www.asimis-market.com\/it\/wp-json\/wp\/v2\/media\/26527"}],"wp:attachment":[{"href":"https:\/\/www.asimis-market.com\/it\/wp-json\/wp\/v2\/media?parent=30650"}],"wp:term":[{"taxonomy":"product_brand","embeddable":true,"href":"https:\/\/www.asimis-market.com\/it\/wp-json\/wp\/v2\/product_brand?post=30650"},{"taxonomy":"product_cat","embeddable":true,"href":"https:\/\/www.asimis-market.com\/it\/wp-json\/wp\/v2\/product_cat?post=30650"},{"taxonomy":"product_tag","embeddable":true,"href":"https:\/\/www.asimis-market.com\/it\/wp-json\/wp\/v2\/product_tag?post=30650"}],"curies":[{"name":"wp","href":"https:\/\/api.w.org\/{rel}","templated":true}]}}