{"id":30652,"date":"2023-10-12T17:34:37","date_gmt":"2023-10-12T14:34:37","guid":{"rendered":"https:\/\/www.asimis-market.com\/product\/the-walking-dead-a-new-frontier-steam-chiave-digitale-globale-prezzo-senza-costi-aggiuntivi\/"},"modified":"2023-10-12T17:34:37","modified_gmt":"2023-10-12T14:34:37","slug":"the-walking-dead-a-new-frontier-steam-chiave-digitale-globale-prezzo-senza-costi-aggiuntivi","status":"publish","type":"product","link":"https:\/\/www.asimis-market.com\/it\/prodotto\/the-walking-dead-a-new-frontier-steam-chiave-digitale-globale-prezzo-senza-costi-aggiuntivi\/","title":{"rendered":"THE WALKING DEAD A NEW FRONTIER STEAM CHIAVE DIGITALE GLOBALE (PREZZO SENZA COSTI AGGIUNTIVI)"},"content":{"rendered":"<p><strong>IL GIOCO<\/strong><\/p>\n<p>Quando la famiglia \u00e8 tutto ci\u00f2 che ti rimane&#8230; fino a che punto ti spingerai per proteggerla?<\/p>\n<p>Mentre la societ\u00e0 crolla e le mani morte si alzano, dal caos emergono sacche di civilt\u00e0. Ma a quale costo? Ci si pu\u00f2 fidare di qualcuno in questa nuova frontiera?<\/p>\n<p>Nei panni di Javier, un giovane uomo determinato a ritrovare la famiglia che gli \u00e8 stata portata via, si incontra una ragazza che ha vissuto una perdita inimmaginabile. Il suo nome \u00e8 Clementine e i vostri destini sono legati da una storia in cui ogni scelta che fate potrebbe essere l&#8217;ultima.<\/p>\n<p>&nbsp;<\/p>\n<p>&nbsp;<\/p>\n<p><iframe loading=\"lazy\" title=\"The Walking Dead: A new Frontier - Release Trailer [PS4]\" width=\"1020\" height=\"574\" src=\"https:\/\/www.youtube.com\/embed\/Z8CuiZcQSks?feature=oembed\" frameborder=\"0\" allow=\"accelerometer; autoplay; clipboard-write; encrypted-media; gyroscope; picture-in-picture; web-share\" allowfullscreen><\/iframe><\/p>\n<p>&nbsp;<\/p>\n<p><strong>DETTAGLI DEL GIOCO<\/strong><\/p>\n<p>Data di uscita iniziale: 20 dicembre 2016<br \/>\nGenere: Gioco di avventura grafica<br \/>\nModalit\u00e0: Videogioco per giocatore singolo, Horror<br \/>\nSviluppatori: Telltale Games, Skybound Games<br \/>\nPiattaforme: Nintendo Switch, PlayStation 4, Android, Xbox One, iOS, Microsoft Windows<br \/>\nEditori: Telltale Games, Skybound Entertainment, Skybound Games<br \/>\nSerie: The Walking Dead<\/p>\n<p>&nbsp;<\/p>\n<p><strong>LINGUAGGIO DI GIOCO<\/strong><br \/>\nInglese<br \/>\nTedesco<br \/>\nSpagnolo<br \/>\nRusso<br \/>\nCinese<br \/>\nPortoghese &#8211; Brasile<br \/>\nArabo<\/p>\n<p><strong><span class=\"HwtZe\" lang=\"en\"><span class=\"jCAhz ChMk0b\"><span class=\"ryNqvb\">REQUISITI DI SISTEMA<\/span><\/span><\/span><\/strong><\/p>\n<ul>\n<li><strong>OS:<\/strong> Windows 7 64Bit Service Pack 1<\/li>\n<li><strong>Processore:<\/strong> Intel Core 2 Duo 2.4GHz<\/li>\n<li><strong>Grafica:<\/strong> Nvidia GTS 450+ con 1024MB+ VRAM (esclusa GT) &#8211; Necessari i driver pi\u00f9 recenti<\/li>\n<li><strong>DirectX:<\/strong> versione 11<\/li>\n<li><strong>Note aggiuntive:<\/strong> Non consigliato per la grafica integrata Intel<\/li>\n<\/ul>\n<p><strong>Come attivare una chiave Steam:<\/strong><br \/>\n&#8211; Andare su: http:\/\/store.steampowered.com\/ e scaricare il client STEAM<br \/>\n&#8211; Fare clic su &#8220;Installa Steam&#8221; (dall&#8217;angolo in alto a destra)<br \/>\n&#8211; Installare e lanciare l&#8217;applicazione, accedere con il nome e la password del proprio account (crearne uno se non lo si possiede).<br \/>\n&#8211; Seguite queste istruzioni per attivare un nuovo acquisto al dettaglio su Steam:<br \/>\n&#8211; Lanciate Steam e accedete al vostro account Steam.<br \/>\n&#8211; Fare clic sul menu Giochi.<br \/>\n&#8211; Selezionare l&#8217;attivazione del prodotto su Steam&#8230;<br \/>\n&#8211; Seguire le istruzioni sullo schermo per completare la procedura.<br \/>\n&#8211; Dopo aver verificato il codice, andare alla scheda &#8220;I miei giochi&#8221; e avviare il download.<\/p>\n","protected":false},"excerpt":{"rendered":"<p><span class=\"HwtZe\" lang=\"en\"><span class=\"jCAhz ChMk0b\"><span class=\"ryNqvb\">Dopo il pagamento riceverete immediatamente il codice Steam via e-mail per poter giocare subito al gioco appena acquistato.<\/span><\/span><\/span><\/p>\n","protected":false},"featured_media":26499,"comment_status":"closed","ping_status":"closed","template":"","meta":{"wds_primary_product_brand":0,"wds_primary_product_cat":0},"product_brand":[],"product_cat":[380,379,381,512,383,515,384],"product_tag":[],"class_list":{"0":"post-30652","1":"product","2":"type-product","3":"status-publish","4":"has-post-thumbnail","6":"product_cat-avventura","7":"product_cat-azione","8":"product_cat-chiavi-digital-pc","9":"product_cat-giocatore-singolo","10":"product_cat-orrore","11":"product_cat-terza-persona","12":"product_cat-videogiochi","14":"first","15":"instock","16":"sale","17":"virtual","18":"purchasable","19":"product-type-simple"},"_links":{"self":[{"href":"https:\/\/www.asimis-market.com\/it\/wp-json\/wp\/v2\/product\/30652","targetHints":{"allow":["GET"]}}],"collection":[{"href":"https:\/\/www.asimis-market.com\/it\/wp-json\/wp\/v2\/product"}],"about":[{"href":"https:\/\/www.asimis-market.com\/it\/wp-json\/wp\/v2\/types\/product"}],"replies":[{"embeddable":true,"href":"https:\/\/www.asimis-market.com\/it\/wp-json\/wp\/v2\/comments?post=30652"}],"wp:featuredmedia":[{"embeddable":true,"href":"https:\/\/www.asimis-market.com\/it\/wp-json\/wp\/v2\/media\/26499"}],"wp:attachment":[{"href":"https:\/\/www.asimis-market.com\/it\/wp-json\/wp\/v2\/media?parent=30652"}],"wp:term":[{"taxonomy":"product_brand","embeddable":true,"href":"https:\/\/www.asimis-market.com\/it\/wp-json\/wp\/v2\/product_brand?post=30652"},{"taxonomy":"product_cat","embeddable":true,"href":"https:\/\/www.asimis-market.com\/it\/wp-json\/wp\/v2\/product_cat?post=30652"},{"taxonomy":"product_tag","embeddable":true,"href":"https:\/\/www.asimis-market.com\/it\/wp-json\/wp\/v2\/product_tag?post=30652"}],"curies":[{"name":"wp","href":"https:\/\/api.w.org\/{rel}","templated":true}]}}