{"id":30653,"date":"2023-10-12T17:34:37","date_gmt":"2023-10-12T14:34:37","guid":{"rendered":"https:\/\/www.asimis-market.com\/product\/crashday-redline-edition-steam-chiave-digitale-globale-prezzo-senza-costi-aggiuntivi\/"},"modified":"2023-10-12T17:34:37","modified_gmt":"2023-10-12T14:34:37","slug":"crashday-redline-edition-steam-chiave-digitale-globale-prezzo-senza-costi-aggiuntivi","status":"publish","type":"product","link":"https:\/\/www.asimis-market.com\/it\/prodotto\/crashday-redline-edition-steam-chiave-digitale-globale-prezzo-senza-costi-aggiuntivi\/","title":{"rendered":"CRASHDAY REDLINE EDITION STEAM CHIAVE DIGITALE GLOBALE (PREZZO SENZA COSTI AGGIUNTIVI)"},"content":{"rendered":"<p><strong>IL GIOCO<\/strong><\/p>\n<p>Pi\u00f9 velocit\u00e0. Pi\u00f9 distruzione. Pi\u00f9 divertente che mai!<\/p>\n<p>Il racer arcade pi\u00f9 ricco di azione torna su Steam in un&#8217;edizione completamente rinnovata! Creato dagli sviluppatori originali del gioco di corse per PC del 2006 Crashday, siamo orgogliosi di presentare la riedizione ufficiale: Crashday: Redline Edition!<\/p>\n<p>Crashday: Redline Edition \u00e8 il racer arcade multiplayer con possibilit\u00e0 quasi illimitate! Sette modalit\u00e0 di gioco. Battaglia online e offline. Nelle strade e nelle arene. Progettate e condividete i vostri brani. Godetevi le mod, i circuiti e le auto create dagli utenti dello Steam Workshop. Giocate nel modo che preferite. Oggi non ci sono regole.<\/p>\n<p>&nbsp;<\/p>\n<p>&nbsp;<\/p>\n<p><iframe loading=\"lazy\" title=\"Crashday: Redline Edition - Official Trailer\" width=\"1020\" height=\"574\" src=\"https:\/\/www.youtube.com\/embed\/9zDjYZWA44Y?feature=oembed\" frameborder=\"0\" allow=\"accelerometer; autoplay; clipboard-write; encrypted-media; gyroscope; picture-in-picture; web-share\" allowfullscreen><\/iframe><\/p>\n<p>&nbsp;<\/p>\n<p><strong>DETTAGLI DEL GIOCO<\/strong><\/p>\n<p>Generi: Videogioco d&#8217;azione, Corsa<br \/>\nSviluppatore: Moonbyte<br \/>\nPiattaforma: Microsoft Windows<br \/>\nEditore: 2tainment<br \/>\nData di uscita iniziale: 10 agosto 2017<\/p>\n<p>&nbsp;<\/p>\n<p><strong>LINGUAGGIO DI GIOCO<\/strong><br \/>\nTedesco<br \/>\nInglese<br \/>\nRusso<br \/>\nItaliano<\/p>\n<p><strong><span class=\"HwtZe\" lang=\"en\"><span class=\"jCAhz ChMk0b\"><span class=\"ryNqvb\">REQUISITI DI SISTEMA<\/span><\/span><\/span><\/strong><br \/>\nOS: Windows 7 32bit o successivo<br \/>\nProcessore: Intel Core 2 Duo E6600<br \/>\nMemoria: 1 GB di RAM<br \/>\nGrafica: NVIDIA GeForce 8800 GT<br \/>\nDirectX: versione 9.0c<br \/>\nMemoria: 600 MB di spazio disponibile<\/p>\n<p><strong>Come attivare una chiave Steam:<\/strong><br \/>\n&#8211; Andare su: http:\/\/store.steampowered.com\/ e scaricare il client STEAM<br \/>\n&#8211; Fare clic su &#8220;Installa Steam&#8221; (dall&#8217;angolo in alto a destra)<br \/>\n&#8211; Installare e lanciare l&#8217;applicazione, accedere con il nome e la password del proprio account (crearne uno se non lo si possiede).<br \/>\n&#8211; Seguite queste istruzioni per attivare un nuovo acquisto al dettaglio su Steam:<br \/>\n&#8211; Lanciate Steam e accedete al vostro account Steam.<br \/>\n&#8211; Fare clic sul menu Giochi.<br \/>\n&#8211; Selezionare l&#8217;attivazione del prodotto su Steam&#8230;<br \/>\n&#8211; Seguire le istruzioni sullo schermo per completare la procedura.<br \/>\n&#8211; Dopo aver verificato il codice, andare alla scheda &#8220;I miei giochi&#8221; e avviare il download.<\/p>\n","protected":false},"excerpt":{"rendered":"<p><span class=\"HwtZe\" lang=\"en\"><span class=\"jCAhz ChMk0b\"><span class=\"ryNqvb\">Dopo il pagamento riceverete immediatamente il codice Steam via e-mail per poter giocare subito al gioco appena acquistato.<\/span><\/span><\/span><\/p>\n","protected":false},"featured_media":26483,"comment_status":"closed","ping_status":"closed","template":"","meta":{"wds_primary_product_brand":0,"wds_primary_product_cat":0},"product_brand":[],"product_cat":[379,381,512,508,506,384],"product_tag":[],"class_list":{"0":"post-30653","1":"product","2":"type-product","3":"status-publish","4":"has-post-thumbnail","6":"product_cat-azione","7":"product_cat-chiavi-digital-pc","8":"product_cat-giocatore-singolo","9":"product_cat-giochi-di-corse","10":"product_cat-multigiocatore","11":"product_cat-videogiochi","13":"first","14":"instock","15":"sale","16":"virtual","17":"purchasable","18":"product-type-simple"},"_links":{"self":[{"href":"https:\/\/www.asimis-market.com\/it\/wp-json\/wp\/v2\/product\/30653","targetHints":{"allow":["GET"]}}],"collection":[{"href":"https:\/\/www.asimis-market.com\/it\/wp-json\/wp\/v2\/product"}],"about":[{"href":"https:\/\/www.asimis-market.com\/it\/wp-json\/wp\/v2\/types\/product"}],"replies":[{"embeddable":true,"href":"https:\/\/www.asimis-market.com\/it\/wp-json\/wp\/v2\/comments?post=30653"}],"wp:featuredmedia":[{"embeddable":true,"href":"https:\/\/www.asimis-market.com\/it\/wp-json\/wp\/v2\/media\/26483"}],"wp:attachment":[{"href":"https:\/\/www.asimis-market.com\/it\/wp-json\/wp\/v2\/media?parent=30653"}],"wp:term":[{"taxonomy":"product_brand","embeddable":true,"href":"https:\/\/www.asimis-market.com\/it\/wp-json\/wp\/v2\/product_brand?post=30653"},{"taxonomy":"product_cat","embeddable":true,"href":"https:\/\/www.asimis-market.com\/it\/wp-json\/wp\/v2\/product_cat?post=30653"},{"taxonomy":"product_tag","embeddable":true,"href":"https:\/\/www.asimis-market.com\/it\/wp-json\/wp\/v2\/product_tag?post=30653"}],"curies":[{"name":"wp","href":"https:\/\/api.w.org\/{rel}","templated":true}]}}