{"id":30658,"date":"2023-10-12T17:33:53","date_gmt":"2023-10-12T14:33:53","guid":{"rendered":"https:\/\/www.asimis-market.com\/product\/automobilista-steam-chiave-digitale-europa-prezzo-senza-costi-aggiuntivi\/"},"modified":"2023-10-12T17:33:53","modified_gmt":"2023-10-12T14:33:53","slug":"automobilista-steam-chiave-digitale-europa-prezzo-senza-costi-aggiuntivi","status":"publish","type":"product","link":"https:\/\/www.asimis-market.com\/it\/prodotto\/automobilista-steam-chiave-digitale-europa-prezzo-senza-costi-aggiuntivi\/","title":{"rendered":"AUTOMOBILISTA STEAM CHIAVE DIGITALE EUROPA (PREZZO SENZA COSTI AGGIUNTIVI)"},"content":{"rendered":"<p><strong>IL GIOCO<\/strong><\/p>\n<p>AUTOMOBILISTA vi mette al posto di guida di uno dei pi\u00f9 avanzati simulatori di corse e vi offre un&#8217;esperienza motoristica unica!<\/p>\n<p>Naturale successore del precedente titolo di Reiza Studios &#8211; il popolarissimo Stock Car Extreme, uscito nel 2013 &#8211; AUTOMOBILISTA continua a simulare le principali serie di corse brasiliane, come Stock Car V8, Copa Petrobras de Marcas, Formula 3 Brasil e Mitsubishi Lancer Cup, con tutte le auto e i circuiti dei rispettivi campionati del 2015.<\/p>\n<p>Al di l\u00e0 del nucleo brasiliano, AUTOMOBILISTA \u00e8 ampiamente completato da una delle opzioni pi\u00f9 varie di veicoli da corsa che si possano trovare in un gioco di corse: solo in AUTOMOBILISTA si potr\u00e0 passare da un kart a noleggio a un&#8217;auto da 800 CV. Dalla derapata di un Rallycross EvoX al salto delle rampe in un Supertruck; dall&#8217;apprendimento delle basi della guida in una Formula Vee alla gestione di un&#8217;intera gara di 24 ore in un prototipo endurance. Andate avanti e indietro tra i contenuti storici e contemporanei che includono una campionatura di diversi decenni di storia delle corse: tutto questo e altro ancora con pochi clic del mouse. Studiato a fondo e sviluppato in modo coerente per garantire la massima accuratezza della simulazione, AUTOMOBILISTA cattura il divertimento che solo gli sport motoristici nelle loro varie forme possono offrire.<\/p>\n<p>Oltre ai contenuti gi\u00e0 presenti in Stock Car Extreme &#8211; che \u00e8 stato completamente aggiornato &#8211; AUTOMOBILISTA lo porta a un nuovo livello aggiungendo tutte le nuove auto e i nuovi tracciati proposti nella campagna di crowdfunding SimRacing Bonanza, nuove funzionalit\u00e0 di simulazione come le condizioni dinamiche della pista, la modellazione avanzata della trasmissione e degli pneumatici, aggiornamenti sostanziali alla fisica, alla grafica e al suono, nuove modalit\u00e0 di gioco e molto altro ancora!<\/p>\n<p>&nbsp;<\/p>\n<p><iframe loading=\"lazy\" title=\"Automobilista Release Trailer - V1.0 out now!\" width=\"1020\" height=\"574\" src=\"https:\/\/www.youtube.com\/embed\/8po4XyUyRDs?feature=oembed\" frameborder=\"0\" allow=\"accelerometer; autoplay; clipboard-write; encrypted-media; gyroscope; picture-in-picture; web-share\" allowfullscreen><\/iframe><\/p>\n<p>&nbsp;<\/p>\n<p><strong>Caratteristiche<\/strong><br \/>\nLa fisica aggiornata a 720 Hz e le frequenze di ingresso a 500 Hz forniscono all&#8217;AMS una fisica estremamente accurata e ad alta fedelt\u00e0 e un feedback forzato.<br \/>\nFisica del veicolo basata su modelli sviluppati per squadre di corse professionali con dati esclusivi e approfonditi<br \/>\nPiste da corsa dettagliate e modellate con precisione, con dossi 3D, propriet\u00e0 stradali personalizzate e densit\u00e0 dell&#8217;aria in base alla posizione e all&#8217;altitudine.<br \/>\nSuoni del motore campionati da registrazioni di alta qualit\u00e0 di auto reali<br \/>\nCattura le esigenze in continua evoluzione delle corse.<br \/>\nLe auto con meccanismi di cambio vecchio stile richiedono un corretto innesto delle marce utilizzando la frizione o sincronizzando i giri.<br \/>\nLe auto moderne richiedono la gestione di sistemi elettronici avanzati.<br \/>\nLe auto ad alta forza verticale creeranno un campanello d&#8217;allarme aerodinamico per coloro che le seguiranno.<br \/>\nI cicli di 24 ore consentiranno di gareggiare dal tramonto all&#8217;alba e di notte.<br \/>\nLe condizioni dinamiche del tracciato trasformano la linea di corsa in una pista di gomma appiccicosa e creano un fuoristrada di marmo.<br \/>\nIl danneggiamento dinamico degli pneumatici e la raccolta dello sporco aggiungono ulteriori dimensioni all&#8217;esperienza di guida<\/p>\n<p>&nbsp;<\/p>\n<p><strong>ALTRI DETTAGLI DEL GIOCO<\/strong><\/p>\n<p><strong>Sviluppatore: Reiza Studios<\/strong><br \/>\n<strong>Generi.<\/strong><br \/>\n<strong>Editore: Studi Reiza<\/strong><br \/>\n<strong>Piattaforma: Microsoft Windows<\/strong><br \/>\n<strong>Data di uscita: 29\/02\/2016<\/strong><\/p>\n<p><strong>LINGUAGGIO DI GIOCO<\/strong><br \/>\nTedesco<br \/>\nInglese<br \/>\nFrancese<br \/>\nSpagnolo<br \/>\nOlandese<br \/>\nItaliano<br \/>\nPortoghese &#8211; Brasile<\/p>\n<p><strong>REQUISITI DI SISTEMA<\/strong><\/p>\n<ul>\n<li><strong>OS:<\/strong> Windows XP \/ Vista \/ 7 \/ 8 \/ 10<\/li>\n<li><strong>Processore<\/strong>: 1,8 GHz o CPU compatibile al 100%.<\/li>\n<li><strong>Memoria:<\/strong> 4 GB DI RAM<\/li>\n<li><strong>Grafica<\/strong>: Compatibile DX9 con almeno 1GB di memoria video<\/li>\n<li><strong>DirectX<\/strong>: versione 9.0c<\/li>\n<li><strong>Memoria<\/strong>: 25 GB di spazio disponibile<\/li>\n<\/ul>\n<p>&nbsp;<\/p>\n<p><strong>Come attivare una chiave Steam:<\/strong><\/p>\n<p>&#8211; Andare su: http:\/\/store.steampowered.com\/ e scaricare il client STEAM<\/p>\n<p>&#8211; Fare clic su &#8220;Installa Steam&#8221; (dall&#8217;angolo in alto a destra)<\/p>\n<p>&#8211; Installare e lanciare l&#8217;applicazione, accedere con il nome e la password del proprio account (crearne uno se non lo si possiede).<\/p>\n<ul>\n<li>Seguite queste istruzioni per attivare un nuovo acquisto al dettaglio su Steam:<\/li>\n<li>Lanciate Steam e accedete al vostro account Steam.<\/li>\n<li>Fare clic sul menu Giochi. o Fare clic sul menu Giochi.<\/li>\n<li>Selezionare Attiva un prodotto su Steam&#8230; o Selezionare Attiva un prodotto su Steam&#8230;<\/li>\n<li>Seguire le istruzioni sullo schermo per completare la procedura.<\/li>\n<\/ul>\n<p>&#8211; Una volta che il codice \u00e8 stato verificato con successo, andare alla scheda &#8220;I miei giochi&#8221; e avviare il download.<\/p>\n","protected":false},"excerpt":{"rendered":"<p>Dopo il pagamento riceverete immediatamente via e-mail il codice Steam che vi consentir\u00e0 di giocare al tempo stesso al gioco appena acquistato.<\/p>\n","protected":false},"featured_media":26415,"comment_status":"closed","ping_status":"closed","template":"","meta":{"wds_primary_product_brand":0,"wds_primary_product_cat":0},"product_brand":[],"product_cat":[381,508,506,511,384],"product_tag":[],"class_list":{"0":"post-30658","1":"product","2":"type-product","3":"status-publish","4":"has-post-thumbnail","6":"product_cat-chiavi-digital-pc","7":"product_cat-giochi-di-corse","8":"product_cat-multigiocatore","9":"product_cat-simulazione","10":"product_cat-videogiochi","12":"first","13":"instock","14":"sale","15":"virtual","16":"purchasable","17":"product-type-simple"},"_links":{"self":[{"href":"https:\/\/www.asimis-market.com\/it\/wp-json\/wp\/v2\/product\/30658","targetHints":{"allow":["GET"]}}],"collection":[{"href":"https:\/\/www.asimis-market.com\/it\/wp-json\/wp\/v2\/product"}],"about":[{"href":"https:\/\/www.asimis-market.com\/it\/wp-json\/wp\/v2\/types\/product"}],"replies":[{"embeddable":true,"href":"https:\/\/www.asimis-market.com\/it\/wp-json\/wp\/v2\/comments?post=30658"}],"wp:featuredmedia":[{"embeddable":true,"href":"https:\/\/www.asimis-market.com\/it\/wp-json\/wp\/v2\/media\/26415"}],"wp:attachment":[{"href":"https:\/\/www.asimis-market.com\/it\/wp-json\/wp\/v2\/media?parent=30658"}],"wp:term":[{"taxonomy":"product_brand","embeddable":true,"href":"https:\/\/www.asimis-market.com\/it\/wp-json\/wp\/v2\/product_brand?post=30658"},{"taxonomy":"product_cat","embeddable":true,"href":"https:\/\/www.asimis-market.com\/it\/wp-json\/wp\/v2\/product_cat?post=30658"},{"taxonomy":"product_tag","embeddable":true,"href":"https:\/\/www.asimis-market.com\/it\/wp-json\/wp\/v2\/product_tag?post=30658"}],"curies":[{"name":"wp","href":"https:\/\/api.w.org\/{rel}","templated":true}]}}