{"id":30659,"date":"2023-10-12T17:33:53","date_gmt":"2023-10-12T14:33:53","guid":{"rendered":"https:\/\/www.asimis-market.com\/product\/verdun-steam-chiave-digitale-europa-prezzo-senza-costi-aggiuntivi\/"},"modified":"2023-10-12T17:33:53","modified_gmt":"2023-10-12T14:33:53","slug":"verdun-steam-chiave-digitale-europa-prezzo-senza-costi-aggiuntivi","status":"publish","type":"product","link":"https:\/\/www.asimis-market.com\/it\/prodotto\/verdun-steam-chiave-digitale-europa-prezzo-senza-costi-aggiuntivi\/","title":{"rendered":"VERDUN STEAM CHIAVE DIGITALE EUROPA (PREZZO SENZA COSTI AGGIUNTIVI)"},"content":{"rendered":"<p><strong>IL GIOCO<\/strong><\/p>\n<p>Verdun \u00e8 il primo FPS multiplayer in un&#8217;ambientazione realistica della Prima Guerra Mondiale. L&#8217;implacabile guerra di trincea offre un&#8217;esperienza unica sul campo di battaglia, immergendo voi e la vostra squadra in intense battaglie di attacco e difesa.<br \/>\nIl gioco \u00e8 ambientato sul fronte occidentale tra il 1914 e il 1918, in uno dei conflitti pi\u00f9 sanguinosi della storia mondiale. Gli sviluppatori si sono ispirati alla famigerata battaglia di Verdun, svoltasi in Francia nel 1916. Il gioco offre 4 diverse modalit\u00e0 di gioco. Frontline, Attrition, Rifle Deathmatch e Squad Defense. Sono incluse anche molte caratteristiche storicamente accurate, tra cui armi realistiche della Prima Guerra Mondiale, uniformi autentiche e mappe basate sui campi di battaglia reali di Francia e Belgio.<\/p>\n<p>&nbsp;<\/p>\n<p><iframe loading=\"lazy\" title=\"WW1 FPS Verdun - Launch Trailer I PS4\" width=\"1020\" height=\"574\" src=\"https:\/\/www.youtube.com\/embed\/8b3JM5RLLZw?feature=oembed\" frameborder=\"0\" allow=\"accelerometer; autoplay; clipboard-write; encrypted-media; gyroscope; picture-in-picture; web-share\" allowfullscreen><\/iframe><\/p>\n<p>&nbsp;<\/p>\n<p>La modalit\u00e0 di gioco Frontlines \u00e8 unica per la sua complessit\u00e0 tattica. Le trincee realistiche sono difficili da combattere e richiedono astuzia tattica per essere conquistate e difese. L&#8217;Intesa e le Potenze Centrali cercano di ottenere il controllo dei settori di prima linea. Battaglia per lo stupro delle trincee nemiche durante una battaglia offensiva per guadagnare terreno. In un&#8217;altra battaglia potreste difendere un territorio appena conquistato da un contrattacco nemico.<\/p>\n<p>I giocatori possono scegliere di far parte di una delle tante squadre presenti nel gioco, ognuna con un ruolo tattico unico. Lavorando a fianco dei vostri amici, potrete fare esperienza e migliorare la forza e la flessibilit\u00e0 della vostra squadra. Man mano che si acquisisce esperienza di combattimento e si avanza di grado, si guadagnano anche punti carriera che possono essere utilizzati per sbloccare specializzazioni, armi ed equipaggiamenti.<\/p>\n<p>Nella modalit\u00e0 di gioco Attrition, l&#8217;Intesa e le Potenze Centrali si affrontano in una battaglia. Ogni schieramento ha un numero di biglietti che rappresenta la quantit\u00e0 di forza lavoro di cui dispone. Quando un giocatore viene ucciso e respawna, un biglietto viene rimosso dalla fazione a cui apparteneva il giocatore. Quando una squadra non ha pi\u00f9 biglietti, i giocatori di quella squadra non possono pi\u00f9 ripartire.<\/p>\n<p>Rifle Deathmatch \u00e8 una modalit\u00e0 di gioco libera in cui tutti i giocatori si affrontano in un&#8217;emozionante gara di abilit\u00e0 utilizzando solo fucili ad otturatore.<\/p>\n<p>Nella modalit\u00e0 Squad Defense, il giocatore e i suoi compagni di squadra devono difendere una posizione il pi\u00f9 a lungo possibile contro ondate infinite di attaccanti controllati dall&#8217;intelligenza artificiale.<\/p>\n<p>Caratteristiche<br \/>\nGioco realistico della Prima Guerra Mondiale: Armi autentiche con una fisica dei proiettili realistica, manipolazione delle armi basata sull&#8217;abilit\u00e0, grugno, gas velenoso con esperienza di maschera antigas claustrofobica, artiglieria e sbarramenti di artiglieria.<br \/>\nFPS a squadre tattico: Sistema di livellamento della squadra unico, tipi di squadra e ruoli distinti, chat vocale<br \/>\nVera guerra di trincea: Prima linea dinamica in tempo reale con gioco d&#8217;attacco e contrattacco basato sullo slancio<br \/>\nAmbientazione autentica della Prima Guerra Mondiale: Musica e stile tipici della Prima Guerra Mondiale, campi di battaglia storici sul fronte occidentale.<br \/>\nModalit\u00e0 di gioco impegnative: Frontline a squadre, Attrition tattico, Rifle Deathmatch basato sull&#8217;abilit\u00e0 e sopravvivenza disperata in Squad Defense.<\/p>\n<p>&nbsp;<\/p>\n<p>&nbsp;<\/p>\n<p><strong>ALTRI DETTAGLI DEL GIOCO<\/strong><\/p>\n<p><strong>Piattaforme: PC, PlayStation 5, PlayStation 4, Xbox One<\/strong><br \/>\n<strong>Sviluppatori: BlackMill Games, M2H, Abstraction<\/strong><br \/>\n<strong>Generi: Sparatutto in prima persona Videogioco<\/strong><br \/>\n<strong>Serie: WW1 1914-1918 di Blackmill Games<\/strong><br \/>\n<strong>Prima data di uscita: 19 settembre 2013<\/strong><br \/>\n<strong>Funzione: Videogioco multiplayer<\/strong><br \/>\n<strong>Editori: BlackMill Games, M2H, GS2 Games Inc.<\/strong><\/p>\n<p><strong>LINGUAGGIO DI GIOCO<\/strong><br \/>\nInglese<br \/>\nTedesco<br \/>\nFrancese<br \/>\nSpagnolo<br \/>\nPortoghese<br \/>\nRusso<br \/>\nItaliano<\/p>\n<p><strong>REQUISITI DI SISTEMA<\/strong><\/p>\n<p><strong>Requisiti di sistema del PC<\/strong><\/p>\n<ul>\n<li>OS: Windows Vista\/7\/8<\/li>\n<li>Processore: Intel Core2 Duo 2,4Ghz o superiore \/ AMD 3Ghz o superiore<\/li>\n<li>Memoria: 3 GB DI RAM<\/li>\n<li>Grafica: Geforce GTX 960M \/ Radeon HD 7750 o superiore, 1 GB di memoria della scheda video<\/li>\n<li>DirectX: versione 9.0c<\/li>\n<li>Rete: Connessione Internet a banda larga<\/li>\n<li>Memoria: 12 GB di spazio disponibile<\/li>\n<li>Note aggiuntive: Solo multiplayer, assicurarsi di avere una connessione internet stabile e veloce.<\/li>\n<\/ul>\n<p>&nbsp;<\/p>\n<p><strong>Come attivare una chiave Steam:<\/strong><\/p>\n<p>&#8211; Andare su: http:\/\/store.steampowered.com\/ e scaricare il client STEAM<\/p>\n<p>&#8211; Fare clic su &#8220;Installa Steam&#8221; (dall&#8217;angolo in alto a destra)<\/p>\n<p>&#8211; Installare e lanciare l&#8217;applicazione, accedere con il nome e la password del proprio account (crearne uno se non lo si possiede).<\/p>\n<p>&#8211; Seguite queste istruzioni per attivare un nuovo acquisto al dettaglio su Steam:<br \/>\nLanciate Steam e accedete al vostro account Steam.<br \/>\nFare clic sul menu Giochi.<br \/>\nSelezionare l&#8217;attivazione del prodotto su Steam&#8230;<br \/>\nSeguire le istruzioni sullo schermo per completare la procedura.<\/p>\n<p>&#8211; Dopo aver verificato il codice, andate nella scheda &#8220;I miei giochi&#8221; e avviate il download.<\/p>\n","protected":false},"excerpt":{"rendered":"<p>Dopo il pagamento riceverete immediatamente via e-mail il codice Steam che vi consentir\u00e0 di giocare al tempo stesso al gioco appena acquistato.<\/p>\n","protected":false},"featured_media":26399,"comment_status":"closed","ping_status":"closed","template":"","meta":{"wds_primary_product_brand":0,"wds_primary_product_cat":0},"product_brand":[],"product_cat":[379,381,506,382,511,384],"product_tag":[],"class_list":{"0":"post-30659","1":"product","2":"type-product","3":"status-publish","4":"has-post-thumbnail","6":"product_cat-azione","7":"product_cat-chiavi-digital-pc","8":"product_cat-multigiocatore","9":"product_cat-prima-persona","10":"product_cat-simulazione","11":"product_cat-videogiochi","13":"first","14":"instock","15":"sale","16":"virtual","17":"purchasable","18":"product-type-simple"},"_links":{"self":[{"href":"https:\/\/www.asimis-market.com\/it\/wp-json\/wp\/v2\/product\/30659","targetHints":{"allow":["GET"]}}],"collection":[{"href":"https:\/\/www.asimis-market.com\/it\/wp-json\/wp\/v2\/product"}],"about":[{"href":"https:\/\/www.asimis-market.com\/it\/wp-json\/wp\/v2\/types\/product"}],"replies":[{"embeddable":true,"href":"https:\/\/www.asimis-market.com\/it\/wp-json\/wp\/v2\/comments?post=30659"}],"wp:featuredmedia":[{"embeddable":true,"href":"https:\/\/www.asimis-market.com\/it\/wp-json\/wp\/v2\/media\/26399"}],"wp:attachment":[{"href":"https:\/\/www.asimis-market.com\/it\/wp-json\/wp\/v2\/media?parent=30659"}],"wp:term":[{"taxonomy":"product_brand","embeddable":true,"href":"https:\/\/www.asimis-market.com\/it\/wp-json\/wp\/v2\/product_brand?post=30659"},{"taxonomy":"product_cat","embeddable":true,"href":"https:\/\/www.asimis-market.com\/it\/wp-json\/wp\/v2\/product_cat?post=30659"},{"taxonomy":"product_tag","embeddable":true,"href":"https:\/\/www.asimis-market.com\/it\/wp-json\/wp\/v2\/product_tag?post=30659"}],"curies":[{"name":"wp","href":"https:\/\/api.w.org\/{rel}","templated":true}]}}