{"id":30661,"date":"2023-10-12T17:33:53","date_gmt":"2023-10-12T14:33:53","guid":{"rendered":"https:\/\/www.asimis-market.com\/product\/worms-reloaded-goty-edition-steam-chiave-digitale-global%ce%b5-prezzo-senza-costi-aggiuntivi\/"},"modified":"2023-10-12T17:33:53","modified_gmt":"2023-10-12T14:33:53","slug":"worms-reloaded-goty-edition-steam-chiave-digitale-global%ce%b5-prezzo-senza-costi-aggiuntivi","status":"publish","type":"product","link":"https:\/\/www.asimis-market.com\/it\/prodotto\/worms-reloaded-goty-edition-steam-chiave-digitale-global%ce%b5-prezzo-senza-costi-aggiuntivi\/","title":{"rendered":"WORMS RELOADED GOTY EDITION STEAM CHIAVE DIGITALE GLOBAL\u0395 (PREZZO SENZA COSTI AGGIUNTIVI)"},"content":{"rendered":"<p><strong>IL GIOCO<\/strong><\/p>\n<p>Include 6 articoli: Worms Reloaded, Worms Reloaded: Il pacchetto DLC &#8220;Forti e cappelli pre-ordine&#8221;, Worms Reloaded: Puzzle Pack, Worms Reloaded: Pacchetto Forti, Worms Reloaded: Pacchetto Time Attack, Worms Reloaded: Pacchetto Retro.<\/p>\n<p>Dieci anni dopo Worms\u2122 Armageddon, il caos comico a turni continua in Worms\u2122 Reloaded, una nuova edizione disponibile per PC tramite Steam. Worms\u2122 Reloaded offre fino a quattro giocatori online e offline per il caos multigiocatore, supporto vocale, una variet\u00e0 di nuove armi pazzesche (e il ritorno di alcune armi iconiche del famoso passato del marchio), obiettivi, classifiche, nuovissimi temi paesaggistici in alta definizione, una serie di fantastici forti per la nuova modalit\u00e0 Fort, un nuovo editor di paesaggi, nuove modalit\u00e0 di gioco, cappelli, skin e banchi vocali.<\/p>\n<p>Inoltre, c&#8217;\u00e8 anche un&#8217;esperienza single-player molto intrigante con tutorial, deathmatch, gare, giochi di fortezza e puzzle. Godetevi il nuovo motore grafico ad alta definizione, la fisica rinnovata e una nuovissima I.A. con sette diversi tipi di personalit\u00e0, da facile a molto difficile e stili come vendicativo, presuntuoso e &#8220;Darksider&#8221;! Il gioco \u00e8 anche pieno di opzioni di personalizzazione e include migliaia di possibilit\u00e0 per la tua squadra di vermi, tonnellate di opzioni di gioco e livelli personalizzati, in modo da poter giocare a modo tuo!<\/p>\n<p>&nbsp;<\/p>\n<p>&nbsp;<\/p>\n<p><iframe loading=\"lazy\" title=\"Worms Reloaded - Game of the Year Edition Gameplay HD\" width=\"1020\" height=\"574\" src=\"https:\/\/www.youtube.com\/embed\/20K7VOyCAgk?feature=oembed\" frameborder=\"0\" allow=\"accelerometer; autoplay; clipboard-write; encrypted-media; gyroscope; picture-in-picture; web-share\" allowfullscreen><\/iframe><\/p>\n<p>&nbsp;<\/p>\n<p>Caratteristiche<br \/>\nUN AMPIO CONTENUTO PER GIOCATORE SINGOLO:<\/p>\n<p>Modalit\u00e0 campagna. Giocate 35 missioni per giocatore singolo e altre 30 nella campagna Warzone, progettata per i giocatori esperti.<br \/>\nModalit\u00e0 Bodycount! Come farete a sopravvivere con un solo verme contro gli infiniti vermi nemici che si fanno sempre pi\u00f9 agguerriti? Gareggiate con gli amici nella classifica.<br \/>\nModalit\u00e0 di allenamento. Addestramento tattico completo con 3 esercitazioni e 3 campi di tiro.<br \/>\nMULTIPLAYER ONLINE E LOCALE:<\/p>\n<p>Azione multigiocatore con gioco online e locale per un massimo di 4 giocatori &#8211; con supporto Steamworks, per aggiornamenti di gioco indolore, liste di amici, classifiche, obiettivi e chat.<br \/>\nClassifiche! Pi\u00f9 classifiche diverse per monitorare diversi tipi di gioco e statistiche. Questi possono essere ordinati globalmente o per amici, incoraggiando la competizione con i compagni.<br \/>\nUNA PERSONALIZZAZIONE MASSICCIAMENTE AUMENTATA:<\/p>\n<p>Personalizzazione selvaggia: cambia l&#8217;aspetto della pelle del tuo verme, scegli le danze della vittoria, le lapidi, le voci, l&#8217;HUD, il titolo e oltre 70 diversi cappelli carini, divertenti e decisamente sciocchi!<br \/>\nAcquisti fino allo sfinimento! I giocatori possono acquistare cappelli, paesaggi, armi, missioni, fortezze e lapidi con la valuta ottenuta completando le campagne per giocatore singolo.<br \/>\nOltre 70 speechbanks &#8211; 50 rimasterizzati dai classici e oltre 20 nuovi speechbanks, tra cui il nuovo pazzo Cheesecutter!<br \/>\nUna serie di fantastici livelli classici e nuovi personalizzati su cui giocare, oltre a crearne di propri!<br \/>\nNUOVO STRUMENTO PER LA CREAZIONE DI PAESAGGI COMPLETO:<\/p>\n<p>Editor di paesaggi completo, che include il gradito ritorno dei ponti e la possibilit\u00e0 di importare nel gioco i propri livelli personalizzati per condividere le proprie creazioni con gli amici e giocare online. Aggiungete le vostre posizioni di partenza, le mine e lo schema per creare nuovi stili di gioco.<br \/>\nTutti i nuovi paesaggi verticali: per la prima volta il classico gameplay di Worms\u2122 in 2D \u00e8 reso in un ambiente 3D.<br \/>\nSUPPORTO DEL CONTROLLER DI GIOCO:<\/p>\n<p>Controlli definiti dall&#8217;utente con impostazioni classiche di serie.<br \/>\nSupporta una pletora di gamepad.<br \/>\nFunziona anche su tutti i moderni sistemi operativi Windows.<\/p>\n<p>&nbsp;<\/p>\n<p><strong>ALTRI DETTAGLI DEL GIOCO<\/strong><\/p>\n<p>Pubblicato per la prima volta: 15 marzo 2012<br \/>\nModalit\u00e0: Videogioco multiplayer<br \/>\nSviluppatore: Team17<br \/>\nSerie: Vermi<br \/>\nGeneri: Videogioco d&#8217;azione, Gioco d&#8217;artiglieria, Strategia<br \/>\nPiattaforme: Microsoft Windows, Linux, macOS, Mac OS classico, sistemi operativi Apple<br \/>\nEditori: Team17, ak tronic Software &amp; Services GmbH<\/p>\n<p>&nbsp;<\/p>\n<p><strong>LINGUAGGIO DI GIOCO<\/strong><br \/>\nInglese<br \/>\nTedesco<br \/>\nFrancese<br \/>\nSpagnolo<br \/>\nItaliano<\/p>\n<p><strong><span class=\"HwtZe\" lang=\"en\"><span class=\"jCAhz ChMk0b\"><span class=\"ryNqvb\">REQUISITI DI SISTEMA<\/span><\/span><\/span><\/strong><\/p>\n<ul>\n<li><strong>OS:<\/strong> Windows XP, Vista, 7<\/li>\n<li><strong>Processore:<\/strong> 1,25GHz AMD Athlon o equivalente Intel<\/li>\n<li><strong>Memoria:<\/strong> 1 GB<\/li>\n<li><strong>Grafica:<\/strong> Scheda video da 128 MB (GeForce4 o scheda equivalente)<\/li>\n<li><strong>DirectX\u00ae:<\/strong> DirectX\u00ae 9 o superiore<\/li>\n<li><strong>Disco rigido:<\/strong> 2063 MB<\/li>\n<li><strong>Suono:<\/strong> Scheda audio conforme a DirectX\u00ae 9.0c<\/li>\n<li><strong>Altri requisiti:<\/strong> \u00c8 richiesta la connessione a Internet<\/li>\n<\/ul>\n<p><strong>Come attivare una chiave Steam:<\/strong><br \/>\n&#8211; Andare su: http:\/\/store.steampowered.com\/ e scaricare il client STEAM<br \/>\n&#8211; Fare clic su &#8220;Installa Steam&#8221; (dall&#8217;angolo in alto a destra)<br \/>\n&#8211; Installare e lanciare l&#8217;applicazione, accedere con il nome e la password del proprio account (crearne uno se non lo si possiede).<br \/>\n&#8211; Seguite queste istruzioni per attivare un nuovo acquisto al dettaglio su Steam:<br \/>\n&#8211; Lanciate Steam e accedete al vostro account Steam.<br \/>\n&#8211; Fare clic sul menu Giochi.<br \/>\n&#8211; Selezionare l&#8217;attivazione del prodotto su Steam&#8230;<br \/>\n&#8211; Seguire le istruzioni sullo schermo per completare la procedura.<br \/>\n&#8211; Dopo aver verificato il codice, andare alla scheda &#8220;I miei giochi&#8221; e avviare il download.<\/p>\n<p>&nbsp;<\/p>\n","protected":false},"excerpt":{"rendered":"<p><span class=\"HwtZe\" lang=\"en\"><span class=\"jCAhz ChMk0b\"><span class=\"ryNqvb\">Dopo il pagamento riceverete immediatamente il codice Steam via e-mail per poter giocare subito al gioco appena acquistato.<\/span><\/span><\/span><\/p>\n","protected":false},"featured_media":26373,"comment_status":"closed","ping_status":"closed","template":"","meta":{"wds_primary_product_brand":0,"wds_primary_product_cat":0},"product_brand":[],"product_cat":[379,381,512,506,507,514,384],"product_tag":[],"class_list":{"0":"post-30661","1":"product","2":"type-product","3":"status-publish","4":"has-post-thumbnail","6":"product_cat-azione","7":"product_cat-chiavi-digital-pc","8":"product_cat-giocatore-singolo","9":"product_cat-multigiocatore","10":"product_cat-piattaforma","11":"product_cat-strategia","12":"product_cat-videogiochi","14":"first","15":"instock","16":"sale","17":"virtual","18":"purchasable","19":"product-type-simple"},"_links":{"self":[{"href":"https:\/\/www.asimis-market.com\/it\/wp-json\/wp\/v2\/product\/30661","targetHints":{"allow":["GET"]}}],"collection":[{"href":"https:\/\/www.asimis-market.com\/it\/wp-json\/wp\/v2\/product"}],"about":[{"href":"https:\/\/www.asimis-market.com\/it\/wp-json\/wp\/v2\/types\/product"}],"replies":[{"embeddable":true,"href":"https:\/\/www.asimis-market.com\/it\/wp-json\/wp\/v2\/comments?post=30661"}],"wp:featuredmedia":[{"embeddable":true,"href":"https:\/\/www.asimis-market.com\/it\/wp-json\/wp\/v2\/media\/26373"}],"wp:attachment":[{"href":"https:\/\/www.asimis-market.com\/it\/wp-json\/wp\/v2\/media?parent=30661"}],"wp:term":[{"taxonomy":"product_brand","embeddable":true,"href":"https:\/\/www.asimis-market.com\/it\/wp-json\/wp\/v2\/product_brand?post=30661"},{"taxonomy":"product_cat","embeddable":true,"href":"https:\/\/www.asimis-market.com\/it\/wp-json\/wp\/v2\/product_cat?post=30661"},{"taxonomy":"product_tag","embeddable":true,"href":"https:\/\/www.asimis-market.com\/it\/wp-json\/wp\/v2\/product_tag?post=30661"}],"curies":[{"name":"wp","href":"https:\/\/api.w.org\/{rel}","templated":true}]}}