{"id":30665,"date":"2023-10-12T17:33:53","date_gmt":"2023-10-12T14:33:53","guid":{"rendered":"https:\/\/www.asimis-market.com\/product\/lego-the-lord-of-the-rings-steam-chiave-digitale-europa-prezzo-senza-costi-aggiuntivi\/"},"modified":"2023-10-12T17:33:53","modified_gmt":"2023-10-12T14:33:53","slug":"lego-the-lord-of-the-rings-steam-chiave-digitale-europa-prezzo-senza-costi-aggiuntivi","status":"publish","type":"product","link":"https:\/\/www.asimis-market.com\/it\/prodotto\/lego-the-lord-of-the-rings-steam-chiave-digitale-europa-prezzo-senza-costi-aggiuntivi\/","title":{"rendered":"LEGO THE LORD OF THE RINGS STEAM CHIAVE DIGITALE EUROPA (PREZZO SENZA COSTI AGGIUNTIVI)"},"content":{"rendered":"<div class=\"sysreq_contents\">\n<p><strong>IL GIOCO<\/strong><\/p>\n<p>Basato sulla trilogia cinematografica de Il Signore degli Anelli, LEGO\u00ae Il Signore degli Anelli segue le storie autentiche de Il Signore degli Anelli: La Compagnia dell&#8217;Anello, Il Signore degli Anelli: Le due torri e Il Signore degli Anelli: Il ritorno del re, portando i giocatori negli eventi epici della storia con l&#8217;umorismo e l&#8217;infinita variet\u00e0 di giochi LEGO.<\/p>\n<p>Fiducioso nella pericolosa missione di distruggere un antico anello magico che minaccia tutto ci\u00f2 che \u00e8 buono, Frodo \u00e8 costretto a lasciare la sua tranquilla casa. Ma l&#8217;anello vuole essere trovato e il viaggio verso il Monte Fato, l&#8217;unico luogo dove pu\u00f2 essere distrutto, sar\u00e0 pericoloso e pieno di Orchi e creature ignobili. Per aiutare Frodo, viene formata una Compagnia: Aragorn il ranger, Gandalf il mago, Legolas l&#8217;elfo, Gimli il nano, Boromir il gondoriano e gli amici hobbit di Frodo, Sam, Merry e Pipino. I giocatori rivivono il mito attraverso le minifigure LEGO mentre esplorano meraviglie, risolvono enigmi senza tempo e superano infiniti nemici nella loro missione di distruggere l&#8217;Anello.<\/p>\n<p>Caratteristiche<br \/>\nEsplora l&#8217;intero mondo aperto della Terra di Mezzo e vivi epiche battaglie con Orchi, Uruk-hai, Balrog, Re Stregone e altre terrificanti creature.<br \/>\nSfruttate il potere del Palant\u00edr o della Pietra Vedente e saltate tra pi\u00f9 storie.<br \/>\nGli eroi di LEGO Il Signore degli Anelli prendono vita in un modo completamente nuovo, con personaggi in miniatura che recitano i dialoghi dei film.<br \/>\nRaccogliete, combinate e forgiate nuovi oggetti nella Bottega del Fabbro utilizzando il Mithril, il metallo pi\u00f9 prezioso della Terra di Mezzo.<br \/>\nScoprite e sbloccate oltre 80 personaggi giocabili, tra cui Frodo, Aragorn, Gandalf e molti altri.<br \/>\nRaccogliete e utilizzate una serie di armi e oggetti magici, come la Luce di Earendil, la corda elfica, spade e archi.<br \/>\nGiocate con la famiglia e gli amici grazie alle opzioni di gioco di facile accesso, drop-in e drop-out.<\/p>\n<p><iframe loading=\"lazy\" title=\"LEGO The Lord of the Rings - Launch Trailer\" width=\"1020\" height=\"574\" src=\"https:\/\/www.youtube.com\/embed\/zrQTJHt_Heo?feature=oembed\" frameborder=\"0\" allow=\"accelerometer; autoplay; clipboard-write; encrypted-media; gyroscope; picture-in-picture; web-share\" allowfullscreen><\/iframe><\/p>\n<p>&nbsp;<\/p>\n<p><strong>ALTRI DETTAGLI DEL GIOCO<\/strong><br \/>\nPiattaforme: PlayStation 3, Android, Microsoft Windows, iOS<br \/>\nModalit\u00e0: Videogioco multiplayer<br \/>\nNomination: Premio BAFTA Video Game per il miglior gioco sociale e per la famiglia<br \/>\nGeneri: Open world, Videogioco d&#8217;azione e avventura, Videogioco di ruolo d&#8217;azione, Gameplay non lineare, Avventura<br \/>\nSviluppatori: Traveller&#8217;s Tales, TT Fusion<br \/>\nEditori: Warner Bros. Giochi, Feral Interactive, WB Games, Inc.<br \/>\nPubblicato per la prima volta: 30 ottobre 2012<\/p>\n<p><strong>Interfaccia linguistica<\/strong><br \/>\nInglese, tedesco<br \/>\nFrancese, spagnolo<br \/>\nDanese, olandese<br \/>\nPolacco, russo<br \/>\nItaliano<\/p>\n<p><strong><span class=\"HwtZe\" lang=\"en\"><span class=\"jCAhz ChMk0b\"><span class=\"ryNqvb\">REQUISITI DI SISTEMA<\/span><\/span><\/span><\/strong><\/p>\n<ul>\n<li><strong>OS:<\/strong> Windows\u00aeXP SP3, Windows Vista\/7\/8 con gli ultimi service pack e aggiornamenti installati<\/li>\n<li><strong>Processore:<\/strong> Intel Core 2 Duo o CPU AMD dual core equivalente<\/li>\n<li><strong>Memoria:<\/strong> 2 GB di RAM<\/li>\n<li><strong>Grafica:<\/strong> NVIDIA GeForce 7600GS o ATI Radeon 1950, 256 Mb di RAM<\/li>\n<li><strong>DirectX:<\/strong> versione 10<\/li>\n<li><strong>Rete:<\/strong> Connessione Internet a banda larga<\/li>\n<li><strong>Memoria:<\/strong> 10 GB di spazio disponibile<\/li>\n<li><strong>Note aggiuntive:<\/strong> Windows XP e DirectX\u00ae 9.0b e inferiori non sono supportati.<\/li>\n<\/ul>\n<p><strong>Come attivare una chiave Steam:<\/strong><br \/>\n&#8211; Andare su: http:\/\/store.steampowered.com\/ e scaricare il client STEAM<br \/>\n&#8211; Fare clic su &#8220;Installa Steam&#8221; (dall&#8217;angolo in alto a destra)<br \/>\n&#8211; Installare e lanciare l&#8217;applicazione, accedere con il nome e la password del proprio account (crearne uno se non lo si possiede).<br \/>\n&#8211; Seguite queste istruzioni per attivare un nuovo acquisto al dettaglio su Steam:<br \/>\n&#8211; Lanciate Steam e accedete al vostro account Steam.<br \/>\n&#8211; Fare clic sul menu Giochi.<br \/>\n&#8211; Selezionare l&#8217;attivazione del prodotto su Steam&#8230;<br \/>\n&#8211; Seguire le istruzioni sullo schermo per completare la procedura.<br \/>\n&#8211; Dopo aver verificato il codice, andare alla scheda &#8220;I miei giochi&#8221; e avviare il download.<\/p>\n<\/div>\n","protected":false},"excerpt":{"rendered":"<p><span class=\"HwtZe\" lang=\"en\"><span class=\"jCAhz ChMk0b\"><span class=\"ryNqvb\">Dopo il pagamento riceverete immediatamente il codice Steam via e-mail per poter giocare subito al gioco appena acquistato.<\/span><\/span><\/span><\/p>\n","protected":false},"featured_media":26305,"comment_status":"closed","ping_status":"closed","template":"","meta":{"wds_primary_product_brand":0,"wds_primary_product_cat":0},"product_brand":[],"product_cat":[380,379,381,505,512,507,515,384],"product_tag":[],"class_list":{"0":"post-30665","1":"product","2":"type-product","3":"status-publish","4":"has-post-thumbnail","6":"product_cat-avventura","7":"product_cat-azione","8":"product_cat-chiavi-digital-pc","9":"product_cat-fantasia","10":"product_cat-giocatore-singolo","11":"product_cat-piattaforma","12":"product_cat-terza-persona","13":"product_cat-videogiochi","15":"first","16":"instock","17":"sale","18":"virtual","19":"purchasable","20":"product-type-simple"},"_links":{"self":[{"href":"https:\/\/www.asimis-market.com\/it\/wp-json\/wp\/v2\/product\/30665","targetHints":{"allow":["GET"]}}],"collection":[{"href":"https:\/\/www.asimis-market.com\/it\/wp-json\/wp\/v2\/product"}],"about":[{"href":"https:\/\/www.asimis-market.com\/it\/wp-json\/wp\/v2\/types\/product"}],"replies":[{"embeddable":true,"href":"https:\/\/www.asimis-market.com\/it\/wp-json\/wp\/v2\/comments?post=30665"}],"wp:featuredmedia":[{"embeddable":true,"href":"https:\/\/www.asimis-market.com\/it\/wp-json\/wp\/v2\/media\/26305"}],"wp:attachment":[{"href":"https:\/\/www.asimis-market.com\/it\/wp-json\/wp\/v2\/media?parent=30665"}],"wp:term":[{"taxonomy":"product_brand","embeddable":true,"href":"https:\/\/www.asimis-market.com\/it\/wp-json\/wp\/v2\/product_brand?post=30665"},{"taxonomy":"product_cat","embeddable":true,"href":"https:\/\/www.asimis-market.com\/it\/wp-json\/wp\/v2\/product_cat?post=30665"},{"taxonomy":"product_tag","embeddable":true,"href":"https:\/\/www.asimis-market.com\/it\/wp-json\/wp\/v2\/product_tag?post=30665"}],"curies":[{"name":"wp","href":"https:\/\/api.w.org\/{rel}","templated":true}]}}