{"id":30666,"date":"2023-10-12T17:33:53","date_gmt":"2023-10-12T14:33:53","guid":{"rendered":"https:\/\/www.asimis-market.com\/product\/guilty-gear-xx-accent-core-plus-r-steam-chiave-digitale-globale-prezzo-senza-costi-aggiuntivi\/"},"modified":"2023-10-12T17:33:53","modified_gmt":"2023-10-12T14:33:53","slug":"guilty-gear-xx-accent-core-plus-r-steam-chiave-digitale-globale-prezzo-senza-costi-aggiuntivi","status":"publish","type":"product","link":"https:\/\/www.asimis-market.com\/it\/prodotto\/guilty-gear-xx-accent-core-plus-r-steam-chiave-digitale-globale-prezzo-senza-costi-aggiuntivi\/","title":{"rendered":"GUILTY GEAR XX ACCENT CORE PLUS R STEAM CHIAVE DIGITALE GLOBALE (PREZZO SENZA COSTI AGGIUNTIVI)"},"content":{"rendered":"<div class=\"sysreq_contents\">\n<p><strong>IL GIOCO<\/strong><\/p>\n<p>L&#8217;azione di battaglia definitiva!<\/p>\n<p>Utilizzando come base l&#8217;installazione precedente, &#8220;GUILTY GEAR XX ACCENT CORE PLUS&#8221;, i giocatori possono eseguire &#8220;combo Gatling&#8221; semplicemente premendo i pulsanti di attacco in sequenza o lanciare gli avversari in aria con l&#8217;attacco aereo &#8220;Dust&#8221;. Oppure annullare la mossa corrente del personaggio per consentire altre azioni successive con l'&#8221;Annullamento romano&#8221;. Mantenendo tutto ci\u00f2 che rende un gioco GUILTY GEAR, ma regolando tutto per ottenere un equilibrio ottimale!<\/p>\n<p>Caratteristiche<br \/>\nRoster completo di 25 personaggi!<br \/>\nAccent Core Plus segna il ritorno dei beniamini dei fan Kliff Undersn e Justice, completando il cast di 25 personaggi giocabili. E nell&#8217;ultima versione Plus R, sono stati migliorati per un gioco pi\u00f9 competitivo!<br \/>\nCompetenze affinate, strategie raffinate<br \/>\nSulla base del feedback dei giocatori del precedente capitolo, &#8220;GUILTY GEAR XX ACCENT CORE PLUS&#8221;, tutti i personaggi sono stati attentamente esaminati e ulteriormente modificati per ottenere prestazioni ottimali in battaglia! L&#8217;intero cast \u00e8 stato rivisto e rivalutato nei suoi concetti fondamentali, con equilibri che mettono in risalto la massima variet\u00e0 all&#8217;interno del cast, riportando infine il fuoco in ogni battaglia! Escogita nuove strategie con ogni personaggio mentre giochi!<br \/>\nMolteplici modalit\u00e0 di gioco<br \/>\nSono incluse le modalit\u00e0 preferite di sempre &#8220;Survival Mode&#8221;, &#8220;M.O.M. Mode&#8221;, &#8220;Training Mode&#8221; e &#8220;Mission Mode&#8221;! Inoltre, nella modalit\u00e0 &#8220;Galleria&#8221; \u00e8 possibile visualizzare oltre 100 illustrazioni speciali di vari artisti!<br \/>\nFunzionalit\u00e0 online per le partite classificate e per i giocatori<br \/>\nI giocatori possono mettere alla prova la loro forza online, con le 2 modalit\u00e0 di abbinamento in rete &#8220;Ranked Match&#8221; e &#8220;Player Match&#8221;! Aumenta la tua posizione in classifica a ogni vittoria nella modalit\u00e0 &#8220;Partita classificata&#8221;! Oppure, semplicemente, divertitevi online con i vostri amici in modalit\u00e0 &#8220;Player Match&#8221;! Le vittorie e le sconfitte non vengono registrate, quindi non c&#8217;\u00e8 bisogno di preoccuparsi di un record negativo!<\/p>\n<p><iframe loading=\"lazy\" title=\"Guilty Gear XX Accent Core Plus R for Steam Trailer\" width=\"1020\" height=\"574\" src=\"https:\/\/www.youtube.com\/embed\/gli8SIV6qhM?feature=oembed\" frameborder=\"0\" allow=\"accelerometer; autoplay; clipboard-write; encrypted-media; gyroscope; picture-in-picture; web-share\" allowfullscreen><\/iframe><\/p>\n<p>&nbsp;<\/p>\n<p><strong>ALTRI DETTAGLI DEL GIOCO<\/strong><br \/>\nGenere: Videogioco di combattimento<br \/>\nSviluppatore: Arc System Works<br \/>\nPiattaforme: Nintendo Switch, Microsoft Windows, Arcade, PlayStation Vita<br \/>\nEditori: Arc System Works, PQube, Sega<br \/>\nPubblicato per la prima volta: 27 maggio 2015<br \/>\nSerie: Guilty Gear<\/p>\n<p><strong>Interfaccia linguistica<\/strong><br \/>\nInglese, tedesco<br \/>\nFrancese, spagnolo<br \/>\nGiapponese, portoghese<br \/>\nCoreano, italiano<\/p>\n<p><strong><span class=\"HwtZe\" lang=\"en\"><span class=\"jCAhz ChMk0b\"><span class=\"ryNqvb\">REQUISITI DI SISTEMA<\/span><\/span><\/span><\/strong><\/p>\n<ul>\n<li><strong>OS:<\/strong> Windows 7 \/ 8 \/ 8.1<\/li>\n<li><strong>Processore:<\/strong> Intel Core2 Duo<\/li>\n<li><strong>Memoria:<\/strong> 2 GB di RAM<\/li>\n<li><strong>Grafica:<\/strong> nVidia GeForce 7900 GT o superiore \/ AMD Radeon X1900 \/ nVidia GeForce GT 620 (Windows 8.1)<\/li>\n<li><strong>DirectX:<\/strong> versione 9.0c<\/li>\n<li><strong>Rete:<\/strong> Connessione Internet a banda larga<\/li>\n<li><strong>Disco rigido:<\/strong> 3 GB di spazio disponibile<\/li>\n<li><strong>Scheda audio:<\/strong> Suono diretto<\/li>\n<\/ul>\n<p><strong>Come attivare una chiave Steam:<\/strong><br \/>\n&#8211; Andare su: http:\/\/store.steampowered.com\/ e scaricare il client STEAM<br \/>\n&#8211; Fare clic su &#8220;Installa Steam&#8221; (dall&#8217;angolo in alto a destra)<br \/>\n&#8211; Installare e lanciare l&#8217;applicazione, accedere con il nome e la password del proprio account (crearne uno se non lo si possiede).<br \/>\n&#8211; Seguite queste istruzioni per attivare un nuovo acquisto al dettaglio su Steam:<br \/>\n&#8211; Lanciate Steam e accedete al vostro account Steam.<br \/>\n&#8211; Fare clic sul menu Giochi.<br \/>\n&#8211; Selezionare l&#8217;attivazione del prodotto su Steam&#8230;<br \/>\n&#8211; Seguire le istruzioni sullo schermo per completare la procedura.<br \/>\n&#8211; Dopo aver verificato il codice, andare alla scheda &#8220;I miei giochi&#8221; e avviare il download.<\/p>\n<\/div>\n","protected":false},"excerpt":{"rendered":"<p><span class=\"HwtZe\" lang=\"en\"><span class=\"jCAhz ChMk0b\"><span class=\"ryNqvb\">Dopo il pagamento riceverete immediatamente il codice Steam via e-mail per poter giocare subito al gioco appena acquistato.<\/span><\/span><\/span><\/p>\n","protected":false},"featured_media":26291,"comment_status":"closed","ping_status":"closed","template":"","meta":{"wds_primary_product_brand":0,"wds_primary_product_cat":0},"product_brand":[],"product_cat":[379,381,512,506,507,384],"product_tag":[],"class_list":{"0":"post-30666","1":"product","2":"type-product","3":"status-publish","4":"has-post-thumbnail","6":"product_cat-azione","7":"product_cat-chiavi-digital-pc","8":"product_cat-giocatore-singolo","9":"product_cat-multigiocatore","10":"product_cat-piattaforma","11":"product_cat-videogiochi","13":"first","14":"instock","15":"sale","16":"virtual","17":"purchasable","18":"product-type-simple"},"_links":{"self":[{"href":"https:\/\/www.asimis-market.com\/it\/wp-json\/wp\/v2\/product\/30666","targetHints":{"allow":["GET"]}}],"collection":[{"href":"https:\/\/www.asimis-market.com\/it\/wp-json\/wp\/v2\/product"}],"about":[{"href":"https:\/\/www.asimis-market.com\/it\/wp-json\/wp\/v2\/types\/product"}],"replies":[{"embeddable":true,"href":"https:\/\/www.asimis-market.com\/it\/wp-json\/wp\/v2\/comments?post=30666"}],"wp:featuredmedia":[{"embeddable":true,"href":"https:\/\/www.asimis-market.com\/it\/wp-json\/wp\/v2\/media\/26291"}],"wp:attachment":[{"href":"https:\/\/www.asimis-market.com\/it\/wp-json\/wp\/v2\/media?parent=30666"}],"wp:term":[{"taxonomy":"product_brand","embeddable":true,"href":"https:\/\/www.asimis-market.com\/it\/wp-json\/wp\/v2\/product_brand?post=30666"},{"taxonomy":"product_cat","embeddable":true,"href":"https:\/\/www.asimis-market.com\/it\/wp-json\/wp\/v2\/product_cat?post=30666"},{"taxonomy":"product_tag","embeddable":true,"href":"https:\/\/www.asimis-market.com\/it\/wp-json\/wp\/v2\/product_tag?post=30666"}],"curies":[{"name":"wp","href":"https:\/\/api.w.org\/{rel}","templated":true}]}}