{"id":30670,"date":"2023-10-12T17:33:52","date_gmt":"2023-10-12T14:33:52","guid":{"rendered":"https:\/\/www.asimis-market.com\/product\/dirt-rally-steam-chiave-digitale-europa-prezzo-senza-costi-aggiuntivi\/"},"modified":"2023-10-12T17:33:52","modified_gmt":"2023-10-12T14:33:52","slug":"dirt-rally-steam-chiave-digitale-europa-prezzo-senza-costi-aggiuntivi","status":"publish","type":"product","link":"https:\/\/www.asimis-market.com\/it\/prodotto\/dirt-rally-steam-chiave-digitale-europa-prezzo-senza-costi-aggiuntivi\/","title":{"rendered":"DIRT RALLY STEAM CHIAVE DIGITALE EUROPA (PREZZO SENZA COSTI AGGIUNTIVI)"},"content":{"rendered":"<div class=\"sysreq_contents\">\n<div class=\"game_page_autocollapse_ctn\">\n<div class=\"game_page_autocollapse\">\n<div class=\"game_page_autocollapse\">\n<p><strong>IL GIOCO<\/strong><\/p>\n<p>DiRT Rally \u00e8 il gioco di rally pi\u00f9 autentico ed emozionante di sempre, testato per oltre 80 milioni di chilometri dalla comunit\u00e0 di DiRT. Cattura perfettamente quella sensazione di corsa all&#8217;ultimo sangue, mentre si percorrono strade pericolose a rotta di collo, sapendo che un incidente potrebbe danneggiare irrimediabilmente il tempo trascorso sul palco.<\/p>\n<p>DiRT Rally include anche contenuti con licenza ufficiale World Rallycross, che consentono di provare l&#8217;emozione di alcune delle auto fuoristrada pi\u00f9 veloci del mondo mentre si scambiano i colori con altri piloti su alcuni dei tracciati pi\u00f9 amati della serie, sia in single-player che in multiplayer ad alta intensit\u00e0.<\/p>\n<p><strong>Caratteristiche<\/strong><br \/>\nAUTO RALLY ICONICHE &#8211; DiRT Rally vanta oltre 40 delle auto pi\u00f9 iconiche e rilevanti dal passato al presente, che rappresentano le auto che i giocatori desiderano e quelle che hanno pi\u00f9 senso per le superfici su cui gareggiano.<\/p>\n<\/div>\n<p>&nbsp;<\/p>\n<p><iframe loading=\"lazy\" title=\"DiRT Rally - Launch Trailer\" width=\"1020\" height=\"574\" src=\"https:\/\/www.youtube.com\/embed\/E79ofEtVlBg?feature=oembed\" frameborder=\"0\" allow=\"accelerometer; autoplay; clipboard-write; encrypted-media; gyroscope; picture-in-picture; web-share\" allowfullscreen><\/iframe><\/p>\n<p>&nbsp;<\/p>\n<div class=\"game_page_autocollapse\">\n<p>&nbsp;<\/p>\n<p>SEI GRANDI RALLY SU 70 TAPPE &#8211; Affrontate le piste fangose del Galles, i sentieri polverosi della Grecia e l&#8217;asfalto ghiacciato di Monte Carlo. Godetevi la leggendaria scalata del Pikes Peak, le emozioni innevate della Svezia e gli epici paesaggi della Finlandia.<\/p>\n<p>CONTENUTO UFFICIALE FIA WORLD RALLYCROSS &#8211; Correte sui tracciati di Lydden Hill, Holjes e Hell a bordo di sei tra i pi\u00f9 veloci fuoristrada e sfidate i vostri amici in gare multigiocatore ad alta intensit\u00e0 e con un testa a testa.<\/p>\n<p>RALLY EVENTI PERSONALIZZATI: portate qualsiasi auto su qualsiasi pista, configurate i parametri e gareggiate in gare singole o a pi\u00f9 tappe.<\/p>\n<p>CAMPIONATI DI RALLY: Partite dal gradino pi\u00f9 basso della scala dei rally e partecipate a una serie di eventi, guadagnando punti e denaro sulla strada della promozione. Utilizzate una guida abile e gestite i programmi di riparazione per farvi strada verso la massima divisione e guadagnare le ricompense pi\u00f9 redditizie.<\/p>\n<p>AGGIORNAMENTI, RIPARAZIONI, TUNING E TUNING &#8211; DiRT Rally offre una profondit\u00e0 che va oltre la guida: elementi come le riparazioni, gli aggiornamenti, il tuning e la messa a punto aggiungono una dimensione ricca e strategica alla vostra esperienza di rally.<\/p>\n<p>MODELLO DI MANIPOLAZIONE DINAMICO E IMPEGNATIVO &#8211; Codemasters ha completamente ricostruito la simulazione della fisica di DIRT Rally per catturare adeguatamente la sensazione di correre su superfici mutevoli e ha creato modelli nuovi di zecca per differenziale, sospensioni, mappatura del motore e modellazione del turbo.<\/p>\n<p>GESTIONE DELLA SQUADRA &#8211; Assumete e licenziate i membri della vostra squadra, ognuno con abilit\u00e0 diverse, migliorando i tempi di riparazione delle varie parti dell&#8217;auto. Insegnate loro nuove competenze man mano che acquisiscono esperienza e lavorate insieme come una squadra per migliorare le prestazioni dell&#8217;evento.<\/p>\n<p>SUPPORTO ALLE LAGHE DI GIOCATORI &#8211; Fate squadra con gli amici e gestite la vostra lega di corse. Iscrivetevi o create campionati illimitati e gestiteli come e quando volete.<\/p>\n<p>SFIDE ONLINE GIORNALIERE, SETTIMANALI E MENSILI &#8211; Siete voi contro l&#8217;intera comunit\u00e0 di DiRT in una serie di sfide giornaliere, settimanali e mensili per guadagnare crediti di gioco per migliorare la vostra auto e la vostra squadra.<\/p>\n<p>Piattaforme: PlayStation 4, Linux, Xbox One, Microsoft Windows, macOS<br \/>\nSerie: Colin McRae Rally<br \/>\nPrima data di uscita: 7 dicembre 2015<br \/>\nFunzione: Videogioco multiplayer<br \/>\nNomination: Premio BAFTA Video Game per il miglior gioco sportivo<br \/>\nGeneri: Gioco di corse automobilistiche, Videogiochi di simulazione di guida, Corse, Sport<br \/>\nSviluppatori: Codemasters, Feral Interactive<\/p>\n<p>&nbsp;<\/p>\n<\/div>\n<p><strong>Interfaccia linguistica<\/strong><br \/>\nInglese, tedesco<br \/>\nFrancese, spagnolo<br \/>\nItaliano<\/p>\n<\/div>\n<\/div>\n<\/div>\n<div class=\"sysreq_contents\">\n<div class=\"game_page_autocollapse_ctn\">\n<div class=\"game_page_autocollapse\">\n<div class=\"sysreq_contents\">\n<p>&nbsp;<\/p>\n<p><strong>REQUISITI DI SISTEMA<\/strong><\/p>\n<ul>\n<li>OS: Versioni a 64 bit di Windows 7, Windows 8, Windows 10<\/li>\n<li>Processore: Serie AMD FX o Intel Core i3<\/li>\n<li>Memoria: 4 GB DI RAM<\/li>\n<li>Grafica: AMD HD5450 o Nvidia GT430 o Intel HD4000 con 1GB di VRAM (\u00e8 richiesta la scheda grafica DirectX 11)<\/li>\n<li>DirectX: versione 11<\/li>\n<li>Archiviazione: 50 GB di spazio disponibile<\/li>\n<li>Scheda audio: Scheda audio compatibile con DirectX<\/li>\n<li>Note aggiuntive: Schede grafiche supportate: AMD HD5000 Series, HD6000 Series, HD7000 Series, R7 Series, R9<\/li>\n<li>Serie Nvidia GTX400, GTX500, GTX600, GTX700, GTX900 Serie Intel HD4000, HD5000<\/li>\n<\/ul>\n<p>&nbsp;<\/p>\n<p><strong>Come attivare una chiave Steam:<\/strong><\/p>\n<p>&#8211; Andare su: http:\/\/store.steampowered.com\/ e scaricare il client STEAM<\/p>\n<p>&#8211; Fare clic su &#8220;Installa Steam&#8221; (dall&#8217;angolo in alto a destra)<\/p>\n<p>&#8211; Installare e lanciare l&#8217;applicazione, accedere con il nome e la password del proprio account (crearne uno se non lo si possiede).<\/p>\n<p>&#8211; Seguite queste istruzioni per attivare un nuovo acquisto al dettaglio su Steam:<br \/>\nLanciate Steam e accedete al vostro account Steam.<br \/>\nFare clic sul menu Giochi.<br \/>\nSelezionare l&#8217;attivazione del prodotto su Steam&#8230;<br \/>\nSeguire le istruzioni sullo schermo per completare la procedura.<\/p>\n<p>&#8211; Dopo aver verificato il codice, andate nella scheda &#8220;I miei giochi&#8221; e avviate il download.<\/p>\n<\/div>\n<\/div>\n<\/div>\n<\/div>\n","protected":false},"excerpt":{"rendered":"<p>Dopo il pagamento riceverete immediatamente il codice Steam via e-mail per poter giocare subito al gioco appena acquistato.<\/p>\n","protected":false},"featured_media":26227,"comment_status":"closed","ping_status":"closed","template":"","meta":{"wds_primary_product_brand":0,"wds_primary_product_cat":0},"product_brand":[],"product_cat":[381,512,508,506,382,511,513,515,384],"product_tag":[],"class_list":{"0":"post-30670","1":"product","2":"type-product","3":"status-publish","4":"has-post-thumbnail","6":"product_cat-chiavi-digital-pc","7":"product_cat-giocatore-singolo","8":"product_cat-giochi-di-corse","9":"product_cat-multigiocatore","10":"product_cat-prima-persona","11":"product_cat-simulazione","12":"product_cat-sports-it","13":"product_cat-terza-persona","14":"product_cat-videogiochi","16":"first","17":"instock","18":"sale","19":"virtual","20":"purchasable","21":"product-type-simple"},"_links":{"self":[{"href":"https:\/\/www.asimis-market.com\/it\/wp-json\/wp\/v2\/product\/30670","targetHints":{"allow":["GET"]}}],"collection":[{"href":"https:\/\/www.asimis-market.com\/it\/wp-json\/wp\/v2\/product"}],"about":[{"href":"https:\/\/www.asimis-market.com\/it\/wp-json\/wp\/v2\/types\/product"}],"replies":[{"embeddable":true,"href":"https:\/\/www.asimis-market.com\/it\/wp-json\/wp\/v2\/comments?post=30670"}],"wp:featuredmedia":[{"embeddable":true,"href":"https:\/\/www.asimis-market.com\/it\/wp-json\/wp\/v2\/media\/26227"}],"wp:attachment":[{"href":"https:\/\/www.asimis-market.com\/it\/wp-json\/wp\/v2\/media?parent=30670"}],"wp:term":[{"taxonomy":"product_brand","embeddable":true,"href":"https:\/\/www.asimis-market.com\/it\/wp-json\/wp\/v2\/product_brand?post=30670"},{"taxonomy":"product_cat","embeddable":true,"href":"https:\/\/www.asimis-market.com\/it\/wp-json\/wp\/v2\/product_cat?post=30670"},{"taxonomy":"product_tag","embeddable":true,"href":"https:\/\/www.asimis-market.com\/it\/wp-json\/wp\/v2\/product_tag?post=30670"}],"curies":[{"name":"wp","href":"https:\/\/api.w.org\/{rel}","templated":true}]}}