{"id":30671,"date":"2023-10-12T17:33:52","date_gmt":"2023-10-12T14:33:52","guid":{"rendered":"https:\/\/www.asimis-market.com\/product\/sourroundead-steam-chiave-digitale-lingua-inglese-prezzo-senza-costi-aggiuntivi\/"},"modified":"2023-10-12T17:33:52","modified_gmt":"2023-10-12T14:33:52","slug":"sourroundead-steam-chiave-digitale-lingua-inglese-prezzo-senza-costi-aggiuntivi","status":"publish","type":"product","link":"https:\/\/www.asimis-market.com\/it\/prodotto\/sourroundead-steam-chiave-digitale-lingua-inglese-prezzo-senza-costi-aggiuntivi\/","title":{"rendered":"SOURROUNDEAD STEAM CHIAVE DIGITALE LINGUA INGLESE (PREZZO SENZA COSTI AGGIUNTIVI)"},"content":{"rendered":"<div class=\"sysreq_contents\">\n<div class=\"game_page_autocollapse_ctn\">\n<div class=\"game_page_autocollapse\">\n<div class=\"game_page_autocollapse\">\n<p><strong>IL GIOCO<\/strong><\/p>\n<p>Sono passati 5 anni da quando la civilt\u00e0 ha combattuto contro il virus, ma nulla \u00e8 cambiato. Il mondo \u00e8 a pezzi, senza nessuno che ci guidi verso un futuro pi\u00f9 luminoso combattendo gli zombie, gli esseri umani sono ricaduti in uno stile di vita pi\u00f9 oscuro.<\/p>\n<p>Con pochi resti di civilt\u00e0, si \u00e8 abbandonati a se stessi per sopravvivere in un paesaggio che non perdona.<\/p>\n<p>Caratteristiche:<br \/>\nViaggiate in un desolato paesaggio post-apocalittico.<br \/>\nCombattere gli zombie e forse anche di peggio.<br \/>\nTrovate molte armi da fuoco, armi da combattimento e attrezzature diverse.<br \/>\nScambiate con i sopravvissuti nei nascondigli dei commercianti o nelle zone sicure per ottenere il pezzo di equipaggiamento che vi serve.<br \/>\nBloccate gli edifici o cercate di fuggire da qualche parte nella natura selvaggia.<br \/>\nSaccheggiate vari luoghi per migliorarvi, ma fate attenzione a ci\u00f2 che vi circonda.<br \/>\nTempo e cicli giorno\/notte, attenzione.<br \/>\nGestisci le tue statistiche per rimanere in vita.<br \/>\nE ancora di pi\u00f9. Restate sintonizzati.<\/p>\n<\/div>\n<p>&nbsp;<\/p>\n<p><iframe loading=\"lazy\" title=\"Surrounded - Official Trailer\" width=\"1020\" height=\"574\" src=\"https:\/\/www.youtube.com\/embed\/3cmeyJg1vug?feature=oembed\" frameborder=\"0\" allow=\"accelerometer; autoplay; clipboard-write; encrypted-media; gyroscope; picture-in-picture; web-share\" allowfullscreen><\/iframe><\/p>\n<p>&nbsp;<\/p>\n<p>Tipi: Gioco di ruolo, Videogioco d&#8217;azione, Gioco indipendente, Accesso anticipato, Avventura<br \/>\nSviluppatore: PlaySurrounDead<br \/>\nPiattaforme: Android, Microsoft Windows, Linux<br \/>\nEditore: Nightmare studios, PlaySurrounDead, Marius ALVERNHE<br \/>\nData del primo rilascio: 24\/06\/2022<\/p>\n<p>&nbsp;<\/p>\n<p><strong>Interfaccia linguistica<\/strong><br \/>\nInglese<\/p>\n<\/div>\n<\/div>\n<\/div>\n<div class=\"sysreq_contents\">\n<div class=\"game_page_autocollapse_ctn\">\n<div class=\"game_page_autocollapse\">\n<div class=\"sysreq_contents\">\n<p>&nbsp;<\/p>\n<p><strong>REQUISITI DI SISTEMA<\/strong><\/p>\n<p><strong>Minimo:<\/strong><\/p>\n<ul>\n<li>Richiede un processore e un sistema operativo a 64 bit<\/li>\n<li>OS: Windows 10 64-bit<\/li>\n<li>Processore: i5<\/li>\n<li>Memoria: 8 GB di RAM<\/li>\n<li>Grafica: 2GB<\/li>\n<li>DirectX: versione 11<\/li>\n<li>Memoria: 2 GB di spazio disponibile<\/li>\n<li>Note aggiuntive: Ulteriori requisiti di sistema saranno aggiunti e perfezionati man mano che lo sviluppo prosegue.<\/li>\n<\/ul>\n<p>&nbsp;<\/p>\n<p><strong>Come attivare una chiave Steam:<\/strong><\/p>\n<p>&#8211; Andare su: http:\/\/store.steampowered.com\/ e scaricare il client STEAM<\/p>\n<p>&#8211; Fare clic su &#8220;Installa Steam&#8221; (dall&#8217;angolo in alto a destra)<\/p>\n<p>&#8211; Installare e lanciare l&#8217;applicazione, accedere con il nome e la password del proprio account (crearne uno se non lo si possiede).<\/p>\n<p>&#8211; Seguite queste istruzioni per attivare un nuovo acquisto al dettaglio su Steam:<br \/>\nLanciate Steam e accedete al vostro account Steam.<br \/>\nFare clic sul menu Giochi.<br \/>\nSelezionare l&#8217;attivazione del prodotto su Steam&#8230;<br \/>\nSeguire le istruzioni sullo schermo per completare la procedura.<\/p>\n<p>&#8211; Dopo aver verificato il codice, andate nella scheda &#8220;I miei giochi&#8221; e avviate il download.<\/p>\n<\/div>\n<\/div>\n<\/div>\n<\/div>\n","protected":false},"excerpt":{"rendered":"<p>Dopo il pagamento riceverete immediatamente via e-mail il codice Steam che vi consentir\u00e0 di giocare al tempo stesso al gioco appena acquistato.<\/p>\n","protected":false},"featured_media":26213,"comment_status":"closed","ping_status":"closed","template":"","meta":{"wds_primary_product_brand":0,"wds_primary_product_cat":0},"product_brand":[],"product_cat":[380,379,381,506,383,382,509,384],"product_tag":[],"class_list":{"0":"post-30671","1":"product","2":"type-product","3":"status-publish","4":"has-post-thumbnail","6":"product_cat-avventura","7":"product_cat-azione","8":"product_cat-chiavi-digital-pc","9":"product_cat-multigiocatore","10":"product_cat-orrore","11":"product_cat-prima-persona","12":"product_cat-rpg-it","13":"product_cat-videogiochi","15":"first","16":"outofstock","17":"sale","18":"virtual","19":"purchasable","20":"product-type-simple"},"_links":{"self":[{"href":"https:\/\/www.asimis-market.com\/it\/wp-json\/wp\/v2\/product\/30671","targetHints":{"allow":["GET"]}}],"collection":[{"href":"https:\/\/www.asimis-market.com\/it\/wp-json\/wp\/v2\/product"}],"about":[{"href":"https:\/\/www.asimis-market.com\/it\/wp-json\/wp\/v2\/types\/product"}],"replies":[{"embeddable":true,"href":"https:\/\/www.asimis-market.com\/it\/wp-json\/wp\/v2\/comments?post=30671"}],"wp:featuredmedia":[{"embeddable":true,"href":"https:\/\/www.asimis-market.com\/it\/wp-json\/wp\/v2\/media\/26213"}],"wp:attachment":[{"href":"https:\/\/www.asimis-market.com\/it\/wp-json\/wp\/v2\/media?parent=30671"}],"wp:term":[{"taxonomy":"product_brand","embeddable":true,"href":"https:\/\/www.asimis-market.com\/it\/wp-json\/wp\/v2\/product_brand?post=30671"},{"taxonomy":"product_cat","embeddable":true,"href":"https:\/\/www.asimis-market.com\/it\/wp-json\/wp\/v2\/product_cat?post=30671"},{"taxonomy":"product_tag","embeddable":true,"href":"https:\/\/www.asimis-market.com\/it\/wp-json\/wp\/v2\/product_tag?post=30671"}],"curies":[{"name":"wp","href":"https:\/\/api.w.org\/{rel}","templated":true}]}}