{"id":30673,"date":"2023-10-12T17:33:52","date_gmt":"2023-10-12T14:33:52","guid":{"rendered":"https:\/\/www.asimis-market.com\/product\/dishonored-definitive-edition-steam-chiave-digitale-lingua-inglese-prezzo-senza-costi-aggiuntivi\/"},"modified":"2023-10-12T17:33:52","modified_gmt":"2023-10-12T14:33:52","slug":"dishonored-definitive-edition-steam-chiave-digitale-lingua-inglese-prezzo-senza-costi-aggiuntivi","status":"publish","type":"product","link":"https:\/\/www.asimis-market.com\/it\/prodotto\/dishonored-definitive-edition-steam-chiave-digitale-lingua-inglese-prezzo-senza-costi-aggiuntivi\/","title":{"rendered":"DISHONORED DEFINITIVE EDITION STEAM CHIAVE DIGITALE LINGUA INGLESE (PREZZO SENZA COSTI AGGIUNTIVI)"},"content":{"rendered":"<div class=\"sysreq_contents\">\n<div class=\"game_page_autocollapse_ctn\">\n<div class=\"game_page_autocollapse\">\n<div class=\"game_page_autocollapse\">\n<p><strong>IL GIOCO<\/strong><\/p>\n<p>Include 5 oggetti: Gioco base di Dishonored, DLC Il coltello di Dunwall, DLC Le streghe di Brigmore, DLC Le prove della citt\u00e0 di Dunwall e Arsenale dell&#8217;elfo.<\/p>\n<p>Scoprite la collezione definitiva di Dishonored. Questa collezione completa comprende Dishonored, vincitore di oltre 100 premi come gioco dell&#8217;anno, e tutti i suoi contenuti aggiuntivi: Dunwall City Trials, The Knife of Dunwall, The Brigmore Witches e Void Walker&#8217;s Arsenal.<\/p>\n<p>Sviluppato da Arkane Studios, lo Studio dell&#8217;anno 2012 di Edge Online, Dishonored \u00e8 un emozionante gioco d&#8217;azione in prima persona che vi trasforma in un assassino soprannaturale guidato dalla vendetta. Con il versatile sistema di combattimento di Dishonored, eliminate in modo creativo i vostri bersagli combinando le abilit\u00e0 soprannaturali, le armi e gli insoliti gadget a vostra disposizione. Seguite i vostri nemici sotto la copertura dell&#8217;oscurit\u00e0 o attaccate senza piet\u00e0 a testa bassa con le armi spianate. L&#8217;esito di ogni missione si basa sulle scelte che fate.<\/p>\n<p>Il coltello di Dunwall &#8211; In Il coltello di Dunwall, assumete il ruolo di Daud, il leggendario assassino che uccise l&#8217;imperatrice. Dopo aver ucciso l&#8217;imperatrice e cambiato per sempre il destino di Dunwall, vi imbarcherete in una missione di redenzione. Accedete alle nuove armi, ai gadget e alle abilit\u00e0 soprannaturali di Daud mentre attraversate parti inedite di Dunwall, tra cui il centro baleniero della citt\u00e0, il mattatoio di Rothwild e il distretto legale pesantemente sorvegliato.<\/p>\n<p>Le streghe di Brigmore &#8211; Continuate il vostro viaggio nei panni del leggendario assassino Daud in Le streghe di Brigmore. Questa conclusione della storia di Daud vi metter\u00e0 di fronte a fazioni di bande in guerra e alla pericolosa congrega di streghe Brigmore. Viaggiate in luoghi sconosciuti di Dunwall, tra cui Drapers Ward e Brigmore Manor, dove incontrerete forze soprannaturali che metteranno alla prova i limiti delle vostre nuove armi e abilit\u00e0.<\/p>\n<p>Dunwall City Trials &#8211; In Dunwall City Trials, sperimentate il sistema di combattimento flessibile, il gameplay stealth e le ambientazioni uniche di Dishonored in un modo completamente nuovo, mentre vi fate strada attraverso 10 mappe diverse che presentano una variet\u00e0 di sfide. Mettete alla prova le vostre abilit\u00e0 di furtivit\u00e0, combattimento e mobilit\u00e0 mentre superate obiettivi impegnativi, sbloccate nuovi obiettivi e segreti e scalate le classifiche online globali.<\/p>\n<p>L&#8217;arsenale del Vedovo &#8211; Con il pacchetto aggiuntivo L&#8217;arsenale del Vedovo, avrete accesso a quattro pacchetti di contenuti precedentemente disponibili solo tramite il pre-ordine di Dishonored. Questi pacchetti offrono bonus unici per i personaggi, slot di fascino aggiuntivi e altro ancora.<\/p>\n<p>&nbsp;<\/p>\n<p>&nbsp;<\/p>\n<p><iframe loading=\"lazy\" title=\"Dishonored Definitive Edition - Launch Gameplay Trailer\" width=\"1020\" height=\"574\" src=\"https:\/\/www.youtube.com\/embed\/hbZI08Wxd-k?feature=oembed\" frameborder=\"0\" allow=\"accelerometer; autoplay; clipboard-write; encrypted-media; gyroscope; picture-in-picture; web-share\" allowfullscreen><\/iframe><\/p>\n<p>&nbsp;<\/p>\n<div><\/div>\n<\/div>\n<\/div>\n<\/div>\n<\/div>\n<div class=\"sysreq_contents\">\n<div class=\"game_page_autocollapse_ctn\">\n<div class=\"game_page_autocollapse\">\n<div id=\"game_area_content_descriptors\" class=\"game_area_description\">\n<p>&nbsp;<\/p>\n<p><strong>Serie: Dishonored<\/strong><br \/>\n<strong>Sviluppatore: Arkane Studios<\/strong><br \/>\n<strong>Prima data di uscita: 25 agosto 2015<\/strong><br \/>\n<strong>Generi: Gioco stealth, Videogioco d&#8217;azione e avventura, Gioco sparatutto, Videogioco RPG d&#8217;azione<\/strong><br \/>\n<strong>Piattaforme: PC, Xbox Cloud Gaming, PlayStation 4, Xbox One<\/strong><br \/>\n<strong>Editore: Bethesda Softworks<\/strong><\/p>\n<\/div>\n<div class=\"sysreq_contents\">\n<div class=\"sc-17i9pzq-1 gAODAH\"><strong>Interfaccia linguistica<\/strong><\/div>\n<p>Inglese<\/p>\n<p><strong>REQUISITI DI SISTEMA<\/strong><\/p>\n<ul>\n<li><strong>OS: <\/strong>Windows Vista \/ Windows 7<\/li>\n<li><strong>Processore:<\/strong> 3,0 GHz dual core o superiore<\/li>\n<li><strong>Memoria:<\/strong> 3 GB di RAM di sistema<\/li>\n<li><strong>Spazio su disco rigido:<\/strong> 9 GB<\/li>\n<li><strong>Scheda video: <\/strong>Compatibile con DirectX 9 con 512 MB di RAM video o superiore (NVIDIA GeForce GTX 460 \/ ATI Radeon HD 5850)<\/li>\n<li><strong>Suono:<\/strong> Scheda audio compatibile con Windows<\/li>\n<\/ul>\n<p>&nbsp;<\/p>\n<p><strong>Come attivare una chiave Steam:<\/strong><\/p>\n<p>&#8211; Andare su: http:\/\/store.steampowered.com\/ e scaricare il client STEAM<\/p>\n<p>&#8211; Fare clic su &#8220;Installa Steam&#8221; (dall&#8217;angolo in alto a destra)<\/p>\n<p>&#8211; Installare e lanciare l&#8217;applicazione, accedere con il nome e la password del proprio account (crearne uno se non lo si possiede).<\/p>\n<p>&#8211; Seguite queste istruzioni per attivare un nuovo acquisto al dettaglio su Steam:<br \/>\nLanciate Steam e accedete al vostro account Steam.<br \/>\nFare clic sul menu Giochi.<br \/>\nSelezionare l&#8217;attivazione del prodotto su Steam&#8230;<br \/>\nSeguire le istruzioni sullo schermo per completare la procedura.<\/p>\n<p>&#8211; Dopo aver verificato il codice, andate nella scheda &#8220;I miei giochi&#8221; e avviate il download.<\/p>\n<\/div>\n<\/div>\n<\/div>\n<\/div>\n","protected":false},"excerpt":{"rendered":"<p>Dopo il pagamento riceverete immediatamente via e-mail il codice Steam che vi consentir\u00e0 di giocare al tempo stesso al gioco appena acquistato.<\/p>\n","protected":false},"featured_media":26183,"comment_status":"closed","ping_status":"closed","template":"","meta":{"wds_primary_product_brand":0,"wds_primary_product_cat":0},"product_brand":[],"product_cat":[380,379,381,512,382,515,384],"product_tag":[],"class_list":{"0":"post-30673","1":"product","2":"type-product","3":"status-publish","4":"has-post-thumbnail","6":"product_cat-avventura","7":"product_cat-azione","8":"product_cat-chiavi-digital-pc","9":"product_cat-giocatore-singolo","10":"product_cat-prima-persona","11":"product_cat-terza-persona","12":"product_cat-videogiochi","14":"first","15":"instock","16":"sale","17":"virtual","18":"purchasable","19":"product-type-simple"},"_links":{"self":[{"href":"https:\/\/www.asimis-market.com\/it\/wp-json\/wp\/v2\/product\/30673","targetHints":{"allow":["GET"]}}],"collection":[{"href":"https:\/\/www.asimis-market.com\/it\/wp-json\/wp\/v2\/product"}],"about":[{"href":"https:\/\/www.asimis-market.com\/it\/wp-json\/wp\/v2\/types\/product"}],"replies":[{"embeddable":true,"href":"https:\/\/www.asimis-market.com\/it\/wp-json\/wp\/v2\/comments?post=30673"}],"wp:featuredmedia":[{"embeddable":true,"href":"https:\/\/www.asimis-market.com\/it\/wp-json\/wp\/v2\/media\/26183"}],"wp:attachment":[{"href":"https:\/\/www.asimis-market.com\/it\/wp-json\/wp\/v2\/media?parent=30673"}],"wp:term":[{"taxonomy":"product_brand","embeddable":true,"href":"https:\/\/www.asimis-market.com\/it\/wp-json\/wp\/v2\/product_brand?post=30673"},{"taxonomy":"product_cat","embeddable":true,"href":"https:\/\/www.asimis-market.com\/it\/wp-json\/wp\/v2\/product_cat?post=30673"},{"taxonomy":"product_tag","embeddable":true,"href":"https:\/\/www.asimis-market.com\/it\/wp-json\/wp\/v2\/product_tag?post=30673"}],"curies":[{"name":"wp","href":"https:\/\/api.w.org\/{rel}","templated":true}]}}