{"id":30674,"date":"2023-10-12T17:33:52","date_gmt":"2023-10-12T14:33:52","guid":{"rendered":"https:\/\/www.asimis-market.com\/product\/company-of-heroes-2-steam-chiave-digitale-europa-prezzo-senza-costi-aggiuntivi\/"},"modified":"2023-10-12T17:33:52","modified_gmt":"2023-10-12T14:33:52","slug":"company-of-heroes-2-steam-chiave-digitale-europa-prezzo-senza-costi-aggiuntivi","status":"publish","type":"product","link":"https:\/\/www.asimis-market.com\/it\/prodotto\/company-of-heroes-2-steam-chiave-digitale-europa-prezzo-senza-costi-aggiuntivi\/","title":{"rendered":"COMPANY OF HEROES 2 STEAM CHIAVE DIGITALE EUROPA (PREZZO SENZA COSTI AGGIUNTIVI)"},"content":{"rendered":"<div class=\"sysreq_contents\">\n<div class=\"game_page_autocollapse_ctn\">\n<div class=\"game_page_autocollapse\">\n<div class=\"game_page_autocollapse\">\n<p><strong>IL GIOCO<\/strong><\/p>\n<p>Nell&#8217;ora pi\u00f9 buia del mondo, siete un comandante dell&#8217;Armata Rossa sovietica, impegnato in una brutale guerra in prima linea per liberare la Madre Russia dai nemici invasori.<\/p>\n<p>\u00c8 il 1941 e l&#8217;inizio di quello che diventer\u00e0 il conflitto pi\u00f9 sanguinoso della Seconda Guerra Mondiale, con oltre 14 milioni di vittime militari.<\/p>\n<p>Seguite le lotte dell&#8217;Armata Rossa dalla quasi sconfitta all&#8217;incredibile trionfo sulla Germania nel teatro di guerra pi\u00f9 impegnativo e costoso, il fronte orientale.<\/p>\n<p>Le vostre tattiche militari hanno il potere di alterare l&#8217;equilibrio di questo conflitto. Impegnatevi in battaglie tattiche che vi definiranno come leader militare e sfruttate la potenza dell&#8217;Impero Sovietico mentre vi fate strada verso Berlino.<\/p>\n<p>La Patria chiama!<\/p>\n<\/div>\n<\/div>\n<\/div>\n<\/div>\n<p>&nbsp;<\/p>\n<p><iframe loading=\"lazy\" title=\"Company of Heroes 2 - Launch Trailer\" width=\"1020\" height=\"574\" src=\"https:\/\/www.youtube.com\/embed\/PlAewo8aVYM?feature=oembed\" frameborder=\"0\" allow=\"accelerometer; autoplay; clipboard-write; encrypted-media; gyroscope; picture-in-picture; web-share\" allowfullscreen><\/iframe><\/p>\n<p>&nbsp;<\/p>\n<p>&nbsp;<\/p>\n<div class=\"sysreq_contents\">\n<div class=\"game_page_autocollapse_ctn\">\n<div class=\"game_page_autocollapse\">\n<div class=\"game_page_autocollapse\">\n<p><strong>Caratteristiche<\/strong><br \/>\nIl pluripremiato franchise &#8211; Il sequel del gioco di strategia con il punteggio pi\u00f9 alto di tutti i tempi torna con un&#8217;esperienza di guerra innovativa che ridefinir\u00e0 ancora una volta il genere della strategia<br \/>\nEssence 3.0 Engine &#8211; Tecnologia all&#8217;avanguardia che aumenta la qualit\u00e0 grafica e l&#8217;accuratezza dei combattimenti mortali con l&#8217;inedito sistema TrueSight\u2122 e il meteo dinamico ColdTech\u2122 ultra-realistico che cambia per sempre la guerra strategica.<br \/>\nSangue e neve &#8211; Assumete il comando dell&#8217;iconica Armata Rossa sul fronte orientale e respingete gli invasori nemici in questa battaglia di ideologie.<br \/>\nGuerra tattica &#8211; Sviluppate e utilizzate le vostre nuove abilit\u00e0 di comandante e sperimentate la brutalit\u00e0 della guerra in prima linea grazie alle nuove tattiche di battaglia dinamiche.<br \/>\nIntenso combattimento online &#8211; Con l&#8217;eccezionale gameplay multiplayer competitivo e cooperativo che i fan si aspettano da questo franchise di alta qualit\u00e0 e acclamato dalla critica.<\/p>\n<div><\/div>\n<div class=\"game_area_description\">\n<p><strong>TIPO DI GIOCO: STRATEGIA, SIMULAZIONE, SINGLEPLAYER, MULTIPLAYER, MULTIPLAYER, CO-OP, BIRD VIEW<\/strong><\/p>\n<p><strong>Editori: Feral Interactive, Sega<\/strong><br \/>\n<strong>Sviluppatori: Relic Entertainment, Feral Interactive<\/strong><br \/>\n<strong>Prima data di uscita: 25 giugno 2013<\/strong><br \/>\n<strong>Funzione: Feral Feral, Feral Entertainment, Feral Feral, Feral Feral, Feral Feral Video Game<\/strong><br \/>\n<strong>Generi: Strategia in tempo reale, Strategia<\/strong><br \/>\n<strong>Piattaforme:Microsoft Windows, Linux, macOS<\/strong><br \/>\n<strong>Serie: Compagnia degli Eroi<\/strong><\/p>\n<\/div>\n<\/div>\n<\/div>\n<\/div>\n<\/div>\n<div class=\"sysreq_contents\">\n<div class=\"game_page_autocollapse_ctn\">\n<div class=\"game_page_autocollapse\">\n<div class=\"sysreq_contents\">\n<div class=\"sc-17i9pzq-1 gAODAH\"><strong>Interfaccia linguistica<\/strong><\/div>\n<p>Inglese, tedesco<br \/>\nFrancese, spagnolo<br \/>\nCeco, polacco<br \/>\nRusso. Italiano<\/p>\n<p>&nbsp;<\/p>\n<p><strong>REQUISITI DI SISTEMA<\/strong><\/p>\n<ul>\n<li><strong>Memoria: 2 GB di RAM<\/strong><\/li>\n<li><strong>Processore: 2Ghz Intel Core2 Duo o equivalente<\/strong><\/li>\n<li><strong>Grafica: Scheda grafica da 512 MB con funzionalit\u00e0 Direct3D 10 (GeForce 8800 GT o Radeon HD 2900XT)<\/strong><\/li>\n<li><strong>Sistema operativo: 32bit Vista<\/strong><\/li>\n<li><strong>Internet: Internet: Internet: Internet: Connessione Internet a banda larga<\/strong><\/li>\n<li><strong>Disco rigido: Disco rigido: Disco rigido: Disco rigido: 30 GB di spazio libero<\/strong><\/li>\n<\/ul>\n<p>&nbsp;<\/p>\n<p><strong>Come attivare una chiave Steam:<\/strong><\/p>\n<p>&#8211; Andare su: http:\/\/store.steampowered.com\/ e scaricare il client STEAM<\/p>\n<p>&#8211; Fate clic su &#8220;Installa Steam&#8221; (dall&#8217;angolo in alto a destra).<\/p>\n<p>&#8211; Installare e lanciare l&#8217;applicazione, accedere con il nome e la password del proprio account (crearne uno se non lo si possiede).<\/p>\n<p>&#8211; Seguite queste istruzioni per attivare un nuovo acquisto al dettaglio su Steam:<br \/>\nLanciate Steam e accedete al vostro account Steam.<br \/>\nAvviare Steam e avviare il proprio account Steam e avviare il proprio account Steam.<br \/>\nSelezionare Attiva un prodotto su Steam&#8230;<br \/>\nSeguire le istruzioni sullo schermo per completare la procedura.<\/p>\n<p>&#8211; Dopo che il codice \u00e8 stato verificato con successo, andate alla scheda &#8220;I miei giochi&#8221; e avviate il download.<\/p>\n<\/div>\n<\/div>\n<\/div>\n<\/div>\n","protected":false},"excerpt":{"rendered":"<p>Dopo il pagamento riceverete immediatamente via e-mail il codice Steam che vi consentir\u00e0 di giocare al tempo stesso al gioco appena acquistato.<\/p>\n","protected":false},"featured_media":26165,"comment_status":"closed","ping_status":"closed","template":"","meta":{"wds_primary_product_brand":0,"wds_primary_product_cat":0},"product_brand":[],"product_cat":[381,512,506,511,514,384],"product_tag":[],"class_list":{"0":"post-30674","1":"product","2":"type-product","3":"status-publish","4":"has-post-thumbnail","6":"product_cat-chiavi-digital-pc","7":"product_cat-giocatore-singolo","8":"product_cat-multigiocatore","9":"product_cat-simulazione","10":"product_cat-strategia","11":"product_cat-videogiochi","13":"first","14":"instock","15":"sale","16":"virtual","17":"purchasable","18":"product-type-simple"},"_links":{"self":[{"href":"https:\/\/www.asimis-market.com\/it\/wp-json\/wp\/v2\/product\/30674","targetHints":{"allow":["GET"]}}],"collection":[{"href":"https:\/\/www.asimis-market.com\/it\/wp-json\/wp\/v2\/product"}],"about":[{"href":"https:\/\/www.asimis-market.com\/it\/wp-json\/wp\/v2\/types\/product"}],"replies":[{"embeddable":true,"href":"https:\/\/www.asimis-market.com\/it\/wp-json\/wp\/v2\/comments?post=30674"}],"wp:featuredmedia":[{"embeddable":true,"href":"https:\/\/www.asimis-market.com\/it\/wp-json\/wp\/v2\/media\/26165"}],"wp:attachment":[{"href":"https:\/\/www.asimis-market.com\/it\/wp-json\/wp\/v2\/media?parent=30674"}],"wp:term":[{"taxonomy":"product_brand","embeddable":true,"href":"https:\/\/www.asimis-market.com\/it\/wp-json\/wp\/v2\/product_brand?post=30674"},{"taxonomy":"product_cat","embeddable":true,"href":"https:\/\/www.asimis-market.com\/it\/wp-json\/wp\/v2\/product_cat?post=30674"},{"taxonomy":"product_tag","embeddable":true,"href":"https:\/\/www.asimis-market.com\/it\/wp-json\/wp\/v2\/product_tag?post=30674"}],"curies":[{"name":"wp","href":"https:\/\/api.w.org\/{rel}","templated":true}]}}