{"id":30676,"date":"2023-10-12T17:33:52","date_gmt":"2023-10-12T14:33:52","guid":{"rendered":"https:\/\/www.asimis-market.com\/product\/lego-star-wars-iii-the-clone-wars-steam-chiave-digitale-europa-prezzo-senza-costi-aggiuntivi\/"},"modified":"2026-03-19T09:52:34","modified_gmt":"2026-03-19T07:52:34","slug":"lego-star-wars-iii-the-clone-wars-steam-chiave-digitale-europa-prezzo-senza-costi-aggiuntivi","status":"publish","type":"product","link":"https:\/\/www.asimis-market.com\/it\/prodotto\/lego-star-wars-iii-the-clone-wars-steam-chiave-digitale-europa-prezzo-senza-costi-aggiuntivi\/","title":{"rendered":"LEGO STAR WARS III THE CLONE WARS STEAM CHIAVE DIGITALE EUROPA (PREZZO SENZA COSTI AGGIUNTIVI)"},"content":{"rendered":"<div class=\"sysreq_contents\">\n<div class=\"game_page_autocollapse_ctn\">\n<div class=\"game_page_autocollapse\">\n<div id=\"game_area_content_descriptors\" class=\"game_area_description\">\n<p><strong>IL GIOCO<\/strong><\/p>\n<p>Il franchise LEGO\u00ae Star Wars\u2122, amato e acclamato dalla critica, ritorna. LEGO Star Wars III: The Clone Wars combina le storie epiche e i personaggi iconici dell&#8217;universo di Star Wars e della serie televisiva animata di successo Star Wars: The Clone Wars\u2122 con nuove caratteristiche di gioco.<\/p>\n<p>I giocatori potranno godere di nuovissime meccaniche di gioco che permetteranno loro di creare, controllare ed esplorare una galassia molto, molto lontana come mai prima d&#8217;ora. Con una grafica promettente e mozzafiato, oltre a nuovi personaggi e livelli, il gioco presenta anche l&#8217;umorismo tipico dell&#8217;universo LEGO. Con oltre 20 missioni basate sulla storia e 40 livelli bonus che coprono l&#8217;intera epoca di Clone Wars, LEGO Star Wars III: The Clone Wars consentir\u00e0 ai fan di esplorare e ridere all&#8217;infinito attraverso la galassia di Star Wars con il gioco LEGO pi\u00f9 divertente, accessibile e ricco di azione mai realizzato prima.<\/p>\n<\/div>\n<\/div>\n<\/div>\n<\/div>\n<p>&nbsp;<\/p>\n<p><iframe loading=\"lazy\" title=\"LEGO STAR WARS III - The Clone Wars - Video Game Trailer\" width=\"1020\" height=\"574\" src=\"https:\/\/www.youtube.com\/embed\/MCCWs05P-xA?feature=oembed\" frameborder=\"0\" allow=\"accelerometer; autoplay; clipboard-write; encrypted-media; gyroscope; picture-in-picture; web-share\" allowfullscreen><\/iframe><\/p>\n<p>&nbsp;<\/p>\n<p>&nbsp;<\/p>\n<div class=\"sysreq_contents\">\n<div class=\"game_page_autocollapse_ctn\">\n<div class=\"game_page_autocollapse\">\n<div id=\"game_area_content_descriptors\" class=\"game_area_description\">\n<p>Caratteristiche<br \/>\nNuova storia &#8211; Per la prima volta, i giocatori potranno vivere le loro storie preferite di Star Wars: The Clone Wars, rivisitate nel fantastico mondo LEGO che i fan conoscono e amano.<br \/>\nMassicce battaglie di terra &#8211; Novit\u00e0 assoluta per l&#8217;esperienza LEGO Star Wars, i giocatori prenderanno il controllo di battaglioni di truppe clone contro l&#8217;implacabile esercito di droidi, costruendo basi, schierando veicoli e chiamando rinforzi per sconfiggere gli avversari.<br \/>\nSceneSwap &#8211; Autentica esperienza di Star Wars, una nuova funzione permette ai giocatori di prendere il controllo di pi\u00f9 squadre in luoghi separati. Lavorando insieme per completare vari obiettivi, i giocatori controlleranno ogni squadra premendo un pulsante mentre giocano in modalit\u00e0 single-player o multiplayer co-op.<br \/>\nTutte le nuove battaglie con i boss &#8211; Per la prima volta nel franchise LEGO Star Wars, i fan potranno combattere contro gli enormi boss visti nella serie animata The Clone Wars, tra cui Gor, l&#8217;epica Bestia Zillo e molti altri favoriti.<br \/>\nBattaglie spaziali a pi\u00f9 livelli &#8211; I giocatori potranno decollare con le loro navi preferite per navigare e volare attraverso battaglie a pi\u00f9 livelli in tutta la galassia.<br \/>\nNuove abilit\u00e0 di combattimento &#8211; I personaggi avranno mosse pi\u00f9 dinamiche che consentiranno ai giocatori una maggiore libert\u00e0 di combattere gli avversari. I personaggi avranno anche nuove abilit\u00e0 con la spada laser, tra cui il taglio della spada laser, il lancio della spada laser e l&#8217;arrampicata con la spada laser. Il gioco conterr\u00e0 anche nuove abilit\u00e0 di combattimento che permetteranno ai giocatori di arrampicarsi per superare gli enigmi e sconfiggere i nemici.<br \/>\nEsplorare la Galassia &#8211; I giocatori potranno esplorare luoghi esotici a bordo di una variet\u00e0 di navi in 16 diversi sistemi stellari. I fan potranno vestire i panni dei malvagi separatisti, dei nobili eroi della Repubblica o anche dei cacciatori di taglie, inseguendo i personaggi in tutta la galassia.<br \/>\nAbilit\u00e0 della Forza ampliate &#8211; Utilizzando la Forza in modi del tutto nuovi per controllare gli oggetti LEGO, i giocatori risolveranno enigmi, accederanno a nuove aree, prenderanno e lanceranno i nemici, trasformandoli addirittura in armi.<br \/>\nArmi, veicoli e personaggi cloni completamente nuovi &#8211; Nuove armi clone, tra cui armi a fuoco rapido e lanciamissili, oltre a nuove enormi navi capitali da esplorare, tra cui la distruttiva nave da guerra di Anakin Skywalker, la Resolute, e la distruttiva nave da guerra di Grievous, la Malevolence. I giocatori potranno inoltre navigare nella galassia a bordo di nuovi veicoli, come la cannoniera della Repubblica, il Turbo Tank dei Cloni e persino l&#8217;intercettore Jedi e il Twilight di Anakin. I fan potranno anche scoprire i loro personaggi classici preferiti come Darth Vader, Chewbacca e Luke Skywalker.<br \/>\nRisoluzione di enigmi &#8211; Il gioco presenter\u00e0 nuovi enigmi che premiano il pensiero creativo attraverso il lavoro di squadra e situazioni di costruzione uniche, possibili solo in una galassia LEGO molto, molto lontana.<br \/>\nIlluminazione e animazione completamente nuove &#8211; Un motore completamente nuovo d\u00e0 vita ai personaggi, offrendo ai giocatori un livello di controllo completamente nuovo in un ambiente vivo, mai visto prima in un gioco LEGO.<br \/>\nSplit Screen &#8211; Migliorata la suddivisione dinamica dello schermo per la cooperativa multigiocatore con abilit\u00e0 di salto e nuoto per consentire ad amici e famiglie di giocare insieme.<\/p>\n<\/div>\n<div><\/div>\n<div class=\"game_area_description\">\n<p><strong>TIPO DI GIOCO: AZIONE, AVVENTURA, SINGLEPLAYER, TERZA PERSONA, MULTIPLAYER, CO-OP, SPLIT SCREEN,  <\/strong><\/p>\n<p><strong>SCI-FI<\/strong><\/p>\n<p>Data del primo rilascio: 22 marzo 2011<br \/>\nNomination: Premio BAFTA Video Game Miglior gioco sociale e per famiglie<br \/>\nProgettista: John Burton<br \/>\nSviluppatori: Traveller&#8217;s Tales, TT Fusion, Telltale Games<\/p>\n<\/div>\n<\/div>\n<\/div>\n<\/div>\n<div class=\"sysreq_contents\">\n<div class=\"game_page_autocollapse_ctn\">\n<div class=\"game_page_autocollapse\">\n<div class=\"sysreq_contents\">\n<div class=\"sc-17i9pzq-1 gAODAH\"><strong>Interfaccia linguistica<\/strong><\/div>\n<div class=\"sc-17i9pzq-4 PKsHC\">\n<div class=\"sc-17i9pzq-6 edhoa-d\">Inglese<\/div>\n<div>Tedesco<\/div>\n<\/div>\n<div class=\"sc-17i9pzq-4 PKsHC\">\n<div class=\"sc-17i9pzq-6 edhoa-d\">Francese<\/div>\n<\/div>\n<div class=\"sc-17i9pzq-4 PKsHC\">\n<div class=\"sc-17i9pzq-6 edhoa-d\">Spagnolo<\/div>\n<\/div>\n<div class=\"sc-17i9pzq-4 PKsHC\">\n<div class=\"sc-17i9pzq-6 edhoa-d\">Danese<\/div>\n<\/div>\n<div class=\"sc-17i9pzq-4 PKsHC\">\n<div class=\"sc-17i9pzq-6 edhoa-d\">Italiano<\/div>\n<\/div>\n<p>&nbsp;<\/p>\n<p><strong>REQUISITI DI SISTEMA<\/strong><\/p>\n<ul>\n<li>OS: Windows XP SP3, Windows Vista\u00ae SP2 o Windows 7<\/li>\n<li>Processore: Intel P4 2,24 GHz o AMD Athlon 64<\/li>\n<li>Memoria: 512 MB DI RAM<\/li>\n<li>Spazio su disco rigido: 8 GB<\/li>\n<li>Scheda video: 256 MB di memoria video con supporto Shader 3.0; ATI Radeon X1300 \/ NVIDIA GeForce FX 5800 \/ Intel GMA Serie 3<\/li>\n<li>Audio: dispositivo audio compatibile al 100% con DirectX 9.0c<\/li>\n<\/ul>\n<p><strong>Come attivare una chiave Steam:<\/strong><\/p>\n<p>&#8211; Andare su: http:\/\/store.steampowered.com\/ e scaricare il client STEAM<\/p>\n<p>&#8211; Fare clic su &#8220;Installa Steam&#8221; (dall&#8217;angolo in alto a destra)<\/p>\n<p>&#8211; Installare e lanciare l&#8217;applicazione, accedere con il nome e la password del proprio account (crearne uno se non lo si possiede).<\/p>\n<p>&#8211; Seguite queste istruzioni per attivare un nuovo acquisto al dettaglio su Steam:<br \/>\nLanciate Steam e accedete al vostro account Steam.<br \/>\nFare clic sul menu Giochi.<br \/>\nSelezionare l&#8217;attivazione del prodotto su Steam&#8230;<br \/>\nSeguire le istruzioni sullo schermo per completare la procedura.<\/p>\n<p>&#8211; Dopo aver verificato il codice, andate nella scheda &#8220;I miei giochi&#8221; e avviate il download.<\/p>\n<\/div>\n<\/div>\n<\/div>\n<\/div>\n","protected":false},"excerpt":{"rendered":"<p>Dopo il pagamento riceverete immediatamente via e-mail il codice Steam che vi consentir\u00e0 di giocare al tempo stesso al gioco appena acquistato.<\/p>\n","protected":false},"featured_media":26135,"comment_status":"closed","ping_status":"closed","template":"","meta":{"wds_primary_product_brand":0,"wds_primary_product_cat":0},"product_brand":[],"product_cat":[380,379,381,512,506,507,510,515,384],"product_tag":[],"class_list":{"0":"post-30676","1":"product","2":"type-product","3":"status-publish","4":"has-post-thumbnail","6":"product_cat-avventura","7":"product_cat-azione","8":"product_cat-chiavi-digital-pc","9":"product_cat-giocatore-singolo","10":"product_cat-multigiocatore","11":"product_cat-piattaforma","12":"product_cat-sci-fi-it","13":"product_cat-terza-persona","14":"product_cat-videogiochi","16":"first","17":"outofstock","18":"sale","19":"virtual","20":"purchasable","21":"product-type-simple"},"_links":{"self":[{"href":"https:\/\/www.asimis-market.com\/it\/wp-json\/wp\/v2\/product\/30676","targetHints":{"allow":["GET"]}}],"collection":[{"href":"https:\/\/www.asimis-market.com\/it\/wp-json\/wp\/v2\/product"}],"about":[{"href":"https:\/\/www.asimis-market.com\/it\/wp-json\/wp\/v2\/types\/product"}],"replies":[{"embeddable":true,"href":"https:\/\/www.asimis-market.com\/it\/wp-json\/wp\/v2\/comments?post=30676"}],"wp:featuredmedia":[{"embeddable":true,"href":"https:\/\/www.asimis-market.com\/it\/wp-json\/wp\/v2\/media\/26135"}],"wp:attachment":[{"href":"https:\/\/www.asimis-market.com\/it\/wp-json\/wp\/v2\/media?parent=30676"}],"wp:term":[{"taxonomy":"product_brand","embeddable":true,"href":"https:\/\/www.asimis-market.com\/it\/wp-json\/wp\/v2\/product_brand?post=30676"},{"taxonomy":"product_cat","embeddable":true,"href":"https:\/\/www.asimis-market.com\/it\/wp-json\/wp\/v2\/product_cat?post=30676"},{"taxonomy":"product_tag","embeddable":true,"href":"https:\/\/www.asimis-market.com\/it\/wp-json\/wp\/v2\/product_tag?post=30676"}],"curies":[{"name":"wp","href":"https:\/\/api.w.org\/{rel}","templated":true}]}}